{"id":111,"date":"2014-01-21T09:07:21","date_gmt":"2014-01-21T07:07:21","guid":{"rendered":"https:\/\/smart.radiotraining.eu\/?page_id=111"},"modified":"2022-01-16T19:13:56","modified_gmt":"2022-01-16T17:13:56","slug":"info","status":"publish","type":"page","link":"https:\/\/smart.radiotraining.eu\/de\/info\/","title":{"rendered":"Kontakt"},"content":{"rendered":"<p><strong>Corax e. V. \u2013 Initiative f\u00fcr Freies Radio<\/strong>\/ Unterberg 11\/ 06108\u00a0Halle\/ Saale\/ Germany\/<br \/>\n+49 345 4700745\/ Eingetragen im Vereinsregister am Amtsgericht Halle-Saalkreis (VR 1137)\/<br \/>\nVorstand: Helen Hahmann, Udo Israel, Philine Lewek, Juliane Victor und Christoph Carmesin<\/p>\n<p>Dieses Projekt wurde mit Unterst\u00fctzung der Europ\u00e4ischen Kommission finanziert. Die Verantwortung f\u00fcr den Inhalt dieser Ver\u00f6ffentlichung (Mitteilung) tr\u00e4gt allein der Verfasser; die Kommission haftet nicht f\u00fcr die weitere Verwendung der darin enthaltenen Angaben.<\/p>\n","protected":false},"excerpt":{"rendered":"<p>Corax e. V. \u2013 Initiative f\u00fcr Freies Radio\/ Unterberg 11\/ 06108\u00a0Halle\/ Saale\/ Germany\/ +49 345 4700745\/ Eingetragen im Vereinsregister am Amtsgericht Halle-Saalkreis (VR 1137)\/ Vorstand: Helen Hahmann, Udo Israel, Philine Lewek, Juliane Victor und Christoph Carmesin Dieses Projekt wurde mit Unterst\u00fctzung der Europ\u00e4ischen Kommission finanziert. Die Verantwortung f\u00fcr den Inhalt dieser Ver\u00f6ffentlichung (Mitteilung) tr\u00e4gt allein &hellip; <a href=\"https:\/\/smart.radiotraining.eu\/de\/info\/\">Continued<\/a><\/p>\n","protected":false},"author":13,"featured_media":0,"parent":0,"menu_order":0,"comment_status":"closed","ping_status":"closed","template":"","meta":[],"acf":[],"_links":{"self":[{"href":"https:\/\/smart.radiotraining.eu\/de\/wp-json\/wp\/v2\/pages\/111"}],"collection":[{"href":"https:\/\/smart.radiotraining.eu\/de\/wp-json\/wp\/v2\/pages"}],"about":[{"href":"https:\/\/smart.radiotraining.eu\/de\/wp-json\/wp\/v2\/types\/page"}],"author":[{"embeddable":true,"href":"https:\/\/smart.radiotraining.eu\/de\/wp-json\/wp\/v2\/users\/13"}],"replies":[{"embeddable":true,"href":"https:\/\/smart.radiotraining.eu\/de\/wp-json\/wp\/v2\/comments?post=111"}],"version-history":[{"count":2,"href":"https:\/\/smart.radiotraining.eu\/de\/wp-json\/wp\/v2\/pages\/111\/revisions"}],"predecessor-version":[{"id":5512,"href":"https:\/\/smart.radiotraining.eu\/de\/wp-json\/wp\/v2\/pages\/111\/revisions\/5512"}],"wp:attachment":[{"href":"https:\/\/smart.radiotraining.eu\/de\/wp-json\/wp\/v2\/media?parent=111"}],"curies":[{"name":"wp","href":"https:\/\/api.w.org\/{rel}","templated":true}]}}