{"id":1362,"date":"2015-09-07T12:56:49","date_gmt":"2015-09-07T10:56:49","guid":{"rendered":"https:\/\/smart.radiotraining.eu\/?page_id=1362"},"modified":"2023-04-05T17:08:35","modified_gmt":"2023-04-05T15:08:35","slug":"tips-for-trainers-und-handouts","status":"publish","type":"page","link":"https:\/\/smart.radiotraining.eu\/de\/tips-for-trainers-und-handouts\/","title":{"rendered":"Tipps f\u00fcr Kursleitende und Handouts"},"content":{"rendered":"\n<p><strong>F\u00fcr Kurse mit sehbehinderten und blinden Menschen:<\/strong><\/p>\n\n\n\n<ul>\n<li><strong><a href=\"https:\/\/smart.radiotraining.eu\/wp-content\/uploads\/2015\/09\/Checkliste_Kurs-f\u00fcr-sehbehinderte-und-blinde-Menschen1.pdf\">Checkliste Kursvorbereitung, Infrastruktur und Technik&nbsp;<\/a><\/strong><\/li>\n\n\n\n<li><strong><a href=\"https:\/\/smart.radiotraining.eu\/wp-content\/uploads\/2015\/09\/Checkliste_Anmeldungen-Kurs-f\u00fcr-sehbehinderte-und-blinde-Menschen.doc\">Checkliste f\u00fcr Kursanmeldungen<\/a><\/strong><\/li>\n\n\n\n<li><strong><a href=\"https:\/\/smart.radiotraining.eu\/wp-content\/uploads\/2015\/09\/Software-und-Hardware-fuer-Sehbehinderte-und-Blinde.pdf\">Software und Hardware f\u00fcr Sehbehinderte und Blinde<\/a><\/strong><\/li>\n<\/ul>\n\n\n\n<p><strong><a href=\"https:\/\/smart.radiotraining.eu\/wp-content\/uploads\/2023\/03\/Tips-for-Training-with-Migrant-Women.pdf\" target=\"_blank\" rel=\"noreferrer noopener\">Tips for Training with Migrant Women<\/a><\/strong><\/p>\n\n\n\n<div style=\"height:44px\" aria-hidden=\"true\" class=\"wp-block-spacer\"><\/div>\n\n\n\n<h3 class=\"wp-block-heading\">Handouts f\u00fcr Teilnehmende<\/h3>\n\n\n\n<div style=\"height:11px\" aria-hidden=\"true\" class=\"wp-block-spacer\"><\/div>\n\n\n\n<p><strong>Journalistisches Handwerkszeug<\/strong><\/p>\n\n\n\n<ul>\n<li><a href=\"https:\/\/smart.radiotraining.eu\/wp-content\/uploads\/2015\/09\/Handout-Recherche.pdf\">Recherche<\/a><\/li>\n\n\n\n<li><a href=\"https:\/\/smart.radiotraining.eu\/wp-content\/uploads\/2023\/03\/Fragearten.pdf\" target=\"_blank\" rel=\"noreferrer noopener\">Fragearten<\/a><\/li>\n\n\n\n<li><a href=\"https:\/\/smart.radiotraining.eu\/wp-content\/uploads\/2023\/03\/Grundregeln-fuer-jedes-Interview.pdf\" target=\"_blank\" rel=\"noreferrer noopener\">Grundregeln f\u00fcr jedes Interview<\/a><\/li>\n\n\n\n<li><a href=\"https:\/\/smart.radiotraining.eu\/wp-content\/uploads\/2023\/03\/Vorbereitung-eines-Studio-Interviews.pdf\" target=\"_blank\" rel=\"noreferrer noopener\">Vorbereitung eines Studio-Interviews<\/a><\/li>\n\n\n\n<li><a rel=\"noreferrer noopener\" href=\"https:\/\/smart.radiotraining.eu\/wp-content\/uploads\/2023\/03\/Interviewvorbereitung-und-technik.pdf\" target=\"_blank\">Interviewvorbereitung und -technik<\/a><\/li>\n\n\n\n<li><a href=\"https:\/\/smart.radiotraining.eu\/wp-content\/uploads\/2023\/03\/Schreiben-fuers-Hoeren.pdf\" target=\"_blank\" rel=\"noreferrer noopener\">Schreiben f\u00fcrs H\u00f6ren<\/a><\/li>\n\n\n\n<li><a href=\"https:\/\/smart.radiotraining.eu\/wp-content\/uploads\/2023\/03\/Journalistische-Darstellungsformen.pdf\" target=\"_blank\" rel=\"noreferrer noopener\">Journalistische Darstellungsformen<\/a><\/li>\n\n\n\n<li><a href=\"https:\/\/smart.radiotraining.eu\/wp-content\/uploads\/2015\/03\/Handout_Mein-Beitrag_LD.pdf\">Vorlage Beitragskonzept f\u00fcr Menschen mit einer Lernschw\u00e4che<\/a><\/li>\n\n\n\n<li><a href=\"https:\/\/smart.radiotraining.eu\/wp-content\/uploads\/2015\/09\/Vorlage-Sendefahrplan.docx\">Vorlage Sendefahrplan<\/a><\/li>\n\n\n\n<li><a href=\"https:\/\/smart.radiotraining.eu\/wp-content\/uploads\/2015\/03\/Handout_Mein-Beitrag.pdf\">Vorlage Beitragskonzept&nbsp;<\/a><\/li>\n\n\n\n<li><a href=\"https:\/\/smart.radiotraining.eu\/wp-content\/uploads\/2015\/09\/Handout_Sendeplanung-und-Produktion-von-Sendungen-.pdf\">Sendeplanung und Produktion von Sendungen<\/a><\/li>\n<\/ul>\n\n\n\n<p><strong>Technisches Handwerkszeug<\/strong><\/p>\n\n\n\n<ul>\n<li><a href=\"https:\/\/smart.radiotraining.eu\/wp-content\/uploads\/2015\/09\/Die-wichtigsten-Tastaturbelegungen-im-Audacity.pdf\">Die wichtigsten Tastaturbelegungen im Audacity<\/a><\/li>\n\n\n\n<li><a href=\"https:\/\/smart.radiotraining.eu\/wp-content\/uploads\/2015\/09\/Handout_digitales-Editieren.pdf\">Digitales Editieren<\/a><\/li>\n\n\n\n<li><a href=\"https:\/\/smart.radiotraining.eu\/wp-content\/uploads\/2015\/09\/Handout_Technik-eine-Sendung-aufnehmen.pdf\">Technik- eine Sendung aufnehmen<\/a><\/li>\n\n\n\n<li><a href=\"https:\/\/smart.radiotraining.eu\/wp-content\/uploads\/2015\/09\/Tipps-f\u00fcr-Musiksendungen.pdf\">Tipps f\u00fcr Musiksendungen<\/a><\/li>\n\n\n\n<li><a href=\"https:\/\/smart.radiotraining.eu\/wp-content\/uploads\/2015\/09\/Software-und-Hardware-fuer-Sehbehinderte-und-Blinde.pdf\">Software und Hardware f\u00fcr Sehbehinderte und Blinde<\/a><\/li>\n\n\n\n<li><a href=\"https:\/\/smart.radiotraining.eu\/wp-content\/uploads\/2015\/09\/Anleitung-Olympus-LS-14.doc\">Anleitung Olympus LS 14 f\u00fcr Sehbehinderte und Blinde<\/a><\/li>\n<\/ul>\n\n\n\n<p><strong>Grundlagen der Kommunikation<\/strong><\/p>\n\n\n\n<ul>\n<li><a href=\"https:\/\/smart.radiotraining.eu\/wp-content\/uploads\/2015\/09\/Handout_F\u00fcnf-Finger-Feedback.pdf\">F\u00fcnf Finger Feedback<\/a><\/li>\n\n\n\n<li><a href=\"https:\/\/smart.radiotraining.eu\/wp-content\/uploads\/2015\/09\/Handout_Feedback.pdf\">Feedback<\/a><\/li>\n<\/ul>\n\n\n\n<p><strong>Grundlagen Selbstverst\u00e4ndnis Freien Radios, journalistischer Ethos und Mediengesetzgebung<\/strong><\/p>\n\n\n\n<ul>\n<li><a href=\"https:\/\/smart.radiotraining.eu\/wp-content\/uploads\/2023\/03\/Grundlagen-der-Kommunikation-in-den-Medien.pdf\" target=\"_blank\" rel=\"noreferrer noopener\">Grundlagen der Kommunikation in den Medien<\/a><\/li>\n\n\n\n<li><a href=\"https:\/\/smart.radiotraining.eu\/wp-content\/uploads\/2015\/09\/internationale-Organisationen-f\u00fcr-freie-Radios.pdf\">internationale Organisationen f\u00fcr freie Radios<\/a><\/li>\n<\/ul>\n\n\n\n<p><strong>Literatur and Weblinks<\/strong><\/p>\n\n\n\n<ul>\n<li>&nbsp;R. Murray Schafer: Anstiftung zum H\u00f6ren &#8211; 100 \u00dcbungen zum H\u00f6ren und Kl\u00e4nge Machen (2003).<\/li>\n<\/ul>\n","protected":false},"excerpt":{"rendered":"<p>F\u00fcr Kurse mit sehbehinderten und blinden Menschen: Tips for Training with Migrant Women Handouts f\u00fcr Teilnehmende Journalistisches Handwerkszeug Technisches Handwerkszeug Grundlagen der Kommunikation Grundlagen Selbstverst\u00e4ndnis Freien Radios, journalistischer Ethos und Mediengesetzgebung Literatur and Weblinks<\/p>\n","protected":false},"author":13,"featured_media":0,"parent":0,"menu_order":0,"comment_status":"closed","ping_status":"closed","template":"","meta":[],"acf":[],"_links":{"self":[{"href":"https:\/\/smart.radiotraining.eu\/de\/wp-json\/wp\/v2\/pages\/1362"}],"collection":[{"href":"https:\/\/smart.radiotraining.eu\/de\/wp-json\/wp\/v2\/pages"}],"about":[{"href":"https:\/\/smart.radiotraining.eu\/de\/wp-json\/wp\/v2\/types\/page"}],"author":[{"embeddable":true,"href":"https:\/\/smart.radiotraining.eu\/de\/wp-json\/wp\/v2\/users\/13"}],"replies":[{"embeddable":true,"href":"https:\/\/smart.radiotraining.eu\/de\/wp-json\/wp\/v2\/comments?post=1362"}],"version-history":[{"count":5,"href":"https:\/\/smart.radiotraining.eu\/de\/wp-json\/wp\/v2\/pages\/1362\/revisions"}],"predecessor-version":[{"id":6595,"href":"https:\/\/smart.radiotraining.eu\/de\/wp-json\/wp\/v2\/pages\/1362\/revisions\/6595"}],"wp:attachment":[{"href":"https:\/\/smart.radiotraining.eu\/de\/wp-json\/wp\/v2\/media?parent=1362"}],"curies":[{"name":"wp","href":"https:\/\/api.w.org\/{rel}","templated":true}]}}