{"id":1370,"date":"2015-09-07T13:04:50","date_gmt":"2015-09-07T11:04:50","guid":{"rendered":"https:\/\/smart.radiotraining.eu\/?page_id=1370"},"modified":"2023-03-23T09:00:38","modified_gmt":"2023-03-23T07:00:38","slug":"instruction","status":"publish","type":"page","link":"https:\/\/smart.radiotraining.eu\/de\/instruction\/","title":{"rendered":"Anleitung"},"content":{"rendered":"\n<p>Wenn Sie von Ihnen erprobte \u00dcbungen in den SMART-\u00dcbungspool integrieren m\u00f6chten, dann wenden Sie sich bitte an die Administratorinn*en der deutschsprachigen Version. Diese f\u00fcgen Ihre \u00dcbungen dann dem SMART-Tool hinzu.<\/p>\n\n\n\n<p>Bitte schreiben Sie an:<\/p>\n\n\n\n<p>Wilma Rall: wilma.rall [at]\u00a0klippklang.ch<br>oder<br>Michael Nicolai:\u00a0michael-nicolai\u00a0[at]\u00a0radiocorax.de<\/p>\n","protected":false},"excerpt":{"rendered":"<p>Wenn Sie von Ihnen erprobte \u00dcbungen in den SMART-\u00dcbungspool integrieren m\u00f6chten, dann wenden Sie sich bitte an die Administratorinn*en der deutschsprachigen Version. Diese f\u00fcgen Ihre \u00dcbungen dann dem SMART-Tool hinzu. Bitte schreiben Sie an: Wilma Rall: wilma.rall [at]\u00a0klippklang.choderMichael Nicolai:\u00a0michael-nicolai\u00a0[at]\u00a0radiocorax.de<\/p>\n","protected":false},"author":13,"featured_media":0,"parent":0,"menu_order":0,"comment_status":"closed","ping_status":"closed","template":"","meta":[],"acf":[],"_links":{"self":[{"href":"https:\/\/smart.radiotraining.eu\/de\/wp-json\/wp\/v2\/pages\/1370"}],"collection":[{"href":"https:\/\/smart.radiotraining.eu\/de\/wp-json\/wp\/v2\/pages"}],"about":[{"href":"https:\/\/smart.radiotraining.eu\/de\/wp-json\/wp\/v2\/types\/page"}],"author":[{"embeddable":true,"href":"https:\/\/smart.radiotraining.eu\/de\/wp-json\/wp\/v2\/users\/13"}],"replies":[{"embeddable":true,"href":"https:\/\/smart.radiotraining.eu\/de\/wp-json\/wp\/v2\/comments?post=1370"}],"version-history":[{"count":8,"href":"https:\/\/smart.radiotraining.eu\/de\/wp-json\/wp\/v2\/pages\/1370\/revisions"}],"predecessor-version":[{"id":6160,"href":"https:\/\/smart.radiotraining.eu\/de\/wp-json\/wp\/v2\/pages\/1370\/revisions\/6160"}],"wp:attachment":[{"href":"https:\/\/smart.radiotraining.eu\/de\/wp-json\/wp\/v2\/media?parent=1370"}],"curies":[{"name":"wp","href":"https:\/\/api.w.org\/{rel}","templated":true}]}}