{"id":1379,"date":"2015-09-08T09:34:09","date_gmt":"2015-09-08T07:34:09","guid":{"rendered":"https:\/\/smart.radiotraining.eu\/?page_id=1379"},"modified":"2023-04-05T16:45:57","modified_gmt":"2023-04-05T14:45:57","slug":"handouts","status":"publish","type":"page","link":"https:\/\/smart.radiotraining.eu\/de\/handouts\/","title":{"rendered":"HANDOUTS"},"content":{"rendered":"<p><strong>Journalistisches Handwerkszeug<em><br \/>\n<\/em><\/strong><\/p>\n<p><a href=\"https:\/\/smart.radiotraining.eu\/wp-content\/uploads\/2015\/03\/Handout_Mein-Beitrag.pdf\">Vorlage Beitragskonzept&nbsp;<\/a><\/p>\n<p><a href=\"https:\/\/smart.radiotraining.eu\/wp-content\/uploads\/2015\/03\/Handout_Mein-Beitrag_LD.pdf\">Vorlage Beitragskonzept f\u00fcr Menschen mit einer Lernschw\u00e4che<\/a><\/p>\n<p><a href=\"https:\/\/smart.radiotraining.eu\/wp-content\/uploads\/2015\/09\/Vorlage-Sendefahrplan.docx\">Vorlage Sendefahrplan<\/a><\/p>\n<p><a href=\"https:\/\/smart.radiotraining.eu\/wp-content\/uploads\/2015\/09\/Handout_Sendeplanung-und-Produktion-von-Sendungen-.pdf\">Sendeplanung und Produktion von Sendungen<\/a><\/p>\n<p><a href=\"https:\/\/smart.radiotraining.eu\/wp-content\/uploads\/2015\/09\/Handout-Recherche.pdf\">Recherche<\/a><\/p>\n<p><a href=\"https:\/\/smart.radiotraining.eu\/wp-content\/uploads\/2015\/09\/Interviewvorbereitung-und-technik.pdf\">Interviewvorbereitung und -technik<\/a><\/p>\n<p>&nbsp;<\/p>\n<p>&nbsp;<\/p>\n<p><strong>Technisches Handwerkszeug<em><br \/>\n<\/em><\/strong><\/p>\n<p><a href=\"https:\/\/smart.radiotraining.eu\/wp-content\/uploads\/2015\/09\/Die-wichtigsten-Tastaturbelegungen-im-Audacity.pdf\">Die wichtigsten Tastaturbelegungen im Audacity<\/a><\/p>\n<p><a href=\"https:\/\/smart.radiotraining.eu\/wp-content\/uploads\/2015\/09\/Handout_digitales-Editieren.pdf\">Digitales Editieren<\/a><\/p>\n<p><a href=\"https:\/\/smart.radiotraining.eu\/wp-content\/uploads\/2015\/09\/Handout_Technik-eine-Sendung-aufnehmen.pdf\">Technik- eine Sendung aufnehmen<\/a><\/p>\n<p><a href=\"https:\/\/smart.radiotraining.eu\/wp-content\/uploads\/2015\/09\/Tipps-f\u00fcr-Musiksendungen.pdf\">Tipps f\u00fcr Musiksendungen<\/a><\/p>\n<p><a href=\"https:\/\/smart.radiotraining.eu\/wp-content\/uploads\/2015\/09\/Software-und-Hardware-fuer-Sehbehinderte-und-Blinde.pdf\">Software und Hardware f\u00fcr Sehbehinderte und Blinde<\/a><\/p>\n<p><a href=\"https:\/\/smart.radiotraining.eu\/wp-content\/uploads\/2015\/09\/Anleitung-Olympus-LS-14.doc\">Anleitung Olympus LS 14 f\u00fcr Sehbehinderte und Blinde<\/a><\/p>\n<p>&nbsp;<\/p>\n<p><strong>Grundlagen der Kommunikation<\/strong><\/p>\n<p><a href=\"https:\/\/smart.radiotraining.eu\/wp-content\/uploads\/2015\/09\/Handout_F\u00fcnf-Finger-Feedback.pdf\">F\u00fcnf Finger Feedback<\/a><\/p>\n<p><a href=\"https:\/\/smart.radiotraining.eu\/wp-content\/uploads\/2015\/09\/Handout_Feedback.pdf\">Feedback<\/a><\/p>\n<p>&nbsp;<\/p>\n<p><strong>Grundlagen Selbstverst\u00e4ndnis Freien Radios, journalistischer Ethos und Mediengesetzgebung <\/strong><\/p>\n<p><a href=\"https:\/\/smart.radiotraining.eu\/wp-content\/uploads\/2015\/09\/internationale-Organisationen-f\u00fcr-freie-Radios.pdf\">internationale Organisationen f\u00fcr freie Radios<\/a><\/p>\n<p>&nbsp;<\/p>\n<p><strong>Literatur and Weblinks<\/strong><\/p>\n<ul>\n<li><span style=\"color: #686868; font-family: Roboto; font-size: 15px;\">&nbsp;<\/span>R. Murray Schafer: Anstiftung zum H\u00f6ren &#8211; 100 \u00dcbungen zum H\u00f6ren und Kl\u00e4nge Machen (2003).<\/li>\n<\/ul>\n","protected":false},"excerpt":{"rendered":"<p>Journalistisches Handwerkszeug Vorlage Beitragskonzept&nbsp; Vorlage Beitragskonzept f\u00fcr Menschen mit einer Lernschw\u00e4che Vorlage Sendefahrplan Sendeplanung und Produktion von Sendungen Recherche Interviewvorbereitung und -technik &nbsp; &nbsp; Technisches Handwerkszeug Die wichtigsten Tastaturbelegungen im Audacity Digitales Editieren Technik- eine Sendung aufnehmen Tipps f\u00fcr Musiksendungen Software und Hardware f\u00fcr Sehbehinderte und Blinde Anleitung Olympus LS 14 f\u00fcr Sehbehinderte und Blinde &hellip; <a href=\"https:\/\/smart.radiotraining.eu\/de\/handouts\/\">Continued<\/a><\/p>\n","protected":false},"author":13,"featured_media":0,"parent":0,"menu_order":0,"comment_status":"closed","ping_status":"closed","template":"","meta":[],"acf":[],"_links":{"self":[{"href":"https:\/\/smart.radiotraining.eu\/de\/wp-json\/wp\/v2\/pages\/1379"}],"collection":[{"href":"https:\/\/smart.radiotraining.eu\/de\/wp-json\/wp\/v2\/pages"}],"about":[{"href":"https:\/\/smart.radiotraining.eu\/de\/wp-json\/wp\/v2\/types\/page"}],"author":[{"embeddable":true,"href":"https:\/\/smart.radiotraining.eu\/de\/wp-json\/wp\/v2\/users\/13"}],"replies":[{"embeddable":true,"href":"https:\/\/smart.radiotraining.eu\/de\/wp-json\/wp\/v2\/comments?post=1379"}],"version-history":[{"count":2,"href":"https:\/\/smart.radiotraining.eu\/de\/wp-json\/wp\/v2\/pages\/1379\/revisions"}],"predecessor-version":[{"id":6581,"href":"https:\/\/smart.radiotraining.eu\/de\/wp-json\/wp\/v2\/pages\/1379\/revisions\/6581"}],"wp:attachment":[{"href":"https:\/\/smart.radiotraining.eu\/de\/wp-json\/wp\/v2\/media?parent=1379"}],"curies":[{"name":"wp","href":"https:\/\/api.w.org\/{rel}","templated":true}]}}