{"id":5415,"date":"2022-01-12T19:10:49","date_gmt":"2022-01-12T17:10:49","guid":{"rendered":"https:\/\/smart.radiotraining.eu\/trainer\/ueber-uns\/"},"modified":"2022-01-16T19:50:56","modified_gmt":"2022-01-16T17:50:56","slug":"ueber","status":"publish","type":"page","link":"https:\/\/smart.radiotraining.eu\/de\/trainer\/ueber\/","title":{"rendered":"\u00dcber"},"content":{"rendered":"\t\t<div data-elementor-type=\"wp-page\" data-elementor-id=\"5415\" class=\"elementor elementor-5415 elementor-5323\">\n\t\t\t\t\t\t\t\t\t<section data-particle_enable=\"false\" data-particle-mobile-disabled=\"false\" class=\"elementor-section elementor-top-section elementor-element elementor-element-be6ce8a elementor-section-boxed elementor-section-height-default elementor-section-height-default\" data-id=\"be6ce8a\" data-element_type=\"section\">\n\t\t\t\t\t\t<div class=\"elementor-container elementor-column-gap-default\">\n\t\t\t\t\t<div class=\"elementor-column elementor-col-100 elementor-top-column elementor-element elementor-element-d9fc2c6\" data-id=\"d9fc2c6\" data-element_type=\"column\">\n\t\t\t<div class=\"elementor-widget-wrap\">\n\t\t\t\t\t\t\t\t\t<\/div>\n\t\t<\/div>\n\t\t\t\t\t\t\t<\/div>\n\t\t<\/section>\n\t\t\t\t<section data-particle_enable=\"false\" data-particle-mobile-disabled=\"false\" class=\"elementor-section elementor-top-section elementor-element elementor-element-19cb2ef elementor-section-boxed elementor-section-height-default elementor-section-height-default\" data-id=\"19cb2ef\" data-element_type=\"section\">\n\t\t\t\t\t\t<div class=\"elementor-container elementor-column-gap-default\">\n\t\t\t\t\t<div class=\"elementor-column elementor-col-100 elementor-top-column elementor-element elementor-element-c325d8c\" data-id=\"c325d8c\" data-element_type=\"column\">\n\t\t\t<div class=\"elementor-widget-wrap elementor-element-populated\">\n\t\t\t\t\t\t\t\t<div class=\"elementor-element elementor-element-e528287 elementor-widget elementor-widget-text-editor\" data-id=\"e528287\" data-element_type=\"widget\" data-widget_type=\"text-editor.default\">\n\t\t\t\t<div class=\"elementor-widget-container\">\n\t\t\t<style>\/*! elementor - v3.11.4 - 12-03-2023 *\/\n.elementor-widget-text-editor.elementor-drop-cap-view-stacked .elementor-drop-cap{background-color:#818a91;color:#fff}.elementor-widget-text-editor.elementor-drop-cap-view-framed .elementor-drop-cap{color:#818a91;border:3px solid;background-color:transparent}.elementor-widget-text-editor:not(.elementor-drop-cap-view-default) .elementor-drop-cap{margin-top:8px}.elementor-widget-text-editor:not(.elementor-drop-cap-view-default) .elementor-drop-cap-letter{width:1em;height:1em}.elementor-widget-text-editor .elementor-drop-cap{float:left;text-align:center;line-height:1;font-size:50px}.elementor-widget-text-editor .elementor-drop-cap-letter{display:inline-block}<\/style>\t\t\t\t<p>SMART Trainers bietet zwei Lehrpl\u00e4ne f\u00fcr Train-the-Trainer-Kurse an &#8211; einen Online-Kurs und einen Vor-Ort-Kurs &#8211; um die Prinzipien der lernerzentrierten Radiobildung zu trainieren. SMART Trainers baut auf dem SMART-Online-Tool auf, das bew\u00e4hrte Methoden, Aktivit\u00e4ten und Materialien f\u00fcr das Radiotraining, insbesondere f\u00fcr bestimmte Zielgruppen, zusammenfasst und zur kostenlosen Nutzung anbietet. SMART Trainers widmet sich dar\u00fcber hinaus der Ausbildung im nicht-formalen Bildungsbereich der B\u00fcrgermedien. Zus\u00e4tzlich zu den Kursen beinhaltet SMART Trainers ein Tool zur Bewertung der Lernergebnisse der Kursteilnehmer und zur Zertifizierung der Teilnahme an den Kursen. SMART Trainers wurde vor dem Hintergrund der B\u00fcrgermedien entwickelt, aus denen die beteiligten Organisationen stammen oder in denen sie angesiedelt sind. Als Teil einer strategischen Partnerschaft f\u00fcr Erwachsenenbildung im Erasmus+ Programm der Europ\u00e4ischen Kommission von 2018 &#8211; 2021 ist SMART Trainers das Ergebnis einer Zusammenarbeit zwischen:<\/p>\n<p>Die <strong>Radioschule klipp+klang<\/strong> organisiert und koordiniert die Radioausbildung f\u00fcr die nichtkommerziellen Lokalradios der UNIKOM und organisiert Kurse f\u00fcr verschiedene Privatradios. Die Radioschule klipp+klang betreibt auch Forschung und Entwicklung (interkulturelle Bildung, Radio und sprachlich-kulturelle Minderheiten) und initiiert eigene Jugend- und Empowermentprojekte. Tr\u00e4ger der Radioschule ist der Verein Radioschule klipp+klang (gegr\u00fcndet 1995).<\/p>\n<p><strong>COMMIT<\/strong>, das Community Media Institute for Further Education, Research and Consultancy, ist die Weiterbildungseinrichtung an der Schnittstelle zwischen nichtkommerziellem Rundfunk, Erwachsenenbildung und Forschung in \u00d6sterreich. COMMIT wurde 2010 als Verein gegr\u00fcndet, seine T\u00e4tigkeit ist nicht gewinnorientiert. Sein Ziel ist es, die Diskussion und Weiterentwicklung der nichtkommerziellen Medien auf allen gesellschaftlichen Ebenen zu f\u00f6rdern. Dazu geh\u00f6rt insbesondere die Anregung und Gestaltung von Weiterbildung und Begleitforschung in Zusammenarbeit mit Akteuren der nichtkommerziellen Medien, Erwachsenenbildung und Wissenschaft.<\/p>\n<p><strong>Antxeta Irratia<\/strong> ist ein baskisches nichtkommerzielles B\u00fcrgerradio und verf\u00fcgt \u00fcber langj\u00e4hrige Erfahrung in Projekten sowohl im Inland als auch in grenz\u00fcberschreitenden Projekten zwischen Spanien und Frankreich und in internationalen Kooperationsprojekten, zum Beispiel in der Erwachsenenbildung. Seit 2007 hat Antxeta Irratia zahlreiche Projekte zu interkulturellen Themen und Bildung entwickelt, sowohl in Zusammenarbeit mit Frauenorganisationen und Migranten aus der Region als auch mit der Volkshochschule (ECA).<\/p>\n<p><strong>Civil Radio<\/strong> sendet als nichtkommerzielles Gemeinschaftsradio mit Hilfe von mehr als 150 Freiwilligen. Kulturelle, soziale und \u00f6kologische Ereignisse, Gemeinschaften, Konflikte und das Leben in Budapest und seinen Bezirken sind die zentralen Themen des 24-Stunden-Programms. Das B\u00fcrgerradio arbeitet mit den neuesten Kommunikations- und Medientechnologien und Web 2.0-Anwendungen und nutzt Schulungs- und E-Learning-Materialien, um seine Freiwilligen zu schulen.<\/p>\n<p><strong>Near Media-Coop<\/strong> ist eine demokratische, gemeinn\u00fctzige Medienkooperative, die Medien als Mittel zur Entwicklung der Gemeinschaft einsetzt. Die Co-op wurde 1982 gegr\u00fcndet und hat mehr als 600 Anteilseigner und mehr als 120 regelm\u00e4\u00dfige Freiwillige. NearFM sendet seit 1995 als Gemeinschaftsradio und war und ist als Partner an zahlreichen europ\u00e4ischen Projekten zu kulturellen Identit\u00e4ts- und Umweltfragen, interkulturellem Training und Menschenrechtsprogrammen beteiligt. NearFM war 2006 an der Erstellung der Inter.media-Ausbildungsmaterialien mit interkulturellem Schwerpunkt beteiligt und bietet berufliche Schl\u00fcsselqualifikationen der FETAC-Stufe 4 sowie Medienkompetenztraining und interkulturelles Training an.<\/p>\n<p><strong>Radio Corax<\/strong> ist ein freier Radiosender in Halle (Saale) in Deutschland. Als nichtkommerzielles Lokalradio sendet Radio Corax 24 Stunden am Tag. Radio Corax ist terrestrisch in Halle und im s\u00fcdlichen Sachsen-Anhalt auf UKW zu empfangen. Von Anfang an hat Radio Corax gro\u00dfen Wert auf die Ausbildung von Menschen zu qualifizierten Radiomachern gelegt. Radio Corax war und ist in verschiedenen, auch interkulturellen, H\u00f6rfunkbildungsprojekten engagiert.<\/p>\n<p>Seit 2004 vertritt das <strong>Community Media Forum Europe (CMFE)<\/strong> auf europ\u00e4ischer Ebene Netzwerke, nationale Verb\u00e4nde, Projekte und Einzelpersonen, die im Bereich der dritten Medien, oft auch als B\u00fcrgermedien bezeichnet, t\u00e4tig sind. Jeder Sender wird durch sein Umfeld und die besondere Kultur, Geschichte und Realit\u00e4t der Gemeinschaft, die er bedient, gepr\u00e4gt. Gemeinschaftsmedien sind in der Regel im Besitz der Gemeinden, aus denen die ehrenamtlichen Sender kommen, und produzieren Programme, die f\u00fcr die Gemeinden wichtig sind &#8211; und sie sind nicht gewinnorientiert. CMFE setzt sich f\u00fcr die Rechte der B\u00fcrger auf B\u00fcrgermedien ein und dient als Plattform f\u00fcr den Dialog und die Anerkennung von B\u00fcrgermedien auf europ\u00e4ischer Ebene als klar abgegrenzter Mediensektor. In einem Kontext, in dem die Meinungsfreiheit und der Zugang zu Informationen zunehmend durch die Konzentration im Mediensektor und die Verbreitung von Fehlinformationen bedroht sind, sind B\u00fcrgermedien Indikatoren f\u00fcr Medienpluralismus.<\/p>\n<p><strong>AMARC Europe<\/strong> ist die europ\u00e4ische Sektion des Weltverbandes der Community Radios. Der europ\u00e4ische Verband vertritt mehr als 300 Community-Radios, ihre nationalen oder regionalen Verb\u00e4nde und Einzelpersonen. Seit 1994 vertritt AMARC Europe die Interessen seiner Mitglieder auf europ\u00e4ischer und internationaler Ebene, stellt die Kommunikation und damit den Erfahrungsaustausch zwischen seinen Mitgliedern her und initiiert deren internationale Zusammenarbeit. AMARC Europe steht auch in Verbindung mit dem Weltverband der Community Radios und mit verschiedenen Organisationen der Vereinten Nationen.<\/p>\n\t\t\t\t\t\t<\/div>\n\t\t\t\t<\/div>\n\t\t\t\t\t<\/div>\n\t\t<\/div>\n\t\t\t\t\t\t\t<\/div>\n\t\t<\/section>\n\t\t\t\t<section data-particle_enable=\"false\" data-particle-mobile-disabled=\"false\" class=\"elementor-section elementor-top-section elementor-element elementor-element-0726afc elementor-section-boxed elementor-section-height-default elementor-section-height-default\" data-id=\"0726afc\" data-element_type=\"section\">\n\t\t\t\t\t\t<div class=\"elementor-container elementor-column-gap-default\">\n\t\t\t\t\t<div class=\"elementor-column elementor-col-100 elementor-top-column elementor-element elementor-element-f4fe01c\" data-id=\"f4fe01c\" data-element_type=\"column\">\n\t\t\t<div class=\"elementor-widget-wrap\">\n\t\t\t\t\t\t\t\t\t<\/div>\n\t\t<\/div>\n\t\t\t\t\t\t\t<\/div>\n\t\t<\/section>\n\t\t\t\t<section data-particle_enable=\"false\" data-particle-mobile-disabled=\"false\" class=\"elementor-section elementor-top-section elementor-element elementor-element-e37f599 elementor-section-boxed elementor-section-height-default elementor-section-height-default\" data-id=\"e37f599\" data-element_type=\"section\">\n\t\t\t\t\t\t<div class=\"elementor-container elementor-column-gap-default\">\n\t\t\t\t\t<div class=\"elementor-column elementor-col-100 elementor-top-column elementor-element elementor-element-9402275\" data-id=\"9402275\" data-element_type=\"column\">\n\t\t\t<div class=\"elementor-widget-wrap elementor-element-populated\">\n\t\t\t\t\t\t\t\t<div class=\"elementor-element elementor-element-4d2e3a7 elementor-widget elementor-widget-eael-logo-carousel\" data-id=\"4d2e3a7\" data-element_type=\"widget\" data-settings=\"{&quot;items&quot;:{&quot;unit&quot;:&quot;px&quot;,&quot;size&quot;:4,&quot;sizes&quot;:[]},&quot;items_tablet&quot;:{&quot;unit&quot;:&quot;px&quot;,&quot;size&quot;:2,&quot;sizes&quot;:[]},&quot;items_mobile&quot;:{&quot;unit&quot;:&quot;px&quot;,&quot;size&quot;:1,&quot;sizes&quot;:[]}}\" data-widget_type=\"eael-logo-carousel.default\">\n\t\t\t\t<div class=\"elementor-widget-container\">\n\t\t\t        <div class=\"swiper-container-wrap eael-logo-carousel-wrap\">\n            <div class=\"swiper-container eael-logo-carousel swiper-container-4d2e3a7\" data-pagination=\".swiper-pagination-4d2e3a7\" data-arrow-next=\".swiper-button-next-4d2e3a7\" data-arrow-prev=\".swiper-button-prev-4d2e3a7\" data-items=\"4\" data-items-tablet=\"2\" data-items-mobile=\"1\" data-margin=\"50\" data-effect=\"slide\" data-speed=\"400\" data-autoplay=\"999999\">\n                <div class=\"swiper-wrapper\">\n\t\t\t\t\t                            <div class=\"swiper-slide\">\n                                <div class=\"eael-lc-logo-wrap\">\n                                    <div class=\"eael-lc-logo\">\n\t\t\t\t\t\t\t\t\t\t<a href=\"https:\/\/www.commit.at\/\" target=\"_blank\"><img decoding=\"async\" class=\"eael-lc-img-src\" src=\"https:\/\/smart.radiotraining.eu\/wp-content\/uploads\/2019\/05\/commit-bw.jpg\" alt=\"\"><\/a>                                    <\/div>\n\t\t\t\t\t\t\t\t\t<h4 class=\"eael-logo-carousel-title\"><a href=\"https:\/\/www.commit.at\/\" target=\"_blank\">COMMIT\/ Austria<\/a><\/h4>                                <\/div>\n                            <\/div>\n\t\t\t\t\t\t                            <div class=\"swiper-slide\">\n                                <div class=\"eael-lc-logo-wrap\">\n                                    <div class=\"eael-lc-logo\">\n\t\t\t\t\t\t\t\t\t\t<a href=\"https:\/\/www.antxetairratia.com\/\" target=\"_blank\"><img decoding=\"async\" class=\"eael-lc-img-src\" src=\"https:\/\/smart.radiotraining.eu\/wp-content\/uploads\/2019\/05\/antxeta-bw.jpg\" alt=\"\"><\/a>                                    <\/div>\n\t\t\t\t\t\t\t\t\t<h4 class=\"eael-logo-carousel-title\"><a href=\"https:\/\/www.antxetairratia.com\/\" target=\"_blank\">Antxeta Irratia \/ Basque country<\/a><\/h4>                                <\/div>\n                            <\/div>\n\t\t\t\t\t\t                            <div class=\"swiper-slide\">\n                                <div class=\"eael-lc-logo-wrap\">\n                                    <div class=\"eael-lc-logo\">\n\t\t\t\t\t\t\t\t\t\t<a href=\"https:\/\/www.civilradio.hu\/index.php\" target=\"_blank\"><img decoding=\"async\" class=\"eael-lc-img-src\" src=\"https:\/\/smart.radiotraining.eu\/wp-content\/uploads\/2019\/05\/civilradio-bw.jpg\" alt=\"\"><\/a>                                    <\/div>\n\t\t\t\t\t\t\t\t\t<h4 class=\"eael-logo-carousel-title\"><a href=\"https:\/\/www.civilradio.hu\/index.php\" target=\"_blank\">Civil R\u00e1di\u00f3\/ Hungary<\/a><\/h4>                                <\/div>\n                            <\/div>\n\t\t\t\t\t\t                            <div class=\"swiper-slide\">\n                                <div class=\"eael-lc-logo-wrap\">\n                                    <div class=\"eael-lc-logo\">\n\t\t\t\t\t\t\t\t\t\t<a href=\"https:\/\/nearfm.ie\/\" target=\"_blank\"><img decoding=\"async\" class=\"eael-lc-img-src\" src=\"https:\/\/smart.radiotraining.eu\/wp-content\/uploads\/2019\/05\/nearfm-bw.jpg\" alt=\"\"><\/a>                                    <\/div>\n\t\t\t\t\t\t\t\t\t<h4 class=\"eael-logo-carousel-title\"><a href=\"https:\/\/nearfm.ie\/\" target=\"_blank\">Near fm \/ Ireland<\/a><\/h4>                                <\/div>\n                            <\/div>\n\t\t\t\t\t\t                <\/div>\n            <\/div>\n\t\t\t        <\/div>\n\t\t\t\t<\/div>\n\t\t\t\t<\/div>\n\t\t\t\t<div class=\"elementor-element elementor-element-53f93d1 elementor-widget elementor-widget-eael-logo-carousel\" data-id=\"53f93d1\" data-element_type=\"widget\" data-settings=\"{&quot;items&quot;:{&quot;unit&quot;:&quot;px&quot;,&quot;size&quot;:4,&quot;sizes&quot;:[]},&quot;items_tablet&quot;:{&quot;unit&quot;:&quot;px&quot;,&quot;size&quot;:2,&quot;sizes&quot;:[]},&quot;items_mobile&quot;:{&quot;unit&quot;:&quot;px&quot;,&quot;size&quot;:1,&quot;sizes&quot;:[]}}\" data-widget_type=\"eael-logo-carousel.default\">\n\t\t\t\t<div class=\"elementor-widget-container\">\n\t\t\t        <div class=\"swiper-container-wrap eael-logo-carousel-wrap\">\n            <div class=\"swiper-container eael-logo-carousel swiper-container-53f93d1\" data-pagination=\".swiper-pagination-53f93d1\" data-arrow-next=\".swiper-button-next-53f93d1\" data-arrow-prev=\".swiper-button-prev-53f93d1\" data-items=\"4\" data-items-tablet=\"2\" data-items-mobile=\"1\" data-margin=\"50\" data-effect=\"slide\" data-speed=\"400\" data-autoplay=\"999999\">\n                <div class=\"swiper-wrapper\">\n\t\t\t\t\t                            <div class=\"swiper-slide\">\n                                <div class=\"eael-lc-logo-wrap\">\n                                    <div class=\"eael-lc-logo\">\n\t\t\t\t\t\t\t\t\t\t<a href=\"https:\/\/959.radiocorax.de\/\" target=\"_blank\"><img decoding=\"async\" class=\"eael-lc-img-src\" src=\"https:\/\/smart.radiotraining.eu\/wp-content\/uploads\/2019\/05\/corax-bw.jpg\" alt=\"\"><\/a>                                    <\/div>\n\t\t\t\t\t\t\t\t\t<h4 class=\"eael-logo-carousel-title\"><a href=\"https:\/\/959.radiocorax.de\/\" target=\"_blank\">Radio Corax\/ Germany<\/a><\/h4>                                <\/div>\n                            <\/div>\n\t\t\t\t\t\t                            <div class=\"swiper-slide\">\n                                <div class=\"eael-lc-logo-wrap\">\n                                    <div class=\"eael-lc-logo\">\n\t\t\t\t\t\t\t\t\t\t<a href=\"https:\/\/www.klippklang.ch\/index.php?pid=51&amp;l=de\" target=\"_blank\"><img decoding=\"async\" class=\"eael-lc-img-src\" src=\"https:\/\/smart.radiotraining.eu\/wp-content\/uploads\/2019\/05\/logo_klippklang-bw.jpg\" alt=\"\"><\/a>                                    <\/div>\n\t\t\t\t\t\t\t\t\t<h4 class=\"eael-logo-carousel-title\"><a href=\"https:\/\/www.klippklang.ch\/index.php?pid=51&amp;l=de\" target=\"_blank\">klipp+klang Radioschule\/ Switzerland<\/a><\/h4>                                <\/div>\n                            <\/div>\n\t\t\t\t\t\t                            <div class=\"swiper-slide\">\n                                <div class=\"eael-lc-logo-wrap\">\n                                    <div class=\"eael-lc-logo\">\n\t\t\t\t\t\t\t\t\t\t<a href=\"https:\/\/amarceurope.eu\/\" target=\"_blank\"><img decoding=\"async\" class=\"eael-lc-img-src\" src=\"https:\/\/smart.radiotraining.eu\/wp-content\/uploads\/2021\/06\/Logo-amarc.png\" alt=\"\"><\/a>                                    <\/div>\n\t\t\t\t\t\t\t\t\t<h4 class=\"eael-logo-carousel-title\"><a href=\"https:\/\/amarceurope.eu\/\" target=\"_blank\">AMARC Europe \/ Belgium<\/a><\/h4>                                <\/div>\n                            <\/div>\n\t\t\t\t\t\t                            <div class=\"swiper-slide\">\n                                <div class=\"eael-lc-logo-wrap\">\n                                    <div class=\"eael-lc-logo\">\n\t\t\t\t\t\t\t\t\t\t<a href=\"https:\/\/www.cmfe.eu\/\" target=\"_blank\"><img decoding=\"async\" class=\"eael-lc-img-src\" src=\"https:\/\/smart.radiotraining.eu\/wp-content\/uploads\/2021\/06\/logo-cmfe-2.jpg\" alt=\"\"><\/a>                                    <\/div>\n\t\t\t\t\t\t\t\t\t<h4 class=\"eael-logo-carousel-title\"><a href=\"https:\/\/www.cmfe.eu\/\" target=\"_blank\">CMFE \/ Belgium<\/a><\/h4>                                <\/div>\n                            <\/div>\n\t\t\t\t\t\t                <\/div>\n            <\/div>\n\t\t\t        <\/div>\n\t\t\t\t<\/div>\n\t\t\t\t<\/div>\n\t\t\t\t\t<\/div>\n\t\t<\/div>\n\t\t\t\t\t\t\t<\/div>\n\t\t<\/section>\n\t\t\t\t\t\t\t<\/div>\n\t\t","protected":false},"excerpt":{"rendered":"<p>SMART Trainers bietet zwei Lehrpl\u00e4ne f\u00fcr Train-the-Trainer-Kurse an &#8211; einen Online-Kurs und einen Vor-Ort-Kurs &#8211; um die Prinzipien der lernerzentrierten Radiobildung zu trainieren. SMART Trainers baut auf dem SMART-Online-Tool auf, das bew\u00e4hrte Methoden, Aktivit\u00e4ten und Materialien f\u00fcr das Radiotraining, insbesondere f\u00fcr bestimmte Zielgruppen, zusammenfasst und zur kostenlosen Nutzung anbietet. SMART Trainers widmet sich dar\u00fcber hinaus &hellip; <a href=\"https:\/\/smart.radiotraining.eu\/de\/trainer\/ueber\/\">Continued<\/a><\/p>\n","protected":false},"author":13,"featured_media":0,"parent":4793,"menu_order":0,"comment_status":"closed","ping_status":"closed","template":"views\/page-no_sidebar.blade.php","meta":[],"acf":[],"_links":{"self":[{"href":"https:\/\/smart.radiotraining.eu\/de\/wp-json\/wp\/v2\/pages\/5415"}],"collection":[{"href":"https:\/\/smart.radiotraining.eu\/de\/wp-json\/wp\/v2\/pages"}],"about":[{"href":"https:\/\/smart.radiotraining.eu\/de\/wp-json\/wp\/v2\/types\/page"}],"author":[{"embeddable":true,"href":"https:\/\/smart.radiotraining.eu\/de\/wp-json\/wp\/v2\/users\/13"}],"replies":[{"embeddable":true,"href":"https:\/\/smart.radiotraining.eu\/de\/wp-json\/wp\/v2\/comments?post=5415"}],"version-history":[{"count":36,"href":"https:\/\/smart.radiotraining.eu\/de\/wp-json\/wp\/v2\/pages\/5415\/revisions"}],"predecessor-version":[{"id":5552,"href":"https:\/\/smart.radiotraining.eu\/de\/wp-json\/wp\/v2\/pages\/5415\/revisions\/5552"}],"up":[{"embeddable":true,"href":"https:\/\/smart.radiotraining.eu\/de\/wp-json\/wp\/v2\/pages\/4793"}],"wp:attachment":[{"href":"https:\/\/smart.radiotraining.eu\/de\/wp-json\/wp\/v2\/media?parent=5415"}],"curies":[{"name":"wp","href":"https:\/\/api.w.org\/{rel}","templated":true}]}}