{"id":5423,"date":"2022-01-12T19:16:16","date_gmt":"2022-01-12T17:16:16","guid":{"rendered":"https:\/\/smart.radiotraining.eu\/trainer\/zertifikat\/"},"modified":"2022-01-16T18:24:49","modified_gmt":"2022-01-16T16:24:49","slug":"zertifikat","status":"publish","type":"page","link":"https:\/\/smart.radiotraining.eu\/de\/trainer\/zertifikat\/","title":{"rendered":"Zertifikat"},"content":{"rendered":"\t\t<div data-elementor-type=\"wp-page\" data-elementor-id=\"5423\" class=\"elementor elementor-5423 elementor-5377\">\n\t\t\t\t\t\t\t\t\t<section data-particle_enable=\"false\" data-particle-mobile-disabled=\"false\" class=\"elementor-section elementor-top-section elementor-element elementor-element-e3a9b33 elementor-section-boxed elementor-section-height-default elementor-section-height-default\" data-id=\"e3a9b33\" data-element_type=\"section\">\n\t\t\t\t\t\t<div class=\"elementor-container elementor-column-gap-default\">\n\t\t\t\t\t<div class=\"elementor-column elementor-col-100 elementor-top-column elementor-element elementor-element-264bafff\" data-id=\"264bafff\" data-element_type=\"column\">\n\t\t\t<div class=\"elementor-widget-wrap elementor-element-populated\">\n\t\t\t\t\t\t\t\t<div class=\"elementor-element elementor-element-69abf670 elementor-widget elementor-widget-text-editor\" data-id=\"69abf670\" data-element_type=\"widget\" data-widget_type=\"text-editor.default\">\n\t\t\t\t<div class=\"elementor-widget-container\">\n\t\t\t<style>\/*! elementor - v3.11.4 - 12-03-2023 *\/\n.elementor-widget-text-editor.elementor-drop-cap-view-stacked .elementor-drop-cap{background-color:#818a91;color:#fff}.elementor-widget-text-editor.elementor-drop-cap-view-framed .elementor-drop-cap{color:#818a91;border:3px solid;background-color:transparent}.elementor-widget-text-editor:not(.elementor-drop-cap-view-default) .elementor-drop-cap{margin-top:8px}.elementor-widget-text-editor:not(.elementor-drop-cap-view-default) .elementor-drop-cap-letter{width:1em;height:1em}.elementor-widget-text-editor .elementor-drop-cap{float:left;text-align:center;line-height:1;font-size:50px}.elementor-widget-text-editor .elementor-drop-cap-letter{display:inline-block}<\/style>\t\t\t\t<h2>SMART-Zertifikat f\u00fcr ausgebildete Ausbilder von B\u00fcrgermedien verf\u00fcgbar<\/h2>\n<p>Um die Qualit\u00e4t und die Reichweite der Schulungen zu verbessern, die tagt\u00e4glich in den B\u00fcrgermedien und in Ausbildungseinrichtungen f\u00fcr B\u00fcrgermedien in ganz Europa stattfinden, haben die Partner hinter dem SMART-Online-Tool eine Schulung f\u00fcr Ausbilder entwickelt. Diese Schulung versetzt die Ausbilder der B\u00fcrgermedien in die Lage, die SMART-Tools effektiv zu nutzen und sie gleichzeitig an die spezifischen Bed\u00fcrfnisse der jeweiligen Gruppe anzupassen, die sie ausbilden, seien es Migranten, Menschen mit besonderen Bed\u00fcrfnissen, bestimmte Altersgruppen oder Menschen mit Lernschwierigkeiten.<\/p>\n<p>Es wurden Instrumente entwickelt, um den Wert der durchgef\u00fchrten Schulungen gr\u00fcndlich zu bewerten, und es stehen Zertifikate zur Verf\u00fcgung, um die von den Teilnehmern durchgef\u00fchrten Schulungen zu dokumentieren. W\u00e4hrend jeder Zugang zu den Schulungsmaterialien hat und sie frei nutzen kann, wird der Zugang zur Ausstellung der SMART-Schulungszertifikate nur von den SMART-Partnern gew\u00e4hrt. Sollten Sie und Ihre Organisation daran interessiert sein, ein zertifiziertes Training zu organisieren, das vom Community Media Forum Europe (CMFE) und AMARC Europe zusammen mit den SMART-Partnern unterst\u00fctzt wird, k\u00f6nnen Sie sich an einen der Partner in Ihrer Region in Europa wenden, um die Zertifizierung zu beantragen. Indem Sie einem der Partner das auf dem SMART-Trainer-Lehrplan und den SMART-Methoden basierende Schulungskonzept vorlegen, kann die zertifizierte Durchf\u00fchrung von SMART-Train-the-Trainer-Kursen erfolgen und die Teilnehmer k\u00f6nnen nach erfolgreichem Abschluss der Kurse das Zertifikat erhalten.<\/p>\n\t\t\t\t\t\t<\/div>\n\t\t\t\t<\/div>\n\t\t\t\t\t<\/div>\n\t\t<\/div>\n\t\t\t\t\t\t\t<\/div>\n\t\t<\/section>\n\t\t\t\t<section data-particle_enable=\"false\" data-particle-mobile-disabled=\"false\" class=\"elementor-section elementor-top-section elementor-element elementor-element-3484a25c elementor-section-boxed elementor-section-height-default elementor-section-height-default\" data-id=\"3484a25c\" data-element_type=\"section\">\n\t\t\t\t\t\t<div class=\"elementor-container elementor-column-gap-default\">\n\t\t\t\t\t<div class=\"elementor-column elementor-col-100 elementor-top-column elementor-element elementor-element-56a05661\" data-id=\"56a05661\" data-element_type=\"column\">\n\t\t\t<div class=\"elementor-widget-wrap elementor-element-populated\">\n\t\t\t\t\t\t\t\t<div class=\"elementor-element elementor-element-186782ce elementor-widget elementor-widget-image\" data-id=\"186782ce\" data-element_type=\"widget\" data-widget_type=\"image.default\">\n\t\t\t\t<div class=\"elementor-widget-container\">\n\t\t\t<style>\/*! elementor - v3.11.4 - 12-03-2023 *\/\n.elementor-widget-image{text-align:center}.elementor-widget-image a{display:inline-block}.elementor-widget-image a img[src$=\".svg\"]{width:48px}.elementor-widget-image img{vertical-align:middle;display:inline-block}<\/style>\t\t\t\t\t\t\t\t\t\t\t\t<img decoding=\"async\" width=\"1024\" height=\"724\" src=\"https:\/\/smart.radiotraining.eu\/wp-content\/uploads\/2022\/01\/SMART-training-certificate-form-1024x724.jpg\" class=\"attachment-large size-large wp-image-5294\" alt=\"\" loading=\"lazy\" srcset=\"https:\/\/smart.radiotraining.eu\/wp-content\/uploads\/2022\/01\/SMART-training-certificate-form-1024x724.jpg 1024w, https:\/\/smart.radiotraining.eu\/wp-content\/uploads\/2022\/01\/SMART-training-certificate-form-300x212.jpg 300w, https:\/\/smart.radiotraining.eu\/wp-content\/uploads\/2022\/01\/SMART-training-certificate-form-768x543.jpg 768w, https:\/\/smart.radiotraining.eu\/wp-content\/uploads\/2022\/01\/SMART-training-certificate-form-1536x1085.jpg 1536w, https:\/\/smart.radiotraining.eu\/wp-content\/uploads\/2022\/01\/SMART-training-certificate-form-2048x1447.jpg 2048w\" sizes=\"(max-width: 1024px) 100vw, 1024px\" \/>\t\t\t\t\t\t\t\t\t\t\t\t\t\t\t<\/div>\n\t\t\t\t<\/div>\n\t\t\t\t\t<\/div>\n\t\t<\/div>\n\t\t\t\t\t\t\t<\/div>\n\t\t<\/section>\n\t\t\t\t\t\t\t<\/div>\n\t\t","protected":false},"excerpt":{"rendered":"<p>SMART-Zertifikat f\u00fcr ausgebildete Ausbilder von B\u00fcrgermedien verf\u00fcgbar Um die Qualit\u00e4t und die Reichweite der Schulungen zu verbessern, die tagt\u00e4glich in den B\u00fcrgermedien und in Ausbildungseinrichtungen f\u00fcr B\u00fcrgermedien in ganz Europa stattfinden, haben die Partner hinter dem SMART-Online-Tool eine Schulung f\u00fcr Ausbilder entwickelt. Diese Schulung versetzt die Ausbilder der B\u00fcrgermedien in die Lage, die SMART-Tools effektiv &hellip; <a href=\"https:\/\/smart.radiotraining.eu\/de\/trainer\/zertifikat\/\">Continued<\/a><\/p>\n","protected":false},"author":13,"featured_media":0,"parent":4793,"menu_order":0,"comment_status":"closed","ping_status":"closed","template":"views\/page-no_sidebar.blade.php","meta":[],"acf":[],"_links":{"self":[{"href":"https:\/\/smart.radiotraining.eu\/de\/wp-json\/wp\/v2\/pages\/5423"}],"collection":[{"href":"https:\/\/smart.radiotraining.eu\/de\/wp-json\/wp\/v2\/pages"}],"about":[{"href":"https:\/\/smart.radiotraining.eu\/de\/wp-json\/wp\/v2\/types\/page"}],"author":[{"embeddable":true,"href":"https:\/\/smart.radiotraining.eu\/de\/wp-json\/wp\/v2\/users\/13"}],"replies":[{"embeddable":true,"href":"https:\/\/smart.radiotraining.eu\/de\/wp-json\/wp\/v2\/comments?post=5423"}],"version-history":[{"count":2,"href":"https:\/\/smart.radiotraining.eu\/de\/wp-json\/wp\/v2\/pages\/5423\/revisions"}],"predecessor-version":[{"id":5484,"href":"https:\/\/smart.radiotraining.eu\/de\/wp-json\/wp\/v2\/pages\/5423\/revisions\/5484"}],"up":[{"embeddable":true,"href":"https:\/\/smart.radiotraining.eu\/de\/wp-json\/wp\/v2\/pages\/4793"}],"wp:attachment":[{"href":"https:\/\/smart.radiotraining.eu\/de\/wp-json\/wp\/v2\/media?parent=5423"}],"curies":[{"name":"wp","href":"https:\/\/api.w.org\/{rel}","templated":true}]}}