{"id":583,"date":"2014-06-14T08:53:36","date_gmt":"2014-06-14T06:53:36","guid":{"rendered":"https:\/\/smart.radiotraining.eu\/?page_id=583"},"modified":"2021-10-25T16:22:21","modified_gmt":"2021-10-25T14:22:21","slug":"uebungen","status":"publish","type":"page","link":"https:\/\/smart.radiotraining.eu\/de\/uebungen\/","title":{"rendered":"\u00dcbungen"},"content":{"rendered":"\n<div class=\"wp-block-columns has-3-columns is-layout-flex wp-container-4\">\n<div class=\"wp-block-column is-layout-flow\">\n<h3 class=\"wp-block-heading\" id=\"fancy-title-1270\">AUDIOBEARBEITUNG UND SENDUNGSGESTALTUNG<\/h3>\n\n\n\n<p>+ <a href=\"https:\/\/smart.radiotraining.eu\/sing-mit-uns\/\">Sing mit!<\/a><br>+ <a href=\"https:\/\/smart.radiotraining.eu\/schneiden-und-editieren\/\">Schneiden und Editieren<\/a><br>+ <a href=\"https:\/\/smart.radiotraining.eu\/de\/?p=1221\">Audioschnitt und Arrangement<\/a><br>+ <a href=\"https:\/\/smart.radiotraining.eu\/musikrichtlinien-und-playlists\/\">Musikrichtlinien und Playlists<\/a><br>+ <a href=\"https:\/\/smart.radiotraining.eu\/de\/?p=1299\">Layout und Jingles<\/a><br>+ <a href=\"https:\/\/smart.radiotraining.eu\/de\/?p=1313\">Interviewgrundlagen, Schneiden und Bearbeiten<\/a><br>+ <a href=\"https:\/\/smart.radiotraining.eu\/de\/?p=1107\">Ear Cleaning: Wie klingt es?<\/a> <br>+ <a href=\"https:\/\/smart.radiotraining.eu\/de\/?p=1104\">Ear Cleaning: Wie klingt mein Schl\u00fcsselbund?<\/a><br>+ <a href=\"https:\/\/smart.radiotraining.eu\/de\/?p=1336\">Prinzipien der Freien Radios: Musik und Politik<\/a><br>+ <a href=\"https:\/\/smart.radiotraining.eu\/de\/?p=1447\">Sendeablauf<\/a><br>+&nbsp;<a href=\"https:\/\/smart.radiotraining.eu\/de\/?p=1114\">Expos\u00e9 f\u00fcr einen Sendebeitrag<\/a><\/p>\n<\/div>\n\n\n\n<div class=\"wp-block-column is-layout-flow\">\n<h3 class=\"wp-block-heading\" id=\"fancy-title-9115\">BEF\u00c4HIGUNG UND ERM\u00c4CHTIGUNG<\/h3>\n\n\n\n<p>+ <a href=\"https:\/\/smart.radiotraining.eu\/de\/?p=1356\">Freie Medien bef\u00e4higen Gemeinschaften<\/a><br>+ <a href=\"https:\/\/smart.radiotraining.eu\/de\/?p=1329\">Stereotypen in Musikgenres<\/a><br>+&nbsp;<a href=\"https:\/\/smart.radiotraining.eu\/?p=1186\">Rekonstruktion\/Dekonstruktion<\/a><br>+&nbsp;<a href=\"https:\/\/smart.radiotraining.eu\/de\/?p=1336\">Sexistischer Sprachgebrauch<\/a> <br>+ <a href=\"https:\/\/smart.radiotraining.eu\/de\/?p=1212\">Nix verstehn?!<\/a><\/p>\n<\/div>\n\n\n\n<div class=\"wp-block-column is-layout-flow\">\n<h3 class=\"wp-block-heading\" id=\"fancy-title-4941\">FEEDBACK<\/h3>\n\n\n\n<p> +&nbsp;<a href=\"https:\/\/smart.radiotraining.eu\/wp-content\/uploads\/2015\/09\/Handout_Feedback.pdf\">Feedback Grunds\u00e4tze<\/a><br>+&nbsp;<a href=\"https:\/\/smart.radiotraining.eu\/en\/wp-content\/uploads\/2015\/10\/feedback-guidelines.pdf\">Feedback Richtlinien<\/a> <br>+ <a href=\"https:\/\/smart.radiotraining.eu\/wp-content\/uploads\/2015\/09\/Handout_F%C3%BCnf-Finger-Feedback.pdf\">F\u00fcnf Finger Feedback<\/a> <br>+ <a href=\"https:\/\/smart.radiotraining.eu\/de\/?p=1307\">Blitzlicht<\/a><br>+ <a href=\"https:\/\/smart.radiotraining.eu\/de\/?p=1171\">Erwartungen im Futur II<\/a> <br>+ <a href=\"https:\/\/smart.radiotraining.eu\/de\/?p=1182\">Talk im Fischglas<\/a><\/p>\n<\/div>\n<\/div>\n\n\n\n<div class=\"wp-block-columns has-3-columns is-layout-flex wp-container-8\">\n<div class=\"wp-block-column is-layout-flow\">\n<h3 class=\"wp-block-heading\" id=\"fancy-title-8500\">INTERVIEW<\/h3>\n\n\n\n<p>+ <a href=\"https:\/\/smart.radiotraining.eu\/de\/?p=1315\">Interviewvorbereitung<\/a> <br>+ <a href=\"https:\/\/smart.radiotraining.eu\/de\/?p=1317\">Recherche und Interview<\/a><br>+ <a href=\"https:\/\/smart.radiotraining.eu\/de\/?p=1313\">Interviewgrundlagen, Schneiden und Bearbeiten<\/a> <br>+ <a href=\"https:\/\/smart.radiotraining.eu\/de\/?p=1309\">Grundlagen der Interviewtechnik<\/a> <br>+ <a href=\"https:\/\/smart.radiotraining.eu\/de\/?p=1443\">Prim\u00e4re und sekund\u00e4re Quelle<\/a> <br>+ <a href=\"https:\/\/smart.radiotraining.eu\/de\/?p=1175\">Kontrollierter Dialog<\/a> <br>+ <a href=\"https:\/\/smart.radiotraining.eu\/de\/?p=1198\">Step by Step<\/a> <br>+ <a href=\"https:\/\/smart.radiotraining.eu\/de\/?p=1319\">Was oder wer ist in der Box?<\/a> <br>+ <a href=\"https:\/\/smart.radiotraining.eu\/de\/?p=1182\">Talk im Fischglas<\/a> <br>+ <a href=\"https:\/\/smart.radiotraining.eu\/de\/?p=1167\">Kennenlernen bei gleicher Sprache<\/a><\/p>\n<\/div>\n\n\n\n<div class=\"wp-block-column is-layout-flow\">\n<h3 class=\"wp-block-heading\" id=\"fancy-title-7750\">EINF\u00dcHRUNG IN DIE MEDIENLANDSCHAFT UND FREIES RADIO<\/h3>\n\n\n\n<p>+ <a href=\"https:\/\/smart.radiotraining.eu\/de\/?p=1325\">Was sind &#8222;Medien&#8220;?<\/a><br>+ <a href=\"https:\/\/smart.radiotraining.eu\/?p=1327\">Was sind Freie Medien?<\/a><br>+ <a href=\"https:\/\/smart.radiotraining.eu\/de\/?p=1353\">Freie Medien in der Medienlandschaft<\/a><br>+ <a href=\"https:\/\/smart.radiotraining.eu\/de\/?p=1356\">Freie Medien bef\u00e4higen Gemeinschaften<\/a> <br>+ <a href=\"https:\/\/smart.radiotraining.eu\/de\/?p=1165\">Warm up &#8211; was ist Radio?<\/a> <br>+ <a href=\"https:\/\/smart.radiotraining.eu\/de\/?p=1336\">Prinzipien der Freien Radios: Musik und Politik<\/a> <br>+ <a href=\"https:\/\/smart.radiotraining.eu\/de\/?p=1226\">Mein Sender<\/a> <br>+ <a href=\"https:\/\/smart.radiotraining.eu\/de\/?p=1173\">Radioarbeit- eine \u00dcbersicht<\/a> <br>+ <a href=\"https:\/\/smart.radiotraining.eu\/de\/?p=1445\">W\u00e4hle die richtige Quelle f\u00fcr deine Recherche!<\/a><\/p>\n<\/div>\n\n\n\n<div class=\"wp-block-column is-layout-flow\"><\/div>\n<\/div>\n\n\n\n<div class=\"wp-block-columns has-3-columns is-layout-flex wp-container-12\">\n<div class=\"wp-block-column is-layout-flow\">\n<h3 class=\"wp-block-heading\" id=\"fancy-title-6311\">MEDIEN &#8211; ETHIK UND REGELN<\/h3>\n\n\n\n<p>+ <a href=\"https:\/\/smart.radiotraining.eu\/de\/?p=1336\">Prinzipien der Freien Radios: Musik und Politik<\/a><br>+ <a href=\"https:\/\/smart.radiotraining.eu\/de\/?p=1329\">Stereotypen in Musikgenres<\/a><br>+ <a href=\"https:\/\/smart.radiotraining.eu\/de\/?p=1443\">Prim\u00e4re und sekund\u00e4re Quelle<\/a><\/p>\n<\/div>\n\n\n\n<div class=\"wp-block-column is-layout-flow\">\n<h3 class=\"wp-block-heading\" id=\"fancy-title-7994\">MIKROFON, KOPFH\u00d6RER UND REPORTAGEGER\u00c4T<\/h3>\n\n\n\n<p>+ <a href=\"https:\/\/smart.radiotraining.eu\/de\/?p=1422\">Einf\u00fchrung Aufnahmeger\u00e4te<\/a> <br>+ <a href=\"https:\/\/smart.radiotraining.eu\/de\/?p=1313\">Aufnehmen, Schneiden und Bearbeiten<\/a> <br>+ <a href=\"https:\/\/smart.radiotraining.eu\/de\/?p=1223\">H\u00f6rbild<\/a> <br>+ <a href=\"https:\/\/smart.radiotraining.eu\/de\/?p=1186\">Fremde Kl\u00e4nge<\/a> <br>+ <a href=\"https:\/\/smart.radiotraining.eu\/de\/?p=1217\">Picture Me!<\/a>  <br>+ <a href=\"https:\/\/smart.radiotraining.eu\/de\/?p=1127\">Studiotechnik f\u00fcr Blinde und Sehbehinderte<\/a><\/p>\n<\/div>\n\n\n\n<div class=\"wp-block-column is-layout-flow\">\n<h3 class=\"wp-block-heading\" id=\"fancy-title-9184\">NEUE MEDIEN PLATFORMS UND TOOLS<\/h3>\n\n\n\n<p>\n+&nbsp;ARCHIVES\n\n<\/p>\n<\/div>\n<\/div>\n\n\n\n<div class=\"wp-block-columns has-3-columns is-layout-flex wp-container-16\">\n<div class=\"wp-block-column is-layout-flow\">\n<h3 class=\"wp-block-heading\">SENDEELEMENTE UND PROGRAMMPLANUNG<\/h3>\n\n\n\n<p>+ <a href=\"https:\/\/smart.radiotraining.eu\/de\/?p=1331\">Sendeelemente<\/a><br>+ <a href=\"https:\/\/smart.radiotraining.eu\/de\/?p=1447\">Sendeablauf<\/a><br>+ <a href=\"https:\/\/smart.radiotraining.eu\/de\/?p=1202\">Journalistische Darstellungsformen<\/a><br>+ <a href=\"https:\/\/smart.radiotraining.eu\/de\/?p=1420\">Programmstrukturen erkennen<\/a><br>+ <a href=\"https:\/\/smart.radiotraining.eu\/wp-content\/uploads\/2015\/09\/Handout_Sendeplanung-und-Produktion-von-Sendungen-.pdf\">Sendeplanung und Produktion von Sendungen<\/a><br>+ <a href=\"https:\/\/smart.radiotraining.eu\/de\/?p=1118\">Wir spielen eine Radiosendung.<\/a><br>+ <a href=\"https:\/\/smart.radiotraining.eu\/de\/?p=1206\">News!<\/a><br>+ <a href=\"https:\/\/smart.radiotraining.eu\/de\/?p=1114\">Beitragskonzept<\/a><br>+ <a href=\"https:\/\/smart.radiotraining.eu\/de\/?p=1226\">Mein Sender<\/a><br>+ <a href=\"https:\/\/smart.radiotraining.eu\/de\/?p=1294\">Musikrichtlinien und Playlists<\/a><br>+ <a href=\"https:\/\/smart.radiotraining.eu\/de\/?p=1173\">Radioarbeit- eine \u00dcbersicht<\/a><\/p>\n<\/div>\n\n\n\n<div class=\"wp-block-column is-layout-flow\">\n<h3 class=\"wp-block-heading\" id=\"fancy-title-6405\">PRODUKTIONSTEAMS UND MEETINGS<\/h3>\n\n\n\n<p>+ <a href=\"https:\/\/smart.radiotraining.eu\/de\/?p=1173\">Radioarbeit- eine \u00dcbersicht<\/a><br>+ <a href=\"https:\/\/smart.radiotraining.eu\/de\/?p=1420\">Programmstrukturen erkennen<\/a><br>+ <a href=\"https:\/\/smart.radiotraining.eu\/de\/?p=1114\">Beitragskonzept<\/a><br>+ <a href=\"https:\/\/smart.radiotraining.eu\/de\/?p=1338\">Produktionsteams<\/a><\/p>\n<\/div>\n\n\n\n<div class=\"wp-block-column is-layout-flow\">\n<h3 class=\"wp-block-heading\" id=\"fancy-title-3290\">MODERATION<\/h3>\n\n\n\n<p>+ <a href=\"https:\/\/smart.radiotraining.eu\/de\/?p=1433\">Moderation<\/a><br>+ <a href=\"https:\/\/smart.radiotraining.eu\/de\/?p=1426\">Moderationsstile<\/a><br>+ <a href=\"https:\/\/smart.radiotraining.eu\/de\/?p=1204\">Musikmoderation<\/a> <br>+ <a href=\"https:\/\/smart.radiotraining.eu\/de\/?p=1123\">Beschreibende Sprache<\/a><br>+ <a href=\"https:\/\/smart.radiotraining.eu\/de\/?p=1210\">Nur ein Bild<\/a><br>+ <a href=\"https:\/\/smart.radiotraining.eu\/de\/?p=1451\">Die richtigen Worte<\/a><br>+ <a href=\"https:\/\/smart.radiotraining.eu\/de\/?p=1219\">Bildbeschreibung<\/a><br>+ <a href=\"https:\/\/smart.radiotraining.eu\/de\/?p=1200\">Mein Zimmer<\/a> <br>+ <a href=\"https:\/\/smart.radiotraining.eu\/de\/?p=1112\">\u00dcber die eigene Zunge stolpern?<\/a><br>+ <a href=\"https:\/\/smart.radiotraining.eu\/de\/?p=1132\">Schreiben f\u00fcr&#8217;s H\u00f6ren<\/a><br>+ <a href=\"https:\/\/smart.radiotraining.eu\/de\/?p=1125\">Schreiben f\u00fcrs Sprechen<\/a><br>+ <a href=\"https:\/\/smart.radiotraining.eu\/de\/?p=1447\">Sendeablauf<\/a><\/p>\n<\/div>\n<\/div>\n\n\n\n<div class=\"wp-block-columns has-3-columns is-layout-flex wp-container-20\">\n<div class=\"wp-block-column is-layout-flow\">\n<h3 class=\"wp-block-heading\" id=\"fancy-title-6936\">SENDUNGSPROMOTION<\/h3>\n\n\n\n<p> + <a href=\"https:\/\/smart.radiotraining.eu\/de\/?p=1420\">Programmstrukturen erkennen<\/a><br>+ <a href=\"https:\/\/smart.radiotraining.eu\/de\/?p=1299\">Layout und Jingles<\/a><br>+ <a href=\"https:\/\/smart.radiotraining.eu\/de\/?p=1202\">Journalistische Darstellungsformen<\/a><br>+ <a href=\"https:\/\/smart.radiotraining.eu\/de\/?p=1338\">Produktionsteams<\/a><br>+ <a href=\"https:\/\/smart.radiotraining.eu\/de\/?p=1221\">Audioschnitt und Arrangement<\/a><br>+ <a href=\"https:\/\/smart.radiotraining.eu\/de\/?p=1114\">Arbeitsblatt Beitragskonzept<\/a><br>+ <a href=\"https:\/\/smart.radiotraining.eu\/de\/?p=1288\">Schneiden und Editieren<\/a><br>+ <a href=\"https:\/\/smart.radiotraining.eu\/de\/?p=1336\">Prinzipien der Freien Radios<\/a><br>+ <a href=\"https:\/\/smart.radiotraining.eu\/de\/?p=1325\">Was sind &#8222;Medien&#8220;?<\/a><\/p>\n<\/div>\n\n\n\n<div class=\"wp-block-column is-layout-flow\">\n<h3 class=\"wp-block-heading\" id=\"fancy-title-5335\">RADIOJOURNALISTISCHE DARSTELLUNGSFORMEN<\/h3>\n\n\n\n<p> + <a href=\"https:\/\/smart.radiotraining.eu\/de\/?p=1202\">Journalistische Darstellungsformen im Radio<\/a><br>+ <a href=\"https:\/\/smart.radiotraining.eu\/?p=1206\">News!<\/a><br>+ <a href=\"https:\/\/smart.radiotraining.eu\/?p=1433\">Moderation<\/a><br>+ <a href=\"https:\/\/smart.radiotraining.eu\/de\/?p=1204\">Musikmoderation<\/a><br>+ Die Radioreportage<br>+ <a href=\"https:\/\/smart.radiotraining.eu\/de\/?p=1118\">Wir spielen eine Radiosendung<\/a><\/p>\n<\/div>\n\n\n\n<div class=\"wp-block-column is-layout-flow\">\n<h3 class=\"wp-block-heading\" id=\"fancy-title-6636\">RECHERCHE UND QUELLEN<\/h3>\n\n\n\n<p> + <a href=\"https:\/\/smart.radiotraining.eu\/de\/?p=1317\">Recherche und Interview<\/a><br>+ <a href=\"https:\/\/smart.radiotraining.eu\/de\/?p=1443\">Prim\u00e4re und sekund\u00e4re Quelle<\/a><br>+ <a href=\"https:\/\/smart.radiotraining.eu\/de\/?p=1228\">Just a word &#8211; auf ein Wort<\/a><br>+ <a href=\"https:\/\/smart.radiotraining.eu\/de\/?p=1110\">Themenfindung mit Hilfe von Ger\u00e4uschen<\/a><br>+ <a href=\"https:\/\/smart.radiotraining.eu\/de\/?p=1184\">Themensetting<\/a><br>+ <a href=\"https:\/\/smart.radiotraining.eu\/de\/?p=1336\">Prinzipien der Freien Radios: Musik und Politik<\/a><br>+ <a href=\"https:\/\/smart.radiotraining.eu\/de\/?p=1186\">Fremde Kl\u00e4nge<\/a><br>+ <a href=\"https:\/\/smart.radiotraining.eu\/de\/?p=1206\">News!<\/a><br>+ <a href=\"https:\/\/smart.radiotraining.eu\/de\/?p=1292\">Wie klingt es?<\/a><\/p>\n<\/div>\n<\/div>\n\n\n\n<div class=\"wp-block-columns has-3-columns is-layout-flex wp-container-24\">\n<div class=\"wp-block-column is-layout-flow\">\n<h3 class=\"wp-block-heading\" id=\"fancy-title-9878\">SENDUNGSABLAUF<\/h3>\n\n\n\n<p> + <a href=\"https:\/\/smart.radiotraining.eu\/de\/?p=1230\">Meine erste Sendung<\/a><br>+ <a href=\"https:\/\/smart.radiotraining.eu\/de\/?p=1118\">Wir spielen eine Radiosendung<\/a><br>+<a href=\"https:\/\/smart.radiotraining.eu\/de\/?p=1420\"> Programmstrukturen erkennen<\/a><br>+ <a href=\"https:\/\/smart.radiotraining.eu\/de\/?p=1424\">Abschlusssendung<\/a><\/p>\n<\/div>\n\n\n\n<div class=\"wp-block-column is-layout-flow\">\n<h3 class=\"wp-block-heading\" id=\"fancy-title-5087\">SCHREIBEN F\u00dcR&#8217;S RADIO<\/h3>\n\n\n\n<p> + <a href=\"https:\/\/smart.radiotraining.eu\/de\/?p=1132\">Schreiben f\u00fcr&#8217;s H\u00f6ren<\/a><br>+ <a href=\"https:\/\/smart.radiotraining.eu\/de\/?p=1125\">Schreiben f\u00fcrs Sprechen<\/a><br>+ <a href=\"https:\/\/smart.radiotraining.eu\/de\/?p=1433\">Moderation<\/a> <br>+ <a href=\"https:\/\/smart.radiotraining.eu\/de\/?p=1123\">Beschreibende Sprache<\/a><br>+ <a href=\"https:\/\/smart.radiotraining.eu\/de\/?p=1210\">Nur ein Bild<\/a><br>+ <a href=\"https:\/\/smart.radiotraining.eu\/de\/?p=1451\">Die richtigen Worte<\/a><br>+ <a href=\"https:\/\/smart.radiotraining.eu\/de\/?p=1219\">Bildbeschreibung<\/a> <br>+ <a href=\"https:\/\/smart.radiotraining.eu\/de\/?p=1112\">\u00dcber die eigene Zunge stolpern?<\/a><\/p>\n<\/div>\n\n\n\n<div class=\"wp-block-column is-layout-flow\">\n<h3 class=\"wp-block-heading\" id=\"fancy-title-3925\">EQUIPMENT UND STUDIO<\/h3>\n\n\n\n<p>+ <a href=\"https:\/\/smart.radiotraining.eu\/de\/?p=1127\">Studiotechnik f\u00fcr Blinde und Sehbehinderte<\/a><br>+ <a href=\"https:\/\/smart.radiotraining.eu\/de\/?p=1234\">Mobiles Radio<\/a><br>+ <a href=\"https:\/\/smart.radiotraining.eu\/de\/?p=1422\">Einf\u00fchrung Aufnahmeger\u00e4te<\/a><br>+ <a href=\"https:\/\/smart.radiotraining.eu\/de\/?p=1165\">Warm up &#8211; was ist Radio?<\/a><br>+ <a href=\"https:\/\/smart.radiotraining.eu\/wp-content\/uploads\/2015\/09\/Anleitung-Olympus-LS-14.doc\">Reportageger\u00e4t blindentauglich<br><\/a>+ Entdeckt das Studio <\/p>\n<\/div>\n<\/div>\n\n\n\n<div class=\"wp-block-columns has-3-columns is-layout-flex wp-container-28\">\n<div class=\"wp-block-column is-layout-flow\">\n<h3 class=\"wp-block-heading\" id=\"fancy-title-2702\">TIPPS F\u00dcR KURSLEITENDE<\/h3>\n\n\n\n<p> + <a href=\"https:\/\/smart.radiotraining.eu\/wp-content\/uploads\/2015\/09\/Checkliste_Kurs-f%C3%BCr-sehbehinderte-und-blinde-Menschen1.pdf\">Checkliste Kursvorbereitung, Infrastruktur und Technik<\/a> <br>+ <a href=\"https:\/\/smart.radiotraining.eu\/wp-content\/uploads\/2015\/09\/Checkliste_Anmeldungen-Kurs-f%C3%BCr-sehbehinderte-und-blinde-Menschen.doc\">Checkliste f\u00fcr Kursanmeldungen<\/a> <br>+ <a href=\"https:\/\/smart.radiotraining.eu\/handouts\/\">Handouts<\/a><br>+ <a href=\"https:\/\/smart.radiotraining.eu\/wp-content\/uploads\/2015\/09\/Die-wichtigsten-Tastaturbelegungen-im-Audacity.pdf\">Audiobearbeitung mit Audacity<\/a><\/p>\n<\/div>\n\n\n\n<div class=\"wp-block-column is-layout-flow\"><\/div>\n\n\n\n<div class=\"wp-block-column is-layout-flow\"><\/div>\n<\/div>\n","protected":false},"excerpt":{"rendered":"<p>AUDIOBEARBEITUNG UND SENDUNGSGESTALTUNG + Sing mit!+ Schneiden und Editieren+ Audioschnitt und Arrangement+ Musikrichtlinien und Playlists+ Layout und Jingles+ Interviewgrundlagen, Schneiden und Bearbeiten+ Ear Cleaning: Wie klingt es? + Ear Cleaning: Wie klingt mein Schl\u00fcsselbund?+ Prinzipien der Freien Radios: Musik und Politik+ Sendeablauf+&nbsp;Expos\u00e9 f\u00fcr einen Sendebeitrag BEF\u00c4HIGUNG UND ERM\u00c4CHTIGUNG + Freie Medien bef\u00e4higen Gemeinschaften+ Stereotypen in &hellip; <a href=\"https:\/\/smart.radiotraining.eu\/de\/uebungen\/\">Continued<\/a><\/p>\n","protected":false},"author":13,"featured_media":0,"parent":0,"menu_order":0,"comment_status":"closed","ping_status":"closed","template":"views\/page-no_sidebar.blade.php","meta":[],"acf":[],"_links":{"self":[{"href":"https:\/\/smart.radiotraining.eu\/de\/wp-json\/wp\/v2\/pages\/583"}],"collection":[{"href":"https:\/\/smart.radiotraining.eu\/de\/wp-json\/wp\/v2\/pages"}],"about":[{"href":"https:\/\/smart.radiotraining.eu\/de\/wp-json\/wp\/v2\/types\/page"}],"author":[{"embeddable":true,"href":"https:\/\/smart.radiotraining.eu\/de\/wp-json\/wp\/v2\/users\/13"}],"replies":[{"embeddable":true,"href":"https:\/\/smart.radiotraining.eu\/de\/wp-json\/wp\/v2\/comments?post=583"}],"version-history":[{"count":7,"href":"https:\/\/smart.radiotraining.eu\/de\/wp-json\/wp\/v2\/pages\/583\/revisions"}],"predecessor-version":[{"id":4648,"href":"https:\/\/smart.radiotraining.eu\/de\/wp-json\/wp\/v2\/pages\/583\/revisions\/4648"}],"wp:attachment":[{"href":"https:\/\/smart.radiotraining.eu\/de\/wp-json\/wp\/v2\/media?parent=583"}],"curies":[{"name":"wp","href":"https:\/\/api.w.org\/{rel}","templated":true}]}}