{"id":752,"date":"2014-10-18T18:43:17","date_gmt":"2014-10-18T16:43:17","guid":{"rendered":"https:\/\/smart.radiotraining.eu\/?page_id=752"},"modified":"2023-03-23T09:09:36","modified_gmt":"2023-03-23T07:09:36","slug":"introduction-s-m-a-r-t","status":"publish","type":"page","link":"https:\/\/smart.radiotraining.eu\/de\/introduction-s-m-a-r-t\/","title":{"rendered":"Vorstellung S.M.A.R.T."},"content":{"rendered":"<p style=\"text-align: justify;\">SMART bietet Ihnen die M\u00f6glichkeit, Radioworkshops im Kontext Freier Radios zu erstellen. SMART versammelt dazu \u00dcbungen zu allen relevanten Bereichen der Arbeit in Freien Radios, die zus\u00e4tzlich auch auf die individuellen Bed\u00fcrfnisse spezieller Zielgruppen zugeschnitten sind. Damit k\u00f6nnen die \u00dcbungen auch f\u00fcr Radiotrainings mit Menschen mit Sehbehinderungen, Lernschwierigkeiten und Migrantinnen angewendet werden.<\/p>\n<p style=\"text-align: justify;\">SMART fokussiert dabei auf die konkrete Trainingssituation und die vorhandenen Umgebungsvariablen. Was soll im Training vermittelt werden, wie viele Teilnehmende hat der Workshop, wie viel Zeit steht zur Verf\u00fcgung, wo findet das Training statt, welche technische Ausr\u00fcstung steht zur Verf\u00fcgung? Das sind unter Anderen Variablen, die zu Beginn einer jeden Planung von Workshops herauszufinden oder festzulegen sind und dar\u00fcber finden Radiotrainer auch den Zugang zu den \u00dcbungen, die SMART bietet. Mittels der Suchmaschine k\u00f6nnen Sie konkrete Vorgaben treffen, um dann die passenden Trainingseinheiten angeboten zu bekommen. Die \u00dcbungen sind von internationalen erfahrenen Radiotrainerinnen und Radiotrainern zusammengestellt, getestet und angepasst worden.<\/p>\n<p style=\"text-align: justify;\"><a href=\"https:\/\/smart.radiotraining.eu\/?p=757\">MEHR \u00dcBER S.M.A.R.T.<br \/><\/a><a href=\"https:\/\/smart.radiotraining.eu\/?p=845\">ANLEITUNG ZUR SUCHMASCHINE<\/a><\/p>\n\n\n<p>PROJEKTPARTNER: <\/p>\n\n\n\n<div class=\"wp-block-columns has-6-columns is-layout-flex wp-container-7\">\n<div class=\"wp-block-column is-layout-flow\">\n<div class=\"wp-block-image\"><figure class=\"aligncenter size-medium\"><img decoding=\"async\" loading=\"lazy\" src=\"https:\/\/smart.radiotraining.eu\/wp-content\/uploads\/2019\/05\/commit-bw-300x85.jpg\" alt=\"commit-bw\" class=\"wp-image-1741\" width=\"NaN\" height=\"NaN\" srcset=\"https:\/\/smart.radiotraining.eu\/wp-content\/uploads\/2019\/05\/commit-bw-300x85.jpg 300w, https:\/\/smart.radiotraining.eu\/wp-content\/uploads\/2019\/05\/commit-bw.jpg 366w\" sizes=\"(max-width: 300px) 100vw, 300px\" \/><figcaption><a rel=\"noreferrer noopener\" href=\"https:\/\/www.commit.at\/\" target=\"_blank\">COMMIT\/ Austria<\/a> <\/figcaption><\/figure><\/div>\n<\/div>\n\n\n\n<div class=\"wp-block-column is-layout-flow\">\n<figure class=\"wp-block-image size-medium\"><img decoding=\"async\" loading=\"lazy\" src=\"https:\/\/smart.radiotraining.eu\/wp-content\/uploads\/2019\/05\/antxeta-bw-300x74.jpg\" alt=\"antxeta-bw\" class=\"wp-image-1742\" width=\"NaN\" height=\"NaN\" srcset=\"https:\/\/smart.radiotraining.eu\/wp-content\/uploads\/2019\/05\/antxeta-bw-300x74.jpg 300w, https:\/\/smart.radiotraining.eu\/wp-content\/uploads\/2019\/05\/antxeta-bw.jpg 366w\" sizes=\"(max-width: 300px) 100vw, 300px\" \/><figcaption> <a rel=\"noreferrer noopener\" href=\"https:\/\/www.antxetairratia.com\/\" target=\"_blank\">Antxeta Irratia\/Basque country<\/a>  <\/figcaption><\/figure>\n<\/div>\n\n\n\n<div class=\"wp-block-column is-layout-flow\">\n<figure class=\"wp-block-image size-medium\"><img decoding=\"async\" loading=\"lazy\" src=\"https:\/\/smart.radiotraining.eu\/wp-content\/uploads\/2019\/05\/civilradio-bw-300x65.jpg\" alt=\"civilradio-bw\" class=\"wp-image-1743\" width=\"NaN\" height=\"NaN\" srcset=\"https:\/\/smart.radiotraining.eu\/wp-content\/uploads\/2019\/05\/civilradio-bw-300x65.jpg 300w, https:\/\/smart.radiotraining.eu\/wp-content\/uploads\/2019\/05\/civilradio-bw.jpg 362w\" sizes=\"(max-width: 300px) 100vw, 300px\" \/><figcaption><a rel=\"noreferrer noopener\" href=\"https:\/\/www.civilradio.hu\/index.php\" target=\"_blank\">Civil R\u00e1di\u00f3\/ Hungary<\/a><\/figcaption><\/figure>\n<\/div>\n\n\n\n<div class=\"wp-block-column is-layout-flow\">\n<figure class=\"wp-block-image size-medium\"><img decoding=\"async\" loading=\"lazy\" src=\"https:\/\/smart.radiotraining.eu\/wp-content\/uploads\/2019\/05\/nearfm-bw-300x111.jpg\" alt=\"nearfm-bw\" class=\"wp-image-1744\" width=\"NaN\" height=\"NaN\" srcset=\"https:\/\/smart.radiotraining.eu\/wp-content\/uploads\/2019\/05\/nearfm-bw-300x111.jpg 300w, https:\/\/smart.radiotraining.eu\/wp-content\/uploads\/2019\/05\/nearfm-bw.jpg 366w\" sizes=\"(max-width: 300px) 100vw, 300px\" \/><figcaption><a rel=\"noreferrer noopener\" href=\"https:\/\/nearfm.ie\/\" target=\"_blank\">Near fm \/ Ireland<\/a><\/figcaption><\/figure>\n<\/div>\n\n\n\n<div class=\"wp-block-column is-layout-flow\">\n<figure class=\"wp-block-image size-medium\"><img decoding=\"async\" loading=\"lazy\" src=\"https:\/\/smart.radiotraining.eu\/wp-content\/uploads\/2019\/05\/corax-bw-300x142.jpg\" alt=\"corax-bw\" class=\"wp-image-1745\" width=\"NaN\" height=\"NaN\" srcset=\"https:\/\/smart.radiotraining.eu\/wp-content\/uploads\/2019\/05\/corax-bw-300x142.jpg 300w, https:\/\/smart.radiotraining.eu\/wp-content\/uploads\/2019\/05\/corax-bw.jpg 366w\" sizes=\"(max-width: 300px) 100vw, 300px\" \/><figcaption><a rel=\"noreferrer noopener\" href=\"https:\/\/959.radiocorax.de\/\" target=\"_blank\">Radio Corax\/ Germany<\/a><\/figcaption><\/figure>\n<\/div>\n\n\n\n<div class=\"wp-block-column is-layout-flow\">\n<figure class=\"wp-block-image size-full\"><img decoding=\"async\" loading=\"lazy\" src=\"https:\/\/smart.radiotraining.eu\/wp-content\/uploads\/2019\/05\/logo_klippklang-bw.jpg\" alt=\"logo_klippklang-bw\" class=\"wp-image-1746\" width=\"NaN\" height=\"NaN\"\/><figcaption><a rel=\"noreferrer noopener\" href=\"https:\/\/www.klippklang.ch\/index.php?pid=51&amp;l=de\" target=\"_blank\">klipp+klang<\/a><br><a rel=\"noreferrer noopener\" href=\"https:\/\/www.klippklang.ch\/index.php?pid=51&amp;l=de\" target=\"_blank\">Radioschule\/<\/a><br><a rel=\"noreferrer noopener\" href=\"https:\/\/www.klippklang.ch\/index.php?pid=51&amp;l=de\" target=\"_blank\">Switzerland<\/a><\/figcaption><\/figure>\n<\/div>\n<\/div>\n\n\n\n<div class=\"wp-block-columns has-4-columns is-layout-flex wp-container-12\">\n<div class=\"wp-block-column is-layout-flow\">\n<p><\/p>\n<\/div>\n\n\n\n<div class=\"wp-block-column is-layout-flow\">\n<figure class=\"wp-block-image size-medium\"><img decoding=\"async\" loading=\"lazy\" src=\"https:\/\/smart.radiotraining.eu\/wp-content\/uploads\/2021\/06\/Logo-amarc-300x99.png\" alt=\"\" class=\"wp-image-4594\" width=\"NaN\" height=\"NaN\" srcset=\"https:\/\/smart.radiotraining.eu\/wp-content\/uploads\/2021\/06\/Logo-amarc-300x99.png 300w, https:\/\/smart.radiotraining.eu\/wp-content\/uploads\/2021\/06\/Logo-amarc.png 544w\" sizes=\"(max-width: 300px) 100vw, 300px\" \/><figcaption><a href=\"https:\/\/amarceurope.eu\">AMARC Europe\/Belgium<\/a><\/figcaption><\/figure>\n<\/div>\n\n\n\n<div class=\"wp-block-column is-layout-flow\">\n<figure class=\"wp-block-image size-medium\"><img decoding=\"async\" loading=\"lazy\" src=\"https:\/\/smart.radiotraining.eu\/wp-content\/uploads\/2021\/06\/logo-cmfe-2-300x114.jpg\" alt=\"\" class=\"wp-image-4604\" width=\"NaN\" height=\"NaN\" srcset=\"https:\/\/smart.radiotraining.eu\/wp-content\/uploads\/2021\/06\/logo-cmfe-2-300x114.jpg 300w, https:\/\/smart.radiotraining.eu\/wp-content\/uploads\/2021\/06\/logo-cmfe-2-768x291.jpg 768w, https:\/\/smart.radiotraining.eu\/wp-content\/uploads\/2021\/06\/logo-cmfe-2-1024x388.jpg 1024w, https:\/\/smart.radiotraining.eu\/wp-content\/uploads\/2021\/06\/logo-cmfe-2.jpg 1619w\" sizes=\"(max-width: 300px) 100vw, 300px\" \/><figcaption><a href=\"https:\/\/amarceurope.eu\"><\/a><a href=\"https:\/\/www.cmfe.eu\">CMFE\/Belgium<\/a><\/figcaption><\/figure>\n\n\n\n<p><\/p>\n<\/div>\n\n\n\n<div class=\"wp-block-column is-layout-flow\"><\/div>\n<\/div>\n\n\n\n<p>SUPPORTED VON<\/p>\n\n\n\n<div class=\"wp-block-columns has-2-columns row is-layout-flex wp-container-15\">\n<div class=\"wp-block-column col-sm-3 m-0 is-layout-flow\">\n<figure class=\"wp-block-image size-full\"><img decoding=\"async\" loading=\"lazy\" src=\"https:\/\/smart.radiotraining.eu\/wp-content\/uploads\/2019\/05\/EU_flag_LLP_EN-4.png\" alt=\"EU_flag\" class=\"wp-image-1759\" width=\"NaN\" height=\"NaN\"\/><\/figure>\n<\/div>\n\n\n\n<div class=\"wp-block-column col-sm-9 m-0 is-layout-flow\">\n<p>\n\nDieses Projekt wurde mit Unterst\u00fctzung der Europ\u00e4ischen Kommission finanziert. Die Verantwortung f\u00fcr den Inhalt dieser Ver\u00f6ffentlichung (Mitteilung) tr\u00e4gt allein der Verfasser; die Kommission haftet nicht f\u00fcr die weitere Verwendung der darin enthaltenen Angaben.\n\n<\/p>\n<\/div>\n<\/div>\n","protected":false},"excerpt":{"rendered":"<p>SMART bietet Ihnen die M\u00f6glichkeit, Radioworkshops im Kontext Freier Radios zu erstellen. SMART versammelt dazu \u00dcbungen zu allen relevanten Bereichen der Arbeit in Freien Radios, die zus\u00e4tzlich auch auf die individuellen Bed\u00fcrfnisse spezieller Zielgruppen zugeschnitten sind. Damit k\u00f6nnen die \u00dcbungen auch f\u00fcr Radiotrainings mit Menschen mit Sehbehinderungen, Lernschwierigkeiten und Migrantinnen angewendet werden. SMART fokussiert dabei &hellip; <a href=\"https:\/\/smart.radiotraining.eu\/de\/introduction-s-m-a-r-t\/\">Continued<\/a><\/p>\n","protected":false},"author":13,"featured_media":0,"parent":0,"menu_order":0,"comment_status":"closed","ping_status":"closed","template":"","meta":[],"acf":[],"_links":{"self":[{"href":"https:\/\/smart.radiotraining.eu\/de\/wp-json\/wp\/v2\/pages\/752"}],"collection":[{"href":"https:\/\/smart.radiotraining.eu\/de\/wp-json\/wp\/v2\/pages"}],"about":[{"href":"https:\/\/smart.radiotraining.eu\/de\/wp-json\/wp\/v2\/types\/page"}],"author":[{"embeddable":true,"href":"https:\/\/smart.radiotraining.eu\/de\/wp-json\/wp\/v2\/users\/13"}],"replies":[{"embeddable":true,"href":"https:\/\/smart.radiotraining.eu\/de\/wp-json\/wp\/v2\/comments?post=752"}],"version-history":[{"count":13,"href":"https:\/\/smart.radiotraining.eu\/de\/wp-json\/wp\/v2\/pages\/752\/revisions"}],"predecessor-version":[{"id":6169,"href":"https:\/\/smart.radiotraining.eu\/de\/wp-json\/wp\/v2\/pages\/752\/revisions\/6169"}],"wp:attachment":[{"href":"https:\/\/smart.radiotraining.eu\/de\/wp-json\/wp\/v2\/media?parent=752"}],"curies":[{"name":"wp","href":"https:\/\/api.w.org\/{rel}","templated":true}]}}