{"id":814,"date":"2014-10-19T10:47:30","date_gmt":"2014-10-19T08:47:30","guid":{"rendered":"https:\/\/smart.radiotraining.eu\/?page_id=814"},"modified":"2015-09-10T19:57:53","modified_gmt":"2015-09-10T17:57:53","slug":"radio-journalistic-formats","status":"publish","type":"page","link":"https:\/\/smart.radiotraining.eu\/de\/radio-journalistic-formats\/","title":{"rendered":"Radiojournalistische Darstellungsformen"},"content":{"rendered":"<p><strong>Journalistische Darstellungsformen im H\u00f6rfunk<\/strong><br \/>\n<strong> Radio journalistic formats<\/strong><br \/>\n<strong> R\u00e1di\u00f3s m\u0171fajok (HUN)<\/strong><br \/>\n<strong> Irrati kazetaritza estiloak (EUS)<\/strong><\/p>\n<p><strong>Nachrichten \u2013 News &#8211; Berriak<\/strong><br \/>\nAlbisteak (EUS)<br \/>\nH\u00edr (HUN)<\/p>\n<p><strong>Bericht<\/strong> (auch: Aufsager, trockener Beitrag): Hintergrund zu Meldungen \u2013 Report, due to news item<br \/>\nLekukotasun kronika (EUS)<br \/>\nTud\u00f3s\u00edt\u00e1s (HUN)<\/p>\n<p><strong>Kommentar<\/strong> (starke Subjektive mit einem bestimmten Fokus) \u2013 commentary\/opinion piece\/radio column<br \/>\nJegyzet (HUN)<br \/>\nIritzi artikuloa (EUS)<\/p>\n<p><strong>Glosse<\/strong> (satirischer Kommentar)<br \/>\nGlossza (HUN &#8211; but it does not exist as an independent radio genre it is press genre). satire.<br \/>\nIritzi Ironikoa (EUS)<\/p>\n<p><strong>Review<\/strong> (Rezensionen von Theater, Kultur allg., Literatur etc. \u2013 Subjektive)<br \/>\nIsmertet\u0151 (HUN)<br \/>\nKultur kronika (EUS)<\/p>\n<p><strong>Interview<\/strong> (als eigenst\u00e4ndiger Beitrag- Studio\/ Telefon\/ \u201evor Ort\u201c)<br \/>\nElkarrizketa (EUS)<br \/>\nInterj\u00fa (HUN)<\/p>\n<p><strong>Umfrage<\/strong> (Meinungsbefragung zu einem Thema) &#8211; Vox-Pop<br \/>\nK\u00f6rk\u00e9rd\u00e9s \/ V\u00e9lem\u00e9nyfelm\u00e9r\u00e9s (HUN)<br \/>\nKale-inkesta (EUS)<\/p>\n<p><strong>Reportage<\/strong> (Live- Berichterstattung von \u201evor Ort\u201c- subjektiv, bildhaft, Interviews inkl.) &#8211; live report (sometimes commentary in sports)<br \/>\nRiport (HUN) but in case of sports it is \u2018K\u00f6zvet\u00edt\u00e9s\u2019<br \/>\nErreportaia (EUS)<\/p>\n<p><strong>Gebauter Beitrag<\/strong> (auch Beitrag mit Einspielern: BmE, oder mit O-T\u00f6nen: BmO).. Short packaged Documentary.<br \/>\nErreportai dokumentala (EUS)<\/p>\n<p><strong>Talk<\/strong> (mehrere Gespr\u00e4chspartnerInnen zu einem Thema \u2013 bei H\u00f6rerInnen: call-in)<br \/>\nBesz\u00e9lget\u0151m\u0171sor (HUN)<br \/>\nSolasaldia (EUS)<\/p>\n<p><strong>Moderation<\/strong> (live pr\u00e4sentierte Inhalte \u2013 z.Bsp. bunte Meldungen, Tipps etc.) -presenting<br \/>\nAurkezpena (EUS)<br \/>\nM\u0171sorvezet\u00e9s \/ felvezet\u00e9s (HUN)<\/p>\n<p><strong>Comedy<\/strong> (Programmelemente zur humoristischen Unterhaltung)<br \/>\nKabar\u00e9 (HUN)<br \/>\nUmore pieza (EUS)<\/p>\n<p><strong>Lesung<\/strong> (reine Literatur-Pr\u00e4sentation)<br \/>\nFelolvas\u00e1s (HUN). Book REading.<br \/>\nLiteratur Errezitaldia (EUS)<\/p>\n<p><strong>Feature<\/strong> (Radio-Kunstform zu einem realen Thema) &#8211; radio art about a real topic<br \/>\nHangj\u00e1t\u00e9k (HUN)<br \/>\nMonografiko dokumentala (EUS)<\/p>\n<p><strong>H\u00f6rspiel<\/strong> (Radio-Kunstform zu einem fiktionalen Thema) &#8211; radio art about fiction. Radio Drama,<br \/>\ndramatisation<br \/>\nR\u00e1di\u00f3j\u00e1t\u00e9k (HUN)<br \/>\nDramatizazioa edo irrati-antzerkia (EUS)<\/p>\n<p><strong>\u201eVerpackung\u201c<\/strong> (Elemente zur Wieder-Erkennbarkeit und Attraktivit\u00e4ts-F\u00f6rderung des Senders und seiner Inhalte (on-air und off-air) &#8211; Documentary\/Feature programme.<br \/>\nSaio Tematikoa (EUS)<br \/>\nR\u00e1di\u00f3szpot (HUN)<\/p>\n","protected":false},"excerpt":{"rendered":"<p>Journalistische Darstellungsformen im H\u00f6rfunk Radio journalistic formats R\u00e1di\u00f3s m\u0171fajok (HUN) Irrati kazetaritza estiloak (EUS) Nachrichten \u2013 News &#8211; Berriak Albisteak (EUS) H\u00edr (HUN) Bericht (auch: Aufsager, trockener Beitrag): Hintergrund zu Meldungen \u2013 Report, due to news item Lekukotasun kronika (EUS) Tud\u00f3s\u00edt\u00e1s (HUN) Kommentar (starke Subjektive mit einem bestimmten Fokus) \u2013 commentary\/opinion piece\/radio column Jegyzet (HUN) &hellip; <a href=\"https:\/\/smart.radiotraining.eu\/de\/radio-journalistic-formats\/\">Continued<\/a><\/p>\n","protected":false},"author":13,"featured_media":0,"parent":0,"menu_order":0,"comment_status":"closed","ping_status":"closed","template":"","meta":[],"acf":[],"_links":{"self":[{"href":"https:\/\/smart.radiotraining.eu\/de\/wp-json\/wp\/v2\/pages\/814"}],"collection":[{"href":"https:\/\/smart.radiotraining.eu\/de\/wp-json\/wp\/v2\/pages"}],"about":[{"href":"https:\/\/smart.radiotraining.eu\/de\/wp-json\/wp\/v2\/types\/page"}],"author":[{"embeddable":true,"href":"https:\/\/smart.radiotraining.eu\/de\/wp-json\/wp\/v2\/users\/13"}],"replies":[{"embeddable":true,"href":"https:\/\/smart.radiotraining.eu\/de\/wp-json\/wp\/v2\/comments?post=814"}],"version-history":[{"count":0,"href":"https:\/\/smart.radiotraining.eu\/de\/wp-json\/wp\/v2\/pages\/814\/revisions"}],"wp:attachment":[{"href":"https:\/\/smart.radiotraining.eu\/de\/wp-json\/wp\/v2\/media?parent=814"}],"curies":[{"name":"wp","href":"https:\/\/api.w.org\/{rel}","templated":true}]}}