{"id":821,"date":"2014-10-19T10:55:42","date_gmt":"2014-10-19T08:55:42","guid":{"rendered":"https:\/\/smart.radiotraining.eu\/?page_id=821"},"modified":"2023-03-22T20:16:15","modified_gmt":"2023-03-22T18:16:15","slug":"glossar-terms","status":"publish","type":"page","link":"https:\/\/smart.radiotraining.eu\/de\/glossar-terms\/","title":{"rendered":"Glossar"},"content":{"rendered":"\n<p><strong>Training:<\/strong> auch Kurs oder Workshop, entweder gesamtheitliches Ausbildungsangebot oder spezielle Ausbildungseinheit<br><strong>Trainer:<\/strong> kurs- oder workshopleitende Person<br><strong>Teilnehmer*in: <\/strong>auch TN, am Training teilnehmende zu trainierende Person<br><strong>Zielgruppe:<\/strong> Gruppe von Leuten, an die sich die Ausbildungsangebote wenden und auf deren individuellen Bed\u00fcrfnisse die Ausbildung zugeschnitten ist<br><strong>Freie Radios: <\/strong>agieren mit einem emanzipatorischen Anspruch im Sinne gesellschaftlicher Gleichheit und individueller Freiheit. Sie arbeiten aktiv am Abbau von Diskriminierungen und stellen diesen das Modell der konkurrenzfreien, solidarischen Assoziation entgegen. Alle Menschen haben die M\u00f6glichkeit den Statuten der jeweiligen Radios gem\u00e4\u00df, im Freien Radio \u00d6ffentlichkeit im Sinne der Meinungsvielfalt und Emanzipation mitzugestalten.<br><strong>Community Media: <\/strong>sind eine Form zivilgesellschaftlicher Medien und als Erg\u00e4nzung zu \u00f6ffentlich-rechtlichen und kommerziellen Medien zu sehen. B\u00fcrger*innen bet\u00e4tigen sich in der Regel ehrenamtlich als Medienschaffende und \u00fcben die Verf\u00fcgungsgewalt \u00fcber ihr eigenes Medium aus, ohne auf finanziellen Gewinn abzuzielen. Community Medien existieren als Printmedien, Rundfunksender und in Form anderer elektronischer Medien in 117 L\u00e4ndern der Welt und es gibt sie auch in den meisten europ\u00e4ischen Staaten.<br><strong>Sehbehinderung: <\/strong>Eine Person ist sehbehindert, wenn er auf dem besser sehenden Auge selbst mit Brille oder Kontaktlinsen nicht mehr als 30 % von dem sieht, was ein Mensch mit normaler Sehkraft erkennt. Wenn die Person nicht mehr als\u00a02 % von dem sieht, was ein Mensch mit normaler Sehkraft erkennt, ist sie per Definition blind.<br><strong>Radio:<\/strong>\u00a0ist ein Medium zur Verbreitung von Information und Unterhaltung in Form von T\u00f6nen wie Musik und Sprache. Entstanden Anfang des 20. Jahrhunderts ist es das \u00e4lteste der elektronischen Massenmedien. H\u00f6rfunk kann mit einem Radioger\u00e4t empfangen werden.<br><strong>Mobiles Radio: <\/strong>Situation der live-Radioproduktion au\u00dferhalb des Studios im &#8222;Funkhaus&#8220; erm\u00f6glicht durch \u00dcbertragungstechnik vom \u00dcbertragungswagen bis zum Smartphone.<\/p>\n","protected":false},"excerpt":{"rendered":"<p>Training: auch Kurs oder Workshop, entweder gesamtheitliches Ausbildungsangebot oder spezielle AusbildungseinheitTrainer: kurs- oder workshopleitende PersonTeilnehmer*in: auch TN, am Training teilnehmende zu trainierende PersonZielgruppe: Gruppe von Leuten, an die sich die Ausbildungsangebote wenden und auf deren individuellen Bed\u00fcrfnisse die Ausbildung zugeschnitten istFreie Radios: agieren mit einem emanzipatorischen Anspruch im Sinne gesellschaftlicher Gleichheit und individueller Freiheit. Sie &hellip; <a href=\"https:\/\/smart.radiotraining.eu\/de\/glossar-terms\/\">Continued<\/a><\/p>\n","protected":false},"author":13,"featured_media":0,"parent":0,"menu_order":0,"comment_status":"closed","ping_status":"closed","template":"views\/page-no_sidebar.blade.php","meta":[],"acf":[],"_links":{"self":[{"href":"https:\/\/smart.radiotraining.eu\/de\/wp-json\/wp\/v2\/pages\/821"}],"collection":[{"href":"https:\/\/smart.radiotraining.eu\/de\/wp-json\/wp\/v2\/pages"}],"about":[{"href":"https:\/\/smart.radiotraining.eu\/de\/wp-json\/wp\/v2\/types\/page"}],"author":[{"embeddable":true,"href":"https:\/\/smart.radiotraining.eu\/de\/wp-json\/wp\/v2\/users\/13"}],"replies":[{"embeddable":true,"href":"https:\/\/smart.radiotraining.eu\/de\/wp-json\/wp\/v2\/comments?post=821"}],"version-history":[{"count":3,"href":"https:\/\/smart.radiotraining.eu\/de\/wp-json\/wp\/v2\/pages\/821\/revisions"}],"predecessor-version":[{"id":6127,"href":"https:\/\/smart.radiotraining.eu\/de\/wp-json\/wp\/v2\/pages\/821\/revisions\/6127"}],"wp:attachment":[{"href":"https:\/\/smart.radiotraining.eu\/de\/wp-json\/wp\/v2\/media?parent=821"}],"curies":[{"name":"wp","href":"https:\/\/api.w.org\/{rel}","templated":true}]}}