{"id":845,"date":"2014-10-20T09:30:48","date_gmt":"2014-10-20T07:30:48","guid":{"rendered":"https:\/\/smart.radiotraining.eu\/?page_id=845"},"modified":"2023-03-22T19:56:06","modified_gmt":"2023-03-22T17:56:06","slug":"wies-funktioniert","status":"publish","type":"page","link":"https:\/\/smart.radiotraining.eu\/de\/wies-funktioniert\/","title":{"rendered":"Wie&#8217;s funktioniert"},"content":{"rendered":"\n<p>Das S.M.A.R.T.-Online-Tool ist von erfahrenen Community-Radio-Trainer:innen f\u00fcr die Nutzung im Communityradiobereich entwickelt worden. Um Trainings\u00fcbungen und -methoden zu erhalten, welche auf spezielle Zielgruppen zugeschnitten wurden, nutzen Sie die schlagwortorientierte Suchmaschine und definieren Sie die Rahmenbedingungen Ihres Kurses in Bezug auf Gruppengr\u00f6\u00dfe, verf\u00fcgbare Zeit, technische Ausstattung e.t.c. Am Ende Ihrer Suche schl\u00e4gt Ihnen S.M.A.R.T. geeignete \u00dcbungen vor, die Sie ausw\u00e4hlen k\u00f6nnen und dann bequem als PDF-File runterladen oder gleich ausdrucken k\u00f6nnen.<\/p>\n","protected":false},"excerpt":{"rendered":"<p>Das S.M.A.R.T.-Online-Tool ist von erfahrenen Community-Radio-Trainer:innen f\u00fcr die Nutzung im Communityradiobereich entwickelt worden. Um Trainings\u00fcbungen und -methoden zu erhalten, welche auf spezielle Zielgruppen zugeschnitten wurden, nutzen Sie die schlagwortorientierte Suchmaschine und definieren Sie die Rahmenbedingungen Ihres Kurses in Bezug auf Gruppengr\u00f6\u00dfe, verf\u00fcgbare Zeit, technische Ausstattung e.t.c. Am Ende Ihrer Suche schl\u00e4gt Ihnen S.M.A.R.T. geeignete \u00dcbungen &hellip; <a href=\"https:\/\/smart.radiotraining.eu\/de\/wies-funktioniert\/\">Continued<\/a><\/p>\n","protected":false},"author":13,"featured_media":0,"parent":0,"menu_order":0,"comment_status":"closed","ping_status":"closed","template":"","meta":[],"acf":[],"_links":{"self":[{"href":"https:\/\/smart.radiotraining.eu\/de\/wp-json\/wp\/v2\/pages\/845"}],"collection":[{"href":"https:\/\/smart.radiotraining.eu\/de\/wp-json\/wp\/v2\/pages"}],"about":[{"href":"https:\/\/smart.radiotraining.eu\/de\/wp-json\/wp\/v2\/types\/page"}],"author":[{"embeddable":true,"href":"https:\/\/smart.radiotraining.eu\/de\/wp-json\/wp\/v2\/users\/13"}],"replies":[{"embeddable":true,"href":"https:\/\/smart.radiotraining.eu\/de\/wp-json\/wp\/v2\/comments?post=845"}],"version-history":[{"count":2,"href":"https:\/\/smart.radiotraining.eu\/de\/wp-json\/wp\/v2\/pages\/845\/revisions"}],"predecessor-version":[{"id":6100,"href":"https:\/\/smart.radiotraining.eu\/de\/wp-json\/wp\/v2\/pages\/845\/revisions\/6100"}],"wp:attachment":[{"href":"https:\/\/smart.radiotraining.eu\/de\/wp-json\/wp\/v2\/media?parent=845"}],"curies":[{"name":"wp","href":"https:\/\/api.w.org\/{rel}","templated":true}]}}