{"id":5736,"date":"2022-01-19T22:31:16","date_gmt":"2022-01-19T20:31:16","guid":{"rendered":"https:\/\/smart.radiotraining.eu\/intro\/"},"modified":"2022-01-19T22:31:18","modified_gmt":"2022-01-19T20:31:18","slug":"intro","status":"publish","type":"page","link":"https:\/\/smart.radiotraining.eu\/en\/","title":{"rendered":"Intro"},"content":{"rendered":"\t\t<div data-elementor-type=\"wp-page\" data-elementor-id=\"5736\" class=\"elementor elementor-5736 elementor-4650\">\n\t\t\t\t\t\t\t\t\t<section data-particle_enable=\"false\" data-particle-mobile-disabled=\"false\" class=\"elementor-section elementor-top-section elementor-element elementor-element-14917e17 elementor-section-boxed elementor-section-height-default elementor-section-height-default\" data-id=\"14917e17\" data-element_type=\"section\">\n\t\t\t\t\t\t<div class=\"elementor-container elementor-column-gap-default\">\n\t\t\t\t\t<div class=\"elementor-column elementor-col-100 elementor-top-column elementor-element elementor-element-76fcaa8f\" data-id=\"76fcaa8f\" data-element_type=\"column\">\n\t\t\t<div class=\"elementor-widget-wrap elementor-element-populated\">\n\t\t\t\t\t\t\t\t<div class=\"elementor-element elementor-element-c244895 elementor-widget elementor-widget-image\" data-id=\"c244895\" data-element_type=\"widget\" data-widget_type=\"image.default\">\n\t\t\t\t<div class=\"elementor-widget-container\">\n\t\t\t<style>\/*! elementor - v3.11.4 - 12-03-2023 *\/\n.elementor-widget-image{text-align:center}.elementor-widget-image a{display:inline-block}.elementor-widget-image a img[src$=\".svg\"]{width:48px}.elementor-widget-image img{vertical-align:middle;display:inline-block}<\/style>\t\t\t\t\t\t\t\t\t\t\t\t<img decoding=\"async\" width=\"600\" height=\"157\" src=\"https:\/\/smart.radiotraining.eu\/wp-content\/uploads\/2021\/11\/Logo-600px-portal.jpg\" class=\"attachment-large size-large wp-image-4651\" alt=\"\" loading=\"lazy\" srcset=\"https:\/\/smart.radiotraining.eu\/wp-content\/uploads\/2021\/11\/Logo-600px-portal.jpg 600w, https:\/\/smart.radiotraining.eu\/wp-content\/uploads\/2021\/11\/Logo-600px-portal-300x79.jpg 300w\" sizes=\"(max-width: 600px) 100vw, 600px\" \/>\t\t\t\t\t\t\t\t\t\t\t\t\t\t\t<\/div>\n\t\t\t\t<\/div>\n\t\t\t\t\t<\/div>\n\t\t<\/div>\n\t\t\t\t\t\t\t<\/div>\n\t\t<\/section>\n\t\t\t\t<section data-particle_enable=\"false\" data-particle-mobile-disabled=\"false\" class=\"elementor-section elementor-top-section elementor-element elementor-element-36967d6 elementor-section-boxed elementor-section-height-default elementor-section-height-default\" data-id=\"36967d6\" data-element_type=\"section\">\n\t\t\t\t\t\t<div class=\"elementor-container elementor-column-gap-default\">\n\t\t\t\t\t<div class=\"elementor-column elementor-col-100 elementor-top-column elementor-element elementor-element-6e32e41\" data-id=\"6e32e41\" data-element_type=\"column\">\n\t\t\t<div class=\"elementor-widget-wrap elementor-element-populated\">\n\t\t\t\t\t\t\t\t<div class=\"elementor-element elementor-element-d18e544 elementor-widget elementor-widget-text-editor\" data-id=\"d18e544\" data-element_type=\"widget\" data-widget_type=\"text-editor.default\">\n\t\t\t\t<div class=\"elementor-widget-container\">\n\t\t\t<style>\/*! elementor - v3.11.4 - 12-03-2023 *\/\n.elementor-widget-text-editor.elementor-drop-cap-view-stacked .elementor-drop-cap{background-color:#818a91;color:#fff}.elementor-widget-text-editor.elementor-drop-cap-view-framed .elementor-drop-cap{color:#818a91;border:3px solid;background-color:transparent}.elementor-widget-text-editor:not(.elementor-drop-cap-view-default) .elementor-drop-cap{margin-top:8px}.elementor-widget-text-editor:not(.elementor-drop-cap-view-default) .elementor-drop-cap-letter{width:1em;height:1em}.elementor-widget-text-editor .elementor-drop-cap{float:left;text-align:center;line-height:1;font-size:50px}.elementor-widget-text-editor .elementor-drop-cap-letter{display:inline-block}<\/style>\t\t\t\t<p style=\"text-align: center;\"><strong>SMART<\/strong> is addressed to radio trainers in community media and offers selected and valid training exercises and methods even to specific target groups to create radio trainings.<\/p>\n<p style=\"text-align: center;\"><span style=\"color: var( --e-global-color-text ); font-family: var( --e-global-typography-text-font-family ), Sans-serif; font-size: 1rem;\"><strong>SMART<\/strong> hedabide komunitarioetako irrati formatzaileentzako sortua da eta formakuntzarako tresna baliagarri zein zehatzak eskaintzen ditu. Helburua da, talde berezientzako irrati formakuntza ereduak sortzea,beharrezko metodologia eta ariketekin.<\/span><\/p>\n<p style=\"text-align: center;\"><span style=\"color: var( --e-global-color-text ); font-family: var( --e-global-typography-text-font-family ), Sans-serif; font-size: 1rem;\"><strong>SMART<\/strong> richtet sich an Radiotrainer im Freien Radio und bietet ausgesuchte und erprobte \u00dcbungen und Trainingsmethoden auch f\u00fcr spezielle Zielgruppen.<\/span><\/p>\n<p style=\"text-align: center;\"><span style=\"color: var( --e-global-color-text ); font-family: var( --e-global-typography-text-font-family ), Sans-serif; font-size: 1rem;\">A <strong>SMART<\/strong> a k\u00f6z\u00f6ss\u00e9gi m\u00e9diak\u00e9pz\u00e9sben \u00e9rintett oktat\u00f3kat c\u00e9lz\u00f3 projekt, els\u0151sorban sz\u00e1mukra k\u00edn\u00e1l v\u00e1logatott \u00e9s kipr\u00f3b\u00e1lt gyakorlatokat, m\u00f3dszereket, valamint a speci\u00e1lis ig\u00e9ny\u0171 csoportok sz\u00e1m\u00e1ra szervezett r\u00e1di\u00f3s k\u00e9pz\u00e9s\u00e9k \u00f6ssze\u00e1ll\u00edt\u00e1s\u00e1ban ny\u00fajt seg\u00edts\u00e9get.<\/span><\/p>\n<p style=\"text-align: center;\"><span style=\"color: var( --e-global-color-text ); font-family: var( --e-global-typography-text-font-family ), Sans-serif; font-size: 1rem;\"><strong>SMART<\/strong>\u00a0a \u00e9t\u00e9 cr\u00e9e pour les formateurs des radios associatives. Il s\u2019agit d\u2019 un outil de travail pour les formateurs car il propose des formations utiles et d\u00e9taill\u00e9s. L\u2019objectif est de cr\u00e9er des mod\u00e8les de formation radio avec des m\u00e9thologies et exercices n\u00e9cessaires pour des groups sp\u00e9cifiques.<\/span><\/p>\n<p style=\"text-align: center;\"><strong>SMART<\/strong> se dirige a los formadores de radio en los medios de comunicaci\u00f3n comunitarios y ofrece ejercicios y m\u00e9todos de formaci\u00f3n seleccionados y v\u00e1lidos incluso para grupos espec\u00edficos para crear formaciones de radio.<\/p>\n\t\t\t\t\t\t<\/div>\n\t\t\t\t<\/div>\n\t\t\t\t\t<\/div>\n\t\t<\/div>\n\t\t\t\t\t\t\t<\/div>\n\t\t<\/section>\n\t\t\t\t<section data-particle_enable=\"false\" data-particle-mobile-disabled=\"false\" class=\"elementor-section elementor-top-section elementor-element elementor-element-f223aa7 elementor-section-boxed elementor-section-height-default elementor-section-height-default\" data-id=\"f223aa7\" data-element_type=\"section\">\n\t\t\t\t\t\t<div class=\"elementor-container elementor-column-gap-wide\">\n\t\t\t\t\t<div class=\"elementor-column elementor-col-50 elementor-top-column elementor-element elementor-element-3b5d608\" data-id=\"3b5d608\" data-element_type=\"column\">\n\t\t\t<div class=\"elementor-widget-wrap elementor-element-populated\">\n\t\t\t\t\t\t\t\t<div class=\"elementor-element elementor-element-1c4ea83 elementor-widget elementor-widget-heading\" data-id=\"1c4ea83\" data-element_type=\"widget\" data-widget_type=\"heading.default\">\n\t\t\t\t<div class=\"elementor-widget-container\">\n\t\t\t<style>\/*! elementor - v3.11.4 - 12-03-2023 *\/\n.elementor-heading-title{padding:0;margin:0;line-height:1}.elementor-widget-heading .elementor-heading-title[class*=elementor-size-]>a{color:inherit;font-size:inherit;line-height:inherit}.elementor-widget-heading .elementor-heading-title.elementor-size-small{font-size:15px}.elementor-widget-heading .elementor-heading-title.elementor-size-medium{font-size:19px}.elementor-widget-heading .elementor-heading-title.elementor-size-large{font-size:29px}.elementor-widget-heading .elementor-heading-title.elementor-size-xl{font-size:39px}.elementor-widget-heading .elementor-heading-title.elementor-size-xxl{font-size:59px}<\/style><h2 class=\"elementor-heading-title elementor-size-default\">RADIOTRAINING<\/h2>\t\t<\/div>\n\t\t\t\t<\/div>\n\t\t\t\t<section data-particle_enable=\"false\" data-particle-mobile-disabled=\"false\" class=\"elementor-section elementor-inner-section elementor-element elementor-element-0e52d72 elementor-section-boxed elementor-section-height-default elementor-section-height-default\" data-id=\"0e52d72\" data-element_type=\"section\">\n\t\t\t\t\t\t<div class=\"elementor-container elementor-column-gap-default\">\n\t\t\t\t\t<div class=\"elementor-column elementor-col-50 elementor-inner-column elementor-element elementor-element-b659c4b\" data-id=\"b659c4b\" data-element_type=\"column\">\n\t\t\t<div class=\"elementor-widget-wrap elementor-element-populated\">\n\t\t\t\t\t\t\t\t<div class=\"elementor-element elementor-element-8bfdaa6 elementor-widget elementor-widget-html\" data-id=\"8bfdaa6\" data-element_type=\"widget\" data-widget_type=\"html.default\">\n\t\t\t\t<div class=\"elementor-widget-container\">\n\t\t\t<div class=\"wpml-ls-sidebars-sidebar-primary wpml-ls wpml-ls-legacy-list-vertical mx-auto mt-0\">\r\n<ul>\r\n\r\n\t\t\t\t\t<li class=\"wpml-ls-slot-sidebar-primary wpml-ls-item wpml-ls-item-de wpml-ls-current-language wpml-ls-first-item wpml-ls-item-legacy-list-vertical\">\r\n\t\t\t\t<a href=\"https:\/\/smart.radiotraining.eu\/en\/introducing-s-m-a-r-t\/\" class=\"wpml-ls-link\">\r\n                                <img decoding=\"async\" class=\"wpml-ls-flag\" src=\"https:\/\/smart.radiotraining.eu\/wp-content\/plugins\/sitepress-multilingual-cms\/res\/flags\/de.png\" alt=\"\"><span class=\"wpml-ls-native\">Deutsch<\/span><\/a>\r\n\t\t\t<\/li>\r\n\t\t\t\t\t<li class=\"wpml-ls-slot-sidebar-primary wpml-ls-item wpml-ls-item-en wpml-ls-item-legacy-list-vertical\">\r\n\t\t\t\t<a href=\"https:\/\/smart.radiotraining.eu\/en\/introducing-s-m-a-r-t\/\" class=\"wpml-ls-link\">\r\n                                <img decoding=\"async\" class=\"wpml-ls-flag\" src=\"https:\/\/smart.radiotraining.eu\/wp-content\/plugins\/sitepress-multilingual-cms\/res\/flags\/en.png\" alt=\"\"><span class=\"wpml-ls-native\" lang=\"en\">English<\/span><\/a>\r\n\t\t\t<\/li>\r\n\t\t\t\t\t<li class=\"wpml-ls-slot-sidebar-primary wpml-ls-item wpml-ls-item-eu wpml-ls-item-legacy-list-vertical\">\r\n\t\t\t\t<a href=\"https:\/\/smart.radiotraining.eu\/en\/introducing-s-m-a-r-t\/\" class=\"wpml-ls-link\">\r\n                                <img decoding=\"async\" class=\"wpml-ls-flag\" src=\"https:\/\/smart.radiotraining.eu\/wp-content\/plugins\/sitepress-multilingual-cms\/res\/flags\/eu.png\" alt=\"\"><span class=\"wpml-ls-native\" lang=\"eu\">Euskara<\/span><\/a>\r\n\t\t\t<\/li>\r\n\r\n\t\t\r\n\t<\/ul>\r\n<\/div>\r\n\t\t<\/div>\n\t\t\t\t<\/div>\n\t\t\t\t\t<\/div>\n\t\t<\/div>\n\t\t\t\t<div class=\"elementor-column elementor-col-50 elementor-inner-column elementor-element elementor-element-c166d7f\" data-id=\"c166d7f\" data-element_type=\"column\">\n\t\t\t<div class=\"elementor-widget-wrap elementor-element-populated\">\n\t\t\t\t\t\t\t\t<div class=\"elementor-element elementor-element-31a838f elementor-widget elementor-widget-html\" data-id=\"31a838f\" data-element_type=\"widget\" data-widget_type=\"html.default\">\n\t\t\t\t<div class=\"elementor-widget-container\">\n\t\t\t<div class=\"wpml-ls-sidebars-sidebar-primary wpml-ls wpml-ls-legacy-list-vertical mx-auto mt-0\">\r\n\t<ul>\r\n\t\t\t\t\t<li class=\"wpml-ls-slot-sidebar-primary wpml-ls-item wpml-ls-item-fr wpml-ls-item-legacy-list-vertical\">\r\n\t\t\t\t<a href=\"https:\/\/smart.radiotraining.eu\/en\/introducing-s-m-a-r-t\/\" class=\"wpml-ls-link\">\r\n                                <img decoding=\"async\" class=\"wpml-ls-flag\" src=\"https:\/\/smart.radiotraining.eu\/wp-content\/plugins\/sitepress-multilingual-cms\/res\/flags\/fr.png\" alt=\"\"><span class=\"wpml-ls-native\" lang=\"fr\">Fran\u00e7ais<\/span><\/a>\r\n\t\t\t<\/li>\r\n\t\t\t\t\t<li class=\"wpml-ls-slot-sidebar-primary wpml-ls-item wpml-ls-item-hu wpml-ls-item-legacy-list-vertical\">\r\n\t\t\t\t<a href=\"https:\/\/smart.radiotraining.eu\/en\/introducing-s-m-a-r-t\/\" class=\"wpml-ls-link\">\r\n                                <img decoding=\"async\" class=\"wpml-ls-flag\" src=\"https:\/\/smart.radiotraining.eu\/wp-content\/plugins\/sitepress-multilingual-cms\/res\/flags\/hu.png\" alt=\"\"><span class=\"wpml-ls-native\" lang=\"hu\">Magyar<\/span><\/a>\r\n\t\t\t<\/li>\r\n\t\t\t\t\t<li class=\"wpml-ls-slot-sidebar-primary wpml-ls-item wpml-ls-item-es wpml-ls-last-item wpml-ls-item-legacy-list-vertical\">\r\n\t\t\t\t<a href=\"https:\/\/smart.radiotraining.eu\/en\/introducing-s-m-a-r-t\/\" class=\"wpml-ls-link\">\r\n                                <img decoding=\"async\" class=\"wpml-ls-flag\" src=\"https:\/\/smart.radiotraining.eu\/wp-content\/plugins\/sitepress-multilingual-cms\/res\/flags\/es.png\" alt=\"\"><span class=\"wpml-ls-native\" lang=\"es\">Espa\u00f1ol<\/span><\/a>\r\n\t\t\t<\/li>\r\n\t\t\t\t<\/ul>\r\n<\/div>\t\t<\/div>\n\t\t\t\t<\/div>\n\t\t\t\t\t<\/div>\n\t\t<\/div>\n\t\t\t\t\t\t\t<\/div>\n\t\t<\/section>\n\t\t\t\t\t<\/div>\n\t\t<\/div>\n\t\t\t\t<div class=\"elementor-column elementor-col-50 elementor-top-column elementor-element elementor-element-f91148f\" data-id=\"f91148f\" data-element_type=\"column\">\n\t\t\t<div class=\"elementor-widget-wrap elementor-element-populated\">\n\t\t\t\t\t\t\t\t<div class=\"elementor-element elementor-element-7fb1106 elementor-widget elementor-widget-heading\" data-id=\"7fb1106\" data-element_type=\"widget\" data-widget_type=\"heading.default\">\n\t\t\t\t<div class=\"elementor-widget-container\">\n\t\t\t<h2 class=\"elementor-heading-title elementor-size-default\">TRAIN A TRAINER<\/h2>\t\t<\/div>\n\t\t\t\t<\/div>\n\t\t\t\t<section data-particle_enable=\"false\" data-particle-mobile-disabled=\"false\" class=\"elementor-section elementor-inner-section elementor-element elementor-element-796241f elementor-section-boxed elementor-section-height-default elementor-section-height-default\" data-id=\"796241f\" data-element_type=\"section\">\n\t\t\t\t\t\t<div class=\"elementor-container elementor-column-gap-default\">\n\t\t\t\t\t<div class=\"elementor-column elementor-col-50 elementor-inner-column elementor-element elementor-element-8e810b1\" data-id=\"8e810b1\" data-element_type=\"column\">\n\t\t\t<div class=\"elementor-widget-wrap elementor-element-populated\">\n\t\t\t\t\t\t\t\t<div class=\"elementor-element elementor-element-97f05cc elementor-widget elementor-widget-html\" data-id=\"97f05cc\" data-element_type=\"widget\" data-widget_type=\"html.default\">\n\t\t\t\t<div class=\"elementor-widget-container\">\n\t\t\t<div class=\"wpml-ls-sidebars-sidebar-primary wpml-ls wpml-ls-legacy-list-vertical mx-auto mt-0\">\r\n<ul>\r\n\r\n\t\t\t\t\t<li class=\"wpml-ls-slot-sidebar-primary wpml-ls-item wpml-ls-item-de wpml-ls-current-language wpml-ls-first-item wpml-ls-item-legacy-list-vertical\">\r\n\t\t\t\t<a href=\"https:\/\/smart.radiotraining.eu\/en\/trainer\/about\/\" class=\"wpml-ls-link\">\r\n                                <img decoding=\"async\" class=\"wpml-ls-flag\" src=\"https:\/\/smart.radiotraining.eu\/wp-content\/plugins\/sitepress-multilingual-cms\/res\/flags\/de.png\" alt=\"\"><span class=\"wpml-ls-native\">Deutsch<\/span><\/a>\r\n\t\t\t<\/li>\r\n\t\t\t\t\t<li class=\"wpml-ls-slot-sidebar-primary wpml-ls-item wpml-ls-item-en wpml-ls-item-legacy-list-vertical\">\r\n\t\t\t\t<a href=\"https:\/\/smart.radiotraining.eu\/en\/trainer\/about\/\" class=\"wpml-ls-link\">\r\n                                <img decoding=\"async\" class=\"wpml-ls-flag\" src=\"https:\/\/smart.radiotraining.eu\/wp-content\/plugins\/sitepress-multilingual-cms\/res\/flags\/en.png\" alt=\"\"><span class=\"wpml-ls-native\" lang=\"en\">English<\/span><\/a>\r\n\t\t\t<\/li>\r\n\t\t\t\t\t<li class=\"wpml-ls-slot-sidebar-primary wpml-ls-item wpml-ls-item-eu wpml-ls-item-legacy-list-vertical\">\r\n\t\t\t\t<a href=\"https:\/\/smart.radiotraining.eu\/en\/trainer\/about\/\" class=\"wpml-ls-link\">\r\n                                <img decoding=\"async\" class=\"wpml-ls-flag\" src=\"https:\/\/smart.radiotraining.eu\/wp-content\/plugins\/sitepress-multilingual-cms\/res\/flags\/eu.png\" alt=\"\"><span class=\"wpml-ls-native\" lang=\"eu\">Euskara<\/span><\/a>\r\n\t\t\t<\/li>\r\n\r\n\t\t\r\n\t<\/ul>\r\n<\/div>\r\n\t\t<\/div>\n\t\t\t\t<\/div>\n\t\t\t\t\t<\/div>\n\t\t<\/div>\n\t\t\t\t<div class=\"elementor-column elementor-col-50 elementor-inner-column elementor-element elementor-element-cddb37a\" data-id=\"cddb37a\" data-element_type=\"column\">\n\t\t\t<div class=\"elementor-widget-wrap elementor-element-populated\">\n\t\t\t\t\t\t\t\t<div class=\"elementor-element elementor-element-7f4c724 elementor-widget elementor-widget-html\" data-id=\"7f4c724\" data-element_type=\"widget\" data-widget_type=\"html.default\">\n\t\t\t\t<div class=\"elementor-widget-container\">\n\t\t\t<div class=\"wpml-ls-sidebars-sidebar-primary wpml-ls wpml-ls-legacy-list-vertical mx-auto mt-0\">\r\n\t<ul>\r\n\t\t\t\t\t<li class=\"wpml-ls-slot-sidebar-primary wpml-ls-item wpml-ls-item-fr wpml-ls-item-legacy-list-vertical\">\r\n\t\t\t\t<a href=\"https:\/\/smart.radiotraining.eu\/en\/trainer\/about\/\" class=\"wpml-ls-link\">\r\n                                <img decoding=\"async\" class=\"wpml-ls-flag\" src=\"https:\/\/smart.radiotraining.eu\/wp-content\/plugins\/sitepress-multilingual-cms\/res\/flags\/fr.png\" alt=\"\"><span class=\"wpml-ls-native\" lang=\"fr\">Fran\u00e7ais<\/span><\/a>\r\n\t\t\t<\/li>\r\n\t\t\t\t\t<li class=\"wpml-ls-slot-sidebar-primary wpml-ls-item wpml-ls-item-hu wpml-ls-item-legacy-list-vertical\">\r\n\t\t\t\t<a href=\"https:\/\/smart.radiotraining.eu\/en\/trainer\/about\/\" class=\"wpml-ls-link\">\r\n                                <img decoding=\"async\" class=\"wpml-ls-flag\" src=\"https:\/\/smart.radiotraining.eu\/wp-content\/plugins\/sitepress-multilingual-cms\/res\/flags\/hu.png\" alt=\"\"><span class=\"wpml-ls-native\" lang=\"hu\">Magyar<\/span><\/a>\r\n\t\t\t<\/li>\r\n\t\t\t\t\t<li class=\"wpml-ls-slot-sidebar-primary wpml-ls-item wpml-ls-item-es wpml-ls-last-item wpml-ls-item-legacy-list-vertical\">\r\n\t\t\t\t<a href=\"https:\/\/smart.radiotraining.eu\/en\/trainer\/about\/\" class=\"wpml-ls-link\">\r\n                                <img decoding=\"async\" class=\"wpml-ls-flag\" src=\"https:\/\/smart.radiotraining.eu\/wp-content\/plugins\/sitepress-multilingual-cms\/res\/flags\/es.png\" alt=\"\"><span class=\"wpml-ls-native\" lang=\"es\">Espa\u00f1ol<\/span><\/a>\r\n\t\t\t<\/li>\r\n\t\t\t\t<\/ul>\r\n<\/div>\t\t<\/div>\n\t\t\t\t<\/div>\n\t\t\t\t\t<\/div>\n\t\t<\/div>\n\t\t\t\t\t\t\t<\/div>\n\t\t<\/section>\n\t\t\t\t\t<\/div>\n\t\t<\/div>\n\t\t\t\t\t\t\t<\/div>\n\t\t<\/section>\n\t\t\t\t\t\t\t<\/div>\n\t\t","protected":false},"excerpt":{"rendered":"<p>SMART is addressed to radio trainers in community media and offers selected and valid training exercises and methods even to specific target groups to create radio trainings. SMART hedabide komunitarioetako irrati formatzaileentzako sortua da eta formakuntzarako tresna baliagarri zein zehatzak eskaintzen ditu. Helburua da, talde berezientzako irrati formakuntza ereduak sortzea,beharrezko metodologia eta ariketekin. SMART richtet &hellip; <a href=\"https:\/\/smart.radiotraining.eu\/en\/\">Continued<\/a><\/p>\n","protected":false},"author":13,"featured_media":0,"parent":0,"menu_order":0,"comment_status":"closed","ping_status":"closed","template":"views\/template-custom.blade.php","meta":[],"acf":[],"_links":{"self":[{"href":"https:\/\/smart.radiotraining.eu\/en\/wp-json\/wp\/v2\/pages\/5736"}],"collection":[{"href":"https:\/\/smart.radiotraining.eu\/en\/wp-json\/wp\/v2\/pages"}],"about":[{"href":"https:\/\/smart.radiotraining.eu\/en\/wp-json\/wp\/v2\/types\/page"}],"author":[{"embeddable":true,"href":"https:\/\/smart.radiotraining.eu\/en\/wp-json\/wp\/v2\/users\/13"}],"replies":[{"embeddable":true,"href":"https:\/\/smart.radiotraining.eu\/en\/wp-json\/wp\/v2\/comments?post=5736"}],"version-history":[{"count":1,"href":"https:\/\/smart.radiotraining.eu\/en\/wp-json\/wp\/v2\/pages\/5736\/revisions"}],"predecessor-version":[{"id":5737,"href":"https:\/\/smart.radiotraining.eu\/en\/wp-json\/wp\/v2\/pages\/5736\/revisions\/5737"}],"wp:attachment":[{"href":"https:\/\/smart.radiotraining.eu\/en\/wp-json\/wp\/v2\/media?parent=5736"}],"curies":[{"name":"wp","href":"https:\/\/api.w.org\/{rel}","templated":true}]}}