{"id":4630,"date":"2021-10-20T14:31:32","date_gmt":"2021-10-20T12:31:32","guid":{"rendered":"https:\/\/smart.radiotraining.eu\/presentacion-s-m-a-r-t\/"},"modified":"2021-11-02T18:55:13","modified_gmt":"2021-11-02T16:55:13","slug":"presentacion-s-m-a-r-t","status":"publish","type":"page","link":"https:\/\/smart.radiotraining.eu\/es\/presentacion-s-m-a-r-t\/","title":{"rendered":"Presentaci\u00f3n S.M.A.R.T."},"content":{"rendered":"<p>SMART le ofrece la posibilidad de crear talleres de radio en el contexto de la radio libre. Para ello, SMART re\u00fane ejercicios sobre todas las \u00e1reas de trabajo relevantes en las radios libres, que adem\u00e1s tambi\u00e9n se adaptan a las necesidades individuales de grupos objetivo especiales. Esto significa que los ejercicios tambi\u00e9n pueden utilizarse para la formaci\u00f3n radiof\u00f3nica con personas con deficiencias visuales, dificultades de aprendizaje y mujeres inmigrantes.<\/p>\n<p>SMART se centra en la situaci\u00f3n de formaci\u00f3n concreta y en las variables ambientales existentes. \u00bfQu\u00e9 se va a ense\u00f1ar en la formaci\u00f3n, cu\u00e1ntos participantes tiene el taller, de cu\u00e1nto tiempo se dispone, d\u00f3nde se imparte la formaci\u00f3n, de qu\u00e9 equipo t\u00e9cnico se dispone? Se trata, entre otras, de variables que hay que averiguar o definir al principio de cualquier planificaci\u00f3n de un taller, y a trav\u00e9s de ellas los formadores de radio tambi\u00e9n encuentran acceso a los ejercicios que ofrece SMART. A trav\u00e9s del motor de b\u00fasqueda, puede hacer especificaciones concretas y luego se le ofrecer\u00e1n las unidades de formaci\u00f3n adecuadas. Los ejercicios han sido recopilados, probados y adaptados por formadores de radio con experiencia internacional.<\/p>\n<p style=\"text-align: justify;\"><a href=\"https:\/\/smart.radiotraining.eu\/es\/acerca-de-s-m-a-r-t\">M\u00c1S SOBRE S.M.A.R.T.<\/a><br \/>\n<a href=\"https:\/\/smart.radiotraining.eu\/de\/wies-funktioniert\">GU\u00cdA DEL MOTOR DE B\u00daSQUEDA<\/a><\/p>\n\n<p>SOCIO DEL PROYECTO: <\/p>\n\n<div class=\"wp-block-columns has-6-columns is-layout-flex wp-container-7\">\n<div class=\"wp-block-column is-layout-flow\">\n<div class=\"wp-block-image\"><figure class=\"aligncenter size-medium\"><img decoding=\"async\" loading=\"lazy\" src=\"https:\/\/smart.radiotraining.eu\/wp-content\/uploads\/2019\/05\/commit-bw-300x85.jpg\" alt=\"commit-bw\" class=\"wp-image-1741\" width=\"NaN\" height=\"NaN\" srcset=\"https:\/\/smart.radiotraining.eu\/wp-content\/uploads\/2019\/05\/commit-bw-300x85.jpg 300w, https:\/\/smart.radiotraining.eu\/wp-content\/uploads\/2019\/05\/commit-bw.jpg 366w\" sizes=\"(max-width: 300px) 100vw, 300px\" \/><figcaption><a href=\"https:\/\/www.commit.at\/\" target=\"_blank\" rel=\"noreferrer noopener\">COMMIT\/ Austria<\/a><\/figcaption><\/figure><\/div>\n<\/div>\n\n\n\n<div class=\"wp-block-column is-layout-flow\">\n<figure class=\"wp-block-image size-medium\"><img decoding=\"async\" loading=\"lazy\" src=\"https:\/\/smart.radiotraining.eu\/wp-content\/uploads\/2019\/05\/antxeta-bw-300x74.jpg\" alt=\"antxeta-bw\" class=\"wp-image-1742\" width=\"NaN\" height=\"NaN\" srcset=\"https:\/\/smart.radiotraining.eu\/wp-content\/uploads\/2019\/05\/antxeta-bw-300x74.jpg 300w, https:\/\/smart.radiotraining.eu\/wp-content\/uploads\/2019\/05\/antxeta-bw.jpg 366w\" sizes=\"(max-width: 300px) 100vw, 300px\" \/><figcaption><a href=\"https:\/\/www.antxetairratia.com\/\" target=\"_blank\" rel=\"noreferrer noopener\">Antxeta Irratia\/Basque country<\/a><\/figcaption><\/figure><\/div>\n\n\n\n<div class=\"wp-block-column is-layout-flow\">\n<figure class=\"wp-block-image size-medium\"><img decoding=\"async\" loading=\"lazy\" src=\"https:\/\/smart.radiotraining.eu\/wp-content\/uploads\/2019\/05\/civilradio-bw-300x65.jpg\" alt=\"civilradio-bw\" class=\"wp-image-1743\" width=\"NaN\" height=\"NaN\" srcset=\"https:\/\/smart.radiotraining.eu\/wp-content\/uploads\/2019\/05\/civilradio-bw-300x65.jpg 300w, https:\/\/smart.radiotraining.eu\/wp-content\/uploads\/2019\/05\/civilradio-bw.jpg 362w\" sizes=\"(max-width: 300px) 100vw, 300px\" \/><figcaption><a href=\"https:\/\/www.civilradio.hu\/index.php\" target=\"_blank\" rel=\"noreferrer noopener\">Civil R\u00e1di\u00f3\/ Hungary<\/a><\/figcaption><\/figure><\/div>\n\n\n\n<div class=\"wp-block-column is-layout-flow\">\n<figure class=\"wp-block-image size-medium\"><img decoding=\"async\" loading=\"lazy\" src=\"https:\/\/smart.radiotraining.eu\/wp-content\/uploads\/2019\/05\/nearfm-bw-300x111.jpg\" alt=\"nearfm-bw\" class=\"wp-image-1744\" width=\"NaN\" height=\"NaN\" srcset=\"https:\/\/smart.radiotraining.eu\/wp-content\/uploads\/2019\/05\/nearfm-bw-300x111.jpg 300w, https:\/\/smart.radiotraining.eu\/wp-content\/uploads\/2019\/05\/nearfm-bw.jpg 366w\" sizes=\"(max-width: 300px) 100vw, 300px\" \/><figcaption><a href=\"https:\/\/nearfm.ie\/\" target=\"_blank\" rel=\"noreferrer noopener\">Near fm \/ Ireland<\/a><\/figcaption><\/figure><\/div>\n\n\n\n<div class=\"wp-block-column is-layout-flow\">\n<figure class=\"wp-block-image size-medium\"><img decoding=\"async\" loading=\"lazy\" src=\"https:\/\/smart.radiotraining.eu\/wp-content\/uploads\/2019\/05\/corax-bw-300x142.jpg\" alt=\"corax-bw\" class=\"wp-image-1745\" width=\"NaN\" height=\"NaN\" srcset=\"https:\/\/smart.radiotraining.eu\/wp-content\/uploads\/2019\/05\/corax-bw-300x142.jpg 300w, https:\/\/smart.radiotraining.eu\/wp-content\/uploads\/2019\/05\/corax-bw.jpg 366w\" sizes=\"(max-width: 300px) 100vw, 300px\" \/><figcaption><a href=\"https:\/\/959.radiocorax.de\/\" target=\"_blank\" rel=\"noreferrer noopener\">Radio Corax\/ Germany<\/a><\/figcaption><\/figure><\/div>\n\n\n\n<div class=\"wp-block-column is-layout-flow\">\n<figure class=\"wp-block-image size-full\"><img decoding=\"async\" loading=\"lazy\" src=\"https:\/\/smart.radiotraining.eu\/wp-content\/uploads\/2019\/05\/logo_klippklang-bw.jpg\" alt=\"logo_klippklang-bw\" class=\"wp-image-1746\" width=\"NaN\" height=\"NaN\"\/><figcaption><a href=\"https:\/\/www.klippklang.ch\/index.php?pid=51&amp;l=de\" target=\"_blank\" rel=\"noreferrer noopener\">klipp+klang<\/a>&#13;\n<a href=\"https:\/\/www.klippklang.ch\/index.php?pid=51&amp;l=de\" target=\"_blank\" rel=\"noreferrer noopener\">Radioschule\/<\/a>&#13;\n<a href=\"https:\/\/www.klippklang.ch\/index.php?pid=51&amp;l=de\" target=\"_blank\" rel=\"noreferrer noopener\">Switzerland<\/a><\/figcaption><\/figure><\/div>\n<\/div>\n\n<div class=\"wp-block-columns has-4-columns is-layout-flex wp-container-12\">\n<div class=\"wp-block-column is-layout-flow\">\n<p><\/p>\n<\/div>\n\n\n\n<div class=\"wp-block-column is-layout-flow\">\n<figure class=\"wp-block-image size-medium\"><img decoding=\"async\" loading=\"lazy\" src=\"https:\/\/smart.radiotraining.eu\/wp-content\/uploads\/2021\/06\/Logo-amarc-300x99.png\" alt=\"\" class=\"wp-image-4594\" width=\"NaN\" height=\"NaN\" srcset=\"https:\/\/smart.radiotraining.eu\/wp-content\/uploads\/2021\/06\/Logo-amarc-300x99.png 300w, https:\/\/smart.radiotraining.eu\/wp-content\/uploads\/2021\/06\/Logo-amarc.png 544w\" sizes=\"(max-width: 300px) 100vw, 300px\" \/><figcaption><a href=\"https:\/\/amarceurope.eu\">AMARC Europe\/Belgium<\/a><\/figcaption><\/figure><\/div>\n\n\n\n<div class=\"wp-block-column is-layout-flow\">\n<figure class=\"wp-block-image size-medium\"><img decoding=\"async\" loading=\"lazy\" src=\"https:\/\/smart.radiotraining.eu\/wp-content\/uploads\/2021\/06\/logo-cmfe-2-300x114.jpg\" alt=\"\" class=\"wp-image-4604\" width=\"NaN\" height=\"NaN\" srcset=\"https:\/\/smart.radiotraining.eu\/wp-content\/uploads\/2021\/06\/logo-cmfe-2-300x114.jpg 300w, https:\/\/smart.radiotraining.eu\/wp-content\/uploads\/2021\/06\/logo-cmfe-2-768x291.jpg 768w, https:\/\/smart.radiotraining.eu\/wp-content\/uploads\/2021\/06\/logo-cmfe-2-1024x388.jpg 1024w, https:\/\/smart.radiotraining.eu\/wp-content\/uploads\/2021\/06\/logo-cmfe-2.jpg 1619w\" sizes=\"(max-width: 300px) 100vw, 300px\" \/><figcaption><a href=\"https:\/\/www.cmfe.eu\">CMFE\/Belgium<\/a><\/figcaption><\/figure>\n\n\n<p><\/p>\n<\/div>\n\n\n\n<div class=\"wp-block-column is-layout-flow\"><\/div>\n<\/div>\n\n<p>VON APOYADO<\/p>\n\n<div class=\"wp-block-columns has-2-columns row is-layout-flex wp-container-15\">\n<div class=\"wp-block-column col-sm-3 m-0 is-layout-flow\">\n<figure class=\"wp-block-image size-full\"><img decoding=\"async\" loading=\"lazy\" src=\"https:\/\/smart.radiotraining.eu\/wp-content\/uploads\/2019\/05\/EU_flag_LLP_EN-4.png\" alt=\"EU_flag\" class=\"wp-image-1759\" width=\"NaN\" height=\"NaN\"\/><\/figure><\/div>\n\n\n\n<div class=\"wp-block-column col-sm-9 m-0 is-layout-flow\">\n<p>\nEste proyecto ha sido financiado con el apoyo de la Comisi\u00f3n Europea. Esta publicaci\u00f3n refleja \u00fanicamente la opini\u00f3n del autor, y la Comisi\u00f3n no se hace responsable del uso que pueda hacerse de la informaci\u00f3n contenida en ella.&#13;\n&#13;\n<\/p>\n<\/div>\n<\/div>\n","protected":false},"excerpt":{"rendered":"<p>SMART le ofrece la posibilidad de crear talleres de radio en el contexto de la radio libre. Para ello, SMART re\u00fane ejercicios sobre todas las \u00e1reas de trabajo relevantes en las radios libres, que adem\u00e1s tambi\u00e9n se adaptan a las necesidades individuales de grupos objetivo especiales. Esto significa que los ejercicios tambi\u00e9n pueden utilizarse para &hellip; <a href=\"https:\/\/smart.radiotraining.eu\/es\/presentacion-s-m-a-r-t\/\">Continued<\/a><\/p>\n","protected":false},"author":13,"featured_media":0,"parent":0,"menu_order":0,"comment_status":"closed","ping_status":"closed","template":"","meta":[],"acf":[],"_links":{"self":[{"href":"https:\/\/smart.radiotraining.eu\/es\/wp-json\/wp\/v2\/pages\/4630"}],"collection":[{"href":"https:\/\/smart.radiotraining.eu\/es\/wp-json\/wp\/v2\/pages"}],"about":[{"href":"https:\/\/smart.radiotraining.eu\/es\/wp-json\/wp\/v2\/types\/page"}],"author":[{"embeddable":true,"href":"https:\/\/smart.radiotraining.eu\/es\/wp-json\/wp\/v2\/users\/13"}],"replies":[{"embeddable":true,"href":"https:\/\/smart.radiotraining.eu\/es\/wp-json\/wp\/v2\/comments?post=4630"}],"version-history":[{"count":3,"href":"https:\/\/smart.radiotraining.eu\/es\/wp-json\/wp\/v2\/pages\/4630\/revisions"}],"predecessor-version":[{"id":4672,"href":"https:\/\/smart.radiotraining.eu\/es\/wp-json\/wp\/v2\/pages\/4630\/revisions\/4672"}],"wp:attachment":[{"href":"https:\/\/smart.radiotraining.eu\/es\/wp-json\/wp\/v2\/media?parent=4630"}],"curies":[{"name":"wp","href":"https:\/\/api.w.org\/{rel}","templated":true}]}}