{"id":5563,"date":"2022-01-18T11:06:03","date_gmt":"2022-01-18T09:06:03","guid":{"rendered":"https:\/\/smart.radiotraining.eu\/trainer\/acerca-de\/"},"modified":"2022-01-18T11:06:04","modified_gmt":"2022-01-18T09:06:04","slug":"acerca-de","status":"publish","type":"page","link":"https:\/\/smart.radiotraining.eu\/es\/trainer\/acerca-de\/","title":{"rendered":"Acerca de"},"content":{"rendered":"\t\t<div data-elementor-type=\"wp-page\" data-elementor-id=\"5563\" class=\"elementor elementor-5563 elementor-5323\">\n\t\t\t\t\t\t\t\t\t<section data-particle_enable=\"false\" data-particle-mobile-disabled=\"false\" class=\"elementor-section elementor-top-section elementor-element elementor-element-be6ce8a elementor-section-boxed elementor-section-height-default elementor-section-height-default\" data-id=\"be6ce8a\" data-element_type=\"section\">\n\t\t\t\t\t\t<div class=\"elementor-container elementor-column-gap-default\">\n\t\t\t\t\t<div class=\"elementor-column elementor-col-100 elementor-top-column elementor-element elementor-element-d9fc2c6\" data-id=\"d9fc2c6\" data-element_type=\"column\">\n\t\t\t<div class=\"elementor-widget-wrap\">\n\t\t\t\t\t\t\t\t\t<\/div>\n\t\t<\/div>\n\t\t\t\t\t\t\t<\/div>\n\t\t<\/section>\n\t\t\t\t<section data-particle_enable=\"false\" data-particle-mobile-disabled=\"false\" class=\"elementor-section elementor-top-section elementor-element elementor-element-19cb2ef elementor-section-boxed elementor-section-height-default elementor-section-height-default\" data-id=\"19cb2ef\" data-element_type=\"section\">\n\t\t\t\t\t\t<div class=\"elementor-container elementor-column-gap-default\">\n\t\t\t\t\t<div class=\"elementor-column elementor-col-100 elementor-top-column elementor-element elementor-element-c325d8c\" data-id=\"c325d8c\" data-element_type=\"column\">\n\t\t\t<div class=\"elementor-widget-wrap elementor-element-populated\">\n\t\t\t\t\t\t\t\t<div class=\"elementor-element elementor-element-e528287 elementor-widget elementor-widget-text-editor\" data-id=\"e528287\" data-element_type=\"widget\" data-widget_type=\"text-editor.default\">\n\t\t\t\t<div class=\"elementor-widget-container\">\n\t\t\t<style>\/*! elementor - v3.11.4 - 12-03-2023 *\/\n.elementor-widget-text-editor.elementor-drop-cap-view-stacked .elementor-drop-cap{background-color:#818a91;color:#fff}.elementor-widget-text-editor.elementor-drop-cap-view-framed .elementor-drop-cap{color:#818a91;border:3px solid;background-color:transparent}.elementor-widget-text-editor:not(.elementor-drop-cap-view-default) .elementor-drop-cap{margin-top:8px}.elementor-widget-text-editor:not(.elementor-drop-cap-view-default) .elementor-drop-cap-letter{width:1em;height:1em}.elementor-widget-text-editor .elementor-drop-cap{float:left;text-align:center;line-height:1;font-size:50px}.elementor-widget-text-editor .elementor-drop-cap-letter{display:inline-block}<\/style>\t\t\t\t<p>SMART Trainers ofrece dos programas de estudios para cursos de formaci\u00f3n de formadores -un curso en l\u00ednea y otro presencial- para formar en los principios de la educaci\u00f3n radiof\u00f3nica centrada en el alumno. SMART Trainers se basa en la herramienta en l\u00ednea SMART, que re\u00fane m\u00e9todos, actividades y materiales probados para la formaci\u00f3n radiof\u00f3nica, especialmente para grupos espec\u00edficos, y los ofrece para su uso gratuito. SMART Trainers se dedica adem\u00e1s a facilitar la formaci\u00f3n en el sector de la educaci\u00f3n no formal de los medios de comunicaci\u00f3n comunitarios. Adem\u00e1s de los cursos, SMART Trainers incluye una herramienta para la evaluaci\u00f3n de los resultados de aprendizaje de los participantes en los cursos y la certificaci\u00f3n de la participaci\u00f3n en los mismos. SMART Trainers se ha desarrollado en el contexto de los medios de comunicaci\u00f3n comunitarios, que es de donde proceden o se encuentran las organizaciones implicadas. Como parte de una Asociaci\u00f3n Estrat\u00e9gica para la Educaci\u00f3n de Adultos en el Programa Erasmus+ de la Comisi\u00f3n Europea de 2018 &#8211; 2021, SMART Trainers es el resultado de la colaboraci\u00f3n entre:<\/p>\n<p>La <strong>Radioschule klipp+klang<\/strong> organiza y coordina la formaci\u00f3n radiof\u00f3nica de las radios locales no comerciales de UNIKOM y organiza cursos para diversas radios privadas. La escuela de radio klipp+klang tambi\u00e9n lleva a cabo actividades de investigaci\u00f3n y desarrollo (educaci\u00f3n intercultural, radio y minor\u00edas ling\u00fc\u00edstico-culturales) e inicia sus propios proyectos de juventud y empoderamiento. La escuela de radio est\u00e1 dirigida por la asociaci\u00f3n Radioschule klipp+klang (fundada en 1995).<\/p>\n<p><strong>COMMIT<\/strong>, el Instituto Comunitario de Medios de Comunicaci\u00f3n para la Formaci\u00f3n Continua, la Investigaci\u00f3n y la Consultor\u00eda, es la instituci\u00f3n de formaci\u00f3n continua en la interfaz entre la radiodifusi\u00f3n no comercial, la educaci\u00f3n de adultos y la investigaci\u00f3n en Austria. COMMIT se fund\u00f3 en 2010 como asociaci\u00f3n, sus actividades son sin \u00e1nimo de lucro. Su objetivo es promover el debate y el desarrollo de los medios de comunicaci\u00f3n no comerciales en todos los niveles de la sociedad. Esto incluye, en particular, la estimulaci\u00f3n y el dise\u00f1o de la educaci\u00f3n continua y la investigaci\u00f3n de acompa\u00f1amiento en cooperaci\u00f3n con los actores de los medios no comerciales, la educaci\u00f3n de adultos y la ciencia.<\/p>\n<p><strong>Antxeta Irratia<\/strong> es una radio comunitaria no comercial vasca y tiene una larga experiencia en proyectos tanto nacionales como transfronterizos entre Espa\u00f1a y Francia y en proyectos de cooperaci\u00f3n internacional, por ejemplo en la educaci\u00f3n de adultos. Desde 2007, Antxeta Irratia ha desarrollado numerosos proyectos sobre temas de interculturalidad y educaci\u00f3n, tanto en cooperaci\u00f3n con organizaciones de mujeres y migrantes de la regi\u00f3n como con el Centro de Educaci\u00f3n de Adultos (ECA).<\/p>\n<p><strong>Civil Radio<\/strong>\u00a0emite como radio comunitaria no comercial con la ayuda de m\u00e1s de 150 voluntarios. Los acontecimientos culturales, sociales y medioambientales, las comunidades, los conflictos y la vida en Budapest y sus distritos son los temas centrales de la programaci\u00f3n de 24 horas. La Radio Civil funciona con las \u00faltimas tecnolog\u00edas de comunicaci\u00f3n y medios y aplicaciones de la Web 2.0, y utiliza materiales de formaci\u00f3n y aprendizaje electr\u00f3nico para educar a sus voluntarios.<\/p>\n<p><strong>Near Media-Co-op<\/strong> es una cooperativa democr\u00e1tica de medios de comunicaci\u00f3n sin \u00e1nimo de lucro que utiliza los medios de comunicaci\u00f3n como herramienta para el desarrollo de la comunidad. La Cooperativa se fund\u00f3 en 1982 y cuenta con m\u00e1s de 600 accionistas y m\u00e1s de 120 voluntarios regulares. NearFM emite como radio comunitaria desde 1995 y ha participado y sigue participando como socio en numerosos proyectos europeos sobre identidad cultural y cuestiones medioambientales, formaci\u00f3n intercultural y programas de derechos humanos. NearFM particip\u00f3 en la elaboraci\u00f3n de los materiales de formaci\u00f3n de Inter.media con un enfoque intercultural en 2006 y ofrece cualificaciones profesionales clave de nivel 4 de la FETAC, as\u00ed como formaci\u00f3n en alfabetizaci\u00f3n medi\u00e1tica y formaci\u00f3n intercultural.<\/p>\n<p><strong>Radio Corax<\/strong> es una emisora gratuita de Halle (Saale) en Alemania. Como emisora local no comercial, Radio Corax emite las 24 horas del d\u00eda. Radio Corax se puede recibir por v\u00eda terrestre en Halle y en el sur de Sajonia-Anhalt en FM. Desde el principio, Radio Corax ha puesto gran \u00e9nfasis en la formaci\u00f3n de personas para que se conviertan en locutores de radio cualificados. Radio Corax ha participado y participa en proyectos de educaci\u00f3n radiof\u00f3nica en diversos contextos, incluidos los interculturales.<\/p>\n<p>Desde 2004, el <strong>Community Media Forum Europe (CMFE)<\/strong> representa a nivel europeo a redes, asociaciones nacionales, proyectos y personas activas en el sector de los terceros medios de comunicaci\u00f3n, a menudo llamados medios comunitarios. Cada canal est\u00e1 conformado por su entorno y la cultura, historia y realidad particulares de la comunidad a la que sirve. Los medios comunitarios suelen ser propiedad de las comunidades de las que proceden los locutores voluntarios y producen programas importantes para las comunidades, sin \u00e1nimo de lucro. La CMFE defiende los derechos de los ciudadanos a los medios comunitarios y sirve de plataforma para el di\u00e1logo y el reconocimiento de los medios comunitarios a nivel europeo, como un sector medi\u00e1tico claramente delimitado. En un contexto en el que la libertad de expresi\u00f3n y el acceso a la informaci\u00f3n est\u00e1n cada vez m\u00e1s amenazados por la concentraci\u00f3n en el sector de los medios de comunicaci\u00f3n y la difusi\u00f3n de la desinformaci\u00f3n, los medios comunitarios son indicadores del pluralismo de los medios.<\/p>\n<p><strong>AMARC Europa<\/strong> es la secci\u00f3n europea de la Asociaci\u00f3n Mundial de Radios Comunitarias. La Federaci\u00f3n Europea representa a m\u00e1s de 300 radios comunitarias, a sus asociaciones nacionales o regionales y a particulares. Desde 1994, AMARC Europa representa los intereses de sus miembros a nivel europeo e internacional, estableciendo la comunicaci\u00f3n y, por tanto, el intercambio de experiencias entre sus miembros e iniciando su cooperaci\u00f3n internacional. AMARC Europa tambi\u00e9n est\u00e1 en contacto con la Asociaci\u00f3n Mundial de Radios Comunitarias y con diversas organizaciones de las Naciones Unidas.<\/p>\n\t\t\t\t\t\t<\/div>\n\t\t\t\t<\/div>\n\t\t\t\t\t<\/div>\n\t\t<\/div>\n\t\t\t\t\t\t\t<\/div>\n\t\t<\/section>\n\t\t\t\t<section data-particle_enable=\"false\" data-particle-mobile-disabled=\"false\" class=\"elementor-section elementor-top-section elementor-element elementor-element-0726afc elementor-section-boxed elementor-section-height-default elementor-section-height-default\" data-id=\"0726afc\" data-element_type=\"section\">\n\t\t\t\t\t\t<div class=\"elementor-container elementor-column-gap-default\">\n\t\t\t\t\t<div class=\"elementor-column elementor-col-100 elementor-top-column elementor-element elementor-element-f4fe01c\" data-id=\"f4fe01c\" data-element_type=\"column\">\n\t\t\t<div class=\"elementor-widget-wrap\">\n\t\t\t\t\t\t\t\t\t<\/div>\n\t\t<\/div>\n\t\t\t\t\t\t\t<\/div>\n\t\t<\/section>\n\t\t\t\t<section data-particle_enable=\"false\" data-particle-mobile-disabled=\"false\" class=\"elementor-section elementor-top-section elementor-element elementor-element-e37f599 elementor-section-boxed elementor-section-height-default elementor-section-height-default\" data-id=\"e37f599\" data-element_type=\"section\">\n\t\t\t\t\t\t<div class=\"elementor-container elementor-column-gap-default\">\n\t\t\t\t\t<div class=\"elementor-column elementor-col-100 elementor-top-column elementor-element elementor-element-9402275\" data-id=\"9402275\" data-element_type=\"column\">\n\t\t\t<div class=\"elementor-widget-wrap elementor-element-populated\">\n\t\t\t\t\t\t\t\t<div class=\"elementor-element elementor-element-4d2e3a7 elementor-widget elementor-widget-eael-logo-carousel\" data-id=\"4d2e3a7\" data-element_type=\"widget\" data-settings=\"{&quot;items&quot;:{&quot;unit&quot;:&quot;px&quot;,&quot;size&quot;:4,&quot;sizes&quot;:[]},&quot;items_tablet&quot;:{&quot;unit&quot;:&quot;px&quot;,&quot;size&quot;:2,&quot;sizes&quot;:[]},&quot;items_mobile&quot;:{&quot;unit&quot;:&quot;px&quot;,&quot;size&quot;:1,&quot;sizes&quot;:[]}}\" data-widget_type=\"eael-logo-carousel.default\">\n\t\t\t\t<div class=\"elementor-widget-container\">\n\t\t\t        <div class=\"swiper-container-wrap eael-logo-carousel-wrap\">\n            <div class=\"swiper-container eael-logo-carousel swiper-container-4d2e3a7\" data-pagination=\".swiper-pagination-4d2e3a7\" data-arrow-next=\".swiper-button-next-4d2e3a7\" data-arrow-prev=\".swiper-button-prev-4d2e3a7\" data-items=\"4\" data-items-tablet=\"2\" data-items-mobile=\"1\" data-margin=\"50\" data-effect=\"slide\" data-speed=\"400\" data-autoplay=\"999999\">\n                <div class=\"swiper-wrapper\">\n\t\t\t\t\t                            <div class=\"swiper-slide\">\n                                <div class=\"eael-lc-logo-wrap\">\n                                    <div class=\"eael-lc-logo\">\n\t\t\t\t\t\t\t\t\t\t<a href=\"https:\/\/www.commit.at\/\" target=\"_blank\"><img decoding=\"async\" class=\"eael-lc-img-src\" src=\"https:\/\/smart.radiotraining.eu\/wp-content\/uploads\/2019\/05\/commit-bw.jpg\" alt=\"\"><\/a>                                    <\/div>\n\t\t\t\t\t\t\t\t\t<h4 class=\"eael-logo-carousel-title\"><a href=\"https:\/\/www.commit.at\/\" target=\"_blank\">COMMIT\/ Austria<\/a><\/h4>                                <\/div>\n                            <\/div>\n\t\t\t\t\t\t                            <div class=\"swiper-slide\">\n                                <div class=\"eael-lc-logo-wrap\">\n                                    <div class=\"eael-lc-logo\">\n\t\t\t\t\t\t\t\t\t\t<a href=\"https:\/\/www.antxetairratia.com\/\" target=\"_blank\"><img decoding=\"async\" class=\"eael-lc-img-src\" src=\"https:\/\/smart.radiotraining.eu\/wp-content\/uploads\/2019\/05\/antxeta-bw.jpg\" alt=\"\"><\/a>                                    <\/div>\n\t\t\t\t\t\t\t\t\t<h4 class=\"eael-logo-carousel-title\"><a href=\"https:\/\/www.antxetairratia.com\/\" target=\"_blank\">Antxeta Irratia \/ Basque country<\/a><\/h4>                                <\/div>\n                            <\/div>\n\t\t\t\t\t\t                            <div class=\"swiper-slide\">\n                                <div class=\"eael-lc-logo-wrap\">\n                                    <div class=\"eael-lc-logo\">\n\t\t\t\t\t\t\t\t\t\t<a href=\"https:\/\/www.civilradio.hu\/index.php\" target=\"_blank\"><img decoding=\"async\" class=\"eael-lc-img-src\" src=\"https:\/\/smart.radiotraining.eu\/wp-content\/uploads\/2019\/05\/civilradio-bw.jpg\" alt=\"\"><\/a>                                    <\/div>\n\t\t\t\t\t\t\t\t\t<h4 class=\"eael-logo-carousel-title\"><a href=\"https:\/\/www.civilradio.hu\/index.php\" target=\"_blank\">Civil R\u00e1di\u00f3\/ Hungary<\/a><\/h4>                                <\/div>\n                            <\/div>\n\t\t\t\t\t\t                            <div class=\"swiper-slide\">\n                                <div class=\"eael-lc-logo-wrap\">\n                                    <div class=\"eael-lc-logo\">\n\t\t\t\t\t\t\t\t\t\t<a href=\"https:\/\/nearfm.ie\/\" target=\"_blank\"><img decoding=\"async\" class=\"eael-lc-img-src\" src=\"https:\/\/smart.radiotraining.eu\/wp-content\/uploads\/2019\/05\/nearfm-bw.jpg\" alt=\"\"><\/a>                                    <\/div>\n\t\t\t\t\t\t\t\t\t<h4 class=\"eael-logo-carousel-title\"><a href=\"https:\/\/nearfm.ie\/\" target=\"_blank\">Near fm \/ Ireland<\/a><\/h4>                                <\/div>\n                            <\/div>\n\t\t\t\t\t\t                <\/div>\n            <\/div>\n\t\t\t        <\/div>\n\t\t\t\t<\/div>\n\t\t\t\t<\/div>\n\t\t\t\t<div class=\"elementor-element elementor-element-53f93d1 elementor-widget elementor-widget-eael-logo-carousel\" data-id=\"53f93d1\" data-element_type=\"widget\" data-settings=\"{&quot;items&quot;:{&quot;unit&quot;:&quot;px&quot;,&quot;size&quot;:4,&quot;sizes&quot;:[]},&quot;items_tablet&quot;:{&quot;unit&quot;:&quot;px&quot;,&quot;size&quot;:2,&quot;sizes&quot;:[]},&quot;items_mobile&quot;:{&quot;unit&quot;:&quot;px&quot;,&quot;size&quot;:1,&quot;sizes&quot;:[]}}\" data-widget_type=\"eael-logo-carousel.default\">\n\t\t\t\t<div class=\"elementor-widget-container\">\n\t\t\t        <div class=\"swiper-container-wrap eael-logo-carousel-wrap\">\n            <div class=\"swiper-container eael-logo-carousel swiper-container-53f93d1\" data-pagination=\".swiper-pagination-53f93d1\" data-arrow-next=\".swiper-button-next-53f93d1\" data-arrow-prev=\".swiper-button-prev-53f93d1\" data-items=\"4\" data-items-tablet=\"2\" data-items-mobile=\"1\" data-margin=\"50\" data-effect=\"slide\" data-speed=\"400\" data-autoplay=\"999999\">\n                <div class=\"swiper-wrapper\">\n\t\t\t\t\t                            <div class=\"swiper-slide\">\n                                <div class=\"eael-lc-logo-wrap\">\n                                    <div class=\"eael-lc-logo\">\n\t\t\t\t\t\t\t\t\t\t<a href=\"https:\/\/959.radiocorax.de\/\" target=\"_blank\"><img decoding=\"async\" class=\"eael-lc-img-src\" src=\"https:\/\/smart.radiotraining.eu\/wp-content\/uploads\/2019\/05\/corax-bw.jpg\" alt=\"\"><\/a>                                    <\/div>\n\t\t\t\t\t\t\t\t\t<h4 class=\"eael-logo-carousel-title\"><a href=\"https:\/\/959.radiocorax.de\/\" target=\"_blank\">Radio Corax\/ Germany<\/a><\/h4>                                <\/div>\n                            <\/div>\n\t\t\t\t\t\t                            <div class=\"swiper-slide\">\n                                <div class=\"eael-lc-logo-wrap\">\n                                    <div class=\"eael-lc-logo\">\n\t\t\t\t\t\t\t\t\t\t<a href=\"https:\/\/www.klippklang.ch\/index.php?pid=51&amp;l=de\" target=\"_blank\"><img decoding=\"async\" class=\"eael-lc-img-src\" src=\"https:\/\/smart.radiotraining.eu\/wp-content\/uploads\/2019\/05\/logo_klippklang-bw.jpg\" alt=\"\"><\/a>                                    <\/div>\n\t\t\t\t\t\t\t\t\t<h4 class=\"eael-logo-carousel-title\"><a href=\"https:\/\/www.klippklang.ch\/index.php?pid=51&amp;l=de\" target=\"_blank\">klipp+klang Radioschule\/ Switzerland<\/a><\/h4>                                <\/div>\n                            <\/div>\n\t\t\t\t\t\t                            <div class=\"swiper-slide\">\n                                <div class=\"eael-lc-logo-wrap\">\n                                    <div class=\"eael-lc-logo\">\n\t\t\t\t\t\t\t\t\t\t<a href=\"https:\/\/amarceurope.eu\/\" target=\"_blank\"><img decoding=\"async\" class=\"eael-lc-img-src\" src=\"https:\/\/smart.radiotraining.eu\/wp-content\/uploads\/2021\/06\/Logo-amarc.png\" alt=\"\"><\/a>                                    <\/div>\n\t\t\t\t\t\t\t\t\t<h4 class=\"eael-logo-carousel-title\"><a href=\"https:\/\/amarceurope.eu\/\" target=\"_blank\">AMARC Europe \/ Belgium<\/a><\/h4>                                <\/div>\n                            <\/div>\n\t\t\t\t\t\t                            <div class=\"swiper-slide\">\n                                <div class=\"eael-lc-logo-wrap\">\n                                    <div class=\"eael-lc-logo\">\n\t\t\t\t\t\t\t\t\t\t<a href=\"https:\/\/www.cmfe.eu\/\" target=\"_blank\"><img decoding=\"async\" class=\"eael-lc-img-src\" src=\"https:\/\/smart.radiotraining.eu\/wp-content\/uploads\/2021\/06\/logo-cmfe-2.jpg\" alt=\"\"><\/a>                                    <\/div>\n\t\t\t\t\t\t\t\t\t<h4 class=\"eael-logo-carousel-title\"><a href=\"https:\/\/www.cmfe.eu\/\" target=\"_blank\">CMFE \/ Belgium<\/a><\/h4>                                <\/div>\n                            <\/div>\n\t\t\t\t\t\t                <\/div>\n            <\/div>\n\t\t\t        <\/div>\n\t\t\t\t<\/div>\n\t\t\t\t<\/div>\n\t\t\t\t\t<\/div>\n\t\t<\/div>\n\t\t\t\t\t\t\t<\/div>\n\t\t<\/section>\n\t\t\t\t\t\t\t<\/div>\n\t\t","protected":false},"excerpt":{"rendered":"<p>SMART Trainers ofrece dos programas de estudios para cursos de formaci\u00f3n de formadores -un curso en l\u00ednea y otro presencial- para formar en los principios de la educaci\u00f3n radiof\u00f3nica centrada en el alumno. SMART Trainers se basa en la herramienta en l\u00ednea SMART, que re\u00fane m\u00e9todos, actividades y materiales probados para la formaci\u00f3n radiof\u00f3nica, especialmente &hellip; <a href=\"https:\/\/smart.radiotraining.eu\/es\/trainer\/acerca-de\/\">Continued<\/a><\/p>\n","protected":false},"author":13,"featured_media":0,"parent":4799,"menu_order":0,"comment_status":"closed","ping_status":"closed","template":"views\/page-no_sidebar.blade.php","meta":[],"acf":[],"_links":{"self":[{"href":"https:\/\/smart.radiotraining.eu\/es\/wp-json\/wp\/v2\/pages\/5563"}],"collection":[{"href":"https:\/\/smart.radiotraining.eu\/es\/wp-json\/wp\/v2\/pages"}],"about":[{"href":"https:\/\/smart.radiotraining.eu\/es\/wp-json\/wp\/v2\/types\/page"}],"author":[{"embeddable":true,"href":"https:\/\/smart.radiotraining.eu\/es\/wp-json\/wp\/v2\/users\/13"}],"replies":[{"embeddable":true,"href":"https:\/\/smart.radiotraining.eu\/es\/wp-json\/wp\/v2\/comments?post=5563"}],"version-history":[{"count":1,"href":"https:\/\/smart.radiotraining.eu\/es\/wp-json\/wp\/v2\/pages\/5563\/revisions"}],"predecessor-version":[{"id":5564,"href":"https:\/\/smart.radiotraining.eu\/es\/wp-json\/wp\/v2\/pages\/5563\/revisions\/5564"}],"up":[{"embeddable":true,"href":"https:\/\/smart.radiotraining.eu\/es\/wp-json\/wp\/v2\/pages\/4799"}],"wp:attachment":[{"href":"https:\/\/smart.radiotraining.eu\/es\/wp-json\/wp\/v2\/media?parent=5563"}],"curies":[{"name":"wp","href":"https:\/\/api.w.org\/{rel}","templated":true}]}}