{"id":5592,"date":"2022-01-18T11:53:40","date_gmt":"2022-01-18T09:53:40","guid":{"rendered":"https:\/\/smart.radiotraining.eu\/pie-de-imprenta-2\/"},"modified":"2022-01-20T00:30:00","modified_gmt":"2022-01-19T22:30:00","slug":"pie-de-imprenta-2","status":"publish","type":"page","link":"https:\/\/smart.radiotraining.eu\/es\/pie-de-imprenta-2\/","title":{"rendered":"Pie de imprenta"},"content":{"rendered":"<h3>Pie de imprenta<\/h3>\n<p>Corax e. V. &#8211; Iniciativa por una radio libre<br \/>\nUnterberg 11<br \/>\n06108 Halle\/ Saale<br \/>\nAlemania<br \/>\nTel\u00e9fono: +49 345 4700745<\/p>\n<p>Inscrita en el Registro de Asociaciones del Tribunal de Distrito de Halle-Saalkreis (VR 1137)\/<br \/>\nConsejo de Administraci\u00f3n: Tina N\u00f6tzold, Sarah Signer, Udo Israel, Christina Brinkmann, Max Schulz<\/p>\n<p>Este proyecto fue financiado con el apoyo de la Comisi\u00f3n Europea. Esta publicaci\u00f3n refleja \u00fanicamente la opini\u00f3n del autor, y la Comisi\u00f3n no se hace responsable del uso que pueda hacerse de la informaci\u00f3n contenida en ella.<\/p>\n<p>Administracion de la webRonny Rohland <a href=\"http:\/\/www.derron.de\/\" target=\"_blank\" rel=\"noopener\">derron.de<\/a><\/p>\n<h6>Descargo de responsabilidad<\/h6>\n<p>1. contenido de la oferta en l\u00ednea<br \/>\nEl autor se reserva el derecho a no ser responsable de la actualidad, exactitud, integridad o calidad de la informaci\u00f3n proporcionada. Quedan excluidas por principio las reclamaciones de responsabilidad contra el autor relativas a los da\u00f1os materiales o inmateriales causados por el uso o no uso de la informaci\u00f3n facilitada o por el uso de informaci\u00f3n incorrecta o incompleta, a menos que se pueda demostrar que el autor ha actuado con intenci\u00f3n o negligencia grave.<br \/>\nTodas las ofertas est\u00e1n sujetas a cambios y no son vinculantes. El autor se reserva expresamente el derecho a modificar, complementar o eliminar partes de las p\u00e1ginas o toda la oferta sin previo aviso o a interrumpir la publicaci\u00f3n temporal o definitivamente.<\/p>\n<p>2. referencias y enlaces<br \/>\nEl autor no se responsabiliza de los contenidos enlazados o referidos desde sus p\u00e1ginas, a menos que tenga pleno conocimiento de los contenidos ilegales y pueda evitar que los visitantes de su sitio vean esas p\u00e1ginas.<br \/>\nEl autor declara expresamente que, en el momento de crear los enlaces, no se apreciaba ning\u00fan contenido ilegal en las p\u00e1ginas enlazadas. El autor no tiene ninguna influencia sobre el dise\u00f1o actual y futuro, el contenido o la autor\u00eda de las p\u00e1ginas enlazadas. Por ello, se distancia expresamente de todos los contenidos de todas las p\u00e1ginas enlazadas que hayan sido modificadas despu\u00e9s de la creaci\u00f3n del enlace. Esta declaraci\u00f3n se aplica a todos los enlaces y referencias establecidos dentro del propio sitio web del autor, as\u00ed como a las entradas de terceros en los libros de visitas, foros de discusi\u00f3n y listas de correo creadas por el autor. La responsabilidad por los contenidos ilegales, incorrectos o incompletos y, en particular, por los da\u00f1os derivados del uso o no uso de dicha informaci\u00f3n recae exclusivamente en el proveedor del sitio al que se hace referencia, y no en la parte que se limita a remitir a la publicaci\u00f3n en cuesti\u00f3n a trav\u00e9s de enlaces.<\/p>\n<p>3. derecho de autor y de marcas<br \/>\nEl autor se esfuerza por respetar los derechos de autor de los gr\u00e1ficos, documentos sonoros, secuencias de v\u00eddeo y textos utilizados en todas las publicaciones, por utilizar gr\u00e1ficos, documentos sonoros, secuencias de v\u00eddeo y textos creados por \u00e9l mismo o por utilizar gr\u00e1ficos, documentos sonoros, secuencias de v\u00eddeo y textos sin licencia.<br \/>\nTodos los nombres de marcas y marcas comerciales mencionados en el sitio web y posiblemente protegidos por terceros est\u00e1n sujetos sin restricciones a las disposiciones de la ley de marcas aplicable y a los derechos de propiedad de los respectivos propietarios registrados. La mera menci\u00f3n de una marca no implica que no est\u00e9 protegida por derechos de terceros.<br \/>\nLos derechos de autor de los objetos publicados creados por el propio autor siguen siendo exclusivamente del autor de las p\u00e1ginas. No se permite la duplicaci\u00f3n o el uso de objetos como diagramas, sonidos o textos en otras publicaciones electr\u00f3nicas o impresas sin el consentimiento del autor.<\/p>\n<p>&nbsp;<\/p>\n","protected":false},"excerpt":{"rendered":"<p>Pie de imprenta Corax e. V. &#8211; Iniciativa por una radio libre Unterberg 11 06108 Halle\/ Saale Alemania Tel\u00e9fono: +49 345 4700745 Inscrita en el Registro de Asociaciones del Tribunal de Distrito de Halle-Saalkreis (VR 1137)\/ Consejo de Administraci\u00f3n: Tina N\u00f6tzold, Sarah Signer, Udo Israel, Christina Brinkmann, Max Schulz Este proyecto fue financiado con el &hellip; <a href=\"https:\/\/smart.radiotraining.eu\/es\/pie-de-imprenta-2\/\">Continued<\/a><\/p>\n","protected":false},"author":13,"featured_media":0,"parent":0,"menu_order":0,"comment_status":"closed","ping_status":"closed","template":"views\/page-no_sidebar.blade.php","meta":[],"acf":[],"_links":{"self":[{"href":"https:\/\/smart.radiotraining.eu\/es\/wp-json\/wp\/v2\/pages\/5592"}],"collection":[{"href":"https:\/\/smart.radiotraining.eu\/es\/wp-json\/wp\/v2\/pages"}],"about":[{"href":"https:\/\/smart.radiotraining.eu\/es\/wp-json\/wp\/v2\/types\/page"}],"author":[{"embeddable":true,"href":"https:\/\/smart.radiotraining.eu\/es\/wp-json\/wp\/v2\/users\/13"}],"replies":[{"embeddable":true,"href":"https:\/\/smart.radiotraining.eu\/es\/wp-json\/wp\/v2\/comments?post=5592"}],"version-history":[{"count":2,"href":"https:\/\/smart.radiotraining.eu\/es\/wp-json\/wp\/v2\/pages\/5592\/revisions"}],"predecessor-version":[{"id":5860,"href":"https:\/\/smart.radiotraining.eu\/es\/wp-json\/wp\/v2\/pages\/5592\/revisions\/5860"}],"wp:attachment":[{"href":"https:\/\/smart.radiotraining.eu\/es\/wp-json\/wp\/v2\/media?parent=5592"}],"curies":[{"name":"wp","href":"https:\/\/api.w.org\/{rel}","templated":true}]}}