{"id":5867,"date":"2022-01-20T01:12:23","date_gmt":"2022-01-19T23:12:23","guid":{"rendered":"https:\/\/smart.radiotraining.eu\/trainer\/certificado\/"},"modified":"2022-01-20T01:12:26","modified_gmt":"2022-01-19T23:12:26","slug":"certificado","status":"publish","type":"page","link":"https:\/\/smart.radiotraining.eu\/es\/trainer\/certificado\/","title":{"rendered":"Certificado"},"content":{"rendered":"\t\t<div data-elementor-type=\"wp-page\" data-elementor-id=\"5867\" class=\"elementor elementor-5867 elementor-5377\">\n\t\t\t\t\t\t\t\t\t<section data-particle_enable=\"false\" data-particle-mobile-disabled=\"false\" class=\"elementor-section elementor-top-section elementor-element elementor-element-e3a9b33 elementor-section-boxed elementor-section-height-default elementor-section-height-default\" data-id=\"e3a9b33\" data-element_type=\"section\">\n\t\t\t\t\t\t<div class=\"elementor-container elementor-column-gap-default\">\n\t\t\t\t\t<div class=\"elementor-column elementor-col-100 elementor-top-column elementor-element elementor-element-264bafff\" data-id=\"264bafff\" data-element_type=\"column\">\n\t\t\t<div class=\"elementor-widget-wrap elementor-element-populated\">\n\t\t\t\t\t\t\t\t<div class=\"elementor-element elementor-element-69abf670 elementor-widget elementor-widget-text-editor\" data-id=\"69abf670\" data-element_type=\"widget\" data-widget_type=\"text-editor.default\">\n\t\t\t\t<div class=\"elementor-widget-container\">\n\t\t\t<style>\/*! elementor - v3.11.4 - 12-03-2023 *\/\n.elementor-widget-text-editor.elementor-drop-cap-view-stacked .elementor-drop-cap{background-color:#818a91;color:#fff}.elementor-widget-text-editor.elementor-drop-cap-view-framed .elementor-drop-cap{color:#818a91;border:3px solid;background-color:transparent}.elementor-widget-text-editor:not(.elementor-drop-cap-view-default) .elementor-drop-cap{margin-top:8px}.elementor-widget-text-editor:not(.elementor-drop-cap-view-default) .elementor-drop-cap-letter{width:1em;height:1em}.elementor-widget-text-editor .elementor-drop-cap{float:left;text-align:center;line-height:1;font-size:50px}.elementor-widget-text-editor .elementor-drop-cap-letter{display:inline-block}<\/style>\t\t\t\t<h3>Certificado SMART para formadores de medios de comunicaci\u00f3n comunitarios<\/h3>\n<p>Se han creado herramientas para llevar a cabo una evaluaci\u00f3n exhaustiva del valor de la formaci\u00f3n realizada, y se dispone de certificados para documentar la formaci\u00f3n que han recibido los participantes. Si bien cualquier persona tiene acceso a los materiales de formaci\u00f3n y es libre de utilizarlos, el acceso a la emisi\u00f3n de los certificados de formaci\u00f3n SMART lo conceden \u00fanicamente los socios de SMART. Si t\u00fa y tu organizaci\u00f3n est\u00e1is interesados en organizar una formaci\u00f3n certificada, avalada por el Community Media Forum Europe (CMFE) y AMARC Europe junto con los socios de SMART, puedes ponerte en contacto con uno de los socios de tu regi\u00f3n de Europa para solicitar la certificaci\u00f3n. Al presentar el concepto de formaci\u00f3n basado en el programa y los m\u00e9todos de SMART Trainers a uno de los socios, se puede llevar a cabo la impartici\u00f3n certificada de los cursos de formaci\u00f3n de formadores de SMART y los participantes pueden recibir el certificado al finalizar los cursos.<\/p>\n\t\t\t\t\t\t<\/div>\n\t\t\t\t<\/div>\n\t\t\t\t\t<\/div>\n\t\t<\/div>\n\t\t\t\t\t\t\t<\/div>\n\t\t<\/section>\n\t\t\t\t<section data-particle_enable=\"false\" data-particle-mobile-disabled=\"false\" class=\"elementor-section elementor-top-section elementor-element elementor-element-3484a25c elementor-section-boxed elementor-section-height-default elementor-section-height-default\" data-id=\"3484a25c\" data-element_type=\"section\">\n\t\t\t\t\t\t<div class=\"elementor-container elementor-column-gap-default\">\n\t\t\t\t\t<div class=\"elementor-column elementor-col-100 elementor-top-column elementor-element elementor-element-56a05661\" data-id=\"56a05661\" data-element_type=\"column\">\n\t\t\t<div class=\"elementor-widget-wrap elementor-element-populated\">\n\t\t\t\t\t\t\t\t<div class=\"elementor-element elementor-element-186782ce elementor-widget elementor-widget-image\" data-id=\"186782ce\" data-element_type=\"widget\" data-widget_type=\"image.default\">\n\t\t\t\t<div class=\"elementor-widget-container\">\n\t\t\t<style>\/*! elementor - v3.11.4 - 12-03-2023 *\/\n.elementor-widget-image{text-align:center}.elementor-widget-image a{display:inline-block}.elementor-widget-image a img[src$=\".svg\"]{width:48px}.elementor-widget-image img{vertical-align:middle;display:inline-block}<\/style>\t\t\t\t\t\t\t\t\t\t\t\t<img decoding=\"async\" width=\"1024\" height=\"724\" src=\"https:\/\/smart.radiotraining.eu\/wp-content\/uploads\/2022\/01\/SMART-training-certificate-form-1024x724.jpg\" class=\"attachment-large size-large wp-image-5294\" alt=\"\" loading=\"lazy\" srcset=\"https:\/\/smart.radiotraining.eu\/wp-content\/uploads\/2022\/01\/SMART-training-certificate-form-1024x724.jpg 1024w, https:\/\/smart.radiotraining.eu\/wp-content\/uploads\/2022\/01\/SMART-training-certificate-form-300x212.jpg 300w, https:\/\/smart.radiotraining.eu\/wp-content\/uploads\/2022\/01\/SMART-training-certificate-form-768x543.jpg 768w, https:\/\/smart.radiotraining.eu\/wp-content\/uploads\/2022\/01\/SMART-training-certificate-form-1536x1085.jpg 1536w, https:\/\/smart.radiotraining.eu\/wp-content\/uploads\/2022\/01\/SMART-training-certificate-form-2048x1447.jpg 2048w\" sizes=\"(max-width: 1024px) 100vw, 1024px\" \/>\t\t\t\t\t\t\t\t\t\t\t\t\t\t\t<\/div>\n\t\t\t\t<\/div>\n\t\t\t\t\t<\/div>\n\t\t<\/div>\n\t\t\t\t\t\t\t<\/div>\n\t\t<\/section>\n\t\t\t\t\t\t\t<\/div>\n\t\t","protected":false},"excerpt":{"rendered":"<p>Certificado SMART para formadores de medios de comunicaci\u00f3n comunitarios Se han creado herramientas para llevar a cabo una evaluaci\u00f3n exhaustiva del valor de la formaci\u00f3n realizada, y se dispone de certificados para documentar la formaci\u00f3n que han recibido los participantes. Si bien cualquier persona tiene acceso a los materiales de formaci\u00f3n y es libre de &hellip; <a href=\"https:\/\/smart.radiotraining.eu\/es\/trainer\/certificado\/\">Continued<\/a><\/p>\n","protected":false},"author":13,"featured_media":0,"parent":4799,"menu_order":0,"comment_status":"closed","ping_status":"closed","template":"views\/page-no_sidebar.blade.php","meta":[],"acf":[],"_links":{"self":[{"href":"https:\/\/smart.radiotraining.eu\/es\/wp-json\/wp\/v2\/pages\/5867"}],"collection":[{"href":"https:\/\/smart.radiotraining.eu\/es\/wp-json\/wp\/v2\/pages"}],"about":[{"href":"https:\/\/smart.radiotraining.eu\/es\/wp-json\/wp\/v2\/types\/page"}],"author":[{"embeddable":true,"href":"https:\/\/smart.radiotraining.eu\/es\/wp-json\/wp\/v2\/users\/13"}],"replies":[{"embeddable":true,"href":"https:\/\/smart.radiotraining.eu\/es\/wp-json\/wp\/v2\/comments?post=5867"}],"version-history":[{"count":1,"href":"https:\/\/smart.radiotraining.eu\/es\/wp-json\/wp\/v2\/pages\/5867\/revisions"}],"predecessor-version":[{"id":5868,"href":"https:\/\/smart.radiotraining.eu\/es\/wp-json\/wp\/v2\/pages\/5867\/revisions\/5868"}],"up":[{"embeddable":true,"href":"https:\/\/smart.radiotraining.eu\/es\/wp-json\/wp\/v2\/pages\/4799"}],"wp:attachment":[{"href":"https:\/\/smart.radiotraining.eu\/es\/wp-json\/wp\/v2\/media?parent=5867"}],"curies":[{"name":"wp","href":"https:\/\/api.w.org\/{rel}","templated":true}]}}