{"id":3100,"date":"2019-05-28T19:11:59","date_gmt":"2019-05-28T17:11:59","guid":{"rendered":"https:\/\/smart.radiotraining.eu\/introduction-de-s-m-a-r-t\/"},"modified":"2021-11-02T18:54:00","modified_gmt":"2021-11-02T16:54:00","slug":"introduction-de-s-m-a-r-t","status":"publish","type":"page","link":"https:\/\/smart.radiotraining.eu\/fr\/introduction-de-s-m-a-r-t\/","title":{"rendered":"INTRODUCTION de S.M.A.R.T."},"content":{"rendered":"<p>SMART vous offre la possibilit\u00e9 de cr\u00e9er des ateliers radio dans le contexte des radios gratuites. SMART rassemble des exercices sur tous les domaines de travail pertinents des radios ext\u00e9rieures, qui sont \u00e9galement adapt\u00e9s aux besoins individuels de groupes cibles sp\u00e9cifiques. Ainsi, les exercices peuvent \u00e9galement \u00eatre utilis\u00e9s pour l\u2019entra\u00eenement \u00e0 la radio avec des personnes ayant une d\u00e9ficience visuelle, des difficult\u00e9s d\u2019apprentissage et des migrants.<\/p>\n<p>SMART se concentre sur la situation de formation sp\u00e9cifique et les variables d&rsquo;environnement existantes. Qu&rsquo;est-ce qui devrait \u00eatre enseign\u00e9 dans la formation, combien de participants \u00e0 l&rsquo;atelier, combien de temps est disponible, o\u00f9 se d\u00e9roule la formation, quel \u00e9quipement technique est disponible? Ce sont parmi d&rsquo;autres variables qui doivent \u00eatre d\u00e9couvertes ou fix\u00e9es au d\u00e9but de chaque planification d&rsquo;ateliers, mais surtout, les formateurs radio ont \u00e9galement acc\u00e8s aux exercices propos\u00e9s par SMART. \u00c0 l&rsquo;aide du moteur de recherche, vous pouvez \u00e9tablir un cahier des charges concret afin de vous proposer les unit\u00e9s de formation appropri\u00e9es. Les exercices ont \u00e9t\u00e9 compil\u00e9s, test\u00e9s et adapt\u00e9s par des formateurs radio exp\u00e9riment\u00e9s du monde entier.<\/p>\n<p><a href=\"https:\/\/smart.radiotraining.eu\/en\/about\/\">+ INFORMATION ADDITIONELLE \u00c0 PROPOS DE S.M.A.R.T.<br \/>\n<\/a><a href=\"https:\/\/smart.radiotraining.eu\/en\/how-to-use\/\">+ INFORMATION ET CONSED\u00c9RATIONS A TENIR EN COMPTE PAR RAPPORT AU CHERCHEUR<\/a><\/p>\n\n<p>PARTICIPANTS DE PROJET:<\/p>\n\n<div class=\"wp-block-columns has-6-columns is-layout-flex wp-container-7\">\n<div class=\"wp-block-column is-layout-flow\">\n<div class=\"wp-block-image\"><figure class=\"aligncenter size-medium\"><img decoding=\"async\" loading=\"lazy\" src=\"https:\/\/smart.radiotraining.eu\/wp-content\/uploads\/2019\/05\/commit-bw-300x85.jpg\" alt=\"commit-bw\" class=\"wp-image-1741\" width=\"NaN\" height=\"NaN\" srcset=\"https:\/\/smart.radiotraining.eu\/wp-content\/uploads\/2019\/05\/commit-bw-300x85.jpg 300w, https:\/\/smart.radiotraining.eu\/wp-content\/uploads\/2019\/05\/commit-bw.jpg 366w\" sizes=\"(max-width: 300px) 100vw, 300px\" \/><figcaption><a href=\"https:\/\/www.commit.at\/\" target=\"_blank\" rel=\"noreferrer noopener\">COMMIT\/ Austria<\/a><\/figcaption><\/figure><\/div>\n<\/div>\n\n\n\n<div class=\"wp-block-column is-layout-flow\">\n<figure class=\"wp-block-image size-medium\"><img decoding=\"async\" loading=\"lazy\" src=\"https:\/\/smart.radiotraining.eu\/wp-content\/uploads\/2019\/05\/antxeta-bw-300x74.jpg\" alt=\"antxeta-bw\" class=\"wp-image-1742\" width=\"NaN\" height=\"NaN\" srcset=\"https:\/\/smart.radiotraining.eu\/wp-content\/uploads\/2019\/05\/antxeta-bw-300x74.jpg 300w, https:\/\/smart.radiotraining.eu\/wp-content\/uploads\/2019\/05\/antxeta-bw.jpg 366w\" sizes=\"(max-width: 300px) 100vw, 300px\" \/><figcaption><a href=\"https:\/\/www.antxetairratia.com\/\" target=\"_blank\" rel=\"noreferrer noopener\">Antxeta Irratia\/Basque country<\/a><\/figcaption><\/figure><\/div>\n\n\n\n<div class=\"wp-block-column is-layout-flow\">\n<figure class=\"wp-block-image size-medium\"><img decoding=\"async\" loading=\"lazy\" src=\"https:\/\/smart.radiotraining.eu\/wp-content\/uploads\/2019\/05\/civilradio-bw-300x65.jpg\" alt=\"civilradio-bw\" class=\"wp-image-1743\" width=\"NaN\" height=\"NaN\" srcset=\"https:\/\/smart.radiotraining.eu\/wp-content\/uploads\/2019\/05\/civilradio-bw-300x65.jpg 300w, https:\/\/smart.radiotraining.eu\/wp-content\/uploads\/2019\/05\/civilradio-bw.jpg 362w\" sizes=\"(max-width: 300px) 100vw, 300px\" \/><figcaption><a href=\"https:\/\/www.civilradio.hu\/index.php\" target=\"_blank\" rel=\"noreferrer noopener\">Civil R\u00e1di\u00f3\/ Hungary<\/a><\/figcaption><\/figure><\/div>\n\n\n\n<div class=\"wp-block-column is-layout-flow\">\n<figure class=\"wp-block-image size-medium\"><img decoding=\"async\" loading=\"lazy\" src=\"https:\/\/smart.radiotraining.eu\/wp-content\/uploads\/2019\/05\/nearfm-bw-300x111.jpg\" alt=\"nearfm-bw\" class=\"wp-image-1744\" width=\"NaN\" height=\"NaN\" srcset=\"https:\/\/smart.radiotraining.eu\/wp-content\/uploads\/2019\/05\/nearfm-bw-300x111.jpg 300w, https:\/\/smart.radiotraining.eu\/wp-content\/uploads\/2019\/05\/nearfm-bw.jpg 366w\" sizes=\"(max-width: 300px) 100vw, 300px\" \/><figcaption><a href=\"https:\/\/nearfm.ie\/\" target=\"_blank\" rel=\"noreferrer noopener\">Near fm \/ Ireland<\/a><\/figcaption><\/figure><\/div>\n\n\n\n<div class=\"wp-block-column is-layout-flow\">\n<figure class=\"wp-block-image size-medium\"><img decoding=\"async\" loading=\"lazy\" src=\"https:\/\/smart.radiotraining.eu\/wp-content\/uploads\/2019\/05\/corax-bw-300x142.jpg\" alt=\"corax-bw\" class=\"wp-image-1745\" width=\"NaN\" height=\"NaN\" srcset=\"https:\/\/smart.radiotraining.eu\/wp-content\/uploads\/2019\/05\/corax-bw-300x142.jpg 300w, https:\/\/smart.radiotraining.eu\/wp-content\/uploads\/2019\/05\/corax-bw.jpg 366w\" sizes=\"(max-width: 300px) 100vw, 300px\" \/><figcaption><a href=\"https:\/\/959.radiocorax.de\/\" target=\"_blank\" rel=\"noreferrer noopener\">Radio Corax\/ Germany<\/a><\/figcaption><\/figure><\/div>\n\n\n\n<div class=\"wp-block-column is-layout-flow\">\n<figure class=\"wp-block-image size-full\"><img decoding=\"async\" loading=\"lazy\" src=\"https:\/\/smart.radiotraining.eu\/wp-content\/uploads\/2019\/05\/logo_klippklang-bw.jpg\" alt=\"logo_klippklang-bw\" class=\"wp-image-1746\" width=\"NaN\" height=\"NaN\"\/><figcaption><a href=\"https:\/\/www.klippklang.ch\/index.php?pid=51&amp;l=de\" target=\"_blank\" rel=\"noreferrer noopener\">klipp+klang<\/a>&#13;\n<a href=\"https:\/\/www.klippklang.ch\/index.php?pid=51&amp;l=de\" target=\"_blank\" rel=\"noreferrer noopener\">Radioschule\/<\/a>&#13;\n<a href=\"https:\/\/www.klippklang.ch\/index.php?pid=51&amp;l=de\" target=\"_blank\" rel=\"noreferrer noopener\">Switzerland<\/a><\/figcaption><\/figure><\/div>\n<\/div>\n\n<div class=\"wp-block-columns has-4-columns is-layout-flex wp-container-12\">\n<div class=\"wp-block-column is-layout-flow\">\n<p><\/p>\n<\/div>\n\n\n\n<div class=\"wp-block-column is-layout-flow\">\n<figure class=\"wp-block-image size-medium\"><img decoding=\"async\" loading=\"lazy\" src=\"https:\/\/smart.radiotraining.eu\/wp-content\/uploads\/2021\/06\/Logo-amarc-300x99.png\" alt=\"\" class=\"wp-image-4594\" width=\"NaN\" height=\"NaN\" srcset=\"https:\/\/smart.radiotraining.eu\/wp-content\/uploads\/2021\/06\/Logo-amarc-300x99.png 300w, https:\/\/smart.radiotraining.eu\/wp-content\/uploads\/2021\/06\/Logo-amarc.png 544w\" sizes=\"(max-width: 300px) 100vw, 300px\" \/><figcaption><a href=\"https:\/\/amarceurope.eu\">AMARC Europe\/Belgium<\/a><\/figcaption><\/figure><\/div>\n\n\n\n<div class=\"wp-block-column is-layout-flow\">\n<figure class=\"wp-block-image size-medium\"><img decoding=\"async\" loading=\"lazy\" src=\"https:\/\/smart.radiotraining.eu\/wp-content\/uploads\/2021\/06\/logo-cmfe-2-300x114.jpg\" alt=\"\" class=\"wp-image-4604\" width=\"NaN\" height=\"NaN\" srcset=\"https:\/\/smart.radiotraining.eu\/wp-content\/uploads\/2021\/06\/logo-cmfe-2-300x114.jpg 300w, https:\/\/smart.radiotraining.eu\/wp-content\/uploads\/2021\/06\/logo-cmfe-2-768x291.jpg 768w, https:\/\/smart.radiotraining.eu\/wp-content\/uploads\/2021\/06\/logo-cmfe-2-1024x388.jpg 1024w, https:\/\/smart.radiotraining.eu\/wp-content\/uploads\/2021\/06\/logo-cmfe-2.jpg 1619w\" sizes=\"(max-width: 300px) 100vw, 300px\" \/><figcaption><a href=\"https:\/\/www.cmfe.eu\">CMFE\/Belgium<\/a><\/figcaption><\/figure>\n\n\n<p><\/p>\n<\/div>\n\n\n\n<div class=\"wp-block-column is-layout-flow\"><\/div>\n<\/div>\n\n<p> SUPPORT\u00c9 PAR<\/p>\n\n<div class=\"wp-block-columns has-2-columns row is-layout-flex wp-container-15\">\n<div class=\"wp-block-column col-sm-3 m-0 is-layout-flow\">\n<figure class=\"wp-block-image size-full\"><img decoding=\"async\" loading=\"lazy\" src=\"https:\/\/smart.radiotraining.eu\/wp-content\/uploads\/2019\/05\/EU_flag_LLP_EN-4.png\" alt=\"EU_flag\" class=\"wp-image-1759\" width=\"NaN\" height=\"NaN\"\/><\/figure><\/div>\n\n\n\n<div class=\"wp-block-column col-sm-9 m-0 is-layout-flow\">\n<p>\nCe projet a \u00e9t\u00e9 financ\u00e9 avec le soutien de la Commission europ\u00e9enne. La responsabilit\u00e9 du contenu de cette publication (communication) incombe exclusivement \u00e0 l&rsquo;auteur. la Commission n&rsquo;est pas responsable de l&rsquo;utilisation continue des informations qui y figurent.\n<\/p>\n<\/div>\n<\/div>\n","protected":false},"excerpt":{"rendered":"<p>SMART vous offre la possibilit\u00e9 de cr\u00e9er des ateliers radio dans le contexte des radios gratuites. SMART rassemble des exercices sur tous les domaines de travail pertinents des radios ext\u00e9rieures, qui sont \u00e9galement adapt\u00e9s aux besoins individuels de groupes cibles sp\u00e9cifiques. Ainsi, les exercices peuvent \u00e9galement \u00eatre utilis\u00e9s pour l\u2019entra\u00eenement \u00e0 la radio avec des &hellip; <a href=\"https:\/\/smart.radiotraining.eu\/fr\/introduction-de-s-m-a-r-t\/\">Continued<\/a><\/p>\n","protected":false},"author":13,"featured_media":0,"parent":0,"menu_order":0,"comment_status":"closed","ping_status":"closed","template":"","meta":[],"acf":[],"_links":{"self":[{"href":"https:\/\/smart.radiotraining.eu\/fr\/wp-json\/wp\/v2\/pages\/3100"}],"collection":[{"href":"https:\/\/smart.radiotraining.eu\/fr\/wp-json\/wp\/v2\/pages"}],"about":[{"href":"https:\/\/smart.radiotraining.eu\/fr\/wp-json\/wp\/v2\/types\/page"}],"author":[{"embeddable":true,"href":"https:\/\/smart.radiotraining.eu\/fr\/wp-json\/wp\/v2\/users\/13"}],"replies":[{"embeddable":true,"href":"https:\/\/smart.radiotraining.eu\/fr\/wp-json\/wp\/v2\/comments?post=3100"}],"version-history":[{"count":5,"href":"https:\/\/smart.radiotraining.eu\/fr\/wp-json\/wp\/v2\/pages\/3100\/revisions"}],"predecessor-version":[{"id":4669,"href":"https:\/\/smart.radiotraining.eu\/fr\/wp-json\/wp\/v2\/pages\/3100\/revisions\/4669"}],"wp:attachment":[{"href":"https:\/\/smart.radiotraining.eu\/fr\/wp-json\/wp\/v2\/media?parent=3100"}],"curies":[{"name":"wp","href":"https:\/\/api.w.org\/{rel}","templated":true}]}}