{"id":3103,"date":"2019-05-28T19:13:09","date_gmt":"2019-05-28T17:13:09","guid":{"rendered":"https:\/\/smart.radiotraining.eu\/resultats-de-la-recherche\/"},"modified":"2019-05-28T19:13:09","modified_gmt":"2019-05-28T17:13:09","slug":"resultats-de-la-recherche","status":"publish","type":"page","link":"https:\/\/smart.radiotraining.eu\/fr\/resultats-de-la-recherche\/","title":{"rendered":"R\u00e9sultats de la recherche"},"content":{"rendered":"<p><div class=\"facetwp-template\" data-name=\"new_template\"><div class=\"fwpl-layout el-amuvu\"><div class=\"fwpl-result r1\"><div class=\"fwpl-row el-6t3cae\"><div class=\"fwpl-col fwpl-col el-vg13me\"><div class=\"fwpl-item el-p83a2o\"><a href=\"https:\/\/smart.radiotraining.eu\/fr\/promouvoir-lemission\/\">PROMOUVOIR L\u2019EMISSION<\/a><\/div><\/div><\/div><\/div><div class=\"fwpl-result r2\"><div class=\"fwpl-row el-6t3cae\"><div class=\"fwpl-col fwpl-col el-vg13me\"><div class=\"fwpl-item el-p83a2o\"><a href=\"https:\/\/smart.radiotraining.eu\/fr\/jeu-de-role-avec-les-genres-journalistiques-de-radio\/\">Jeu de r\u00f4le avec les genres journalistiques de radio<\/a><\/div><\/div><\/div><\/div><div class=\"fwpl-result r3\"><div class=\"fwpl-row el-6t3cae\"><div class=\"fwpl-col fwpl-col el-vg13me\"><div class=\"fwpl-item el-p83a2o\"><a href=\"https:\/\/smart.radiotraining.eu\/fr\/criteres-pour-le-feedback-des-enseignants\/\">Crit\u00e8res pour le feedback des enseignants<\/a><\/div><\/div><\/div><\/div><div class=\"fwpl-result r4\"><div class=\"fwpl-row el-6t3cae\"><div class=\"fwpl-col fwpl-col el-vg13me\"><div class=\"fwpl-item el-p83a2o\"><a href=\"https:\/\/smart.radiotraining.eu\/fr\/criteres-pour-le-feedback-de-lenseignant-la-voix\/\">Crit\u00e8res pour le feedback de l\u2019enseignant- La voix<\/a><\/div><\/div><\/div><\/div><div class=\"fwpl-result r5\"><div class=\"fwpl-row el-6t3cae\"><div class=\"fwpl-col fwpl-col el-vg13me\"><div class=\"fwpl-item el-p83a2o\"><a href=\"https:\/\/smart.radiotraining.eu\/fr\/feedback\/\">Feedback<\/a><\/div><\/div><\/div><\/div><div class=\"fwpl-result r6\"><div class=\"fwpl-row el-6t3cae\"><div class=\"fwpl-col fwpl-col el-vg13me\"><div class=\"fwpl-item el-p83a2o\"><a href=\"https:\/\/smart.radiotraining.eu\/fr\/laissez-un-message-methode-a-utiliser-pour-vaincre-la-timidite-ou-pour-faire-levaluation\/\">LAISSEZ UN MESSAGE! - METHODE \u00c0 UTILISER POUR VAINCRE LA TIMIDIT\u00c9 OU POUR FAIRE L\u2019\u00c9VALUATION<\/a><\/div><\/div><\/div><\/div><div class=\"fwpl-result r7\"><div class=\"fwpl-row el-6t3cae\"><div class=\"fwpl-col fwpl-col el-vg13me\"><div class=\"fwpl-item el-p83a2o\"><a href=\"https:\/\/smart.radiotraining.eu\/fr\/la-chasse-des-sons\/\">LA CHASSE DES SONS<\/a><\/div><\/div><\/div><\/div><div class=\"fwpl-result r8\"><div class=\"fwpl-row el-6t3cae\"><div class=\"fwpl-col fwpl-col el-vg13me\"><div class=\"fwpl-item el-p83a2o\"><a href=\"https:\/\/smart.radiotraining.eu\/fr\/poupes-en-plastique\/\">Poupes en plastique<\/a><\/div><\/div><\/div><\/div><div class=\"fwpl-result r9\"><div class=\"fwpl-row el-6t3cae\"><div class=\"fwpl-col fwpl-col el-vg13me\"><div class=\"fwpl-item el-p83a2o\"><a href=\"https:\/\/smart.radiotraining.eu\/fr\/conseils-pour-les-enseignants\/\">Conseils pour les enseignants<\/a><\/div><\/div><\/div><\/div><div class=\"fwpl-result r10\"><div class=\"fwpl-row el-6t3cae\"><div class=\"fwpl-col fwpl-col el-vg13me\"><div class=\"fwpl-item el-p83a2o\"><a href=\"https:\/\/smart.radiotraining.eu\/fr\/entrainement-des-femmes-immigrantes-une-reflexion\/\">Entrainement des femmes immigrantes, une r\u00e9flexion<\/a><\/div><\/div><\/div><\/div><div class=\"fwpl-result r11\"><div class=\"fwpl-row el-6t3cae\"><div class=\"fwpl-col fwpl-col el-vg13me\"><div class=\"fwpl-item el-p83a2o\"><a href=\"https:\/\/smart.radiotraining.eu\/fr\/lintegration-et-lempowerment-des-femmes-immigrantes-dans-les-medias\/\">L\u2019int\u00e9gration et l\u2019empowerment des femmes immigrantes dans les m\u00e9dias<\/a><\/div><\/div><\/div><\/div><div class=\"fwpl-result r12\"><div class=\"fwpl-row el-6t3cae\"><div class=\"fwpl-col fwpl-col el-vg13me\"><div class=\"fwpl-item el-p83a2o\"><a href=\"https:\/\/smart.radiotraining.eu\/fr\/mise-en-oeuvre-des-criteres-et-des-regles-de-formation\/\">Mise en \u0153uvre des crit\u00e8res et des r\u00e8gles de formation<\/a><\/div><\/div><\/div><\/div><div class=\"fwpl-result r13\"><div class=\"fwpl-row el-6t3cae\"><div class=\"fwpl-col fwpl-col el-vg13me\"><div class=\"fwpl-item el-p83a2o\"><a href=\"https:\/\/smart.radiotraining.eu\/fr\/studio-demission\/\">Studio d'emission<\/a><\/div><\/div><\/div><\/div><div class=\"fwpl-result r14\"><div class=\"fwpl-row el-6t3cae\"><div class=\"fwpl-col fwpl-col el-vg13me\"><div class=\"fwpl-item el-p83a2o\"><a href=\"https:\/\/smart.radiotraining.eu\/fr\/connaitre-le-studio\/\">Connaitre le studio<\/a><\/div><\/div><\/div><\/div><div class=\"fwpl-result r15\"><div class=\"fwpl-row el-6t3cae\"><div class=\"fwpl-col fwpl-col el-vg13me\"><div class=\"fwpl-item el-p83a2o\"><a href=\"https:\/\/smart.radiotraining.eu\/fr\/connaitre-le-studio-personnes-qui-ont-des-troubles-de-la-vue\/\">Connaitre le studio -personnes qui ont des troubles de la vue<\/a><\/div><\/div><\/div><\/div><div class=\"fwpl-result r16\"><div class=\"fwpl-row el-6t3cae\"><div class=\"fwpl-col fwpl-col el-vg13me\"><div class=\"fwpl-item el-p83a2o\"><a href=\"https:\/\/smart.radiotraining.eu\/fr\/realisation-des-scripts-pour-la-radio\/\">R\u00e9alisation des scripts pour la radio<\/a><\/div><\/div><\/div><\/div><div class=\"fwpl-result r17\"><div class=\"fwpl-row el-6t3cae\"><div class=\"fwpl-col fwpl-col el-vg13me\"><div class=\"fwpl-item el-p83a2o\"><a href=\"https:\/\/smart.radiotraining.eu\/fr\/la-musique-preferee\/\">La musique pr\u00e9fer\u00e9e<\/a><\/div><\/div><\/div><\/div><div class=\"fwpl-result r18\"><div class=\"fwpl-row el-6t3cae\"><div class=\"fwpl-col fwpl-col el-vg13me\"><div class=\"fwpl-item el-p83a2o\"><a href=\"https:\/\/smart.radiotraining.eu\/fr\/en-ecrivant-pour-ecouter\/\">En \u00e9crivant pour \u00e9couter<\/a><\/div><\/div><\/div><\/div><div class=\"fwpl-result r19\"><div class=\"fwpl-row el-6t3cae\"><div class=\"fwpl-col fwpl-col el-vg13me\"><div class=\"fwpl-item el-p83a2o\"><a href=\"https:\/\/smart.radiotraining.eu\/fr\/en-decrivant-les-photos\/\">En d\u00e9crivant les photos<\/a><\/div><\/div><\/div><\/div><div class=\"fwpl-result r20\"><div class=\"fwpl-row el-6t3cae\"><div class=\"fwpl-col fwpl-col el-vg13me\"><div class=\"fwpl-item el-p83a2o\"><a href=\"https:\/\/smart.radiotraining.eu\/fr\/ecrire-pour-dire\/\">Ecrire pour dire<\/a><\/div><\/div><\/div><\/div><div class=\"fwpl-result r21\"><div class=\"fwpl-row el-6t3cae\"><div class=\"fwpl-col fwpl-col el-vg13me\"><div class=\"fwpl-item el-p83a2o\"><a href=\"https:\/\/smart.radiotraining.eu\/fr\/ordre-du-jour\/\">Ordre du jour<\/a><\/div><\/div><\/div><\/div><div class=\"fwpl-result r22\"><div class=\"fwpl-row el-6t3cae\"><div class=\"fwpl-col fwpl-col el-vg13me\"><div class=\"fwpl-item el-p83a2o\"><a href=\"https:\/\/smart.radiotraining.eu\/fr\/le-jeu-de-lordre-du-jour\/\">Le jeu de l'ordre du jour<\/a><\/div><\/div><\/div><\/div><div class=\"fwpl-result r23\"><div class=\"fwpl-row el-6t3cae\"><div class=\"fwpl-col fwpl-col el-vg13me\"><div class=\"fwpl-item el-p83a2o\"><a href=\"https:\/\/smart.radiotraining.eu\/fr\/sources-de-recherche-primaires-et-secondaires\/\">Sources de recherche primaires et secondaires<\/a><\/div><\/div><\/div><\/div><div class=\"fwpl-result r24\"><div class=\"fwpl-row el-6t3cae\"><div class=\"fwpl-col fwpl-col el-vg13me\"><div class=\"fwpl-item el-p83a2o\"><a href=\"https:\/\/smart.radiotraining.eu\/fr\/en-choisissant-vos-propres-sources-de-recherche\/\">En choisissant vos propres sources de recherche<\/a><\/div><\/div><\/div><\/div><div class=\"fwpl-result r25\"><div class=\"fwpl-row el-6t3cae\"><div class=\"fwpl-col fwpl-col el-vg13me\"><div class=\"fwpl-item el-p83a2o\"><a href=\"https:\/\/smart.radiotraining.eu\/fr\/en-parlant-au-micro\/\">En parlant au micro<\/a><\/div><\/div><\/div><\/div><div class=\"fwpl-result r26\"><div class=\"fwpl-row el-6t3cae\"><div class=\"fwpl-col fwpl-col el-vg13me\"><div class=\"fwpl-item el-p83a2o\"><a href=\"https:\/\/smart.radiotraining.eu\/fr\/analyse-et-chronique\/\">Analyse et chronique<\/a><\/div><\/div><\/div><\/div><div class=\"fwpl-result r27\"><div class=\"fwpl-row el-6t3cae\"><div class=\"fwpl-col fwpl-col el-vg13me\"><div class=\"fwpl-item el-p83a2o\"><a href=\"https:\/\/smart.radiotraining.eu\/fr\/anoncer-un-evenement-en-direct\/\">Anoncer un evenement en direct<\/a><\/div><\/div><\/div><\/div><div class=\"fwpl-result r28\"><div class=\"fwpl-row el-6t3cae\"><div class=\"fwpl-col fwpl-col el-vg13me\"><div class=\"fwpl-item el-p83a2o\"><a href=\"https:\/\/smart.radiotraining.eu\/fr\/reportage-avec-son-dorigine-couper-et-editer\/\">Reportage avec son d'origine, couper et \u00e9diter<\/a><\/div><\/div><\/div><\/div><div class=\"fwpl-result r29\"><div class=\"fwpl-row el-6t3cae\"><div class=\"fwpl-col fwpl-col el-vg13me\"><div class=\"fwpl-item el-p83a2o\"><a href=\"https:\/\/smart.radiotraining.eu\/fr\/informations\/\">Informations<\/a><\/div><\/div><\/div><\/div><div class=\"fwpl-result r30\"><div class=\"fwpl-row el-6t3cae\"><div class=\"fwpl-col fwpl-col el-vg13me\"><div class=\"fwpl-item el-p83a2o\"><a href=\"https:\/\/smart.radiotraining.eu\/fr\/nouvelles\/\">NOUVELLES<\/a><\/div><\/div><\/div><\/div><\/div>\n<style>\n.fwpl-layout, .fwpl-row {\n    display: grid;\n}\n.fwpl-layout.el-amuvu {\n    grid-template-columns: repeat(1, 1fr);\n    grid-gap: 10px;\n}\n.fwpl-row.el-6t3cae {\n    grid-template-columns: 1fr;\n}\n<\/style>\n<\/div><br \/>\n<div class=\"facetwp-pager\"><\/div><\/p>\n","protected":false},"excerpt":{"rendered":"","protected":false},"author":13,"featured_media":0,"parent":0,"menu_order":0,"comment_status":"closed","ping_status":"closed","template":"","meta":[],"acf":[],"_links":{"self":[{"href":"https:\/\/smart.radiotraining.eu\/fr\/wp-json\/wp\/v2\/pages\/3103"}],"collection":[{"href":"https:\/\/smart.radiotraining.eu\/fr\/wp-json\/wp\/v2\/pages"}],"about":[{"href":"https:\/\/smart.radiotraining.eu\/fr\/wp-json\/wp\/v2\/types\/page"}],"author":[{"embeddable":true,"href":"https:\/\/smart.radiotraining.eu\/fr\/wp-json\/wp\/v2\/users\/13"}],"replies":[{"embeddable":true,"href":"https:\/\/smart.radiotraining.eu\/fr\/wp-json\/wp\/v2\/comments?post=3103"}],"version-history":[{"count":0,"href":"https:\/\/smart.radiotraining.eu\/fr\/wp-json\/wp\/v2\/pages\/3103\/revisions"}],"wp:attachment":[{"href":"https:\/\/smart.radiotraining.eu\/fr\/wp-json\/wp\/v2\/media?parent=3103"}],"curies":[{"name":"wp","href":"https:\/\/api.w.org\/{rel}","templated":true}]}}