{"id":3405,"date":"2019-05-29T20:51:33","date_gmt":"2019-05-29T18:51:33","guid":{"rendered":"https:\/\/smart.radiotraining.eu\/mode-demploi\/"},"modified":"2023-03-22T20:03:39","modified_gmt":"2023-03-22T18:03:39","slug":"mode-demploi","status":"publish","type":"page","link":"https:\/\/smart.radiotraining.eu\/fr\/mode-demploi\/","title":{"rendered":"MODE D\u2019EMPLOI"},"content":{"rendered":"\n<p>L\u2019outil SMART \u00e0 \u00e9t\u00e9 cr\u00e9e par des professionnels de la formation des radios communautaires pour r\u00e9pondre aux besoins de la communaut\u00e9. Pour acc\u00e9der aux exercices et aux m\u00e9thodologies de formation (qui ont \u00e9t\u00e9 adapt\u00e9s pour les personnes qui ont des besoins sp\u00e9cifiques), utilisez les\u00a0mots clefs et sp\u00e9cifiez le champ de formation qui vous int\u00e9resse, en tenant compte les diff\u00e9rents aspects, tels que la dur\u00e9e, la composition du groupe, le th\u00e8me du cour, la quantit\u00e9 de formateurs et formatrices, etc.SMART fera une recherche suivant les mots clefs s\u00e9lectionn\u00e9s et vous proposera un ensemble d\u2019exercices tout en vous offrant la possibilit\u00e9 de les t\u00e9l\u00e9charger ou imprimer.<\/p>\n","protected":false},"excerpt":{"rendered":"<p>L\u2019outil SMART \u00e0 \u00e9t\u00e9 cr\u00e9e par des professionnels de la formation des radios communautaires pour r\u00e9pondre aux besoins de la communaut\u00e9. Pour acc\u00e9der aux exercices et aux m\u00e9thodologies de formation (qui ont \u00e9t\u00e9 adapt\u00e9s pour les personnes qui ont des besoins sp\u00e9cifiques), utilisez les\u00a0mots clefs et sp\u00e9cifiez le champ de formation qui vous int\u00e9resse, en &hellip; <a href=\"https:\/\/smart.radiotraining.eu\/fr\/mode-demploi\/\">Continued<\/a><\/p>\n","protected":false},"author":13,"featured_media":0,"parent":0,"menu_order":0,"comment_status":"closed","ping_status":"closed","template":"","meta":[],"acf":[],"_links":{"self":[{"href":"https:\/\/smart.radiotraining.eu\/fr\/wp-json\/wp\/v2\/pages\/3405"}],"collection":[{"href":"https:\/\/smart.radiotraining.eu\/fr\/wp-json\/wp\/v2\/pages"}],"about":[{"href":"https:\/\/smart.radiotraining.eu\/fr\/wp-json\/wp\/v2\/types\/page"}],"author":[{"embeddable":true,"href":"https:\/\/smart.radiotraining.eu\/fr\/wp-json\/wp\/v2\/users\/13"}],"replies":[{"embeddable":true,"href":"https:\/\/smart.radiotraining.eu\/fr\/wp-json\/wp\/v2\/comments?post=3405"}],"version-history":[{"count":5,"href":"https:\/\/smart.radiotraining.eu\/fr\/wp-json\/wp\/v2\/pages\/3405\/revisions"}],"predecessor-version":[{"id":6111,"href":"https:\/\/smart.radiotraining.eu\/fr\/wp-json\/wp\/v2\/pages\/3405\/revisions\/6111"}],"wp:attachment":[{"href":"https:\/\/smart.radiotraining.eu\/fr\/wp-json\/wp\/v2\/media?parent=3405"}],"curies":[{"name":"wp","href":"https:\/\/api.w.org\/{rel}","templated":true}]}}