{"id":5561,"date":"2022-01-18T11:05:16","date_gmt":"2022-01-18T09:05:16","guid":{"rendered":"https:\/\/smart.radiotraining.eu\/trainer\/a-propos-de\/"},"modified":"2022-01-19T16:49:04","modified_gmt":"2022-01-19T14:49:04","slug":"a-propos-de","status":"publish","type":"page","link":"https:\/\/smart.radiotraining.eu\/fr\/trainer\/a-propos-de\/","title":{"rendered":"\u00c0 propos de"},"content":{"rendered":"\t\t<div data-elementor-type=\"wp-page\" data-elementor-id=\"5561\" class=\"elementor elementor-5561 elementor-5323\">\n\t\t\t\t\t\t\t\t\t<section data-particle_enable=\"false\" data-particle-mobile-disabled=\"false\" class=\"elementor-section elementor-top-section elementor-element elementor-element-be6ce8a elementor-section-boxed elementor-section-height-default elementor-section-height-default\" data-id=\"be6ce8a\" data-element_type=\"section\">\n\t\t\t\t\t\t<div class=\"elementor-container elementor-column-gap-default\">\n\t\t\t\t\t<div class=\"elementor-column elementor-col-100 elementor-top-column elementor-element elementor-element-d9fc2c6\" data-id=\"d9fc2c6\" data-element_type=\"column\">\n\t\t\t<div class=\"elementor-widget-wrap\">\n\t\t\t\t\t\t\t\t\t<\/div>\n\t\t<\/div>\n\t\t\t\t\t\t\t<\/div>\n\t\t<\/section>\n\t\t\t\t<section data-particle_enable=\"false\" data-particle-mobile-disabled=\"false\" class=\"elementor-section elementor-top-section elementor-element elementor-element-19cb2ef elementor-section-boxed elementor-section-height-default elementor-section-height-default\" data-id=\"19cb2ef\" data-element_type=\"section\">\n\t\t\t\t\t\t<div class=\"elementor-container elementor-column-gap-default\">\n\t\t\t\t\t<div class=\"elementor-column elementor-col-100 elementor-top-column elementor-element elementor-element-c325d8c\" data-id=\"c325d8c\" data-element_type=\"column\">\n\t\t\t<div class=\"elementor-widget-wrap elementor-element-populated\">\n\t\t\t\t\t\t\t\t<div class=\"elementor-element elementor-element-e528287 elementor-widget elementor-widget-text-editor\" data-id=\"e528287\" data-element_type=\"widget\" data-widget_type=\"text-editor.default\">\n\t\t\t\t<div class=\"elementor-widget-container\">\n\t\t\t<style>\/*! elementor - v3.11.4 - 12-03-2023 *\/\n.elementor-widget-text-editor.elementor-drop-cap-view-stacked .elementor-drop-cap{background-color:#818a91;color:#fff}.elementor-widget-text-editor.elementor-drop-cap-view-framed .elementor-drop-cap{color:#818a91;border:3px solid;background-color:transparent}.elementor-widget-text-editor:not(.elementor-drop-cap-view-default) .elementor-drop-cap{margin-top:8px}.elementor-widget-text-editor:not(.elementor-drop-cap-view-default) .elementor-drop-cap-letter{width:1em;height:1em}.elementor-widget-text-editor .elementor-drop-cap{float:left;text-align:center;line-height:1;font-size:50px}.elementor-widget-text-editor .elementor-drop-cap-letter{display:inline-block}<\/style>\t\t\t\t<p>SMART Trainers propose deux syllabus pour les cours de formation des formateurs &#8211; un cours en ligne et un cours sur site &#8211; pour former les principes de la formation radio centr\u00e9e sur l&rsquo;apprenant. SMART Trainers s&rsquo;appuie sur l&rsquo;outil en ligne SMART, qui rassemble des m\u00e9thodes, des activit\u00e9s et du mat\u00e9riel \u00e9prouv\u00e9s pour la formation \u00e0 la radio, notamment pour des groupes cibles sp\u00e9cifiques, et les propose en libre acc\u00e8s. SMART Trainers a \u00e9galement pour vocation de permettre la formation dans le secteur de l&rsquo;\u00e9ducation non formelle des m\u00e9dias communautaires. En plus des cours, SMART Trainers comprend un outil pour l&rsquo;\u00e9valuation des r\u00e9sultats d&rsquo;apprentissage des participants aux cours et la certification de la participation aux cours. SMART Trainers a \u00e9t\u00e9 d\u00e9velopp\u00e9 dans le contexte des m\u00e9dias communautaires, dont les organisations impliqu\u00e9es sont issues ou situ\u00e9es. Dans le cadre d&rsquo;un partenariat strat\u00e9gique pour l&rsquo;\u00e9ducation des adultes dans le programme Erasmus+ de la Commission europ\u00e9enne de 2018 \u00e0 2021, SMART Trainers est le r\u00e9sultat d&rsquo;une collaboration entre:<\/p>\n<p>La <strong>Radioschule klipp+klang<\/strong> organise et coordonne des formations radio pour les stations de radio locales non commerciales de l&rsquo;UNIKOM et organise des cours pour diverses stations de radio priv\u00e9es. La Radioschule klipp+klang m\u00e8ne \u00e9galement des activit\u00e9s de recherche et de d\u00e9veloppement (\u00e9ducation interculturelle, radio et minorit\u00e9s linguistico-culturelles) et lance ses propres projets de jeunesse et d&rsquo;autonomisation. La radio \u00e9cole est g\u00e9r\u00e9e par l&rsquo;association Radioschule klipp+klang (fond\u00e9e en 1995).<\/p>\n<p><strong>COMMIT<\/strong>, l&rsquo;Institut des m\u00e9dias communautaires pour la formation continue, la recherche et le conseil, est l&rsquo;institution de formation continue \u00e0 l&rsquo;interface entre la radiodiffusion non commerciale, l&rsquo;\u00e9ducation des adultes et la recherche en Autriche. COMMIT a \u00e9t\u00e9 fond\u00e9 en 2010 en tant qu&rsquo;association, ses activit\u00e9s sont sans but lucratif. Son objectif est de promouvoir la discussion et le d\u00e9veloppement des m\u00e9dias non commerciaux \u00e0 tous les niveaux de la soci\u00e9t\u00e9. Cela inclut notamment la stimulation et la conception de la formation continue et de la recherche d&rsquo;accompagnement en coop\u00e9ration avec les acteurs des m\u00e9dias non commerciaux, de l&rsquo;\u00e9ducation des adultes et de la science.<\/p>\n<p><strong>Antxeta Irratia<\/strong> est une radio communautaire non commerciale basque et poss\u00e8de une longue exp\u00e9rience dans les projets nationaux, les projets transfrontaliers entre l&rsquo;Espagne et la France et les projets de coop\u00e9ration internationale, par exemple dans le domaine de l&rsquo;\u00e9ducation des adultes. Depuis 2007, Antxeta Irratia a d\u00e9velopp\u00e9 de nombreux projets sur les questions interculturelles et l&rsquo;\u00e9ducation, \u00e0 la fois en coop\u00e9ration avec des organisations de femmes et de migrants de la r\u00e9gion ou avec le Centre d&rsquo;\u00e9ducation des adultes (ECA).<\/p>\n<p><strong>Civil Radio<\/strong> \u00e9met en tant que radio communautaire non commerciale avec l&rsquo;aide de plus de 150 b\u00e9n\u00e9voles. Les \u00e9v\u00e9nements culturels, sociaux et environnementaux, les communaut\u00e9s, les conflits et la vie \u00e0 Budapest et dans ses districts sont les sujets centraux du programme de 24 heures. Civil Radio fonctionne avec les derni\u00e8res technologies de communication et de m\u00e9dias et les applications Web 2.0, en utilisant du mat\u00e9riel de formation et d&rsquo;apprentissage en ligne pour former ses b\u00e9n\u00e9voles.<\/p>\n<p><strong>Near Media-Co-op<\/strong> est une coop\u00e9rative m\u00e9diatique d\u00e9mocratique \u00e0 but non lucratif qui utilise les m\u00e9dias comme un outil de d\u00e9veloppement communautaire. La coop\u00e9rative a \u00e9t\u00e9 fond\u00e9e en 1982 et compte plus de 600 actionnaires et plus de 120 b\u00e9n\u00e9voles r\u00e9guliers. NearFM \u00e9met en tant que radio communautaire depuis 1995 et a \u00e9t\u00e9 et continue d&rsquo;\u00eatre impliqu\u00e9e en tant que partenaire dans de nombreux projets europ\u00e9ens sur l&rsquo;identit\u00e9 culturelle et les questions environnementales, la formation interculturelle et les programmes de droits de l&rsquo;homme. NearFM a particip\u00e9 \u00e0 la production des supports de formation Inter.media \u00e0 vocation interculturelle en 2006 et propose des qualifications professionnelles cl\u00e9s FETAC de niveau 4 ainsi qu&rsquo;une formation aux m\u00e9dias et une formation interculturelle.<\/p>\n<p><strong>Radio Corax<\/strong> est une station de radio libre \u00e0 Halle (Saale) en Allemagne. En tant que station de radio locale non commerciale, Radio Corax \u00e9met 24 heures sur 24. Radio Corax peut \u00eatre re\u00e7ue par voie terrestre \u00e0 Halle et dans le sud de la Saxe-Anhalt en FM. D\u00e8s le d\u00e9but, Radio Corax a mis l&rsquo;accent sur la formation de personnes pour devenir des radiodiffuseurs qualifi\u00e9s. Radio Corax a \u00e9t\u00e9 et est toujours impliqu\u00e9e dans des projets d&rsquo;\u00e9ducation radiophonique dans diff\u00e9rents contextes, y compris interculturels.<\/p>\n<p>Depuis 2004, le <strong>Community Media Forum Europe (CMFE)<\/strong> repr\u00e9sente au niveau europ\u00e9en des r\u00e9seaux, des associations nationales, des projets et des individus actifs dans le secteur des tiers m\u00e9dias, souvent appel\u00e9s m\u00e9dias communautaires. Chaque cha\u00eene est fa\u00e7onn\u00e9e par son environnement et par la culture, l&rsquo;histoire et la r\u00e9alit\u00e9 particuli\u00e8res de la communaut\u00e9 qu&rsquo;elle sert. Les m\u00e9dias communautaires sont g\u00e9n\u00e9ralement d\u00e9tenus par les communaut\u00e9s dont sont issus les radiodiffuseurs b\u00e9n\u00e9voles et produisent des programmes qui sont importants pour les communaut\u00e9s &#8211; et ils ne sont pas \u00e0 but lucratif. La CMFE d\u00e9fend les droits des citoyens aux m\u00e9dias communautaires et sert de plateforme de dialogue et de reconnaissance des m\u00e9dias communautaires au niveau europ\u00e9en, en tant que secteur m\u00e9diatique clairement d\u00e9limit\u00e9. Dans un contexte o\u00f9 la libert\u00e9 d&rsquo;expression et l&rsquo;acc\u00e8s \u00e0 l&rsquo;information sont de plus en plus menac\u00e9s par la concentration dans le secteur des m\u00e9dias et la diffusion de la d\u00e9sinformation, les m\u00e9dias communautaires sont des indicateurs du pluralisme des m\u00e9dias.<\/p>\n<p>L&rsquo;<strong>AMARC Europe<\/strong> est la section europ\u00e9enne de l&rsquo;Association mondiale des radios communautaires. La F\u00e9d\u00e9ration europ\u00e9enne repr\u00e9sente plus de 300 radios communautaires, leurs associations nationales ou r\u00e9gionales et des particuliers. Depuis 1994, l&rsquo;AMARC Europe repr\u00e9sente les int\u00e9r\u00eats de ses membres au niveau europ\u00e9en et international, \u00e9tablit la communication et donc l&rsquo;\u00e9change d&rsquo;exp\u00e9riences entre ses membres et initie leur coop\u00e9ration internationale. L&rsquo;AMARC Europe assure \u00e9galement la liaison avec l&rsquo;Association mondiale des radios communautaires et avec diverses organisations des Nations unies.<\/p>\n\t\t\t\t\t\t<\/div>\n\t\t\t\t<\/div>\n\t\t\t\t\t<\/div>\n\t\t<\/div>\n\t\t\t\t\t\t\t<\/div>\n\t\t<\/section>\n\t\t\t\t<section data-particle_enable=\"false\" data-particle-mobile-disabled=\"false\" class=\"elementor-section elementor-top-section elementor-element elementor-element-0726afc elementor-section-boxed elementor-section-height-default elementor-section-height-default\" data-id=\"0726afc\" data-element_type=\"section\">\n\t\t\t\t\t\t<div class=\"elementor-container elementor-column-gap-default\">\n\t\t\t\t\t<div class=\"elementor-column elementor-col-100 elementor-top-column elementor-element elementor-element-f4fe01c\" data-id=\"f4fe01c\" data-element_type=\"column\">\n\t\t\t<div class=\"elementor-widget-wrap\">\n\t\t\t\t\t\t\t\t\t<\/div>\n\t\t<\/div>\n\t\t\t\t\t\t\t<\/div>\n\t\t<\/section>\n\t\t\t\t<section data-particle_enable=\"false\" data-particle-mobile-disabled=\"false\" class=\"elementor-section elementor-top-section elementor-element elementor-element-e37f599 elementor-section-boxed elementor-section-height-default elementor-section-height-default\" data-id=\"e37f599\" data-element_type=\"section\">\n\t\t\t\t\t\t<div class=\"elementor-container elementor-column-gap-default\">\n\t\t\t\t\t<div class=\"elementor-column elementor-col-100 elementor-top-column elementor-element elementor-element-9402275\" data-id=\"9402275\" data-element_type=\"column\">\n\t\t\t<div class=\"elementor-widget-wrap elementor-element-populated\">\n\t\t\t\t\t\t\t\t<div class=\"elementor-element elementor-element-4d2e3a7 elementor-widget elementor-widget-eael-logo-carousel\" data-id=\"4d2e3a7\" data-element_type=\"widget\" data-settings=\"{&quot;items&quot;:{&quot;unit&quot;:&quot;px&quot;,&quot;size&quot;:4,&quot;sizes&quot;:[]},&quot;items_tablet&quot;:{&quot;unit&quot;:&quot;px&quot;,&quot;size&quot;:2,&quot;sizes&quot;:[]},&quot;items_mobile&quot;:{&quot;unit&quot;:&quot;px&quot;,&quot;size&quot;:1,&quot;sizes&quot;:[]}}\" data-widget_type=\"eael-logo-carousel.default\">\n\t\t\t\t<div class=\"elementor-widget-container\">\n\t\t\t        <div class=\"swiper-container-wrap eael-logo-carousel-wrap\">\n            <div class=\"swiper-container eael-logo-carousel swiper-container-4d2e3a7\" data-pagination=\".swiper-pagination-4d2e3a7\" data-arrow-next=\".swiper-button-next-4d2e3a7\" data-arrow-prev=\".swiper-button-prev-4d2e3a7\" data-items=\"4\" data-items-tablet=\"2\" data-items-mobile=\"1\" data-margin=\"50\" data-effect=\"slide\" data-speed=\"400\" data-autoplay=\"999999\">\n                <div class=\"swiper-wrapper\">\n\t\t\t\t\t                            <div class=\"swiper-slide\">\n                                <div class=\"eael-lc-logo-wrap\">\n                                    <div class=\"eael-lc-logo\">\n\t\t\t\t\t\t\t\t\t\t<a href=\"https:\/\/www.commit.at\/\" target=\"_blank\"><img decoding=\"async\" class=\"eael-lc-img-src\" src=\"https:\/\/smart.radiotraining.eu\/wp-content\/uploads\/2019\/05\/commit-bw.jpg\" alt=\"\"><\/a>                                    <\/div>\n\t\t\t\t\t\t\t\t\t<h4 class=\"eael-logo-carousel-title\"><a href=\"https:\/\/www.commit.at\/\" target=\"_blank\">COMMIT\/ Austria<\/a><\/h4>                                <\/div>\n                            <\/div>\n\t\t\t\t\t\t                            <div class=\"swiper-slide\">\n                                <div class=\"eael-lc-logo-wrap\">\n                                    <div class=\"eael-lc-logo\">\n\t\t\t\t\t\t\t\t\t\t<a href=\"https:\/\/www.antxetairratia.com\/\" target=\"_blank\"><img decoding=\"async\" class=\"eael-lc-img-src\" src=\"https:\/\/smart.radiotraining.eu\/wp-content\/uploads\/2019\/05\/antxeta-bw.jpg\" alt=\"\"><\/a>                                    <\/div>\n\t\t\t\t\t\t\t\t\t<h4 class=\"eael-logo-carousel-title\"><a href=\"https:\/\/www.antxetairratia.com\/\" target=\"_blank\">Antxeta Irratia \/ Basque country<\/a><\/h4>                                <\/div>\n                            <\/div>\n\t\t\t\t\t\t                            <div class=\"swiper-slide\">\n                                <div class=\"eael-lc-logo-wrap\">\n                                    <div class=\"eael-lc-logo\">\n\t\t\t\t\t\t\t\t\t\t<a href=\"https:\/\/www.civilradio.hu\/index.php\" target=\"_blank\"><img decoding=\"async\" class=\"eael-lc-img-src\" src=\"https:\/\/smart.radiotraining.eu\/wp-content\/uploads\/2019\/05\/civilradio-bw.jpg\" alt=\"\"><\/a>                                    <\/div>\n\t\t\t\t\t\t\t\t\t<h4 class=\"eael-logo-carousel-title\"><a href=\"https:\/\/www.civilradio.hu\/index.php\" target=\"_blank\">Civil R\u00e1di\u00f3\/ Hungary<\/a><\/h4>                                <\/div>\n                            <\/div>\n\t\t\t\t\t\t                            <div class=\"swiper-slide\">\n                                <div class=\"eael-lc-logo-wrap\">\n                                    <div class=\"eael-lc-logo\">\n\t\t\t\t\t\t\t\t\t\t<a href=\"https:\/\/nearfm.ie\/\" target=\"_blank\"><img decoding=\"async\" class=\"eael-lc-img-src\" src=\"https:\/\/smart.radiotraining.eu\/wp-content\/uploads\/2019\/05\/nearfm-bw.jpg\" alt=\"\"><\/a>                                    <\/div>\n\t\t\t\t\t\t\t\t\t<h4 class=\"eael-logo-carousel-title\"><a href=\"https:\/\/nearfm.ie\/\" target=\"_blank\">Near fm \/ Ireland<\/a><\/h4>                                <\/div>\n                            <\/div>\n\t\t\t\t\t\t                <\/div>\n            <\/div>\n\t\t\t        <\/div>\n\t\t\t\t<\/div>\n\t\t\t\t<\/div>\n\t\t\t\t<div class=\"elementor-element elementor-element-53f93d1 elementor-widget elementor-widget-eael-logo-carousel\" data-id=\"53f93d1\" data-element_type=\"widget\" data-settings=\"{&quot;items&quot;:{&quot;unit&quot;:&quot;px&quot;,&quot;size&quot;:4,&quot;sizes&quot;:[]},&quot;items_tablet&quot;:{&quot;unit&quot;:&quot;px&quot;,&quot;size&quot;:2,&quot;sizes&quot;:[]},&quot;items_mobile&quot;:{&quot;unit&quot;:&quot;px&quot;,&quot;size&quot;:1,&quot;sizes&quot;:[]}}\" data-widget_type=\"eael-logo-carousel.default\">\n\t\t\t\t<div class=\"elementor-widget-container\">\n\t\t\t        <div class=\"swiper-container-wrap eael-logo-carousel-wrap\">\n            <div class=\"swiper-container eael-logo-carousel swiper-container-53f93d1\" data-pagination=\".swiper-pagination-53f93d1\" data-arrow-next=\".swiper-button-next-53f93d1\" data-arrow-prev=\".swiper-button-prev-53f93d1\" data-items=\"4\" data-items-tablet=\"2\" data-items-mobile=\"1\" data-margin=\"50\" data-effect=\"slide\" data-speed=\"400\" data-autoplay=\"999999\">\n                <div class=\"swiper-wrapper\">\n\t\t\t\t\t                            <div class=\"swiper-slide\">\n                                <div class=\"eael-lc-logo-wrap\">\n                                    <div class=\"eael-lc-logo\">\n\t\t\t\t\t\t\t\t\t\t<a href=\"https:\/\/959.radiocorax.de\/\" target=\"_blank\"><img decoding=\"async\" class=\"eael-lc-img-src\" src=\"https:\/\/smart.radiotraining.eu\/wp-content\/uploads\/2019\/05\/corax-bw.jpg\" alt=\"\"><\/a>                                    <\/div>\n\t\t\t\t\t\t\t\t\t<h4 class=\"eael-logo-carousel-title\"><a href=\"https:\/\/959.radiocorax.de\/\" target=\"_blank\">Radio Corax\/ Germany<\/a><\/h4>                                <\/div>\n                            <\/div>\n\t\t\t\t\t\t                            <div class=\"swiper-slide\">\n                                <div class=\"eael-lc-logo-wrap\">\n                                    <div class=\"eael-lc-logo\">\n\t\t\t\t\t\t\t\t\t\t<a href=\"https:\/\/www.klippklang.ch\/index.php?pid=51&amp;l=de\" target=\"_blank\"><img decoding=\"async\" class=\"eael-lc-img-src\" src=\"https:\/\/smart.radiotraining.eu\/wp-content\/uploads\/2019\/05\/logo_klippklang-bw.jpg\" alt=\"\"><\/a>                                    <\/div>\n\t\t\t\t\t\t\t\t\t<h4 class=\"eael-logo-carousel-title\"><a href=\"https:\/\/www.klippklang.ch\/index.php?pid=51&amp;l=de\" target=\"_blank\">klipp+klang Radioschule\/ Switzerland<\/a><\/h4>                                <\/div>\n                            <\/div>\n\t\t\t\t\t\t                            <div class=\"swiper-slide\">\n                                <div class=\"eael-lc-logo-wrap\">\n                                    <div class=\"eael-lc-logo\">\n\t\t\t\t\t\t\t\t\t\t<a href=\"https:\/\/amarceurope.eu\/\" target=\"_blank\"><img decoding=\"async\" class=\"eael-lc-img-src\" src=\"https:\/\/smart.radiotraining.eu\/wp-content\/uploads\/2021\/06\/Logo-amarc.png\" alt=\"\"><\/a>                                    <\/div>\n\t\t\t\t\t\t\t\t\t<h4 class=\"eael-logo-carousel-title\"><a href=\"https:\/\/amarceurope.eu\/\" target=\"_blank\">AMARC Europe \/ Belgium<\/a><\/h4>                                <\/div>\n                            <\/div>\n\t\t\t\t\t\t                            <div class=\"swiper-slide\">\n                                <div class=\"eael-lc-logo-wrap\">\n                                    <div class=\"eael-lc-logo\">\n\t\t\t\t\t\t\t\t\t\t<a href=\"https:\/\/www.cmfe.eu\/\" target=\"_blank\"><img decoding=\"async\" class=\"eael-lc-img-src\" src=\"https:\/\/smart.radiotraining.eu\/wp-content\/uploads\/2021\/06\/logo-cmfe-2.jpg\" alt=\"\"><\/a>                                    <\/div>\n\t\t\t\t\t\t\t\t\t<h4 class=\"eael-logo-carousel-title\"><a href=\"https:\/\/www.cmfe.eu\/\" target=\"_blank\">CMFE \/ Belgium<\/a><\/h4>                                <\/div>\n                            <\/div>\n\t\t\t\t\t\t                <\/div>\n            <\/div>\n\t\t\t        <\/div>\n\t\t\t\t<\/div>\n\t\t\t\t<\/div>\n\t\t\t\t\t<\/div>\n\t\t<\/div>\n\t\t\t\t\t\t\t<\/div>\n\t\t<\/section>\n\t\t\t\t\t\t\t<\/div>\n\t\t","protected":false},"excerpt":{"rendered":"<p>SMART Trainers propose deux syllabus pour les cours de formation des formateurs &#8211; un cours en ligne et un cours sur site &#8211; pour former les principes de la formation radio centr\u00e9e sur l&rsquo;apprenant. SMART Trainers s&rsquo;appuie sur l&rsquo;outil en ligne SMART, qui rassemble des m\u00e9thodes, des activit\u00e9s et du mat\u00e9riel \u00e9prouv\u00e9s pour la formation &hellip; <a href=\"https:\/\/smart.radiotraining.eu\/fr\/trainer\/a-propos-de\/\">Continued<\/a><\/p>\n","protected":false},"author":13,"featured_media":0,"parent":4797,"menu_order":0,"comment_status":"closed","ping_status":"closed","template":"views\/page-no_sidebar.blade.php","meta":[],"acf":[],"_links":{"self":[{"href":"https:\/\/smart.radiotraining.eu\/fr\/wp-json\/wp\/v2\/pages\/5561"}],"collection":[{"href":"https:\/\/smart.radiotraining.eu\/fr\/wp-json\/wp\/v2\/pages"}],"about":[{"href":"https:\/\/smart.radiotraining.eu\/fr\/wp-json\/wp\/v2\/types\/page"}],"author":[{"embeddable":true,"href":"https:\/\/smart.radiotraining.eu\/fr\/wp-json\/wp\/v2\/users\/13"}],"replies":[{"embeddable":true,"href":"https:\/\/smart.radiotraining.eu\/fr\/wp-json\/wp\/v2\/comments?post=5561"}],"version-history":[{"count":1,"href":"https:\/\/smart.radiotraining.eu\/fr\/wp-json\/wp\/v2\/pages\/5561\/revisions"}],"predecessor-version":[{"id":5562,"href":"https:\/\/smart.radiotraining.eu\/fr\/wp-json\/wp\/v2\/pages\/5561\/revisions\/5562"}],"up":[{"embeddable":true,"href":"https:\/\/smart.radiotraining.eu\/fr\/wp-json\/wp\/v2\/pages\/4797"}],"wp:attachment":[{"href":"https:\/\/smart.radiotraining.eu\/fr\/wp-json\/wp\/v2\/media?parent=5561"}],"curies":[{"name":"wp","href":"https:\/\/api.w.org\/{rel}","templated":true}]}}