{"id":5581,"date":"2022-01-18T11:45:02","date_gmt":"2022-01-18T09:45:02","guid":{"rendered":"https:\/\/smart.radiotraining.eu\/mentions-legales\/"},"modified":"2022-01-18T11:45:02","modified_gmt":"2022-01-18T09:45:02","slug":"mentions-legales","status":"publish","type":"page","link":"https:\/\/smart.radiotraining.eu\/fr\/mentions-legales\/","title":{"rendered":"Mentions l\u00e9gales"},"content":{"rendered":"<h3>Mentions l\u00e9gales<\/h3>\n<p>Corax e. V. &#8211; Initiative pour une radio libre<br \/>\nUnterberg 11<br \/>\n06108 Halle\/ Saale<br \/>\nAllemagne<br \/>\nT\u00e9l\u00e9phone : +49 345 4700745<\/p>\n<p>Inscrite au registre des associations du tribunal d&rsquo;instance de Halle-Saalkreis (VR 1137)\/.<br \/>\nComit\u00e9 directeur : Helen Hahmann, Udo Israel, Philine Lewek, Juliane Victor et Christoph Carmesin<\/p>\n<p>Ce projet a \u00e9t\u00e9 financ\u00e9 avec le soutien de la Commission europ\u00e9enne. Le contenu de cette publication (communication) n&rsquo;engage que son auteur et la Commission n&rsquo;est pas responsable de l&rsquo;usage qui pourrait \u00eatre fait des informations qui y sont contenues.<\/p>\n<p>Web administrator and owner of this page : Thies Streifinger\/ Thaerplatz 07\/ 06112 Halle\/ Saale\/<br \/>\nGermany\/ +49 171 4185818\/ thiesstreifinger@googlemail.com\/ thiesstreifinger.com<\/p>\n<p>Corax e. V. &#8211; Initiative pour une radio libre\/ Unterberg 11\/ 06108 Halle\/ Saale\/ Germany\/ +49 345 4700745\/ Inscrit au registre des associations du tribunal d&rsquo;instance de Halle-Saalkreis (VR 1137)\/ Comit\u00e9 directeur : Helen Hahmann, Udo Israel, Philine Lewek, Juliane Victor et Christoph Carmesin<\/p>\n<h3>Clause de non-responsabilit\u00e9<\/h3>\n<p><strong>1. contenu de l&rsquo;offre en ligne<\/strong><br \/>\nL&rsquo;auteur n&rsquo;assume aucune garantie quant \u00e0 l&rsquo;actualit\u00e9, l&rsquo;exactitude, l&rsquo;exhaustivit\u00e9 ou la qualit\u00e9 des informations mises \u00e0 disposition. Toute pr\u00e9tention en responsabilit\u00e9 contre l&rsquo;auteur se rapportant \u00e0 des dommages mat\u00e9riels ou immat\u00e9riels caus\u00e9s par l&rsquo;utilisation ou la non-utilisation des informations pr\u00e9sent\u00e9es ou par l&rsquo;utilisation d&rsquo;informations erron\u00e9es ou incompl\u00e8tes est fondamentalement exclue, dans la mesure o\u00f9 il n&rsquo;est pas prouv\u00e9 que l&rsquo;auteur a commis une faute intentionnelle ou une n\u00e9gligence grave.<br \/>\nToutes les offres sont sans engagement et non contractuelles. L&rsquo;auteur se r\u00e9serve express\u00e9ment le droit de modifier, de compl\u00e9ter ou de supprimer des parties de pages ou l&rsquo;ensemble de l&rsquo;offre sans avis pr\u00e9alable, ou d&rsquo;en suspendre temporairement ou d\u00e9finitivement la publication.<\/p>\n<p><strong>2. renvois et liens<\/strong><br \/>\nEn cas de renvois directs ou indirects \u00e0 des sites Internet externes (\u00ab\u00a0hyperliens\u00a0\u00bb) qui ne rel\u00e8vent pas de la responsabilit\u00e9 de l&rsquo;auteur, sa responsabilit\u00e9 ne serait engag\u00e9e que dans le cas o\u00f9 l&rsquo;auteur aurait connaissance des contenus et qu&rsquo;il lui serait techniquement possible et raisonnable d&rsquo;en emp\u00eacher l&rsquo;utilisation en cas de contenus ill\u00e9gaux.<br \/>\nL&rsquo;auteur d\u00e9clare express\u00e9ment par la pr\u00e9sente qu&rsquo;au moment de l&rsquo;\u00e9tablissement des liens, aucun contenu ill\u00e9gal n&rsquo;\u00e9tait identifiable sur les pages \u00e0 relier. L&rsquo;auteur n&rsquo;a aucune influence sur la conception actuelle et future, les contenus ou la paternit\u00e9 des pages li\u00e9es\/associ\u00e9es. C&rsquo;est pourquoi il se distancie express\u00e9ment par la pr\u00e9sente de tous les contenus de toutes les pages li\u00e9es\/associ\u00e9es qui ont \u00e9t\u00e9 modifi\u00e9es apr\u00e8s l&rsquo;\u00e9tablissement des liens. Cette constatation s&rsquo;applique \u00e0 tous les liens et renvois plac\u00e9s au sein de la propre offre Internet ainsi qu&rsquo;aux inscriptions de tiers dans les livres d&rsquo;or, forums de discussion et listes de diffusion mis en place par l&rsquo;auteur. Seul le fournisseur de la page \u00e0 laquelle il a \u00e9t\u00e9 renvoy\u00e9 est responsable des contenus ill\u00e9gaux, erron\u00e9s ou incomplets et en particulier des dommages r\u00e9sultant de l&rsquo;utilisation ou de la non-utilisation des informations ainsi pr\u00e9sent\u00e9es, et non celui qui ne fait que renvoyer \u00e0 la publication concern\u00e9e par le biais de liens.<\/p>\n<p><strong>3. droit d&rsquo;auteur et droit des marques<\/strong><br \/>\nL&rsquo;auteur s&rsquo;efforce de respecter dans toutes les publications les droits d&rsquo;auteur des graphiques, documents sonores, s\u00e9quences vid\u00e9o et textes utilis\u00e9s, d&rsquo;utiliser des graphiques, documents sonores, s\u00e9quences vid\u00e9o et textes qu&rsquo;il a lui-m\u00eame cr\u00e9\u00e9s ou de recourir \u00e0 des graphiques, documents sonores, s\u00e9quences vid\u00e9o et textes libres de droits.<br \/>\nToutes les marques et marques d\u00e9pos\u00e9es mentionn\u00e9es dans l&rsquo;offre Internet et \u00e9ventuellement prot\u00e9g\u00e9es par des tiers sont soumises sans restriction aux dispositions du droit des marques de fabrique en vigueur et aux droits de propri\u00e9t\u00e9 des propri\u00e9taires enregistr\u00e9s respectifs. La simple mention d&rsquo;une marque ne permet pas d&rsquo;en d\u00e9duire qu&rsquo;elle n&rsquo;est pas prot\u00e9g\u00e9e par les droits d&rsquo;un tiers !<br \/>\nLe copyright des objets publi\u00e9s et cr\u00e9\u00e9s par l&rsquo;auteur lui-m\u00eame reste la propri\u00e9t\u00e9 exclusive de l&rsquo;auteur des pages. Toute reproduction ou utilisation de tels graphiques, documents sonores, s\u00e9quences vid\u00e9o et textes dans d&rsquo;autres publications \u00e9lectroniques ou imprim\u00e9es est interdite sans l&rsquo;autorisation expresse de l&rsquo;auteur.<\/p>\n<p><strong>4. protection des donn\u00e9es<\/strong><br \/>\nDans la mesure o\u00f9 l&rsquo;offre Internet permet de saisir des donn\u00e9es personnelles ou professionnelles (adresses e-mail, noms, adresses), la divulgation de ces donn\u00e9es par l&rsquo;utilisateur se fait express\u00e9ment sur une base volontaire. L&rsquo;utilisation et le paiement de tous les services propos\u00e9s sont autoris\u00e9s &#8211; dans la mesure o\u00f9 cela est techniquement possible et raisonnable &#8211; m\u00eame sans indication de telles donn\u00e9es ou en indiquant des donn\u00e9es anonymes ou un pseudonyme. L&rsquo;utilisation par des tiers des donn\u00e9es de contact publi\u00e9es dans le cadre des mentions l\u00e9gales ou d&rsquo;indications comparables, telles que les adresses postales, les num\u00e9ros de t\u00e9l\u00e9phone et de fax ainsi que les adresses e-mail, pour l&rsquo;envoi d&rsquo;informations non express\u00e9ment demand\u00e9es est interdite. Nous nous r\u00e9servons express\u00e9ment le droit d&rsquo;engager des poursuites judiciaires contre les exp\u00e9diteurs de spams en cas d&rsquo;infraction \u00e0 cette interdiction.<\/p>\n<p><strong>5. Validit\u00e9 juridique de la pr\u00e9sente clause de non-responsabilit\u00e9<\/strong><br \/>\nLa pr\u00e9sente exclusion de responsabilit\u00e9 doit \u00eatre consid\u00e9r\u00e9e comme faisant partie int\u00e9grante de l&rsquo;offre Internet \u00e0 partir de laquelle il a \u00e9t\u00e9 renvoy\u00e9 \u00e0 cette page. Si des parties ou certaines formulations de ce texte ne devaient pas, plus ou pas enti\u00e8rement correspondre \u00e0 la situation juridique en vigueur, les autres parties du document n&rsquo;en seraient pas affect\u00e9es dans leur contenu et leur validit\u00e9.<\/p>\n","protected":false},"excerpt":{"rendered":"<p>Mentions l\u00e9gales Corax e. V. &#8211; Initiative pour une radio libre Unterberg 11 06108 Halle\/ Saale Allemagne T\u00e9l\u00e9phone : +49 345 4700745 Inscrite au registre des associations du tribunal d&rsquo;instance de Halle-Saalkreis (VR 1137)\/. Comit\u00e9 directeur : Helen Hahmann, Udo Israel, Philine Lewek, Juliane Victor et Christoph Carmesin Ce projet a \u00e9t\u00e9 financ\u00e9 avec le &hellip; <a href=\"https:\/\/smart.radiotraining.eu\/fr\/mentions-legales\/\">Continued<\/a><\/p>\n","protected":false},"author":13,"featured_media":0,"parent":0,"menu_order":0,"comment_status":"closed","ping_status":"closed","template":"views\/page-no_sidebar.blade.php","meta":[],"acf":[],"_links":{"self":[{"href":"https:\/\/smart.radiotraining.eu\/fr\/wp-json\/wp\/v2\/pages\/5581"}],"collection":[{"href":"https:\/\/smart.radiotraining.eu\/fr\/wp-json\/wp\/v2\/pages"}],"about":[{"href":"https:\/\/smart.radiotraining.eu\/fr\/wp-json\/wp\/v2\/types\/page"}],"author":[{"embeddable":true,"href":"https:\/\/smart.radiotraining.eu\/fr\/wp-json\/wp\/v2\/users\/13"}],"replies":[{"embeddable":true,"href":"https:\/\/smart.radiotraining.eu\/fr\/wp-json\/wp\/v2\/comments?post=5581"}],"version-history":[{"count":0,"href":"https:\/\/smart.radiotraining.eu\/fr\/wp-json\/wp\/v2\/pages\/5581\/revisions"}],"wp:attachment":[{"href":"https:\/\/smart.radiotraining.eu\/fr\/wp-json\/wp\/v2\/media?parent=5581"}],"curies":[{"name":"wp","href":"https:\/\/api.w.org\/{rel}","templated":true}]}}