{"id":5723,"date":"2022-01-19T20:47:53","date_gmt":"2022-01-19T18:47:53","guid":{"rendered":"https:\/\/smart.radiotraining.eu\/trainer\/methodes-devaluation__trashed\/introduction\/"},"modified":"2022-01-19T20:47:56","modified_gmt":"2022-01-19T18:47:56","slug":"introduction","status":"publish","type":"page","link":"https:\/\/smart.radiotraining.eu\/fr\/trainer\/methodes-devaluation\/introduction\/","title":{"rendered":"Introduction"},"content":{"rendered":"\t\t<div data-elementor-type=\"wp-page\" data-elementor-id=\"5723\" class=\"elementor elementor-5723 elementor-5361\">\n\t\t\t\t\t\t\t\t\t<section data-particle_enable=\"false\" data-particle-mobile-disabled=\"false\" class=\"elementor-section elementor-top-section elementor-element elementor-element-3273b13 elementor-section-boxed elementor-section-height-default elementor-section-height-default\" data-id=\"3273b13\" data-element_type=\"section\">\n\t\t\t\t\t\t<div class=\"elementor-container elementor-column-gap-default\">\n\t\t\t\t\t<div class=\"elementor-column elementor-col-100 elementor-top-column elementor-element elementor-element-7df04e4\" data-id=\"7df04e4\" data-element_type=\"column\">\n\t\t\t<div class=\"elementor-widget-wrap\">\n\t\t\t\t\t\t\t\t\t<\/div>\n\t\t<\/div>\n\t\t\t\t\t\t\t<\/div>\n\t\t<\/section>\n\t\t\t\t<section data-particle_enable=\"false\" data-particle-mobile-disabled=\"false\" class=\"elementor-section elementor-top-section elementor-element elementor-element-d1d747f elementor-section-boxed elementor-section-height-default elementor-section-height-default\" data-id=\"d1d747f\" data-element_type=\"section\">\n\t\t\t\t\t\t<div class=\"elementor-container elementor-column-gap-default\">\n\t\t\t\t\t<div class=\"elementor-column elementor-col-100 elementor-top-column elementor-element elementor-element-62b039c\" data-id=\"62b039c\" data-element_type=\"column\">\n\t\t\t<div class=\"elementor-widget-wrap elementor-element-populated\">\n\t\t\t\t\t\t\t\t<div class=\"elementor-element elementor-element-8ce1e47 elementor-widget elementor-widget-text-editor\" data-id=\"8ce1e47\" data-element_type=\"widget\" data-widget_type=\"text-editor.default\">\n\t\t\t\t<div class=\"elementor-widget-container\">\n\t\t\t<style>\/*! elementor - v3.11.4 - 12-03-2023 *\/\n.elementor-widget-text-editor.elementor-drop-cap-view-stacked .elementor-drop-cap{background-color:#818a91;color:#fff}.elementor-widget-text-editor.elementor-drop-cap-view-framed .elementor-drop-cap{color:#818a91;border:3px solid;background-color:transparent}.elementor-widget-text-editor:not(.elementor-drop-cap-view-default) .elementor-drop-cap{margin-top:8px}.elementor-widget-text-editor:not(.elementor-drop-cap-view-default) .elementor-drop-cap-letter{width:1em;height:1em}.elementor-widget-text-editor .elementor-drop-cap{float:left;text-align:center;line-height:1;font-size:50px}.elementor-widget-text-editor .elementor-drop-cap-letter{display:inline-block}<\/style>\t\t\t\t<p>Rappelons que le programme SMART Train the Trainer se compose de trois \u00e9tapes :<\/p>\n<p style=\"padding-left: 40px;\">1) Le syllabus<br \/>\n2) L&rsquo;\u00e9valuation<br \/>\n3) Le certificat<\/p>\n<p>&nbsp;<\/p>\n<p>Le syllabus, l&rsquo;\u00e9valuation et le certificat vont de pair: Pendant le cours SMART, les participants apprennent de nouvelles m\u00e9thodes pour mieux r\u00e9pondre aux besoins de groupes cibles sp\u00e9cifiques. Dans le cours SMART, les participants \u00e9laborent d\u00e9j\u00e0 leur propre cours, formation ou coaching. Ils pr\u00e9sentent le projet \u00e0 la fin du cours SMART Train the Trainer. Sur la base de l&rsquo;\u00e9valuation, SMART se conclut par une certification. La certification est attribu\u00e9e aux participants qui traitent leurs m\u00e9thodes de mani\u00e8re critique et r\u00e9fl\u00e9chie, qui se consid\u00e8rent comme des apprenants, qui adaptent leurs m\u00e9thodes et qui montrent qu&rsquo;ils sont d\u00e9sireux et capables de s&rsquo;adapter \u00e0 leurs groupes cibles. Le processus d&rsquo;apprentissage est l&rsquo;objectif, et non une formation termin\u00e9e avec des comp\u00e9tences qui pourraient \u00eatre v\u00e9rifi\u00e9es. <span class=\"Apple-converted-space\">\u00a0 \u00a0 \u00a0 \u00a0 \u00a0 \u00a0 \u00a0 \u00a0 \u00a0 \u00a0 \u00a0 \u00a0 \u00a0 \u00a0 \u00a0 \u00a0 \u00a0 \u00a0 \u00a0 \u00a0 \u00a0 \u00a0 \u00a0 \u00a0 \u00a0 \u00a0 \u00a0 \u00a0 \u00a0<\/span><\/p>\n<p>\u201eL&rsquo;outil d&rsquo;\u00e9valuation SMART\u00a0\u00bb fournit des m\u00e9thodes pour \u00e9valuer les r\u00e9sultats d&rsquo;apprentissage, les r\u00e9flexions et les retours d&rsquo;information sur les cours \u00ab\u00a0SMART Train-the-Trainer\u00a0\u00bb.<span class=\"Apple-converted-space\">\u00a0<\/span><\/p>\n<p>Les formations SMART sont propos\u00e9es par des formateurs exp\u00e9riment\u00e9s du secteur de la radio et de la radiodiffusion \u00e0 l&rsquo;intention des formateurs qui souhaitent approfondir leurs connaissances, \u00e9largir leurs groupes cibles et s&rsquo;adapter \u00e0 leurs besoins sp\u00e9cifiques et qui ont besoin de m\u00e9thodes suppl\u00e9mentaires.<\/p>\n<p>L&rsquo;\u00e9valuation accompagne les formateurs et les formateurs d&rsquo;apprentissage (appel\u00e9s par la suite \u00ab\u00a0participants\u00a0\u00bb) pendant les cours. Plus important encore, l&rsquo;\u00e9valuation n&rsquo;est pas un outil de test, qui d\u00e9cide de l&rsquo;\u00e9chec ou du succ\u00e8s, mais devrait rendre le processus d&rsquo;apprentissage visible et r\u00e9fl\u00e9chi.<\/p>\n<p>Dans le cadre des cours SMART Train the Trainer, nous parlons de \u00ab\u00a0formateurs\u00a0\u00bb en tant que facilitateurs de formations pour les \u00ab\u00a0formateurs d&rsquo;apprentissage\u00a0\u00bb, qui souhaitent proposer des formations, des coachings ou des cours \u00e0 des groupes cibles sensibles ayant des besoins sp\u00e9cifiques.<span class=\"Apple-converted-space\">\u00a0<\/span><\/p>\n<p>Nous nous attendons \u00e0 davantage de d\u00e9fis et d&rsquo;exigences lorsque nous proposons des ateliers pour les femmes migrantes: les circonstances de vie expos\u00e9es doivent \u00eatre prises en compte. Une attention particuli\u00e8re est accord\u00e9e aux comp\u00e9tences suppl\u00e9mentaires pour faire face \u00e0 des circonstances de vie difficiles. Les r\u00e9fugi\u00e9s peuvent avoir subi des traumatismes. Ils doivent passer par des proc\u00e9dures d&rsquo;asile. Ils sont \u00e0 la recherche d&rsquo;un emploi ou dans des camps et ont des libert\u00e9s limit\u00e9es. Ils ne savent pas s&rsquo;ils peuvent \u00eatre autoris\u00e9s \u00e0 rester et ce que le lendemain leur r\u00e9serve.<\/p>\n<p>Les personnes malvoyantes peuvent avoir besoin d&rsquo;aides \u00e0 l&rsquo;orientation sp\u00e9ciales sur la radio et d&rsquo;\u00e9tiquettes sur les \u00e9quipements techniques. Au lieu de m\u00e9thodes visuelles, des formes haptiques d&rsquo;apprentissage sont n\u00e9cessaires. Le d\u00e9placement vers la radio ou le lieu d&rsquo;apprentissage devra \u00e9galement \u00eatre clarifi\u00e9 \u00e0 l&rsquo;avance afin de pouvoir participer au cours sans obstacles.<span class=\"Apple-converted-space\">\u00a0<\/span><\/p>\n<p>Pour les personnes ayant des difficult\u00e9s d&rsquo;apprentissage, il faudra tenir compte de la capacit\u00e9 d&rsquo;attention. Les unit\u00e9s d&rsquo;apprentissage seront plus courtes, dans un langage simple, r\u00e9p\u00e9titives et pratiques plut\u00f4t que th\u00e9oriques.<span class=\"Apple-converted-space\">\u00a0<\/span><\/p>\n<p>Mais les m\u00e9thodes SMART sont \u00e9galement destin\u00e9es \u00e0 d\u00e9velopper tout autre atelier radio! Avec SMART, nous voulons transmettre une qualit\u00e9 d&rsquo;apprentissage orient\u00e9e vers les processus, la participation, la r\u00e9flexion, le d\u00e9veloppement dialogique du contenu de l&rsquo;apprentissage et l&rsquo;acquisition pratique de comp\u00e9tences.<\/p>\n<p>SMART est destin\u00e9 \u00e0 former des formateurs exp\u00e9riment\u00e9s et nouveaux, des multiplicateurs et \u00e0 \u00e9largir notre propre didactique. En outre, les m\u00e9thodes SMART seront \u00e9galement disponibles en ligne comme une bo\u00eete \u00e0 outils de m\u00e9thodes pour rendre la formation et le coaching radio plus vari\u00e9s.<\/p>\n<p>L&rsquo;\u00e9valuation accompagne les ateliers de formation des formateurs en tant que m\u00e9thode d&rsquo;assurance qualitative et de retour d&rsquo;information pour rendre les processus d&rsquo;apprentissage compr\u00e9hensibles.<\/p>\n<p>Les outils d&rsquo;\u00e9valuation sont simples, car nous voulions que l&rsquo;effort soit faible et encourager la r\u00e9flexion et la discussion.<span class=\"Apple-converted-space\">\u00a0<\/span><\/p>\n<p>En outre, les outils d&rsquo;\u00e9valuation sont adaptables aux cours sur place ou en ligne, selon les besoins. <span class=\"Apple-converted-space\">\u00a0<\/span><\/p>\n<p>Derni\u00e8re remarque \u00e0 la fin du d\u00e9but: SMART n&rsquo;est pas un programme fixe, mais est adapt\u00e9 de cours en cours par les formateurs et les participants. L&rsquo;\u00e9valuation favorise l&rsquo;exp\u00e9rience d&rsquo;apprentissage et repr\u00e9sente l&rsquo;attitude de la radio libre selon laquelle nous sommes toujours en train d&rsquo;apprendre, surtout lorsque nous nous formons. <span class=\"Apple-converted-space\">\u00a0 \u00a0 \u00a0 \u00a0 \u00a0 \u00a0 \u00a0 \u00a0 \u00a0 \u00a0 \u00a0<\/span><\/p>\n<p>Note sur la formulation: nous appelons l&rsquo;ensemble de la conf\u00e9rence SMART Train the Trainer un \u00ab\u00a0cours\u00a0\u00bb qui consiste en des \u00ab\u00a0ateliers\u00a0\u00bb particuliers!<span class=\"Apple-converted-space\">\u00a0<\/span><\/p>\n<p>Note sur la participation: Il est fortement recommand\u00e9 de participer \u00e0 tous les ateliers et de n&rsquo;en manquer aucun, en raison de l&rsquo;approche int\u00e9gr\u00e9e du cours.<\/p>\n<p>Note sur la r\u00e9ussite de l&rsquo;apprentissage, et non des tests: SMART est un cours de \u00ab\u00a0formation des formateurs\u00a0\u00bb tr\u00e8s communicatif. Nous sommes tous des apprenants, des animateurs et des participants. Le succ\u00e8s de SMART d\u00e9pend de la volont\u00e9 d&rsquo;apprendre, d&rsquo;adopter et de communiquer. Le certificat final repr\u00e9sente cette approche d&rsquo;apprentissage et de retour d&rsquo;information ax\u00e9e sur le processus. L&rsquo;\u00e9valuation SMART est compos\u00e9e de six domaines d&rsquo;interrogation: un concernant les formateurs, cinq concernant les apprenants-formateurs (appel\u00e9s par la suite \u00ab\u00a0participants\u00a0\u00bb).<\/p>\n\t\t\t\t\t\t<\/div>\n\t\t\t\t<\/div>\n\t\t\t\t\t<\/div>\n\t\t<\/div>\n\t\t\t\t\t\t\t<\/div>\n\t\t<\/section>\n\t\t\t\t<section data-particle_enable=\"false\" data-particle-mobile-disabled=\"false\" class=\"elementor-section elementor-top-section elementor-element elementor-element-07ff2f6 elementor-section-boxed elementor-section-height-default elementor-section-height-default\" data-id=\"07ff2f6\" data-element_type=\"section\">\n\t\t\t\t\t\t<div class=\"elementor-container elementor-column-gap-default\">\n\t\t\t\t\t<div class=\"elementor-column elementor-col-100 elementor-top-column elementor-element elementor-element-1b1aea1\" data-id=\"1b1aea1\" data-element_type=\"column\">\n\t\t\t<div class=\"elementor-widget-wrap elementor-element-populated\">\n\t\t\t\t\t\t\t\t<div class=\"elementor-element elementor-element-8eb43d2 elementor-widget elementor-widget-text-editor\" data-id=\"8eb43d2\" data-element_type=\"widget\" data-widget_type=\"text-editor.default\">\n\t\t\t\t<div class=\"elementor-widget-container\">\n\t\t\t\t\t\t\t<p><b>Pour les Trainers<\/b><\/p>\n<ul>\n<li><b> <\/b>Trainers Protocols<b><br \/>\n<\/b><\/li>\n<\/ul>\n<p><b>Pour les Participants (\u201eLearning Trainers\u201c)<\/b><\/p>\n<ul>\n<li>\u00a0L&rsquo;auto-\u00e9valuation<\/li>\n<li>Le \u00ab\u00a0papier d&rsquo;une minute\u00a0\u00bb<\/li>\n<li>Le \u00ab\u00a0Journal de l&rsquo;apprenant\u00a0\u00bb<\/li>\n<li>La pr\u00e9sentation de l&rsquo;atelier<\/li>\n<li>La discussion finale avec feedback<\/li>\n<\/ul>\n\t\t\t\t\t\t<\/div>\n\t\t\t\t<\/div>\n\t\t\t\t\t<\/div>\n\t\t<\/div>\n\t\t\t\t\t\t\t<\/div>\n\t\t<\/section>\n\t\t\t\t<section data-particle_enable=\"false\" data-particle-mobile-disabled=\"false\" class=\"elementor-section elementor-top-section elementor-element elementor-element-7675c3e elementor-section-boxed elementor-section-height-default elementor-section-height-default\" data-id=\"7675c3e\" data-element_type=\"section\">\n\t\t\t\t\t\t<div class=\"elementor-container elementor-column-gap-default\">\n\t\t\t\t\t<div class=\"elementor-column elementor-col-100 elementor-top-column elementor-element elementor-element-5afbe47\" data-id=\"5afbe47\" data-element_type=\"column\">\n\t\t\t<div class=\"elementor-widget-wrap elementor-element-populated\">\n\t\t\t\t\t\t\t\t<div class=\"elementor-element elementor-element-ecfbd18 elementor-widget elementor-widget-text-editor\" data-id=\"ecfbd18\" data-element_type=\"widget\" data-widget_type=\"text-editor.default\">\n\t\t\t\t<div class=\"elementor-widget-container\">\n\t\t\t\t\t\t\t<p>Chaque outil d&rsquo;\u00e9valuation est utilis\u00e9 dans des phases sp\u00e9cifiques, questionnant diff\u00e9rents contextes. L&rsquo;objectif de l&rsquo;\u00e9valuation est de promouvoir les d\u00e9clarations comme base de discussion entre les formateurs et les participants.<span class=\"Apple-converted-space\">\u00a0<\/span><\/p>\n<p>SMART ne veut pas seulement transmettre des m\u00e9thodes, mais aussi une approche de la mani\u00e8re dont les formateurs traitent avec leurs groupes cibles.<span class=\"Apple-converted-space\">\u00a0<\/span><\/p>\n<p>Les qualit\u00e9s essentielles sont celles qui sont demand\u00e9es dans l&rsquo;auto-\u00e9valuation. Elles ne peuvent pas \u00eatre test\u00e9es ou mesur\u00e9es. Elles apparaissent dans les conversations, les discussions, le comportement, c&rsquo;est-\u00e0-dire dans les donn\u00e9es qualitatives et non dans les donn\u00e9es quantitatives.<span class=\"Apple-converted-space\">\u00a0<\/span><\/p>\n<p>Ce serait une contradiction avec SMART si nous avions d\u00e9velopp\u00e9 une proc\u00e9dure de test qui avait pour but un test que l&rsquo;on pouvait r\u00e9ussir ou \u00e9chouer.<span class=\"Apple-converted-space\">\u00a0<\/span><\/p>\n<p>Au contraire, les formateurs et les participants aux formations SMART se livrent eux-m\u00eames \u00e0 une r\u00e9flexion, un auto-examen, pour voir si leurs demandes r\u00e9pondent aux besoins des groupes cibles. Toutefois, cette v\u00e9rification n&rsquo;est pas possible par le biais de proc\u00e9dures de test rigides et de questionnaires fixes, mais par le biais de discussions au sein du groupe, o\u00f9 tous les participants contribuent et discutent de leurs exp\u00e9riences, de leurs connaissances.<span class=\"Apple-converted-space\">\u00a0<\/span><\/p>\n<p>Tout outil d&rsquo;\u00e9valuation SMART repose sur le retour d&rsquo;information et la volont\u00e9 d&rsquo;\u00e9couter, d&rsquo;adapter, de vouloir apprendre, de r\u00e9pondre aux besoins.<span class=\"Apple-converted-space\">\u00a0<\/span><\/p>\n<p>L&rsquo;\u00e9chec d&rsquo;un cours SMART signifierait qu&rsquo;il n&rsquo;y a pas de volont\u00e9, pas d&rsquo;apprentissage par le biais du feedback.<\/p>\n<p>Le succ\u00e8s ou l&rsquo;\u00e9chec ne serait alors pas \u00e9vident par l&rsquo;\u00e9chec \u00e0 un test, mais dans la pratique, confirm\u00e9 par les personnes participant au cours et finalement aussi dans la connaissance de soi.<\/p>\n<p>SMART commence par les comp\u00e9tences pratiques de tous les jours qui sont particuli\u00e8rement n\u00e9cessaires dans les radios libres et communautaires, comme l&rsquo;\u00e9coute, la r\u00e9ponse aux besoins, la communication claire, les comp\u00e9tences en mati\u00e8re de retour d&rsquo;information et de communication non violente, l&rsquo;appr\u00e9ciation, l&rsquo;animation de groupes et la gestion des conflits, etc.<span class=\"Apple-converted-space\">\u00a0<\/span><\/p>\n<p>\u00c0 partir de l\u00e0, les m\u00e9thodes SMART peuvent \u00eatre utilis\u00e9es pour r\u00e9pondre encore mieux aux besoins sp\u00e9cifiques de nos groupes cibles.<\/p>\n<p>Les m\u00e9thodes SMART sont efficaces lorsqu&rsquo;elles sont utilis\u00e9es avec une bonne pr\u00e9paration du groupe cible et des ateliers bien con\u00e7us.<\/p>\n\t\t\t\t\t\t<\/div>\n\t\t\t\t<\/div>\n\t\t\t\t\t<\/div>\n\t\t<\/div>\n\t\t\t\t\t\t\t<\/div>\n\t\t<\/section>\n\t\t\t\t\t\t\t<\/div>\n\t\t","protected":false},"excerpt":{"rendered":"<p>Rappelons que le programme SMART Train the Trainer se compose de trois \u00e9tapes : 1) Le syllabus 2) L&rsquo;\u00e9valuation 3) Le certificat &nbsp; Le syllabus, l&rsquo;\u00e9valuation et le certificat vont de pair: Pendant le cours SMART, les participants apprennent de nouvelles m\u00e9thodes pour mieux r\u00e9pondre aux besoins de groupes cibles sp\u00e9cifiques. Dans le cours SMART, &hellip; <a href=\"https:\/\/smart.radiotraining.eu\/fr\/trainer\/methodes-devaluation\/introduction\/\">Continued<\/a><\/p>\n","protected":false},"author":13,"featured_media":0,"parent":5005,"menu_order":0,"comment_status":"closed","ping_status":"closed","template":"views\/page-no_sidebar.blade.php","meta":[],"acf":[],"_links":{"self":[{"href":"https:\/\/smart.radiotraining.eu\/fr\/wp-json\/wp\/v2\/pages\/5723"}],"collection":[{"href":"https:\/\/smart.radiotraining.eu\/fr\/wp-json\/wp\/v2\/pages"}],"about":[{"href":"https:\/\/smart.radiotraining.eu\/fr\/wp-json\/wp\/v2\/types\/page"}],"author":[{"embeddable":true,"href":"https:\/\/smart.radiotraining.eu\/fr\/wp-json\/wp\/v2\/users\/13"}],"replies":[{"embeddable":true,"href":"https:\/\/smart.radiotraining.eu\/fr\/wp-json\/wp\/v2\/comments?post=5723"}],"version-history":[{"count":1,"href":"https:\/\/smart.radiotraining.eu\/fr\/wp-json\/wp\/v2\/pages\/5723\/revisions"}],"predecessor-version":[{"id":5724,"href":"https:\/\/smart.radiotraining.eu\/fr\/wp-json\/wp\/v2\/pages\/5723\/revisions\/5724"}],"up":[{"embeddable":true,"href":"https:\/\/smart.radiotraining.eu\/fr\/wp-json\/wp\/v2\/pages\/5005"}],"wp:attachment":[{"href":"https:\/\/smart.radiotraining.eu\/fr\/wp-json\/wp\/v2\/media?parent=5723"}],"curies":[{"name":"wp","href":"https:\/\/api.w.org\/{rel}","templated":true}]}}