{"id":5727,"date":"2022-01-19T22:21:26","date_gmt":"2022-01-19T20:21:26","guid":{"rendered":"https:\/\/smart.radiotraining.eu\/trainer\/certificat\/"},"modified":"2022-01-19T22:21:27","modified_gmt":"2022-01-19T20:21:27","slug":"certificat","status":"publish","type":"page","link":"https:\/\/smart.radiotraining.eu\/fr\/trainer\/certificat\/","title":{"rendered":"Certificat"},"content":{"rendered":"\t\t<div data-elementor-type=\"wp-page\" data-elementor-id=\"5727\" class=\"elementor elementor-5727 elementor-5377\">\n\t\t\t\t\t\t\t\t\t<section data-particle_enable=\"false\" data-particle-mobile-disabled=\"false\" class=\"elementor-section elementor-top-section elementor-element elementor-element-e3a9b33 elementor-section-boxed elementor-section-height-default elementor-section-height-default\" data-id=\"e3a9b33\" data-element_type=\"section\">\n\t\t\t\t\t\t<div class=\"elementor-container elementor-column-gap-default\">\n\t\t\t\t\t<div class=\"elementor-column elementor-col-100 elementor-top-column elementor-element elementor-element-264bafff\" data-id=\"264bafff\" data-element_type=\"column\">\n\t\t\t<div class=\"elementor-widget-wrap elementor-element-populated\">\n\t\t\t\t\t\t\t\t<div class=\"elementor-element elementor-element-69abf670 elementor-widget elementor-widget-text-editor\" data-id=\"69abf670\" data-element_type=\"widget\" data-widget_type=\"text-editor.default\">\n\t\t\t\t<div class=\"elementor-widget-container\">\n\t\t\t<style>\/*! elementor - v3.11.4 - 12-03-2023 *\/\n.elementor-widget-text-editor.elementor-drop-cap-view-stacked .elementor-drop-cap{background-color:#818a91;color:#fff}.elementor-widget-text-editor.elementor-drop-cap-view-framed .elementor-drop-cap{color:#818a91;border:3px solid;background-color:transparent}.elementor-widget-text-editor:not(.elementor-drop-cap-view-default) .elementor-drop-cap{margin-top:8px}.elementor-widget-text-editor:not(.elementor-drop-cap-view-default) .elementor-drop-cap-letter{width:1em;height:1em}.elementor-widget-text-editor .elementor-drop-cap{float:left;text-align:center;line-height:1;font-size:50px}.elementor-widget-text-editor .elementor-drop-cap-letter{display:inline-block}<\/style>\t\t\t\t<h2>Certificat SMART disponible pour les formateurs en m\u00e9dias communautaires<\/h2>\n<p>Pour renforcer la qualit\u00e9 et la port\u00e9e de la formation dispens\u00e9e chaque jour dans les m\u00e9dias communautaires et par les institutions de formation aux m\u00e9dias communautaires dans toute l&rsquo;Europe, les partenaires \u00e0 l&rsquo;origine de l&rsquo;outil en ligne SMART ont cr\u00e9\u00e9 une formation pour les formateurs. Cette formation permet au formateur en m\u00e9dias communautaires d&rsquo;utiliser efficacement les outils SMART, tout en les adaptant aux besoins sp\u00e9cifiques du groupe particulier qu&rsquo;il formera, qu&rsquo;il s&rsquo;agisse d&rsquo;immigrants, de personnes ayant des besoins sp\u00e9cifiques, de groupes d&rsquo;\u00e2ge particuliers ou de personnes ayant des difficult\u00e9s d&rsquo;apprentissage.<\/p>\n<p>Des outils ont \u00e9t\u00e9 cr\u00e9\u00e9s pour effectuer une \u00e9valuation approfondie de la valeur de la formation dispens\u00e9e, et des certificats sont disponibles pour documenter la formation \u00e0 laquelle les participants ont particip\u00e9. Si tout le monde a acc\u00e8s au mat\u00e9riel de formation et est libre de l&rsquo;utiliser, l&rsquo;acc\u00e8s \u00e0 la d\u00e9livrance des certificats de formation SMART n&rsquo;est accord\u00e9 que par les partenaires SMART. Si vous et votre organisation \u00eates int\u00e9ress\u00e9s par l&rsquo;organisation d&rsquo;une formation certifi\u00e9e, approuv\u00e9e par le Community Media Forum Europe (CMFE) et l&rsquo;AMARC Europe avec les partenaires SMART, vous pouvez contacter l&rsquo;un des partenaires de votre r\u00e9gion d&rsquo;Europe pour demander la certification. En pr\u00e9sentant le concept de formation bas\u00e9 sur le programme et les m\u00e9thodes des formateurs SMART \u00e0 l&rsquo;un des partenaires, la prestation certifi\u00e9e des cours de formation des formateurs SMART peut alors avoir lieu et les participants peuvent recevoir le certificat apr\u00e8s avoir r\u00e9ussi les cours.<\/p>\n<p>&nbsp;<\/p>\n\t\t\t\t\t\t<\/div>\n\t\t\t\t<\/div>\n\t\t\t\t\t<\/div>\n\t\t<\/div>\n\t\t\t\t\t\t\t<\/div>\n\t\t<\/section>\n\t\t\t\t<section data-particle_enable=\"false\" data-particle-mobile-disabled=\"false\" class=\"elementor-section elementor-top-section elementor-element elementor-element-3484a25c elementor-section-boxed elementor-section-height-default elementor-section-height-default\" data-id=\"3484a25c\" data-element_type=\"section\">\n\t\t\t\t\t\t<div class=\"elementor-container elementor-column-gap-default\">\n\t\t\t\t\t<div class=\"elementor-column elementor-col-100 elementor-top-column elementor-element elementor-element-56a05661\" data-id=\"56a05661\" data-element_type=\"column\">\n\t\t\t<div class=\"elementor-widget-wrap elementor-element-populated\">\n\t\t\t\t\t\t\t\t<div class=\"elementor-element elementor-element-186782ce elementor-widget elementor-widget-image\" data-id=\"186782ce\" data-element_type=\"widget\" data-widget_type=\"image.default\">\n\t\t\t\t<div class=\"elementor-widget-container\">\n\t\t\t<style>\/*! elementor - v3.11.4 - 12-03-2023 *\/\n.elementor-widget-image{text-align:center}.elementor-widget-image a{display:inline-block}.elementor-widget-image a img[src$=\".svg\"]{width:48px}.elementor-widget-image img{vertical-align:middle;display:inline-block}<\/style>\t\t\t\t\t\t\t\t\t\t\t\t<img decoding=\"async\" width=\"1024\" height=\"724\" src=\"https:\/\/smart.radiotraining.eu\/wp-content\/uploads\/2022\/01\/SMART-training-certificate-form-1024x724.jpg\" class=\"attachment-large size-large wp-image-5294\" alt=\"\" loading=\"lazy\" srcset=\"https:\/\/smart.radiotraining.eu\/wp-content\/uploads\/2022\/01\/SMART-training-certificate-form-1024x724.jpg 1024w, https:\/\/smart.radiotraining.eu\/wp-content\/uploads\/2022\/01\/SMART-training-certificate-form-300x212.jpg 300w, https:\/\/smart.radiotraining.eu\/wp-content\/uploads\/2022\/01\/SMART-training-certificate-form-768x543.jpg 768w, https:\/\/smart.radiotraining.eu\/wp-content\/uploads\/2022\/01\/SMART-training-certificate-form-1536x1085.jpg 1536w, https:\/\/smart.radiotraining.eu\/wp-content\/uploads\/2022\/01\/SMART-training-certificate-form-2048x1447.jpg 2048w\" sizes=\"(max-width: 1024px) 100vw, 1024px\" \/>\t\t\t\t\t\t\t\t\t\t\t\t\t\t\t<\/div>\n\t\t\t\t<\/div>\n\t\t\t\t\t<\/div>\n\t\t<\/div>\n\t\t\t\t\t\t\t<\/div>\n\t\t<\/section>\n\t\t\t\t\t\t\t<\/div>\n\t\t","protected":false},"excerpt":{"rendered":"<p>Certificat SMART disponible pour les formateurs en m\u00e9dias communautaires Pour renforcer la qualit\u00e9 et la port\u00e9e de la formation dispens\u00e9e chaque jour dans les m\u00e9dias communautaires et par les institutions de formation aux m\u00e9dias communautaires dans toute l&rsquo;Europe, les partenaires \u00e0 l&rsquo;origine de l&rsquo;outil en ligne SMART ont cr\u00e9\u00e9 une formation pour les formateurs. Cette &hellip; <a href=\"https:\/\/smart.radiotraining.eu\/fr\/trainer\/certificat\/\">Continued<\/a><\/p>\n","protected":false},"author":13,"featured_media":0,"parent":4797,"menu_order":0,"comment_status":"closed","ping_status":"closed","template":"views\/page-no_sidebar.blade.php","meta":[],"acf":[],"_links":{"self":[{"href":"https:\/\/smart.radiotraining.eu\/fr\/wp-json\/wp\/v2\/pages\/5727"}],"collection":[{"href":"https:\/\/smart.radiotraining.eu\/fr\/wp-json\/wp\/v2\/pages"}],"about":[{"href":"https:\/\/smart.radiotraining.eu\/fr\/wp-json\/wp\/v2\/types\/page"}],"author":[{"embeddable":true,"href":"https:\/\/smart.radiotraining.eu\/fr\/wp-json\/wp\/v2\/users\/13"}],"replies":[{"embeddable":true,"href":"https:\/\/smart.radiotraining.eu\/fr\/wp-json\/wp\/v2\/comments?post=5727"}],"version-history":[{"count":1,"href":"https:\/\/smart.radiotraining.eu\/fr\/wp-json\/wp\/v2\/pages\/5727\/revisions"}],"predecessor-version":[{"id":5728,"href":"https:\/\/smart.radiotraining.eu\/fr\/wp-json\/wp\/v2\/pages\/5727\/revisions\/5728"}],"up":[{"embeddable":true,"href":"https:\/\/smart.radiotraining.eu\/fr\/wp-json\/wp\/v2\/pages\/4797"}],"wp:attachment":[{"href":"https:\/\/smart.radiotraining.eu\/fr\/wp-json\/wp\/v2\/media?parent=5727"}],"curies":[{"name":"wp","href":"https:\/\/api.w.org\/{rel}","templated":true}]}}