{"id":3238,"date":"2019-05-29T07:45:38","date_gmt":"2019-05-29T05:45:38","guid":{"rendered":"https:\/\/smart.radiotraining.eu\/bemutatkozik-a-s-m-a-r-t\/"},"modified":"2022-01-18T13:21:58","modified_gmt":"2022-01-18T11:21:58","slug":"bemutatkozik-a-s-m-a-r-t","status":"publish","type":"page","link":"https:\/\/smart.radiotraining.eu\/hu\/bemutatkozik-a-s-m-a-r-t\/","title":{"rendered":"Bemutatkozik a S.M.A.R.T."},"content":{"rendered":"<p>A SMART egy r\u00e1di\u00f3s k\u00e9pz\u00e9s \u00f6ssze\u00e1ll\u00edt\u00e1s\u00e1ban ny\u00fajt seg\u00edts\u00e9get, els\u0151sorban k\u00f6z\u00f6ss\u00e9gi r\u00e1di\u00f3sok sz\u00e1m\u00e1ra. Azokat a k\u00e9pz\u00e9si gyakorlatokat gy\u0171jt\u00f6tt\u00fck \u00f6ssze, amelyek a k\u00f6z\u00f6ss\u00e9gi r\u00e1di\u00f3k sz\u00e1m\u00e1ra lehetnek relev\u00e1nsak. Ezeket a k\u00e9pz\u00e9si egys\u00e9geket a k\u00e9s\u0151bbiek sor\u00e1n a k\u00fcl\u00f6nleges, speci\u00e1lis ig\u00e9ny\u0171 csoportok k\u00e9pz\u00e9si ig\u00e9nyeihez alak\u00edtottuk, \u00e9ppen ez\u00e9rt gyakorlataink felhaszn\u00e1lhat\u00f3ak a vakok- \u00e9s gyeng\u00e9nl\u00e1t\u00f3k, a tanul\u00e1si neh\u00e9zs\u00e9gekkel k\u00fczd\u0151k, valamint a migr\u00e1ns n\u0151k m\u00e9diak\u00e9pz\u00e9s\u00e9ben is. A SMART projektben azokra a speci\u00e1lis tr\u00e9ning-helyzetekre, illetve k\u00fcl\u00f6nleges k\u00e9pz\u00e9si keretekre f\u00f3kusz\u00e1ltunk, amelyek a k\u00f6z\u00f6ss\u00e9gi m\u00e9di\u00e1ban am\u00fagy is megszokottak.<\/p>\n<p>Mi a k\u00e9pz\u00e9s c\u00e9lja, mennyi r\u00e9sztvev\u0151nk van, mennyi id\u0151 \u00e1ll rendelkez\u00e9s\u00fcnkre, hol szervezz\u00fck, milyen t\u00e1rgyi felt\u00e9telek adottak? Ezeket a k\u00e9rd\u00e9seket kell minden alkalommal v\u00e9giggondolnunk egy tr\u00e9ning szervez\u00e9sekor. Az oktat\u00f3knak hozz\u00e1f\u00e9r\u00e9st biztos\u00edtunk a SMART \u00e1ltal \u00f6ssze\u00e1ll\u00edtott k\u00e9pz\u00e9si gyakorlatokhoz. A keres\u0151motor lehet\u0151s\u00e9get ny\u00fajt a k\u00fcl\u00f6nb\u00f6z\u0151 ig\u00e9nyeknek megfelel\u0151 gyakorlatok, modulok kiv\u00e1laszt\u00e1s\u00e1ban, hogy k\u00e9pz\u00e9s\u00fcnk illeszkedjen az elv\u00e1r\u00e1sokhoz \u00e9s a kit\u0171z\u00f6tt c\u00e9lokhoz. A gyakorlatokat, k\u00e9pz\u00e9si egys\u00e9geket nemzetk\u00f6zi, a m\u00e9diak\u00e9pz\u00e9sben j\u00e1ratos szakemberek \u00e1ll\u00edtott\u00e1k \u00f6ssze, tesztelt\u00e9k \u00e9s adapt\u00e1lt\u00e1k k\u00fcl\u00f6nb\u00f6z\u0151 csoportok ig\u00e9nyeinek megfeleltetve azokat.<\/p>\n<p><a href=\"https:\/\/smart.radiotraining.eu\/en\/about\/\">+ MORE ABOUT S.M.A.R.T.<br \/>\n<\/a><a href=\"https:\/\/smart.radiotraining.eu\/en\/how-to-use\/\">+ INTRODUCTION &amp; CONSIDERATIONS ABOUT THE\u00a0SEARCH MODUL<\/a><\/p>\n\n<p>PROJEKT PARTNEREK:<\/p>\n\n<div class=\"wp-block-columns has-6-columns is-layout-flex wp-container-7\">\n<div class=\"wp-block-column is-layout-flow\">\n<div class=\"wp-block-image\"><figure class=\"aligncenter size-medium\"><img decoding=\"async\" loading=\"lazy\" src=\"https:\/\/smart.radiotraining.eu\/wp-content\/uploads\/2019\/05\/commit-bw-300x85.jpg\" alt=\"commit-bw\" class=\"wp-image-1741\" width=\"NaN\" height=\"NaN\" srcset=\"https:\/\/smart.radiotraining.eu\/wp-content\/uploads\/2019\/05\/commit-bw-300x85.jpg 300w, https:\/\/smart.radiotraining.eu\/wp-content\/uploads\/2019\/05\/commit-bw.jpg 366w\" sizes=\"(max-width: 300px) 100vw, 300px\" \/><figcaption><a href=\"https:\/\/www.commit.at\/\" target=\"_blank\" rel=\"noreferrer noopener\">COMMIT\/ Austria<\/a><\/figcaption><\/figure><\/div>\n<\/div>\n\n\n\n<div class=\"wp-block-column is-layout-flow\">\n<figure class=\"wp-block-image size-medium\"><img decoding=\"async\" loading=\"lazy\" src=\"https:\/\/smart.radiotraining.eu\/wp-content\/uploads\/2019\/05\/antxeta-bw-300x74.jpg\" alt=\"antxeta-bw\" class=\"wp-image-1742\" width=\"NaN\" height=\"NaN\" srcset=\"https:\/\/smart.radiotraining.eu\/wp-content\/uploads\/2019\/05\/antxeta-bw-300x74.jpg 300w, https:\/\/smart.radiotraining.eu\/wp-content\/uploads\/2019\/05\/antxeta-bw.jpg 366w\" sizes=\"(max-width: 300px) 100vw, 300px\" \/><figcaption><a href=\"https:\/\/www.antxetairratia.com\/\" target=\"_blank\" rel=\"noreferrer noopener\">Antxeta Irratia\/Basque country<\/a><\/figcaption><\/figure><\/div>\n\n\n\n<div class=\"wp-block-column is-layout-flow\">\n<figure class=\"wp-block-image size-medium\"><img decoding=\"async\" loading=\"lazy\" src=\"https:\/\/smart.radiotraining.eu\/wp-content\/uploads\/2019\/05\/civilradio-bw-300x65.jpg\" alt=\"civilradio-bw\" class=\"wp-image-1743\" width=\"NaN\" height=\"NaN\" srcset=\"https:\/\/smart.radiotraining.eu\/wp-content\/uploads\/2019\/05\/civilradio-bw-300x65.jpg 300w, https:\/\/smart.radiotraining.eu\/wp-content\/uploads\/2019\/05\/civilradio-bw.jpg 362w\" sizes=\"(max-width: 300px) 100vw, 300px\" \/><figcaption><a href=\"https:\/\/www.civilradio.hu\/index.php\" target=\"_blank\" rel=\"noreferrer noopener\">Civil R\u00e1di\u00f3\/ Hungary<\/a><\/figcaption><\/figure><\/div>\n\n\n\n<div class=\"wp-block-column is-layout-flow\">\n<figure class=\"wp-block-image size-medium\"><img decoding=\"async\" loading=\"lazy\" src=\"https:\/\/smart.radiotraining.eu\/wp-content\/uploads\/2019\/05\/nearfm-bw-300x111.jpg\" alt=\"nearfm-bw\" class=\"wp-image-1744\" width=\"NaN\" height=\"NaN\" srcset=\"https:\/\/smart.radiotraining.eu\/wp-content\/uploads\/2019\/05\/nearfm-bw-300x111.jpg 300w, https:\/\/smart.radiotraining.eu\/wp-content\/uploads\/2019\/05\/nearfm-bw.jpg 366w\" sizes=\"(max-width: 300px) 100vw, 300px\" \/><figcaption><a href=\"https:\/\/nearfm.ie\/\" target=\"_blank\" rel=\"noreferrer noopener\">Near fm \/ Ireland<\/a><\/figcaption><\/figure><\/div>\n\n\n\n<div class=\"wp-block-column is-layout-flow\">\n<figure class=\"wp-block-image size-medium\"><img decoding=\"async\" loading=\"lazy\" src=\"https:\/\/smart.radiotraining.eu\/wp-content\/uploads\/2019\/05\/corax-bw-300x142.jpg\" alt=\"corax-bw\" class=\"wp-image-1745\" width=\"NaN\" height=\"NaN\" srcset=\"https:\/\/smart.radiotraining.eu\/wp-content\/uploads\/2019\/05\/corax-bw-300x142.jpg 300w, https:\/\/smart.radiotraining.eu\/wp-content\/uploads\/2019\/05\/corax-bw.jpg 366w\" sizes=\"(max-width: 300px) 100vw, 300px\" \/><figcaption><a href=\"https:\/\/959.radiocorax.de\/\" target=\"_blank\" rel=\"noreferrer noopener\">Radio Corax\/ Germany<\/a><\/figcaption><\/figure><\/div>\n\n\n\n<div class=\"wp-block-column is-layout-flow\">\n<figure class=\"wp-block-image size-full\"><img decoding=\"async\" loading=\"lazy\" src=\"https:\/\/smart.radiotraining.eu\/wp-content\/uploads\/2019\/05\/logo_klippklang-bw.jpg\" alt=\"logo_klippklang-bw\" class=\"wp-image-1746\" width=\"NaN\" height=\"NaN\"\/><figcaption><a href=\"https:\/\/www.klippklang.ch\/index.php?pid=51&amp;l=de\" target=\"_blank\" rel=\"noreferrer noopener\">klipp+klang<\/a>&#13;\n<a href=\"https:\/\/www.klippklang.ch\/index.php?pid=51&amp;l=de\" target=\"_blank\" rel=\"noreferrer noopener\">Radioschule\/<\/a>&#13;\n<a href=\"https:\/\/www.klippklang.ch\/index.php?pid=51&amp;l=de\" target=\"_blank\" rel=\"noreferrer noopener\">Switzerland<\/a><\/figcaption><\/figure><\/div>\n<\/div>\n\n<div class=\"wp-block-columns has-4-columns is-layout-flex wp-container-12\">\n<div class=\"wp-block-column is-layout-flow\">\n<p><\/p>\n<\/div>\n\n\n\n<div class=\"wp-block-column is-layout-flow\">\n<figure class=\"wp-block-image size-medium\"><img decoding=\"async\" loading=\"lazy\" src=\"https:\/\/smart.radiotraining.eu\/wp-content\/uploads\/2021\/06\/Logo-amarc-300x99.png\" alt=\"\" class=\"wp-image-4594\" width=\"NaN\" height=\"NaN\" srcset=\"https:\/\/smart.radiotraining.eu\/wp-content\/uploads\/2021\/06\/Logo-amarc-300x99.png 300w, https:\/\/smart.radiotraining.eu\/wp-content\/uploads\/2021\/06\/Logo-amarc.png 544w\" sizes=\"(max-width: 300px) 100vw, 300px\" \/><figcaption><a href=\"https:\/\/amarceurope.eu\">AMARC Europe\/Belgium<\/a><\/figcaption><\/figure><\/div>\n\n\n\n<div class=\"wp-block-column is-layout-flow\">\n<figure class=\"wp-block-image size-medium\"><img decoding=\"async\" loading=\"lazy\" src=\"https:\/\/smart.radiotraining.eu\/wp-content\/uploads\/2021\/06\/logo-cmfe-2-300x114.jpg\" alt=\"\" class=\"wp-image-4604\" width=\"NaN\" height=\"NaN\" srcset=\"https:\/\/smart.radiotraining.eu\/wp-content\/uploads\/2021\/06\/logo-cmfe-2-300x114.jpg 300w, https:\/\/smart.radiotraining.eu\/wp-content\/uploads\/2021\/06\/logo-cmfe-2-768x291.jpg 768w, https:\/\/smart.radiotraining.eu\/wp-content\/uploads\/2021\/06\/logo-cmfe-2-1024x388.jpg 1024w, https:\/\/smart.radiotraining.eu\/wp-content\/uploads\/2021\/06\/logo-cmfe-2.jpg 1619w\" sizes=\"(max-width: 300px) 100vw, 300px\" \/><figcaption><a href=\"https:\/\/www.cmfe.eu\">CMFE\/Belgium<\/a><\/figcaption><\/figure>\n\n\n<p><\/p>\n<\/div>\n\n\n\n<div class=\"wp-block-column is-layout-flow\"><\/div>\n<\/div>\n\n<p> T\u00c1MOGATTA<\/p>\n\n<div class=\"wp-block-columns has-2-columns row is-layout-flex wp-container-15\">\n<div class=\"wp-block-column col-sm-3 m-0 is-layout-flow\">\n<figure class=\"wp-block-image size-full\"><img decoding=\"async\" loading=\"lazy\" src=\"https:\/\/smart.radiotraining.eu\/wp-content\/uploads\/2019\/05\/EU_flag_LLP_EN-4.png\" alt=\"EU_flag\" class=\"wp-image-1759\" width=\"NaN\" height=\"NaN\"\/><\/figure><\/div>\n\n\n\n<div class=\"wp-block-column col-sm-9 m-0 is-layout-flow\">\n<p>\nEzt a projektet az Eur\u00f3pai Bizotts\u00e1g t\u00e1mogat\u00e1s\u00e1val finansz\u00edrozt\u00e1k. A kiadv\u00e1ny (kommunik\u00e1ci\u00f3) tartalm\u00e1\u00e9rt a felel\u0151ss\u00e9g a szerz\u0151 kiz\u00e1r\u00f3lagos felel\u0151ss\u00e9ge; a bizotts\u00e1g nem felel az abban foglalt inform\u00e1ci\u00f3k tov\u00e1bbi felhaszn\u00e1l\u00e1s\u00e1\u00e9rt.\n<\/p>\n<\/div>\n<\/div>\n","protected":false},"excerpt":{"rendered":"<p>A SMART egy r\u00e1di\u00f3s k\u00e9pz\u00e9s \u00f6ssze\u00e1ll\u00edt\u00e1s\u00e1ban ny\u00fajt seg\u00edts\u00e9get, els\u0151sorban k\u00f6z\u00f6ss\u00e9gi r\u00e1di\u00f3sok sz\u00e1m\u00e1ra. Azokat a k\u00e9pz\u00e9si gyakorlatokat gy\u0171jt\u00f6tt\u00fck \u00f6ssze, amelyek a k\u00f6z\u00f6ss\u00e9gi r\u00e1di\u00f3k sz\u00e1m\u00e1ra lehetnek relev\u00e1nsak. Ezeket a k\u00e9pz\u00e9si egys\u00e9geket a k\u00e9s\u0151bbiek sor\u00e1n a k\u00fcl\u00f6nleges, speci\u00e1lis ig\u00e9ny\u0171 csoportok k\u00e9pz\u00e9si ig\u00e9nyeihez alak\u00edtottuk, \u00e9ppen ez\u00e9rt gyakorlataink felhaszn\u00e1lhat\u00f3ak a vakok- \u00e9s gyeng\u00e9nl\u00e1t\u00f3k, a tanul\u00e1si neh\u00e9zs\u00e9gekkel k\u00fczd\u0151k, valamint a migr\u00e1ns &hellip; <a href=\"https:\/\/smart.radiotraining.eu\/hu\/bemutatkozik-a-s-m-a-r-t\/\">Continued<\/a><\/p>\n","protected":false},"author":13,"featured_media":0,"parent":0,"menu_order":0,"comment_status":"closed","ping_status":"closed","template":"","meta":[],"acf":[],"_links":{"self":[{"href":"https:\/\/smart.radiotraining.eu\/hu\/wp-json\/wp\/v2\/pages\/3238"}],"collection":[{"href":"https:\/\/smart.radiotraining.eu\/hu\/wp-json\/wp\/v2\/pages"}],"about":[{"href":"https:\/\/smart.radiotraining.eu\/hu\/wp-json\/wp\/v2\/types\/page"}],"author":[{"embeddable":true,"href":"https:\/\/smart.radiotraining.eu\/hu\/wp-json\/wp\/v2\/users\/13"}],"replies":[{"embeddable":true,"href":"https:\/\/smart.radiotraining.eu\/hu\/wp-json\/wp\/v2\/comments?post=3238"}],"version-history":[{"count":3,"href":"https:\/\/smart.radiotraining.eu\/hu\/wp-json\/wp\/v2\/pages\/3238\/revisions"}],"predecessor-version":[{"id":4670,"href":"https:\/\/smart.radiotraining.eu\/hu\/wp-json\/wp\/v2\/pages\/3238\/revisions\/4670"}],"wp:attachment":[{"href":"https:\/\/smart.radiotraining.eu\/hu\/wp-json\/wp\/v2\/media?parent=3238"}],"curies":[{"name":"wp","href":"https:\/\/api.w.org\/{rel}","templated":true}]}}