{"id":3240,"date":"2019-05-29T07:47:59","date_gmt":"2019-05-29T05:47:59","guid":{"rendered":"https:\/\/smart.radiotraining.eu\/keresesi-eredmenyek\/"},"modified":"2022-01-18T13:21:58","modified_gmt":"2022-01-18T11:21:58","slug":"keresesi-eredmenyek","status":"publish","type":"page","link":"https:\/\/smart.radiotraining.eu\/hu\/keresesi-eredmenyek\/","title":{"rendered":"Keres\u00e9si eredm\u00e9nyek"},"content":{"rendered":"<p><div class=\"facetwp-template\" data-name=\"new_template\"><div class=\"fwpl-layout el-amuvu\"><div class=\"fwpl-result r1\"><div class=\"fwpl-row el-6t3cae\"><div class=\"fwpl-col fwpl-col el-vg13me\"><div class=\"fwpl-item el-p83a2o\"><a href=\"https:\/\/smart.radiotraining.eu\/hu\/oetletroham-hangokkal\/\">\u00d6tletroham hangokkal<\/a><\/div><\/div><\/div><\/div><div class=\"fwpl-result r2\"><div class=\"fwpl-row el-6t3cae\"><div class=\"fwpl-col fwpl-col el-vg13me\"><div class=\"fwpl-item el-p83a2o\"><a href=\"https:\/\/smart.radiotraining.eu\/hu\/hallasproba-hogy-hangzik\/\">Hall\u00e1spr\u00f3ba: Hogy hangzik?<\/a><\/div><\/div><\/div><\/div><div class=\"fwpl-result r3\"><div class=\"fwpl-row el-6t3cae\"><div class=\"fwpl-col fwpl-col el-vg13me\"><div class=\"fwpl-item el-p83a2o\"><a href=\"https:\/\/smart.radiotraining.eu\/hu\/ertheto-beszed-kiejtesmod-2\/\">\u00c9rthet\u0151 besz\u00e9d \/ Kiejt\u00e9sm\u00f3d<\/a><\/div><\/div><\/div><\/div><div class=\"fwpl-result r4\"><div class=\"fwpl-row el-6t3cae\"><div class=\"fwpl-col fwpl-col el-vg13me\"><div class=\"fwpl-item el-p83a2o\"><a href=\"https:\/\/smart.radiotraining.eu\/hu\/beszamolo-nyomtatvany-a-radios-munkarol\/\">Besz\u00e1mol\u00f3 nyomtatv\u00e1ny a r\u00e1di\u00f3s munk\u00e1r\u00f3l<\/a><\/div><\/div><\/div><\/div><div class=\"fwpl-result r5\"><div class=\"fwpl-row el-6t3cae\"><div class=\"fwpl-col fwpl-col el-vg13me\"><div class=\"fwpl-item el-p83a2o\"><a href=\"https:\/\/smart.radiotraining.eu\/hu\/adasmenet-jatek\/\">Ad\u00e1smenet j\u00e1t\u00e9k<\/a><\/div><\/div><\/div><\/div><div class=\"fwpl-result r6\"><div class=\"fwpl-row el-6t3cae\"><div class=\"fwpl-col fwpl-col el-vg13me\"><div class=\"fwpl-item el-p83a2o\"><a href=\"https:\/\/smart.radiotraining.eu\/hu\/kesz-musor-prezentalasa-elo-adasban-2\/\">K\u00e9sz m\u0171sor prezent\u00e1l\u00e1sa \u00e9l\u0151 ad\u00e1sban<\/a><\/div><\/div><\/div><\/div><div class=\"fwpl-result r7\"><div class=\"fwpl-row el-6t3cae\"><div class=\"fwpl-col fwpl-col el-vg13me\"><div class=\"fwpl-item el-p83a2o\"><a href=\"https:\/\/smart.radiotraining.eu\/hu\/kepek-leirasa\/\">K\u00e9pek le\u00edr\u00e1sa<\/a><\/div><\/div><\/div><\/div><div class=\"fwpl-result r8\"><div class=\"fwpl-row el-6t3cae\"><div class=\"fwpl-col fwpl-col el-vg13me\"><div class=\"fwpl-item el-p83a2o\"><a href=\"https:\/\/smart.radiotraining.eu\/hu\/radios-stabok\/\">R\u00e1di\u00f3s st\u00e1bok<\/a><\/div><\/div><\/div><\/div><div class=\"fwpl-result r9\"><div class=\"fwpl-row el-6t3cae\"><div class=\"fwpl-col fwpl-col el-vg13me\"><div class=\"fwpl-item el-p83a2o\"><a href=\"https:\/\/smart.radiotraining.eu\/hu\/fedezzuek-fel-a-studiot-2\/\">Fedezz\u00fck fel a st\u00fadi\u00f3t<\/a><\/div><\/div><\/div><\/div><div class=\"fwpl-result r10\"><div class=\"fwpl-row el-6t3cae\"><div class=\"fwpl-col fwpl-col el-vg13me\"><div class=\"fwpl-item el-p83a2o\"><a href=\"https:\/\/smart.radiotraining.eu\/hu\/hogy-hangzik-ez\/\">Hogy hangzik ez?<\/a><\/div><\/div><\/div><\/div><div class=\"fwpl-result r11\"><div class=\"fwpl-row el-6t3cae\"><div class=\"fwpl-col fwpl-col el-vg13me\"><div class=\"fwpl-item el-p83a2o\"><a href=\"https:\/\/smart.radiotraining.eu\/hu\/radios-musorelemek\/\">R\u00e1di\u00f3s m\u0171sorelemek<\/a><\/div><\/div><\/div><\/div><div class=\"fwpl-result r12\"><div class=\"fwpl-row el-6t3cae\"><div class=\"fwpl-col fwpl-col el-vg13me\"><div class=\"fwpl-item el-p83a2o\"><a href=\"https:\/\/smart.radiotraining.eu\/hu\/elvarasok\/\">Elv\u00e1r\u00e1sok<\/a><\/div><\/div><\/div><\/div><div class=\"fwpl-result r13\"><div class=\"fwpl-row el-6t3cae\"><div class=\"fwpl-col fwpl-col el-vg13me\"><div class=\"fwpl-item el-p83a2o\"><a href=\"https:\/\/smart.radiotraining.eu\/hu\/enekelj-veluenk\/\">\u00c9nekelj vel\u00fcnk!<\/a><\/div><\/div><\/div><\/div><div class=\"fwpl-result r14\"><div class=\"fwpl-row el-6t3cae\"><div class=\"fwpl-col fwpl-col el-vg13me\"><div class=\"fwpl-item el-p83a2o\"><a href=\"https:\/\/smart.radiotraining.eu\/hu\/hangvagas-es-szerkesztes\/\">Hangv\u00e1g\u00e1s \u00e9s szerkeszt\u00e9s<\/a><\/div><\/div><\/div><\/div><div class=\"fwpl-result r15\"><div class=\"fwpl-row el-6t3cae\"><div class=\"fwpl-col fwpl-col el-vg13me\"><div class=\"fwpl-item el-p83a2o\"><a href=\"https:\/\/smart.radiotraining.eu\/hu\/hallasproba-ismered-kulcsaid-csoergeset\/\">Hall\u00e1spr\u00f3ba: Ismered kulcsaid cs\u00f6rg\u00e9s\u00e9t?<\/a><\/div><\/div><\/div><\/div><div class=\"fwpl-result r16\"><div class=\"fwpl-row el-6t3cae\"><div class=\"fwpl-col fwpl-col el-vg13me\"><div class=\"fwpl-item el-p83a2o\"><a href=\"https:\/\/smart.radiotraining.eu\/hu\/radios-adasmenet-keszitese\/\">R\u00e1di\u00f3s ad\u00e1smenet k\u00e9sz\u00edt\u00e9se<\/a><\/div><\/div><\/div><\/div><div class=\"fwpl-result r17\"><div class=\"fwpl-row el-6t3cae\"><div class=\"fwpl-col fwpl-col el-vg13me\"><div class=\"fwpl-item el-p83a2o\"><a href=\"https:\/\/smart.radiotraining.eu\/hu\/hirmagazin\/\">H\u00edrmagazin<\/a><\/div><\/div><\/div><\/div><div class=\"fwpl-result r18\"><div class=\"fwpl-row el-6t3cae\"><div class=\"fwpl-col fwpl-col el-vg13me\"><div class=\"fwpl-item el-p83a2o\"><a href=\"https:\/\/smart.radiotraining.eu\/hu\/hirek\/\">H\u00edrek<\/a><\/div><\/div><\/div><\/div><div class=\"fwpl-result r19\"><div class=\"fwpl-row el-6t3cae\"><div class=\"fwpl-col fwpl-col el-vg13me\"><div class=\"fwpl-item el-p83a2o\"><a href=\"https:\/\/smart.radiotraining.eu\/hu\/hogyan-beszeljuenk-a-mikrofonba\/\">Hogyan besz\u00e9lj\u00fcnk a mikrofonba?<\/a><\/div><\/div><\/div><\/div><div class=\"fwpl-result r20\"><div class=\"fwpl-row el-6t3cae\"><div class=\"fwpl-col fwpl-col el-vg13me\"><div class=\"fwpl-item el-p83a2o\"><a href=\"https:\/\/smart.radiotraining.eu\/hu\/tudositas-helyszini-hangokkal-riport-vagasa-szerkesztese\/\">Tud\u00f3s\u00edt\u00e1s helysz\u00edni hangokkal, riport v\u00e1g\u00e1sa, szerkeszt\u00e9se<\/a><\/div><\/div><\/div><\/div><div class=\"fwpl-result r21\"><div class=\"fwpl-row el-6t3cae\"><div class=\"fwpl-col fwpl-col el-vg13me\"><div class=\"fwpl-item el-p83a2o\"><a href=\"https:\/\/smart.radiotraining.eu\/hu\/zenei-imazs-lejatszolistak-dj-musor\/\">Zenei im\u00e1zs, lej\u00e1tsz\u00f3list\u00e1k, Dj m\u0171sor<\/a><\/div><\/div><\/div><\/div><div class=\"fwpl-result r22\"><div class=\"fwpl-row el-6t3cae\"><div class=\"fwpl-col fwpl-col el-vg13me\"><div class=\"fwpl-item el-p83a2o\"><a href=\"https:\/\/smart.radiotraining.eu\/hu\/jelzofeny\/\">Jelz\u0151f\u00e9ny<\/a><\/div><\/div><\/div><\/div><div class=\"fwpl-result r23\"><div class=\"fwpl-row el-6t3cae\"><div class=\"fwpl-col fwpl-col el-vg13me\"><div class=\"fwpl-item el-p83a2o\"><a href=\"https:\/\/smart.radiotraining.eu\/hu\/miki-van-a-dobozban\/\">Mi\/Ki van a dobozban?<\/a><\/div><\/div><\/div><\/div><div class=\"fwpl-result r24\"><div class=\"fwpl-row el-6t3cae\"><div class=\"fwpl-col fwpl-col el-vg13me\"><div class=\"fwpl-item el-p83a2o\"><a href=\"https:\/\/smart.radiotraining.eu\/hu\/kontroll-alatt-tartott-parbeszed\/\">Kontroll alatt tartott p\u00e1rbesz\u00e9d<\/a><\/div><\/div><\/div><\/div><div class=\"fwpl-result r25\"><div class=\"fwpl-row el-6t3cae\"><div class=\"fwpl-col fwpl-col el-vg13me\"><div class=\"fwpl-item el-p83a2o\"><a href=\"https:\/\/smart.radiotraining.eu\/hu\/radios-csomag-es-szignalok\/\">R\u00e1di\u00f3s csomag \u00e9s szign\u00e1lok<\/a><\/div><\/div><\/div><\/div><div class=\"fwpl-result r26\"><div class=\"fwpl-row el-6t3cae\"><div class=\"fwpl-col fwpl-col el-vg13me\"><div class=\"fwpl-item el-p83a2o\"><a href=\"https:\/\/smart.radiotraining.eu\/hu\/interju-felvevo-eszkoezoek-vagas-es-szerkesztes\/\">Interj\u00fa, felvev\u0151 eszk\u00f6z\u00f6k, v\u00e1g\u00e1s \u00e9s szerkeszt\u00e9s<\/a><\/div><\/div><\/div><\/div><div class=\"fwpl-result r27\"><div class=\"fwpl-row el-6t3cae\"><div class=\"fwpl-col fwpl-col el-vg13me\"><div class=\"fwpl-item el-p83a2o\"><a href=\"https:\/\/smart.radiotraining.eu\/hu\/kutatas-es-interju-keszites\/\">Kutat\u00e1s \u00e9s interj\u00fa k\u00e9sz\u00edt\u00e9s<\/a><\/div><\/div><\/div><\/div><div class=\"fwpl-result r28\"><div class=\"fwpl-row el-6t3cae\"><div class=\"fwpl-col fwpl-col el-vg13me\"><div class=\"fwpl-item el-p83a2o\"><a href=\"https:\/\/smart.radiotraining.eu\/hu\/koezoessegi-radios-elvek-az-interjukeszitesnel\/\">K\u00f6z\u00f6ss\u00e9gi r\u00e1di\u00f3s elvek az interj\u00fak\u00e9sz\u00edt\u00e9sn\u00e9l<\/a><\/div><\/div><\/div><\/div><div class=\"fwpl-result r29\"><div class=\"fwpl-row el-6t3cae\"><div class=\"fwpl-col fwpl-col el-vg13me\"><div class=\"fwpl-item el-p83a2o\"><a href=\"https:\/\/smart.radiotraining.eu\/hu\/az-interjuk-elokeszitese\/\">Az interj\u00fak el\u0151k\u00e9sz\u00edt\u00e9se<\/a><\/div><\/div><\/div><\/div><div class=\"fwpl-result r30\"><div class=\"fwpl-row el-6t3cae\"><div class=\"fwpl-col fwpl-col el-vg13me\"><div class=\"fwpl-item el-p83a2o\"><a href=\"https:\/\/smart.radiotraining.eu\/hu\/koezoessegi-media-es-koezoessegfejlesztes\/\">K\u00f6z\u00f6ss\u00e9gi m\u00e9dia \u00e9s k\u00f6z\u00f6ss\u00e9gfejleszt\u00e9s<\/a><\/div><\/div><\/div><\/div><\/div>\n<style>\n.fwpl-layout, .fwpl-row {\n    display: grid;\n}\n.fwpl-layout.el-amuvu {\n    grid-template-columns: repeat(1, 1fr);\n    grid-gap: 10px;\n}\n.fwpl-row.el-6t3cae {\n    grid-template-columns: 1fr;\n}\n<\/style>\n<\/div><br \/>\n<div class=\"facetwp-pager\"><\/div><\/p>\n","protected":false},"excerpt":{"rendered":"","protected":false},"author":13,"featured_media":0,"parent":0,"menu_order":0,"comment_status":"closed","ping_status":"closed","template":"","meta":[],"acf":[],"_links":{"self":[{"href":"https:\/\/smart.radiotraining.eu\/hu\/wp-json\/wp\/v2\/pages\/3240"}],"collection":[{"href":"https:\/\/smart.radiotraining.eu\/hu\/wp-json\/wp\/v2\/pages"}],"about":[{"href":"https:\/\/smart.radiotraining.eu\/hu\/wp-json\/wp\/v2\/types\/page"}],"author":[{"embeddable":true,"href":"https:\/\/smart.radiotraining.eu\/hu\/wp-json\/wp\/v2\/users\/13"}],"replies":[{"embeddable":true,"href":"https:\/\/smart.radiotraining.eu\/hu\/wp-json\/wp\/v2\/comments?post=3240"}],"version-history":[{"count":1,"href":"https:\/\/smart.radiotraining.eu\/hu\/wp-json\/wp\/v2\/pages\/3240\/revisions"}],"predecessor-version":[{"id":5641,"href":"https:\/\/smart.radiotraining.eu\/hu\/wp-json\/wp\/v2\/pages\/3240\/revisions\/5641"}],"wp:attachment":[{"href":"https:\/\/smart.radiotraining.eu\/hu\/wp-json\/wp\/v2\/media?parent=3240"}],"curies":[{"name":"wp","href":"https:\/\/api.w.org\/{rel}","templated":true}]}}