{"id":3411,"date":"2019-05-29T20:55:02","date_gmt":"2019-05-29T18:55:02","guid":{"rendered":"https:\/\/smart.radiotraining.eu\/szojegyzek\/"},"modified":"2023-03-22T20:39:53","modified_gmt":"2023-03-22T18:39:53","slug":"szojegyzek","status":"publish","type":"page","link":"https:\/\/smart.radiotraining.eu\/hu\/szojegyzek\/","title":{"rendered":"Sz\u00f3jegyz\u00e9k"},"content":{"rendered":"\n<p><p>Kik\u00e9pz\u00e9s<\/p><p>Edz\u0151<\/p><p>Gyakornok<\/p><p>C\u00e9lcsoport<\/p><p>Ingyenes<\/p><p>r\u00e1di\u00f3<\/p><p>K\u00f6z\u00f6ss\u00e9gi<\/p><p>m\u00e9dia H\u00e1tr\u00e1ny<\/p><p>Menek\u00fclt<\/p><p>Vizu\u00e1lis<\/p><p>impared<\/p><p>R\u00e1di\u00f3<\/p><p>Mobil<\/p><p>r\u00e1di\u00f3<\/p><p>Oktat\u00e1s<\/p><p>K\u00eds\u00e9rleti<\/p><p>k\u00e9pz\u00e9si<\/p><p>modell<\/p><p>Gyakorlat<\/p><p>K\u00e9pz\u00e9si<\/p><p>modul<\/p><p>Bemenet<\/p><p>El\u0151ad\u00e1s<\/p><p>Technika<\/p><p>Mikrofon<\/p><p>Asztal<\/p><p>St\u00fadi\u00f3<\/p><p>Felv\u00e9tel<\/p><p>eszk\u00f6z<\/p><p>R\u00e1di\u00f3<\/p><p>t\u00e1jk\u00e9p<\/p><\/p>\n","protected":false},"excerpt":{"rendered":"<p>Kik\u00e9pz\u00e9s Edz\u0151 Gyakornok C\u00e9lcsoport Ingyenes r\u00e1di\u00f3 K\u00f6z\u00f6ss\u00e9gi m\u00e9dia H\u00e1tr\u00e1ny Menek\u00fclt Vizu\u00e1lis impared R\u00e1di\u00f3 Mobil r\u00e1di\u00f3 Oktat\u00e1s K\u00eds\u00e9rleti k\u00e9pz\u00e9si modell Gyakorlat K\u00e9pz\u00e9si modul Bemenet El\u0151ad\u00e1s Technika Mikrofon Asztal St\u00fadi\u00f3 Felv\u00e9tel eszk\u00f6z R\u00e1di\u00f3 t\u00e1jk\u00e9p<\/p>\n","protected":false},"author":13,"featured_media":0,"parent":0,"menu_order":0,"comment_status":"closed","ping_status":"closed","template":"views\/page-no_sidebar.blade.php","meta":[],"acf":[],"_links":{"self":[{"href":"https:\/\/smart.radiotraining.eu\/hu\/wp-json\/wp\/v2\/pages\/3411"}],"collection":[{"href":"https:\/\/smart.radiotraining.eu\/hu\/wp-json\/wp\/v2\/pages"}],"about":[{"href":"https:\/\/smart.radiotraining.eu\/hu\/wp-json\/wp\/v2\/types\/page"}],"author":[{"embeddable":true,"href":"https:\/\/smart.radiotraining.eu\/hu\/wp-json\/wp\/v2\/users\/13"}],"replies":[{"embeddable":true,"href":"https:\/\/smart.radiotraining.eu\/hu\/wp-json\/wp\/v2\/comments?post=3411"}],"version-history":[{"count":8,"href":"https:\/\/smart.radiotraining.eu\/hu\/wp-json\/wp\/v2\/pages\/3411\/revisions"}],"predecessor-version":[{"id":6151,"href":"https:\/\/smart.radiotraining.eu\/hu\/wp-json\/wp\/v2\/pages\/3411\/revisions\/6151"}],"wp:attachment":[{"href":"https:\/\/smart.radiotraining.eu\/hu\/wp-json\/wp\/v2\/media?parent=3411"}],"curies":[{"name":"wp","href":"https:\/\/api.w.org\/{rel}","templated":true}]}}