{"id":3417,"date":"2019-05-29T21:17:11","date_gmt":"2019-05-29T19:17:11","guid":{"rendered":"https:\/\/smart.radiotraining.eu\/tippek-a-tanfolyamoktatok-szamara\/"},"modified":"2022-01-18T13:21:58","modified_gmt":"2022-01-18T11:21:58","slug":"tippek-a-tanfolyamoktatok-szamara","status":"publish","type":"page","link":"https:\/\/smart.radiotraining.eu\/hu\/tippek-a-tanfolyamoktatok-szamara\/","title":{"rendered":"Tippek a tanfolyamoktat\u00f3k sz\u00e1m\u00e1ra"},"content":{"rendered":"<p>&#8230;<\/p>\n","protected":false},"excerpt":{"rendered":"<p>&#8230;<\/p>\n","protected":false},"author":13,"featured_media":0,"parent":0,"menu_order":0,"comment_status":"closed","ping_status":"closed","template":"","meta":[],"acf":[],"_links":{"self":[{"href":"https:\/\/smart.radiotraining.eu\/hu\/wp-json\/wp\/v2\/pages\/3417"}],"collection":[{"href":"https:\/\/smart.radiotraining.eu\/hu\/wp-json\/wp\/v2\/pages"}],"about":[{"href":"https:\/\/smart.radiotraining.eu\/hu\/wp-json\/wp\/v2\/types\/page"}],"author":[{"embeddable":true,"href":"https:\/\/smart.radiotraining.eu\/hu\/wp-json\/wp\/v2\/users\/13"}],"replies":[{"embeddable":true,"href":"https:\/\/smart.radiotraining.eu\/hu\/wp-json\/wp\/v2\/comments?post=3417"}],"version-history":[{"count":1,"href":"https:\/\/smart.radiotraining.eu\/hu\/wp-json\/wp\/v2\/pages\/3417\/revisions"}],"predecessor-version":[{"id":5644,"href":"https:\/\/smart.radiotraining.eu\/hu\/wp-json\/wp\/v2\/pages\/3417\/revisions\/5644"}],"wp:attachment":[{"href":"https:\/\/smart.radiotraining.eu\/hu\/wp-json\/wp\/v2\/media?parent=3417"}],"curies":[{"name":"wp","href":"https:\/\/api.w.org\/{rel}","templated":true}]}}