{"id":3419,"date":"2019-05-29T21:18:00","date_gmt":"2019-05-29T19:18:00","guid":{"rendered":"https:\/\/smart.radiotraining.eu\/bemutatkozik-a-s-m-a-r-t-2\/"},"modified":"2023-03-16T20:33:19","modified_gmt":"2023-03-16T18:33:19","slug":"bemutatkozik-a-s-m-a-r-t-2","status":"publish","type":"page","link":"https:\/\/smart.radiotraining.eu\/hu\/bemutatkozik-a-s-m-a-r-t-2\/","title":{"rendered":"Bemutatkozik a S.M.A.R.T."},"content":{"rendered":"<p style=\"text-align: left;\">A k\u00f6z\u00f6ss\u00e9gi m\u00e9diaoktat\u00e1s olyan csoportokat \u00e9s szem\u00e9lyeket c\u00e9loz meg, akik gyakran nem jelennek meg a mainstream m\u00e9di\u00e1ban. Sok orsz\u00e1gban a k\u00f6z\u00f6ss\u00e9gi m\u00e9di\u00e1ban tev\u00e9kenyked\u0151 emberek etnikai, kultur\u00e1lis vagy t\u00e1rsadalmi kisebbs\u00e9gekhez tartoznak, mint p\u00e9ld\u00e1ul a bev\u00e1ndorl\u00f3k, a l\u00e1t\u00e1ss\u00e9r\u00fcltek vagy a tanul\u00e1sban akad\u00e1lyozottak. Ezeknek a csoportoknak saj\u00e1tos ig\u00e9nyeikre szabott k\u00e9pz\u00e9sre van sz\u00fcks\u00e9g\u00fck ahhoz, hogy \u00f6n\u00e1ll\u00f3an dolgozhassanak a k\u00f6z\u00f6ss\u00e9gi m\u00e9di\u00e1ban. R\u00e1ad\u00e1sul a k\u00f6z\u00f6ss\u00e9gi m\u00e9di\u00e1ban dolgoz\u00f3 emberek \u00e1ltal megszerzett k\u00e9szs\u00e9geket ritk\u00e1n ismerik el a fizetett munka vil\u00e1g\u00e1ban.<\/p>\n<p>Az EU Leonardo projektben r\u00e9szt vev\u0151 sv\u00e1jci, \u00edr, magyar, osztr\u00e1k, baszk \u00e9s n\u00e9met partnerek k\u00f6z\u00fcl n\u00e9h\u00e1nyan m\u00e1r t\u00f6bb kor\u00e1bbi projektben is dolgoztak a r\u00e1di\u00f3s k\u00e9pz\u00e9s k\u00fcl\u00f6nb\u00f6z\u0151 aspektusain. A SMART projektben k\u00f6z\u00f6s r\u00e1di\u00f3s k\u00e9pz\u00e9si m\u00f3dszereket \u00e9s koncepci\u00f3kat gy\u0171jt\u00f6ttek \u00f6ssze, fejlesztettek tov\u00e1bb, teszteltek \u00e9s \u00e9rt\u00e9keltek. A projektpartnerek a megl\u00e9v\u0151 k\u00e9pz\u00e9si anyagokra \u00e9s k\u00e9pz\u00e9si m\u00f3dszerekre t\u00e1maszkodva k\u00f6z\u00f6sen dolgozt\u00e1k ki a c\u00e9lcsoportok (migr\u00e1ns n\u0151k, l\u00e1t\u00e1ss\u00e9r\u00fcltek, tanul\u00e1si neh\u00e9zs\u00e9gekkel k\u00fczd\u0151 szem\u00e9lyek) sz\u00e1m\u00e1ra szervezett bevezet\u0151 r\u00e1di\u00f3s tanfolyamok tanterv\u00e9t. A k\u00e9pz\u00e9sekhez a megfelel\u0151 speci\u00e1lis ismeretekkel \u00e9s m\u00f3dszerekkel rendelkez\u0151 k\u00fcls\u0151 oktat\u00f3kat vontak be. A koncepci\u00f3kat a k\u00e9pz\u00e9seken tesztelt\u00e9k \u00e9s \u00e9rt\u00e9kelt\u00e9k. Ezeket a gyakorlati tapasztalatokat be\u00e9p\u00edtett\u00e9k az ezen a weboldalon tal\u00e1lhat\u00f3 SMART k\u00e9pz\u00e9si eszk\u00f6z\u00f6kbe.<\/p>\n<p>A partnerek:<\/p>\n<p>A <strong>Radioschule klipp+klang<\/strong> szervezi \u00e9s koordin\u00e1lja az UNIKOM nem kereskedelmi c\u00e9l\u00fa helyi r\u00e1di\u00f3\u00e1llom\u00e1sainak r\u00e1di\u00f3s k\u00e9pz\u00e9seit, \u00e9s tanfolyamokat tart k\u00fcl\u00f6nb\u00f6z\u0151 mag\u00e1nr\u00e1di\u00f3k sz\u00e1m\u00e1ra. A klipp+klang r\u00e1di\u00f3iskola emellett kutat\u00e1sokat \u00e9s fejleszt\u00e9seket is folytat (interkultur\u00e1lis oktat\u00e1s, r\u00e1di\u00f3z\u00e1s \u00e9s nyelvi-kultur\u00e1lis kisebbs\u00e9gek), valamint saj\u00e1t ifj\u00fas\u00e1gi \u00e9s empowerment projekteket kezdem\u00e9nyez. A r\u00e1di\u00f3iskol\u00e1t az 1995-ben alap\u00edtott Radioschule klipp+klang egyes\u00fclet m\u0171k\u00f6dteti.<\/p>\n<p>A <strong>COMMIT<\/strong>, a K\u00f6z\u00f6ss\u00e9gi M\u00e9dia Tov\u00e1bbk\u00e9pz\u00e9si, Kutat\u00e1si \u00e9s Tan\u00e1csad\u00f3 Int\u00e9zet a nem kereskedelmi m\u0171sorszolg\u00e1ltat\u00e1s, a feln\u0151ttk\u00e9pz\u00e9s \u00e9s a kutat\u00e1s hat\u00e1rter\u00fclet\u00e9n m\u0171k\u00f6d\u0151 tov\u00e1bbk\u00e9pz\u0151 int\u00e9zm\u00e9ny Ausztri\u00e1ban. A COMMIT 2010-ben alakult egyes\u00fcletk\u00e9nt, tev\u00e9kenys\u00e9ge nonprofit. C\u00e9lja, hogy a t\u00e1rsadalom minden szintj\u00e9n el\u0151seg\u00edtse a nem kereskedelmi m\u00e9dia megvitat\u00e1s\u00e1t \u00e9s tov\u00e1bbfejleszt\u00e9s\u00e9t. Ez k\u00fcl\u00f6n\u00f6sen a nem kereskedelmi m\u00e9dia, a feln\u0151ttk\u00e9pz\u00e9s \u00e9s a tudom\u00e1ny szerepl\u0151ivel egy\u00fcttm\u0171k\u00f6dve a tov\u00e1bbk\u00e9pz\u00e9s \u00e9s a k\u00eds\u00e9r\u0151 kutat\u00e1s \u00f6szt\u00f6nz\u00e9s\u00e9t \u00e9s tervez\u00e9s\u00e9t foglalja mag\u00e1ban.<\/p>\n<p>Az <strong>Antxeta Irratia<\/strong> egy baszk nem kereskedelmi k\u00f6z\u00f6ss\u00e9gi r\u00e1di\u00f3, amely hossz\u00fa tapasztalattal rendelkezik mind a belf\u00f6ldi, mind a Spanyolorsz\u00e1g \u00e9s Franciaorsz\u00e1g k\u00f6z\u00f6tti hat\u00e1rokon \u00e1tny\u00fal\u00f3 projektek, valamint a nemzetk\u00f6zi egy\u00fcttm\u0171k\u00f6d\u00e9si projektek ter\u00e9n, p\u00e9ld\u00e1ul a feln\u0151ttk\u00e9pz\u00e9sben. Az Antxeta Irratia 2007 \u00f3ta sz\u00e1mos interkultur\u00e1lis \u00e9s oktat\u00e1si projektet dolgozott ki, mind a r\u00e9gi\u00f3 n\u0151i szervezeteivel \u00e9s migr\u00e1nsokkal, mind a Feln\u0151ttk\u00e9pz\u00e9si K\u00f6zponttal (ECA) egy\u00fcttm\u0171k\u00f6d\u00e9sben.<\/p>\n<p>A <strong>Civil R\u00e1di\u00f3<\/strong> nem kereskedelmi c\u00e9l\u00fa k\u00f6z\u00f6ss\u00e9gi r\u00e1di\u00f3k\u00e9nt sug\u00e1roz t\u00f6bb mint 150 \u00f6nk\u00e9ntes seg\u00edts\u00e9g\u00e9vel. A 24 \u00f3r\u00e1s m\u0171sor k\u00f6zponti t\u00e9m\u00e1i kultur\u00e1lis, t\u00e1rsadalmi \u00e9s k\u00f6rnyezeti esem\u00e9nyek, k\u00f6z\u00f6ss\u00e9gek, konfliktusok, Budapest \u00e9s a ker\u00fcletek \u00e9lete. A Civil R\u00e1di\u00f3 a legmodernebb kommunik\u00e1ci\u00f3s \u00e9s m\u00e9diatechnol\u00f3gi\u00e1kkal \u00e9s Web 2.0 alkalmaz\u00e1sokkal m\u0171k\u00f6dik, \u00f6nk\u00e9nteseit k\u00e9pz\u00e9sekkel \u00e9s e-learning anyagokkal oktatja.<\/p>\n<p>A <strong>Near Media-Co-op<\/strong> egy demokratikus, nonprofit m\u00e9diasz\u00f6vetkezet, amely a m\u00e9di\u00e1t a k\u00f6z\u00f6ss\u00e9gfejleszt\u00e9s eszk\u00f6zek\u00e9nt haszn\u00e1lja. A sz\u00f6vetkezetet 1982-ben alap\u00edtott\u00e1k, \u00e9s t\u00f6bb mint 600 r\u00e9szv\u00e9nyes \u00e9s t\u00f6bb mint 120 rendszeres \u00f6nk\u00e9ntes tartozik hozz\u00e1. A NearFM 1995 \u00f3ta sug\u00e1roz k\u00f6z\u00f6ss\u00e9gi r\u00e1di\u00f3k\u00e9nt, \u00e9s sz\u00e1mos eur\u00f3pai projektben vett \u00e9s vesz r\u00e9szt partnerk\u00e9nt a kultur\u00e1lis identit\u00e1s \u00e9s a k\u00f6rnyezetv\u00e9delem, az interkultur\u00e1lis k\u00e9pz\u00e9s \u00e9s az emberi jogi programok ter\u00fclet\u00e9n. A NearFM 2006-ban r\u00e9szt vett az interkultur\u00e1lis f\u00f3kusz\u00fa Inter.media k\u00e9pz\u00e9si anyagok elk\u00e9sz\u00edt\u00e9s\u00e9ben, \u00e9s FETAC 4. szint\u0171 szakmai k\u00e9pes\u00edt\u00e9st, valamint m\u00e9diam\u0171velts\u00e9gi k\u00e9pz\u00e9st \u00e9s interkultur\u00e1lis k\u00e9pz\u00e9st k\u00edn\u00e1l.<\/p>\n<p>A <strong>Radio Corax<\/strong> egy szabad r\u00e1di\u00f3\u00e1llom\u00e1s Halle (Saale) v\u00e1ros\u00e1ban. A Radio Corax nem kereskedelmi c\u00e9l\u00fa helyi r\u00e1di\u00f3\u00e1llom\u00e1sk\u00e9nt a nap 24 \u00f3r\u00e1j\u00e1ban sug\u00e1roz. A Radio Corax f\u00f6ldi v\u00e9tel\u00e9re Halle-ban \u00e9s Sz\u00e1sz-Anhalt d\u00e9li r\u00e9sz\u00e9n VHF-en van lehet\u0151s\u00e9g. A Radio Corax a kezdetekt\u0151l fogva nagy hangs\u00falyt fektetett a k\u00e9pzett r\u00e1di\u00f3sok k\u00e9pz\u00e9s\u00e9re. A Radio Corax r\u00e9szt vett \u00e9s vesz k\u00fcl\u00f6nb\u00f6z\u0151, t\u00f6bbek k\u00f6z\u00f6tt interkultur\u00e1lis r\u00e1di\u00f3oktat\u00e1si projektekben.<\/p>\n<p>2004 \u00f3ta a <strong>Community Media Forum Europe (CMFE)<\/strong> eur\u00f3pai szinten k\u00e9pviseli a harmadik m\u00e9diaszektorban &#8211; gyakran k\u00f6z\u00f6ss\u00e9gi m\u00e9di\u00e1nak nevezett &#8211; tev\u00e9kenyked\u0151 h\u00e1l\u00f3zatokat, nemzeti sz\u00f6vets\u00e9geket, projekteket \u00e9s egy\u00e9neket. Minden egyes csatorn\u00e1t a k\u00f6rnyezete \u00e9s az \u00e1ltala kiszolg\u00e1lt k\u00f6z\u00f6ss\u00e9g saj\u00e1tos kult\u00far\u00e1ja, t\u00f6rt\u00e9nelme \u00e9s val\u00f3s\u00e1ga alak\u00edt. A k\u00f6z\u00f6ss\u00e9gi m\u00e9dia \u00e1ltal\u00e1ban azon k\u00f6z\u00f6ss\u00e9gek tulajdon\u00e1ban van, ahonnan az \u00f6nk\u00e9ntes m\u0171sorszolg\u00e1ltat\u00f3k sz\u00e1rmaznak, \u00e9s olyan m\u0171sorokat k\u00e9sz\u00edtenek, amelyek fontosak a k\u00f6z\u00f6ss\u00e9gek sz\u00e1m\u00e1ra &#8211; \u00e9s nem profitorient\u00e1ltak. A CMFE ki\u00e1ll a polg\u00e1rok k\u00f6z\u00f6ss\u00e9gi m\u00e9di\u00e1hoz val\u00f3 jogai\u00e9rt, \u00e9s platformk\u00e9nt szolg\u00e1l a p\u00e1rbesz\u00e9dhez \u00e9s a k\u00f6z\u00f6ss\u00e9gi m\u00e9dia eur\u00f3pai szint\u0171 elismer\u00e9s\u00e9hez, mint vil\u00e1gosan k\u00f6r\u00fclhat\u00e1rolt m\u00e9dia\u00e1gazathoz. Egy olyan k\u00f6rnyezetben, ahol a v\u00e9lem\u00e9nynyilv\u00e1n\u00edt\u00e1s szabads\u00e1g\u00e1t \u00e9s az inform\u00e1ci\u00f3hoz val\u00f3 hozz\u00e1f\u00e9r\u00e9st egyre ink\u00e1bb vesz\u00e9lyezteti a m\u00e9diaszektor koncentr\u00e1ci\u00f3ja \u00e9s a f\u00e9lret\u00e1j\u00e9koztat\u00e1s terjed\u00e9se, a k\u00f6z\u00f6ss\u00e9gi m\u00e9dia a m\u00e9diapluralizmus mutat\u00f3ja.<\/p>\n<p>Az <strong>AMARC Europe<\/strong> a K\u00f6z\u00f6ss\u00e9gi R\u00e1di\u00f3k Vil\u00e1gsz\u00f6vets\u00e9g\u00e9nek eur\u00f3pai tagozata. Az eur\u00f3pai sz\u00f6vets\u00e9g t\u00f6bb mint 300 k\u00f6z\u00f6ss\u00e9gi r\u00e1di\u00f3t, azok nemzeti vagy region\u00e1lis sz\u00f6vets\u00e9geit \u00e9s mag\u00e1nszem\u00e9lyeket k\u00e9pvisel. Az AMARC Europe 1994 \u00f3ta k\u00e9pviseli tagjainak \u00e9rdekeit eur\u00f3pai \u00e9s nemzetk\u00f6zi szinten, megteremti a kommunik\u00e1ci\u00f3t \u00e9s ez\u00e1ltal a tapasztalatcser\u00e9t tagjai k\u00f6z\u00f6tt, valamint kezdem\u00e9nyezi nemzetk\u00f6zi egy\u00fcttm\u0171k\u00f6d\u00e9s\u00fcket. Az AMARC Europe kapcsolatot tart a K\u00f6z\u00f6ss\u00e9gi R\u00e1di\u00f3k Vil\u00e1gsz\u00f6vets\u00e9g\u00e9vel \u00e9s az ENSZ k\u00fcl\u00f6nb\u00f6z\u0151 szervezeteivel is.<\/p>\n","protected":false},"excerpt":{"rendered":"<p>A k\u00f6z\u00f6ss\u00e9gi m\u00e9diaoktat\u00e1s olyan csoportokat \u00e9s szem\u00e9lyeket c\u00e9loz meg, akik gyakran nem jelennek meg a mainstream m\u00e9di\u00e1ban. Sok orsz\u00e1gban a k\u00f6z\u00f6ss\u00e9gi m\u00e9di\u00e1ban tev\u00e9kenyked\u0151 emberek etnikai, kultur\u00e1lis vagy t\u00e1rsadalmi kisebbs\u00e9gekhez tartoznak, mint p\u00e9ld\u00e1ul a bev\u00e1ndorl\u00f3k, a l\u00e1t\u00e1ss\u00e9r\u00fcltek vagy a tanul\u00e1sban akad\u00e1lyozottak. Ezeknek a csoportoknak saj\u00e1tos ig\u00e9nyeikre szabott k\u00e9pz\u00e9sre van sz\u00fcks\u00e9g\u00fck ahhoz, hogy \u00f6n\u00e1ll\u00f3an dolgozhassanak a k\u00f6z\u00f6ss\u00e9gi &hellip; <a href=\"https:\/\/smart.radiotraining.eu\/hu\/bemutatkozik-a-s-m-a-r-t-2\/\">Continued<\/a><\/p>\n","protected":false},"author":13,"featured_media":0,"parent":0,"menu_order":0,"comment_status":"closed","ping_status":"closed","template":"","meta":[],"acf":[],"_links":{"self":[{"href":"https:\/\/smart.radiotraining.eu\/hu\/wp-json\/wp\/v2\/pages\/3419"}],"collection":[{"href":"https:\/\/smart.radiotraining.eu\/hu\/wp-json\/wp\/v2\/pages"}],"about":[{"href":"https:\/\/smart.radiotraining.eu\/hu\/wp-json\/wp\/v2\/types\/page"}],"author":[{"embeddable":true,"href":"https:\/\/smart.radiotraining.eu\/hu\/wp-json\/wp\/v2\/users\/13"}],"replies":[{"embeddable":true,"href":"https:\/\/smart.radiotraining.eu\/hu\/wp-json\/wp\/v2\/comments?post=3419"}],"version-history":[{"count":3,"href":"https:\/\/smart.radiotraining.eu\/hu\/wp-json\/wp\/v2\/pages\/3419\/revisions"}],"predecessor-version":[{"id":6009,"href":"https:\/\/smart.radiotraining.eu\/hu\/wp-json\/wp\/v2\/pages\/3419\/revisions\/6009"}],"wp:attachment":[{"href":"https:\/\/smart.radiotraining.eu\/hu\/wp-json\/wp\/v2\/media?parent=3419"}],"curies":[{"name":"wp","href":"https:\/\/api.w.org\/{rel}","templated":true}]}}