{"id":3421,"date":"2019-05-29T21:24:25","date_gmt":"2019-05-29T19:24:25","guid":{"rendered":"https:\/\/smart.radiotraining.eu\/a-tanegysegek-modulok-attekintese\/"},"modified":"2022-01-18T13:22:21","modified_gmt":"2022-01-18T11:22:21","slug":"a-tanegysegek-modulok-attekintese","status":"publish","type":"page","link":"https:\/\/smart.radiotraining.eu\/hu\/a-tanegysegek-modulok-attekintese\/","title":{"rendered":"A tanegys\u00e9gek, modulok \u00e1ttekint\u00e9se"},"content":{"rendered":"\n<div class=\"wp-block-columns has-3-columns is-layout-flex wp-container-4\">\n<div class=\"wp-block-column is-layout-flow\">\n<h3 class=\"wp-block-heading\" id=\"fancy-title-1270\">A hangz\u00e1svil\u00e1g<\/h3>\n\n\n\n<p>+&nbsp;Hogyan&nbsp; hangzik? P\u00e9ld\u00e1k\n+&nbsp;\u00c9nekelj vel\u00fcnk!\n+&nbsp;V\u00e1g\u00e1s \u00e9s szerkeszt\u00e9s II.\n+&nbsp;Zenei arculat, list\u00e1k, DJ szettek\n+&nbsp;Szpotok, szign\u00e1lok\n+ Eszk\u00f6z\u00f6k \u00e9s felszerel\u00e9sek\n+&nbsp;F\u00fcl nyitogat\u00f3 gyakorlatok\n+&nbsp;A k\u00f6z\u00f6ss\u00e9gi r\u00e1di\u00f3z\u00e1s \u2013 zenei \u00e9s politikai arculat\n+&nbsp;M\u0171sorterv\n+ Egy szerkesztett hanganyagfelvezet\u00e9se<\/p>\n<\/div>\n\n\n\n<div class=\"wp-block-column is-layout-flow\">\n<h3 class=\"wp-block-heading\" id=\"fancy-title-9115\">Meger\u0151s\u00edt\u00e9s\/Gender t\u00e9m\u00e1k<\/h3>\n\n\n\n<p>+&nbsp;Gyakorlatok gender t\u00e9m\u00e1kra\n+&nbsp;Nemis\u00e9gr\u0151l kialakult beidegz\u0151d\u00e9sek\n+&nbsp;M\u0171sorkritika\n+&nbsp;Rekonstrukci\u00f3\/dekonstrukci\u00f3\n+&nbsp;Szexista nyelvhaszn\u00e1lat\n+&nbsp;Sablonok \u00e9s munkalapok<\/p>\n<\/div>\n\n\n\n<div class=\"wp-block-column is-layout-flow\">\n<h3 class=\"wp-block-heading\" id=\"fancy-title-4941\">Visszajelz\u00e9s<\/h3>\n\n\n\n<p>+&nbsp;Munkalapos visszajelz\u00e9s\n+&nbsp;Tr\u00e9nerek visszajelz\u00e9sei I.\n+&nbsp;Tr\u00e9nerek visszajelz\u00e9sei II.\n+&nbsp;RAWIK- visszajelz\u00e9s interkultur\u00e1lis megk\u00f6zel\u00edt\u00e9sben\n+&nbsp;Visszajelz\u00e9s- (\u00cdrorsz\u00e1g)<\/p>\n<\/div>\n<\/div>\n\n\n\n<div class=\"wp-block-columns has-3-columns is-layout-flex wp-container-8\">\n<div class=\"wp-block-column is-layout-flow\">\n<h3 class=\"wp-block-heading\" id=\"fancy-title-8500\">Az interj\u00fak\u00e9sz\u00edt\u00e9s<\/h3>\n\n\n\n<p>+ Kontroll\u00e1lt p\u00e1rbesz\u00e9d\n+ INTERJ\u00da, HANGFELVEV\u0150V\u00c1G\u00c1S \u00c9S SZERKESZT\u00c9S\n+ K\u00f6z\u00f6ss\u00e9gi szempontok az interj\u00fak\u00e9sz\u00edt\u00e9sben\n+ Kommunik\u00e1ci\u00f3s modell<\/p>\n<\/div>\n\n\n\n<div class=\"wp-block-column is-layout-flow\">\n<h3 class=\"wp-block-heading\" id=\"fancy-title-7750\">Bevezet\u00e9s a k\u00f6z\u00f6ss\u00e9gi r\u00e1di\u00f3z\u00e1sba<\/h3>\n\n\n\n<p>+&nbsp;K\u00f6z\u00f6ss\u00e9gi m\u00e9dia a m\u00e9diapiacon&nbsp;(fogalom, t\u00f6rv\u00e9ny \u00e9s szab\u00e1lyoz\u00e1s)\n+&nbsp;K\u00f6z\u00f6ss\u00e9gi r\u00e1di\u00f3 \u00e9s k\u00f6z\u00f6ss\u00e9gfejleszt\u00e9s\n+&nbsp;P\u00e9ldak\u00e9pek\n+&nbsp;R\u00e1di\u00f3s \u00fajs\u00e1g\u00edr\u00e1s\n+&nbsp;M\u00c9DIA K\u00d6RK\u00c9P\n+&nbsp;Csoportos gyakorlat \u2013 az \u00e9n m\u00e9diafogyaszt\u00e1som<\/p>\n<\/div>\n\n\n\n<div class=\"wp-block-column is-layout-flow\">\n<h3 class=\"wp-block-heading\" id=\"fancy-title-7750\">Bevezet\u00e9s a k\u00f6z\u00f6ss\u00e9gi r\u00e1di\u00f3z\u00e1sba<\/h3>\n\n\n\n<p>+&nbsp;K\u00f6z\u00f6ss\u00e9gi m\u00e9dia a m\u00e9diapiacon&nbsp;(fogalom, t\u00f6rv\u00e9ny \u00e9s szab\u00e1lyoz\u00e1s)\n+&nbsp;K\u00f6z\u00f6ss\u00e9gi r\u00e1di\u00f3 \u00e9s k\u00f6z\u00f6ss\u00e9gfejleszt\u00e9s\n+&nbsp;P\u00e9ldak\u00e9pek\n+&nbsp;R\u00e1di\u00f3s \u00fajs\u00e1g\u00edr\u00e1s\n+&nbsp;M\u00c9DIA K\u00d6RK\u00c9P\n+&nbsp;Csoportos gyakorlat \u2013 az \u00e9n m\u00e9diafogyaszt\u00e1som<\/p>\n<\/div>\n<\/div>\n\n\n\n<div class=\"wp-block-columns has-3-columns is-layout-flex wp-container-12\">\n<div class=\"wp-block-column is-layout-flow\">\n<h3 class=\"wp-block-heading\" id=\"fancy-title-6311\">M\u00e9dia \u00e9s t\u00f6rv\u00e9ny<\/h3>\n\n\n\n<p>+&nbsp;ETIKA \u2013 A M\u0170SORSZOL G\u00c1LTAT\u00d3 JOGAI\/K\u00d6TELESS\u00c9GEI\n+&nbsp;M\u00e9dia \u00e9s t\u00f6rv\u00e9ny\n+ 1. r\u00e9sz: R\u00e1galmaz\u00e1s\n+ 2. r\u00e9sz: Egyens\u00faly \u00e9s tisztess\u00e9g<\/p>\n<\/div>\n\n\n\n<div class=\"wp-block-column is-layout-flow\">\n<h3 class=\"wp-block-heading\" id=\"fancy-title-7994\">Mikrofonok, fejhallgat\u00f3k<\/h3>\n\n\n\n<p>+&nbsp;MIKROFONBA BESZ\u00c9LNI\n+&nbsp;Mikrofonok \u00e9s fejhallgat\u00f3kI&nbsp;technik\u00e1ja\n+&nbsp;Vedd fel az ismeretlent!<\/p>\n<\/div>\n\n\n\n<div class=\"wp-block-column is-layout-flow\">\n<h3 class=\"wp-block-heading\" id=\"fancy-title-9184\">\u00daj m\u00e9dia platformok, eszk\u00f6z\u00f6k<\/h3>\n\n\n\n<p>+ ARCH\u00cdVUMOK\n+ Podcast\n+ Soundcloud<\/p>\n<\/div>\n<\/div>\n\n\n\n<div class=\"wp-block-columns has-3-columns is-layout-flex wp-container-16\">\n<div class=\"wp-block-column is-layout-flow\">\n<h3 class=\"wp-block-heading\">R\u00e1di\u00f3program terv<\/h3>\n\n\n\n<p>+&nbsp;Modoros, b\u00e1jolg\u00f3 r\u00e1di\u00f3\n+&nbsp;R\u00e1di\u00f3s \u00fajs\u00e1g\u00edr\u00e1s\n+&nbsp;T\u00c9MAKERES\u00c9S \u00c9S&nbsp;FELDOLGOZ\u00c1S\n+&nbsp;A M\u0170SORTERV\n+&nbsp;Motiv\u00e1ci\u00f3 a r\u00e1di\u00f3z\u00e1shoz\n+&nbsp;Egy m\u0171sor megtervez\u00e9se<\/p>\n<\/div>\n\n\n\n<div class=\"wp-block-column is-layout-flow\">\n<h3 class=\"wp-block-heading\" id=\"fancy-title-6405\">Hordozhat\u00f3 felvev\u0151k<\/h3>\n\n\n\n<p>+&nbsp;Hordozhat\u00f3 felvev\u0151k\n+&nbsp;Vedd fel az ismeretlent!<\/p>\n<\/div>\n\n\n\n<div class=\"wp-block-column is-layout-flow\">\n<h3 class=\"wp-block-heading\" id=\"fancy-title-3290\">Bemutat\u00f3k<\/h3>\n\n\n\n<p>+&nbsp;Hang \u00e9s besz\u00e9dgyakorlatok\n+&nbsp;A K\u00d6ZVET\u00cdT\u0150 ST\u00daDI\u00d3\n+&nbsp;K\u00d6ZVET\u00cdT\u00c9S R\u00c9GEN\n+&nbsp;K\u00d6ZVET\u00cdT\u00c9S R\u00c9GEN\n+&nbsp;EL\u0150AD\u00c1S, BEMUTAT\u00d3\n+&nbsp;MIKROFONBA BESZ\u00c9LNI\n+&nbsp;Zenei el\u0151ad\u00e1s I.\n+&nbsp;Zenei el\u0151ad\u00e1s II.\n+&nbsp;A hallgat\u00f3s\u00e1g vizualiz\u00e1l\u00e1sa\n+&nbsp;K\u00e9pz\u00e9si program kialak\u00edt\u00e1sa<\/p>\n<\/div>\n<\/div>\n\n\n\n<div class=\"wp-block-columns has-3-columns is-layout-flex wp-container-20\">\n<div class=\"wp-block-column is-layout-flow\">\n<h3 class=\"wp-block-heading\" id=\"fancy-title-6936\">Szerkeszt\u0151i csoportok, megbesz\u00e9l\u00e9sek<\/h3>\n\n\n\n<p>+&nbsp;T\u00e9mameghat\u00e1roz\u00e1s, k\u00f6zvet\u00edt\u00e9s\/medi\u00e1ci\u00f3\n+&nbsp;A szerkeszt\u0151i munka\n+&nbsp;A PROGRAM MEGTERVEZ\u00c9SE\n+&nbsp;A M\u0170SORTERV\n+&nbsp;Produkci\u00f3s csoportok, produkci\u00f3s megbesz\u00e9l\u00e9sek\n+&nbsp;\u00d6nszervez\u0151d\u0151 m\u0171sor\n+&nbsp;Egy szerkesztett hanganyag felvezet\u00e9se<\/p>\n<\/div>\n\n\n\n<div class=\"wp-block-column is-layout-flow\">\n<h3 class=\"wp-block-heading\" id=\"fancy-title-5335\">A m\u0171sor elemei<\/h3>\n\n\n\n<p>+&nbsp;Modoros, b\u00e1jolg\u00f3 r\u00e1di\u00f3\n+&nbsp;R\u00e1di\u00f3s \u00fajs\u00e1g\u00edr\u00e1s\n+&nbsp;A m\u0171sor elemei<\/p>\n<\/div>\n\n\n\n<div class=\"wp-block-column is-layout-flow\">\n<h3 class=\"wp-block-heading\" id=\"fancy-title-6636\">N\u00e9pszer\u0171s\u00edtsd m\u0171sorodat<\/h3>\n\n\n\n<p>+&nbsp;\u2019NINCS TARTALOM\n+&nbsp;\u2019\u00c9nekelj vel\u00fcnk!\n+&nbsp;\u2019V\u00e1g\u00e1s, szerkeszt\u00e9s II.\n+&nbsp;Zenei arculat, list\u00e1k, DJ szettek\n+&nbsp;\u2019Szpotok, szign\u00e1lok\n+&nbsp;\u2019Eszk\u00f6z\u00f6k \u00e9s felszerel\u00e9sek\n+&nbsp;\u2019F\u00fcl nyitogat\u00f3 gyakorlatok\n+&nbsp;\u2019F\u00fcl nyitogat\u00f3 gyakorlatok-&nbsp;zenei \u00e9s politikai arculat\n+&nbsp;M\u0171sorterv\n+&nbsp;\u2019Egy szerkesztett hanganyag&nbsp;felvezet\u00e9se<\/p>\n<\/div>\n<\/div>\n\n\n\n<div class=\"wp-block-columns has-3-columns is-layout-flex wp-container-24\">\n<div class=\"wp-block-column is-layout-flow\">\n<h3 class=\"wp-block-heading\" id=\"fancy-title-9878\">R\u00e1di\u00f3s m\u0171fajok<\/h3>\n\n\n\n<p>+&nbsp;A r\u00e1di\u00f3z\u00e1s m\u0171fajai\n+&nbsp;H\u00cdR\u00d6SSZEFOGLAL\u00d3\n+&nbsp;H\u00cdREK\n+&nbsp;H\u00cdREK II., MIKROFONBA BESZ\u00c9LNI II.\n+&nbsp;Szpotok, szign\u00e1lok\n+&nbsp;HELYSZ\u00cdNI RIPORT, V\u00c1G\u00c1S&nbsp;SZERKESZT\u00c9S II.\n+&nbsp;RIPORT\n+ &nbsp;BESZ\u00c1MOL\u00d3K, KOMMENT\u00c1ROK\n+&nbsp;R\u00e1di\u00f3s m\u0171fajok<\/p>\n<\/div>\n\n\n\n<div class=\"wp-block-column is-layout-flow\">\n<h3 class=\"wp-block-heading\" id=\"fancy-title-5087\">Kutat\u00e1s \u00e9s forr\u00e1sok<\/h3>\n\n\n\n<p>+ Munkalap, a feldolgozni k\u00edv\u00e1nt t\u00e9ma koncepci\u00f3ja\n+ Hogyan hangzik?\n+ A t\u00e9ma felfedez\u00e9se\n+&nbsp;A t\u00e9ma els\u0151 vizsg\u00e1lata\n+ ETIKA \u2013 A M\u0170SORSZOLG\u00c1LTAT\u00d3&nbsp;JOGAI\/K\u00d6TELESS\u00c9GEI\n+ R\u00c1TAL\u00c1L\u00c1S \u00c9S FELDOLGOZ\u00c1S\n+H\u00cdR\u00d6SSZEFOGLAL\u00d3\n+&nbsp;H\u00cdREK\n+ H\u00cdREK II., MIKROFONBA BESZ\u00c9LNI II.\n+ A kutat\u00e1s \u00e9s eszk\u00f6zei\n+ Kutat\u00e1s \u00e9s forr\u00e1sok\n+ Anyaggy\u0171jt\u00e9s \u2013 vizsg\u00e1latok\n+ Forr\u00e1sok (\u00cdrorsz\u00e1g)<\/p>\n<\/div>\n\n\n\n<div class=\"wp-block-column is-layout-flow\">\n<h3 class=\"wp-block-heading\" id=\"fancy-title-3925\">Menetrend<\/h3>\n\n\n\n<p>+&nbsp;A gyakorlatok form\u00e1i, elrendez\u00e9se\n+&nbsp;R\u00e1di\u00f3s \u00fajs\u00e1g\u00edr\u00e1s\n+&nbsp;Material Workshop englisch\n+&nbsp;Menetrend<\/p>\n<\/div>\n<\/div>\n\n\n\n<div class=\"wp-block-columns has-3-columns is-layout-flex wp-container-28\">\n<div class=\"wp-block-column is-layout-flow\">\n<h3 class=\"wp-block-heading\" id=\"fancy-title-2702\">R\u00e1di\u00f3s forgat\u00f3k\u00f6nyvek<\/h3>\n\n\n\n<p>+&nbsp;Gyakorlat: k\u00e9pek le\u00edr\u00e1sa\n+&nbsp;Gyakorlat: sz\u00f6veg\u00edr\u00e1s besz\u00e9dhez\n+&nbsp;Kedvenc zen\u00e9k\n+&nbsp;SZ\u00d6VEG\u00cdR\u00c1S FELOLVAS\u00c1SHOZ\n+&nbsp;Gyakorlatok zen\u00e9hez\n+&nbsp;R\u00e1di\u00f3s forgat\u00f3k\u00f6nyv\u00edr\u00e1s\n+&nbsp;Scripting_for_Who_???\n+&nbsp;Sz\u00f6veg\u00edr\u00e1s felolvas\u00e1shoz<\/p>\n<\/div>\n\n\n\n<div class=\"wp-block-column is-layout-flow\">\n<h3 class=\"wp-block-heading\" id=\"fancy-title-3925\">A st\u00fadi\u00f3<\/h3>\n\n\n\n<p>\n\n+&nbsp;Csoportmunka: fedezd fel a st\u00fadi\u00f3t!<br>+&nbsp;A K\u00d6ZVET\u00cdT\u0150 ST\u00daDI\u00d3<br>+&nbsp;A K\u00d6ZVET\u00cdT\u0150 ST\u00daDI\u00d3 II.<br>+&nbsp;A ST\u00daDI\u00d3 M\u0170K\u00d6D\u00c9SE<br>+&nbsp;Gyakorl\u00e1s a st\u00fadi\u00f3ban<br>+&nbsp;St\u00fadi\u00f3felszerel\u00e9s, elrendez\u00e9s \u00e9s biztons\u00e1g\n\n<\/p>\n<\/div>\n\n\n\n<div class=\"wp-block-column is-layout-flow\">\n<h3 class=\"wp-block-heading\" id=\"fancy-title-2702\">Tippek a tr\u00e9nereknek<\/h3>\n\n\n\n<p>\n\n+&nbsp;C\u00e9lok, t\u00f6rekv\u00e9sek<br>+&nbsp;Nemi es\u00e9lyegyenl\u0151s\u00e9gre vonatkoz\u00f3 tippek<br>+&nbsp;Alapszab\u00e1lyok<br>+&nbsp;Vonatkoz\u00f3 irodalmak<br>+&nbsp;Material Workshop\u2026?<br>+&nbsp;Vedd fel az ismeretlent!<br>+&nbsp;Vedd fel az ismeretlent!\n\n<\/p>\n<\/div>\n<\/div>\n","protected":false},"excerpt":{"rendered":"<p>A hangz\u00e1svil\u00e1g +&nbsp;Hogyan&nbsp; hangzik? P\u00e9ld\u00e1k +&nbsp;\u00c9nekelj vel\u00fcnk! +&nbsp;V\u00e1g\u00e1s \u00e9s szerkeszt\u00e9s II. +&nbsp;Zenei arculat, list\u00e1k, DJ szettek +&nbsp;Szpotok, szign\u00e1lok + Eszk\u00f6z\u00f6k \u00e9s felszerel\u00e9sek +&nbsp;F\u00fcl nyitogat\u00f3 gyakorlatok +&nbsp;A k\u00f6z\u00f6ss\u00e9gi r\u00e1di\u00f3z\u00e1s \u2013 zenei \u00e9s politikai arculat +&nbsp;M\u0171sorterv + Egy szerkesztett hanganyagfelvezet\u00e9se Meger\u0151s\u00edt\u00e9s\/Gender t\u00e9m\u00e1k +&nbsp;Gyakorlatok gender t\u00e9m\u00e1kra +&nbsp;Nemis\u00e9gr\u0151l kialakult beidegz\u0151d\u00e9sek +&nbsp;M\u0171sorkritika +&nbsp;Rekonstrukci\u00f3\/dekonstrukci\u00f3 +&nbsp;Szexista nyelvhaszn\u00e1lat +&nbsp;Sablonok \u00e9s munkalapok Visszajelz\u00e9s +&nbsp;Munkalapos &hellip; <a href=\"https:\/\/smart.radiotraining.eu\/hu\/a-tanegysegek-modulok-attekintese\/\">Continued<\/a><\/p>\n","protected":false},"author":13,"featured_media":0,"parent":0,"menu_order":0,"comment_status":"closed","ping_status":"closed","template":"views\/page-no_sidebar.blade.php","meta":[],"acf":[],"_links":{"self":[{"href":"https:\/\/smart.radiotraining.eu\/hu\/wp-json\/wp\/v2\/pages\/3421"}],"collection":[{"href":"https:\/\/smart.radiotraining.eu\/hu\/wp-json\/wp\/v2\/pages"}],"about":[{"href":"https:\/\/smart.radiotraining.eu\/hu\/wp-json\/wp\/v2\/types\/page"}],"author":[{"embeddable":true,"href":"https:\/\/smart.radiotraining.eu\/hu\/wp-json\/wp\/v2\/users\/13"}],"replies":[{"embeddable":true,"href":"https:\/\/smart.radiotraining.eu\/hu\/wp-json\/wp\/v2\/comments?post=3421"}],"version-history":[{"count":2,"href":"https:\/\/smart.radiotraining.eu\/hu\/wp-json\/wp\/v2\/pages\/3421\/revisions"}],"predecessor-version":[{"id":5645,"href":"https:\/\/smart.radiotraining.eu\/hu\/wp-json\/wp\/v2\/pages\/3421\/revisions\/5645"}],"wp:attachment":[{"href":"https:\/\/smart.radiotraining.eu\/hu\/wp-json\/wp\/v2\/media?parent=3421"}],"curies":[{"name":"wp","href":"https:\/\/api.w.org\/{rel}","templated":true}]}}