{"id":3425,"date":"2019-05-29T21:27:56","date_gmt":"2019-05-29T19:27:56","guid":{"rendered":"https:\/\/smart.radiotraining.eu\/hogy-mukoedik\/"},"modified":"2023-03-22T20:04:21","modified_gmt":"2023-03-22T18:04:21","slug":"hogy-mukoedik","status":"publish","type":"page","link":"https:\/\/smart.radiotraining.eu\/hu\/hogy-mukoedik\/","title":{"rendered":"Hogy m\u0171k\u00f6dik"},"content":{"rendered":"\n<p>Az S.M.A.R.T. online eszk\u00f6zt a k\u00f6z\u00f6ss\u00e9g r\u00e1di\u00f3haszn\u00e1lat\u00e1ban tapasztalt k\u00f6z\u00f6ss\u00e9gi r\u00e1di\u00f3s oktat\u00f3k fejlesztett\u00e9k ki. A konkr\u00e9t k\u00f6z\u00f6ns\u00e9ghez igaz\u00edtott k\u00e9pz\u00e9si gyakorlatok \u00e9s m\u00f3dszerek megszerz\u00e9s\u00e9hez haszn\u00e1lja a kulcssz\u00f3 keres\u0151motort, \u00e9s hat\u00e1rozza meg a kurzus kereteit a csoportm\u00e9ret, a rendelkez\u00e9sre \u00e1ll\u00f3 id\u0151, a technikai eszk\u00f6z\u00f6k tekintet\u00e9ben. E.t.c. A keres\u00e9s v\u00e9g\u00e9n S.M.A.R.T. megfelel\u0151 gyakorlatok, amelyeket PDF-f\u00e1jlk\u00e9nt kiv\u00e1laszthatja, majd k\u00e9nyelmesen let\u00f6lthet vagy kinyomtathatja.<\/p>\n","protected":false},"excerpt":{"rendered":"<p>Az S.M.A.R.T. online eszk\u00f6zt a k\u00f6z\u00f6ss\u00e9g r\u00e1di\u00f3haszn\u00e1lat\u00e1ban tapasztalt k\u00f6z\u00f6ss\u00e9gi r\u00e1di\u00f3s oktat\u00f3k fejlesztett\u00e9k ki. A konkr\u00e9t k\u00f6z\u00f6ns\u00e9ghez igaz\u00edtott k\u00e9pz\u00e9si gyakorlatok \u00e9s m\u00f3dszerek megszerz\u00e9s\u00e9hez haszn\u00e1lja a kulcssz\u00f3 keres\u0151motort, \u00e9s hat\u00e1rozza meg a kurzus kereteit a csoportm\u00e9ret, a rendelkez\u00e9sre \u00e1ll\u00f3 id\u0151, a technikai eszk\u00f6z\u00f6k tekintet\u00e9ben. E.t.c. A keres\u00e9s v\u00e9g\u00e9n S.M.A.R.T. megfelel\u0151 gyakorlatok, amelyeket PDF-f\u00e1jlk\u00e9nt kiv\u00e1laszthatja, majd k\u00e9nyelmesen let\u00f6lthet &hellip; <a href=\"https:\/\/smart.radiotraining.eu\/hu\/hogy-mukoedik\/\">Continued<\/a><\/p>\n","protected":false},"author":13,"featured_media":0,"parent":0,"menu_order":0,"comment_status":"closed","ping_status":"closed","template":"","meta":[],"acf":[],"_links":{"self":[{"href":"https:\/\/smart.radiotraining.eu\/hu\/wp-json\/wp\/v2\/pages\/3425"}],"collection":[{"href":"https:\/\/smart.radiotraining.eu\/hu\/wp-json\/wp\/v2\/pages"}],"about":[{"href":"https:\/\/smart.radiotraining.eu\/hu\/wp-json\/wp\/v2\/types\/page"}],"author":[{"embeddable":true,"href":"https:\/\/smart.radiotraining.eu\/hu\/wp-json\/wp\/v2\/users\/13"}],"replies":[{"embeddable":true,"href":"https:\/\/smart.radiotraining.eu\/hu\/wp-json\/wp\/v2\/comments?post=3425"}],"version-history":[{"count":3,"href":"https:\/\/smart.radiotraining.eu\/hu\/wp-json\/wp\/v2\/pages\/3425\/revisions"}],"predecessor-version":[{"id":6112,"href":"https:\/\/smart.radiotraining.eu\/hu\/wp-json\/wp\/v2\/pages\/3425\/revisions\/6112"}],"wp:attachment":[{"href":"https:\/\/smart.radiotraining.eu\/hu\/wp-json\/wp\/v2\/media?parent=3425"}],"curies":[{"name":"wp","href":"https:\/\/api.w.org\/{rel}","templated":true}]}}