{"id":5559,"date":"2022-01-18T11:02:15","date_gmt":"2022-01-18T09:02:15","guid":{"rendered":"https:\/\/smart.radiotraining.eu\/trainer\/nevjegy\/"},"modified":"2022-01-18T13:21:58","modified_gmt":"2022-01-18T11:21:58","slug":"nevjegy","status":"publish","type":"page","link":"https:\/\/smart.radiotraining.eu\/hu\/trainer\/nevjegy\/","title":{"rendered":"N\u00e9vjegy"},"content":{"rendered":"\t\t<div data-elementor-type=\"wp-page\" data-elementor-id=\"5559\" class=\"elementor elementor-5559 elementor-5323\">\n\t\t\t\t\t\t\t\t\t<section data-particle_enable=\"false\" data-particle-mobile-disabled=\"false\" class=\"elementor-section elementor-top-section elementor-element elementor-element-be6ce8a elementor-section-boxed elementor-section-height-default elementor-section-height-default\" data-id=\"be6ce8a\" data-element_type=\"section\">\n\t\t\t\t\t\t<div class=\"elementor-container elementor-column-gap-default\">\n\t\t\t\t\t<div class=\"elementor-column elementor-col-100 elementor-top-column elementor-element elementor-element-d9fc2c6\" data-id=\"d9fc2c6\" data-element_type=\"column\">\n\t\t\t<div class=\"elementor-widget-wrap\">\n\t\t\t\t\t\t\t\t\t<\/div>\n\t\t<\/div>\n\t\t\t\t\t\t\t<\/div>\n\t\t<\/section>\n\t\t\t\t<section data-particle_enable=\"false\" data-particle-mobile-disabled=\"false\" class=\"elementor-section elementor-top-section elementor-element elementor-element-19cb2ef elementor-section-boxed elementor-section-height-default elementor-section-height-default\" data-id=\"19cb2ef\" data-element_type=\"section\">\n\t\t\t\t\t\t<div class=\"elementor-container elementor-column-gap-default\">\n\t\t\t\t\t<div class=\"elementor-column elementor-col-100 elementor-top-column elementor-element elementor-element-c325d8c\" data-id=\"c325d8c\" data-element_type=\"column\">\n\t\t\t<div class=\"elementor-widget-wrap elementor-element-populated\">\n\t\t\t\t\t\t\t\t<div class=\"elementor-element elementor-element-e528287 elementor-widget elementor-widget-text-editor\" data-id=\"e528287\" data-element_type=\"widget\" data-widget_type=\"text-editor.default\">\n\t\t\t\t<div class=\"elementor-widget-container\">\n\t\t\t<style>\/*! elementor - v3.11.4 - 12-03-2023 *\/\n.elementor-widget-text-editor.elementor-drop-cap-view-stacked .elementor-drop-cap{background-color:#818a91;color:#fff}.elementor-widget-text-editor.elementor-drop-cap-view-framed .elementor-drop-cap{color:#818a91;border:3px solid;background-color:transparent}.elementor-widget-text-editor:not(.elementor-drop-cap-view-default) .elementor-drop-cap{margin-top:8px}.elementor-widget-text-editor:not(.elementor-drop-cap-view-default) .elementor-drop-cap-letter{width:1em;height:1em}.elementor-widget-text-editor .elementor-drop-cap{float:left;text-align:center;line-height:1;font-size:50px}.elementor-widget-text-editor .elementor-drop-cap-letter{display:inline-block}<\/style>\t\t\t\t<p>A SMART Trainers k\u00e9t tantervet k\u00edn\u00e1l az oktat\u00f3k\u00e9pz\u0151 tanfolyamokhoz &#8211; egy online tanfolyamot \u00e9s egy helysz\u00edni tanfolyamot &#8211; a tanul\u00f3k\u00f6zpont\u00fa r\u00e1di\u00f3oktat\u00e1s elveinek elsaj\u00e1t\u00edt\u00e1s\u00e1hoz. A SMART Trainers a SMART online eszk\u00f6zre \u00e9p\u00fcl, amely a r\u00e1di\u00f3s k\u00e9pz\u00e9sben bev\u00e1lt m\u00f3dszereket, tev\u00e9kenys\u00e9geket \u00e9s anyagokat gy\u0171jti \u00f6ssze, k\u00fcl\u00f6n\u00f6sen a speci\u00e1lis c\u00e9lcsoportok sz\u00e1m\u00e1ra, \u00e9s k\u00edn\u00e1lja azokat ingyenes haszn\u00e1latra. A SMART Trainers tov\u00e1bb\u00e1 a k\u00f6z\u00f6ss\u00e9gi m\u00e9dia nem form\u00e1lis oktat\u00e1si \u00e1gazat\u00e1ban t\u00f6rt\u00e9n\u0151 k\u00e9pz\u00e9s lehet\u0151v\u00e9 t\u00e9tel\u00e9t szolg\u00e1lja. A SMART Trainers a tanfolyamokon k\u00edv\u00fcl tartalmaz egy eszk\u00f6zt a tanfolyamokon r\u00e9sztvev\u0151k tanul\u00e1si eredm\u00e9nyeinek \u00e9rt\u00e9kel\u00e9s\u00e9re \u00e9s a tanfolyamokon val\u00f3 r\u00e9szv\u00e9tel tan\u00fas\u00edt\u00e1s\u00e1ra. A SMART Trainers a k\u00f6z\u00f6ss\u00e9gi m\u00e9dia h\u00e1tter\u00e9ben ker\u00fclt kifejleszt\u00e9sre, ahonnan az \u00e9rintett szervezetek sz\u00e1rmaznak, illetve ahol az \u00e9rintett szervezetek sz\u00e9khelye tal\u00e1lhat\u00f3. Az Eur\u00f3pai Bizotts\u00e1g 2018-2021 k\u00f6z\u00f6tti Erasmus+ programj\u00e1nak feln\u0151ttk\u00e9pz\u00e9si strat\u00e9giai partners\u00e9g\u00e9nek r\u00e9szek\u00e9nt a SMART Trainers a k\u00f6vetkez\u0151 szervezetek egy\u00fcttm\u0171k\u00f6d\u00e9s\u00e9nek eredm\u00e9nye:<\/p>\n<p>A <strong>Radioschule klipp+klang<\/strong> szervezi \u00e9s koordin\u00e1lja az UNIKOM nem kereskedelmi c\u00e9l\u00fa helyi r\u00e1di\u00f3\u00e1llom\u00e1sainak r\u00e1di\u00f3s k\u00e9pz\u00e9s\u00e9t, valamint tanfolyamokat szervez k\u00fcl\u00f6nb\u00f6z\u0151 mag\u00e1nr\u00e1di\u00f3k sz\u00e1m\u00e1ra. A klipp+klang R\u00e1di\u00f3iskola kutat\u00e1sokat \u00e9s fejleszt\u00e9seket is folytat (interkultur\u00e1lis oktat\u00e1s, r\u00e1di\u00f3z\u00e1s \u00e9s nyelvi-kultur\u00e1lis kisebbs\u00e9gek), valamint saj\u00e1t ifj\u00fas\u00e1gi \u00e9s empowerment projekteket kezdem\u00e9nyez. A r\u00e1di\u00f3iskol\u00e1t az 1995-ben alap\u00edtott Radioschule klipp+klang egyes\u00fclet m\u0171k\u00f6dteti.<\/p>\n<p>A <strong>COMMIT<\/strong>, a K\u00f6z\u00f6ss\u00e9gi M\u00e9dia Tov\u00e1bbk\u00e9pz\u00e9si, Kutat\u00e1si \u00e9s Tan\u00e1csad\u00f3 Int\u00e9zet a nem kereskedelmi m\u0171sorszolg\u00e1ltat\u00e1s, a feln\u0151ttk\u00e9pz\u00e9s \u00e9s a kutat\u00e1s hat\u00e1rter\u00fclet\u00e9n m\u0171k\u00f6d\u0151 tov\u00e1bbk\u00e9pz\u0151 int\u00e9zm\u00e9ny Ausztri\u00e1ban. A COMMIT 2010-ben alakult egyes\u00fcletk\u00e9nt, tev\u00e9kenys\u00e9ge nonprofit. C\u00e9lja, hogy a t\u00e1rsadalom minden szintj\u00e9n el\u0151seg\u00edtse a nem kereskedelmi m\u00e9dia megvitat\u00e1s\u00e1t \u00e9s tov\u00e1bbfejleszt\u00e9s\u00e9t. Ez k\u00fcl\u00f6n\u00f6sen a nem kereskedelmi m\u00e9dia, a feln\u0151ttk\u00e9pz\u00e9s \u00e9s a tudom\u00e1ny szerepl\u0151ivel egy\u00fcttm\u0171k\u00f6dve a tov\u00e1bbk\u00e9pz\u00e9s \u00e9s a k\u00eds\u00e9r\u0151 kutat\u00e1s \u00f6szt\u00f6nz\u00e9s\u00e9t \u00e9s tervez\u00e9s\u00e9t foglalja mag\u00e1ban.<\/p>\n<p>Az <strong>Antxeta Irratia<\/strong> egy baszk nem kereskedelmi k\u00f6z\u00f6ss\u00e9gi r\u00e1di\u00f3, amely hossz\u00fa tapasztalattal rendelkezik mind a belf\u00f6ldi, mind a Spanyolorsz\u00e1g \u00e9s Franciaorsz\u00e1g k\u00f6z\u00f6tti hat\u00e1rokon \u00e1tny\u00fal\u00f3 projektek, valamint a nemzetk\u00f6zi egy\u00fcttm\u0171k\u00f6d\u00e9si projektek ter\u00e9n, p\u00e9ld\u00e1ul a feln\u0151ttk\u00e9pz\u00e9s ter\u00fclet\u00e9n. 2007 \u00f3ta az Antxeta Irratia sz\u00e1mos interkultur\u00e1lis \u00e9s oktat\u00e1si projektet dolgozott ki, mind a r\u00e9gi\u00f3 n\u0151i szervezeteivel \u00e9s migr\u00e1nsokkal, mind a Feln\u0151ttk\u00e9pz\u00e9si K\u00f6zponttal (ECA) egy\u00fcttm\u0171k\u00f6dve.<\/p>\n<p>A <strong>Civil R\u00e1di\u00f3<\/strong> nem kereskedelmi c\u00e9l\u00fa k\u00f6z\u00f6ss\u00e9gi r\u00e1di\u00f3k\u00e9nt sug\u00e1roz t\u00f6bb mint 150 \u00f6nk\u00e9ntes seg\u00edts\u00e9g\u00e9vel. A 24 \u00f3r\u00e1s m\u0171sor k\u00f6zponti t\u00e9m\u00e1i kultur\u00e1lis, t\u00e1rsadalmi \u00e9s k\u00f6rnyezeti esem\u00e9nyek, k\u00f6z\u00f6ss\u00e9gek, konfliktusok, Budapest \u00e9s a ker\u00fcletek \u00e9lete. A Civil R\u00e1di\u00f3 a legmodernebb kommunik\u00e1ci\u00f3s \u00e9s m\u00e9diatechnol\u00f3gi\u00e1kkal \u00e9s Web 2.0 alkalmaz\u00e1sokkal m\u0171k\u00f6dik, \u00f6nk\u00e9nteseit k\u00e9pz\u00e9sekkel \u00e9s e-learning anyagokkal oktatja.<\/p>\n<p>A <strong>Near Media-Co-op<\/strong> egy demokratikus, nonprofit m\u00e9diasz\u00f6vetkezet, amely a m\u00e9di\u00e1t a k\u00f6z\u00f6ss\u00e9gfejleszt\u00e9s eszk\u00f6zek\u00e9nt haszn\u00e1lja. A sz\u00f6vetkezetet 1982-ben alap\u00edtott\u00e1k, \u00e9s t\u00f6bb mint 600 r\u00e9szv\u00e9nyes \u00e9s t\u00f6bb mint 120 rendszeres \u00f6nk\u00e9ntes tartozik hozz\u00e1. A NearFM 1995 \u00f3ta sug\u00e1roz k\u00f6z\u00f6ss\u00e9gi r\u00e1di\u00f3k\u00e9nt, \u00e9s sz\u00e1mos eur\u00f3pai projektben vett \u00e9s vesz r\u00e9szt partnerk\u00e9nt a kultur\u00e1lis identit\u00e1s \u00e9s a k\u00f6rnyezetv\u00e9delem, valamint az interkultur\u00e1lis k\u00e9pz\u00e9s \u00e9s az emberi jogi programok ter\u00fclet\u00e9n. A NearFM 2006-ban r\u00e9szt vett az interkultur\u00e1lis f\u00f3kusz\u00fa Inter.media k\u00e9pz\u00e9si anyagok elk\u00e9sz\u00edt\u00e9s\u00e9ben, \u00e9s FETAC 4. szint\u0171 szakmai k\u00e9pes\u00edt\u00e9st, valamint m\u00e9diam\u0171velts\u00e9gi k\u00e9pz\u00e9st \u00e9s interkultur\u00e1lis k\u00e9pz\u00e9st k\u00edn\u00e1l.<\/p>\n<p>A<strong> Radio Corax<\/strong> egy szabad r\u00e1di\u00f3\u00e1llom\u00e1s a n\u00e9metorsz\u00e1gi Halle(Saale) v\u00e1ros\u00e1ban. A Radio Corax nem kereskedelmi c\u00e9l\u00fa helyi r\u00e1di\u00f3\u00e1llom\u00e1sk\u00e9nt a nap 24 \u00f3r\u00e1j\u00e1ban sug\u00e1roz. A Radio Corax f\u00f6ldfelsz\u00ednen Halle-ban \u00e9s Sz\u00e1sz-Anhalt d\u00e9li r\u00e9sz\u00e9n FM-en foghat\u00f3. A Radio Corax a kezdetekt\u0151l fogva nagy hangs\u00falyt fektetett a k\u00e9pzett r\u00e1di\u00f3sok k\u00e9pz\u00e9s\u00e9re. A Radio Corax k\u00fcl\u00f6nb\u00f6z\u0151, t\u00f6bbek k\u00f6z\u00f6tt interkultur\u00e1lis r\u00e1di\u00f3s oktat\u00e1si projektekben vett \u00e9s vesz r\u00e9szt.<\/p>\n<p>2004 \u00f3ta a <strong>Community Media Forum Europe (CMFE)<\/strong> eur\u00f3pai szinten k\u00e9pviseli a harmadik m\u00e9diaszektorban &#8211; gyakran k\u00f6z\u00f6ss\u00e9gi m\u00e9di\u00e1nak nevezett &#8211; tev\u00e9kenyked\u0151 h\u00e1l\u00f3zatokat, nemzeti sz\u00f6vets\u00e9geket, projekteket \u00e9s egy\u00e9neket. Minden egyes csatorn\u00e1t a k\u00f6rnyezete \u00e9s az \u00e1ltala kiszolg\u00e1lt k\u00f6z\u00f6ss\u00e9g saj\u00e1tos kult\u00far\u00e1ja, t\u00f6rt\u00e9nelme \u00e9s val\u00f3s\u00e1ga alak\u00edt. A k\u00f6z\u00f6ss\u00e9gi m\u00e9dia \u00e1ltal\u00e1ban azon k\u00f6z\u00f6ss\u00e9gek tulajdon\u00e1ban van, ahonnan az \u00f6nk\u00e9ntes m\u0171sorszolg\u00e1ltat\u00f3k sz\u00e1rmaznak, \u00e9s olyan m\u0171sorokat k\u00e9sz\u00edtenek, amelyek fontosak a k\u00f6z\u00f6ss\u00e9gek sz\u00e1m\u00e1ra &#8211; \u00e9s nem profitorient\u00e1ltak. A CMFE ki\u00e1ll a polg\u00e1rok k\u00f6z\u00f6ss\u00e9gi m\u00e9di\u00e1hoz val\u00f3 jogai\u00e9rt, \u00e9s platformk\u00e9nt szolg\u00e1l a p\u00e1rbesz\u00e9dhez \u00e9s a k\u00f6z\u00f6ss\u00e9gi m\u00e9dia eur\u00f3pai szint\u0171 elismer\u00e9s\u00e9hez, mint vil\u00e1gosan k\u00f6r\u00fclhat\u00e1rolt m\u00e9dia\u00e1gazathoz. Egy olyan k\u00f6rnyezetben, ahol a v\u00e9lem\u00e9nynyilv\u00e1n\u00edt\u00e1s szabads\u00e1g\u00e1t \u00e9s az inform\u00e1ci\u00f3hoz val\u00f3 hozz\u00e1f\u00e9r\u00e9st egyre ink\u00e1bb vesz\u00e9lyezteti a m\u00e9diaszektor koncentr\u00e1ci\u00f3ja \u00e9s a f\u00e9lret\u00e1j\u00e9koztat\u00e1s terjed\u00e9se, a k\u00f6z\u00f6ss\u00e9gi m\u00e9dia a m\u00e9diapluralizmus mutat\u00f3ja.<\/p>\n<p>Az <strong>AMARC Europe<\/strong> a K\u00f6z\u00f6ss\u00e9gi R\u00e1di\u00f3k Vil\u00e1gsz\u00f6vets\u00e9g\u00e9nek eur\u00f3pai tagozata. Az eur\u00f3pai sz\u00f6vets\u00e9g t\u00f6bb mint 300 k\u00f6z\u00f6ss\u00e9gi r\u00e1di\u00f3t, azok nemzeti vagy region\u00e1lis sz\u00f6vets\u00e9geit \u00e9s mag\u00e1nszem\u00e9lyeket k\u00e9pvisel. Az AMARC Europe 1994 \u00f3ta k\u00e9pviseli tagjainak \u00e9rdekeit eur\u00f3pai \u00e9s nemzetk\u00f6zi szinten, megteremti a kommunik\u00e1ci\u00f3t \u00e9s ez\u00e1ltal a tapasztalatcser\u00e9t tagjai k\u00f6z\u00f6tt, valamint kezdem\u00e9nyezi nemzetk\u00f6zi egy\u00fcttm\u0171k\u00f6d\u00e9s\u00fcket. Az AMARC Europe kapcsolatot tart a K\u00f6z\u00f6ss\u00e9gi R\u00e1di\u00f3k Vil\u00e1gsz\u00f6vets\u00e9g\u00e9vel \u00e9s az ENSZ k\u00fcl\u00f6nb\u00f6z\u0151 szervezeteivel is.<\/p>\n\t\t\t\t\t\t<\/div>\n\t\t\t\t<\/div>\n\t\t\t\t\t<\/div>\n\t\t<\/div>\n\t\t\t\t\t\t\t<\/div>\n\t\t<\/section>\n\t\t\t\t<section data-particle_enable=\"false\" data-particle-mobile-disabled=\"false\" class=\"elementor-section elementor-top-section elementor-element elementor-element-0726afc elementor-section-boxed elementor-section-height-default elementor-section-height-default\" data-id=\"0726afc\" data-element_type=\"section\">\n\t\t\t\t\t\t<div class=\"elementor-container elementor-column-gap-default\">\n\t\t\t\t\t<div class=\"elementor-column elementor-col-100 elementor-top-column elementor-element elementor-element-f4fe01c\" data-id=\"f4fe01c\" data-element_type=\"column\">\n\t\t\t<div class=\"elementor-widget-wrap\">\n\t\t\t\t\t\t\t\t\t<\/div>\n\t\t<\/div>\n\t\t\t\t\t\t\t<\/div>\n\t\t<\/section>\n\t\t\t\t<section data-particle_enable=\"false\" data-particle-mobile-disabled=\"false\" class=\"elementor-section elementor-top-section elementor-element elementor-element-e37f599 elementor-section-boxed elementor-section-height-default elementor-section-height-default\" data-id=\"e37f599\" data-element_type=\"section\">\n\t\t\t\t\t\t<div class=\"elementor-container elementor-column-gap-default\">\n\t\t\t\t\t<div class=\"elementor-column elementor-col-100 elementor-top-column elementor-element elementor-element-9402275\" data-id=\"9402275\" data-element_type=\"column\">\n\t\t\t<div class=\"elementor-widget-wrap elementor-element-populated\">\n\t\t\t\t\t\t\t\t<div class=\"elementor-element elementor-element-4d2e3a7 elementor-widget elementor-widget-eael-logo-carousel\" data-id=\"4d2e3a7\" data-element_type=\"widget\" data-settings=\"{&quot;items&quot;:{&quot;unit&quot;:&quot;px&quot;,&quot;size&quot;:4,&quot;sizes&quot;:[]},&quot;items_tablet&quot;:{&quot;unit&quot;:&quot;px&quot;,&quot;size&quot;:2,&quot;sizes&quot;:[]},&quot;items_mobile&quot;:{&quot;unit&quot;:&quot;px&quot;,&quot;size&quot;:1,&quot;sizes&quot;:[]}}\" data-widget_type=\"eael-logo-carousel.default\">\n\t\t\t\t<div class=\"elementor-widget-container\">\n\t\t\t        <div class=\"swiper-container-wrap eael-logo-carousel-wrap\">\n            <div class=\"swiper-container eael-logo-carousel swiper-container-4d2e3a7\" data-pagination=\".swiper-pagination-4d2e3a7\" data-arrow-next=\".swiper-button-next-4d2e3a7\" data-arrow-prev=\".swiper-button-prev-4d2e3a7\" data-items=\"4\" data-items-tablet=\"2\" data-items-mobile=\"1\" data-margin=\"50\" data-effect=\"slide\" data-speed=\"400\" data-autoplay=\"999999\">\n                <div class=\"swiper-wrapper\">\n\t\t\t\t\t                            <div class=\"swiper-slide\">\n                                <div class=\"eael-lc-logo-wrap\">\n                                    <div class=\"eael-lc-logo\">\n\t\t\t\t\t\t\t\t\t\t<a href=\"https:\/\/www.commit.at\/\" target=\"_blank\"><img decoding=\"async\" class=\"eael-lc-img-src\" src=\"https:\/\/smart.radiotraining.eu\/wp-content\/uploads\/2019\/05\/commit-bw.jpg\" alt=\"\"><\/a>                                    <\/div>\n\t\t\t\t\t\t\t\t\t<h4 class=\"eael-logo-carousel-title\"><a href=\"https:\/\/www.commit.at\/\" target=\"_blank\">COMMIT\/ Austria<\/a><\/h4>                                <\/div>\n                            <\/div>\n\t\t\t\t\t\t                            <div class=\"swiper-slide\">\n                                <div class=\"eael-lc-logo-wrap\">\n                                    <div class=\"eael-lc-logo\">\n\t\t\t\t\t\t\t\t\t\t<a href=\"https:\/\/www.antxetairratia.com\/\" target=\"_blank\"><img decoding=\"async\" class=\"eael-lc-img-src\" src=\"https:\/\/smart.radiotraining.eu\/wp-content\/uploads\/2019\/05\/antxeta-bw.jpg\" alt=\"\"><\/a>                                    <\/div>\n\t\t\t\t\t\t\t\t\t<h4 class=\"eael-logo-carousel-title\"><a href=\"https:\/\/www.antxetairratia.com\/\" target=\"_blank\">Antxeta Irratia \/ Basque country<\/a><\/h4>                                <\/div>\n                            <\/div>\n\t\t\t\t\t\t                            <div class=\"swiper-slide\">\n                                <div class=\"eael-lc-logo-wrap\">\n                                    <div class=\"eael-lc-logo\">\n\t\t\t\t\t\t\t\t\t\t<a href=\"https:\/\/www.civilradio.hu\/index.php\" target=\"_blank\"><img decoding=\"async\" class=\"eael-lc-img-src\" src=\"https:\/\/smart.radiotraining.eu\/wp-content\/uploads\/2019\/05\/civilradio-bw.jpg\" alt=\"\"><\/a>                                    <\/div>\n\t\t\t\t\t\t\t\t\t<h4 class=\"eael-logo-carousel-title\"><a href=\"https:\/\/www.civilradio.hu\/index.php\" target=\"_blank\">Civil R\u00e1di\u00f3\/ Hungary<\/a><\/h4>                                <\/div>\n                            <\/div>\n\t\t\t\t\t\t                            <div class=\"swiper-slide\">\n                                <div class=\"eael-lc-logo-wrap\">\n                                    <div class=\"eael-lc-logo\">\n\t\t\t\t\t\t\t\t\t\t<a href=\"https:\/\/nearfm.ie\/\" target=\"_blank\"><img decoding=\"async\" class=\"eael-lc-img-src\" src=\"https:\/\/smart.radiotraining.eu\/wp-content\/uploads\/2019\/05\/nearfm-bw.jpg\" alt=\"\"><\/a>                                    <\/div>\n\t\t\t\t\t\t\t\t\t<h4 class=\"eael-logo-carousel-title\"><a href=\"https:\/\/nearfm.ie\/\" target=\"_blank\">Near fm \/ Ireland<\/a><\/h4>                                <\/div>\n                            <\/div>\n\t\t\t\t\t\t                <\/div>\n            <\/div>\n\t\t\t        <\/div>\n\t\t\t\t<\/div>\n\t\t\t\t<\/div>\n\t\t\t\t<div class=\"elementor-element elementor-element-53f93d1 elementor-widget elementor-widget-eael-logo-carousel\" data-id=\"53f93d1\" data-element_type=\"widget\" data-settings=\"{&quot;items&quot;:{&quot;unit&quot;:&quot;px&quot;,&quot;size&quot;:4,&quot;sizes&quot;:[]},&quot;items_tablet&quot;:{&quot;unit&quot;:&quot;px&quot;,&quot;size&quot;:2,&quot;sizes&quot;:[]},&quot;items_mobile&quot;:{&quot;unit&quot;:&quot;px&quot;,&quot;size&quot;:1,&quot;sizes&quot;:[]}}\" data-widget_type=\"eael-logo-carousel.default\">\n\t\t\t\t<div class=\"elementor-widget-container\">\n\t\t\t        <div class=\"swiper-container-wrap eael-logo-carousel-wrap\">\n            <div class=\"swiper-container eael-logo-carousel swiper-container-53f93d1\" data-pagination=\".swiper-pagination-53f93d1\" data-arrow-next=\".swiper-button-next-53f93d1\" data-arrow-prev=\".swiper-button-prev-53f93d1\" data-items=\"4\" data-items-tablet=\"2\" data-items-mobile=\"1\" data-margin=\"50\" data-effect=\"slide\" data-speed=\"400\" data-autoplay=\"999999\">\n                <div class=\"swiper-wrapper\">\n\t\t\t\t\t                            <div class=\"swiper-slide\">\n                                <div class=\"eael-lc-logo-wrap\">\n                                    <div class=\"eael-lc-logo\">\n\t\t\t\t\t\t\t\t\t\t<a href=\"https:\/\/959.radiocorax.de\/\" target=\"_blank\"><img decoding=\"async\" class=\"eael-lc-img-src\" src=\"https:\/\/smart.radiotraining.eu\/wp-content\/uploads\/2019\/05\/corax-bw.jpg\" alt=\"\"><\/a>                                    <\/div>\n\t\t\t\t\t\t\t\t\t<h4 class=\"eael-logo-carousel-title\"><a href=\"https:\/\/959.radiocorax.de\/\" target=\"_blank\">Radio Corax\/ Germany<\/a><\/h4>                                <\/div>\n                            <\/div>\n\t\t\t\t\t\t                            <div class=\"swiper-slide\">\n                                <div class=\"eael-lc-logo-wrap\">\n                                    <div class=\"eael-lc-logo\">\n\t\t\t\t\t\t\t\t\t\t<a href=\"https:\/\/www.klippklang.ch\/index.php?pid=51&amp;l=de\" target=\"_blank\"><img decoding=\"async\" class=\"eael-lc-img-src\" src=\"https:\/\/smart.radiotraining.eu\/wp-content\/uploads\/2019\/05\/logo_klippklang-bw.jpg\" alt=\"\"><\/a>                                    <\/div>\n\t\t\t\t\t\t\t\t\t<h4 class=\"eael-logo-carousel-title\"><a href=\"https:\/\/www.klippklang.ch\/index.php?pid=51&amp;l=de\" target=\"_blank\">klipp+klang Radioschule\/ Switzerland<\/a><\/h4>                                <\/div>\n                            <\/div>\n\t\t\t\t\t\t                            <div class=\"swiper-slide\">\n                                <div class=\"eael-lc-logo-wrap\">\n                                    <div class=\"eael-lc-logo\">\n\t\t\t\t\t\t\t\t\t\t<a href=\"https:\/\/amarceurope.eu\/\" target=\"_blank\"><img decoding=\"async\" class=\"eael-lc-img-src\" src=\"https:\/\/smart.radiotraining.eu\/wp-content\/uploads\/2021\/06\/Logo-amarc.png\" alt=\"\"><\/a>                                    <\/div>\n\t\t\t\t\t\t\t\t\t<h4 class=\"eael-logo-carousel-title\"><a href=\"https:\/\/amarceurope.eu\/\" target=\"_blank\">AMARC Europe \/ Belgium<\/a><\/h4>                                <\/div>\n                            <\/div>\n\t\t\t\t\t\t                            <div class=\"swiper-slide\">\n                                <div class=\"eael-lc-logo-wrap\">\n                                    <div class=\"eael-lc-logo\">\n\t\t\t\t\t\t\t\t\t\t<a href=\"https:\/\/www.cmfe.eu\/\" target=\"_blank\"><img decoding=\"async\" class=\"eael-lc-img-src\" src=\"https:\/\/smart.radiotraining.eu\/wp-content\/uploads\/2021\/06\/logo-cmfe-2.jpg\" alt=\"\"><\/a>                                    <\/div>\n\t\t\t\t\t\t\t\t\t<h4 class=\"eael-logo-carousel-title\"><a href=\"https:\/\/www.cmfe.eu\/\" target=\"_blank\">CMFE \/ Belgium<\/a><\/h4>                                <\/div>\n                            <\/div>\n\t\t\t\t\t\t                <\/div>\n            <\/div>\n\t\t\t        <\/div>\n\t\t\t\t<\/div>\n\t\t\t\t<\/div>\n\t\t\t\t\t<\/div>\n\t\t<\/div>\n\t\t\t\t\t\t\t<\/div>\n\t\t<\/section>\n\t\t\t\t\t\t\t<\/div>\n\t\t","protected":false},"excerpt":{"rendered":"<p>A SMART Trainers k\u00e9t tantervet k\u00edn\u00e1l az oktat\u00f3k\u00e9pz\u0151 tanfolyamokhoz &#8211; egy online tanfolyamot \u00e9s egy helysz\u00edni tanfolyamot &#8211; a tanul\u00f3k\u00f6zpont\u00fa r\u00e1di\u00f3oktat\u00e1s elveinek elsaj\u00e1t\u00edt\u00e1s\u00e1hoz. A SMART Trainers a SMART online eszk\u00f6zre \u00e9p\u00fcl, amely a r\u00e1di\u00f3s k\u00e9pz\u00e9sben bev\u00e1lt m\u00f3dszereket, tev\u00e9kenys\u00e9geket \u00e9s anyagokat gy\u0171jti \u00f6ssze, k\u00fcl\u00f6n\u00f6sen a speci\u00e1lis c\u00e9lcsoportok sz\u00e1m\u00e1ra, \u00e9s k\u00edn\u00e1lja azokat ingyenes haszn\u00e1latra. A SMART Trainers &hellip; <a href=\"https:\/\/smart.radiotraining.eu\/hu\/trainer\/nevjegy\/\">Continued<\/a><\/p>\n","protected":false},"author":13,"featured_media":0,"parent":4798,"menu_order":0,"comment_status":"closed","ping_status":"closed","template":"views\/page-no_sidebar.blade.php","meta":[],"acf":[],"_links":{"self":[{"href":"https:\/\/smart.radiotraining.eu\/hu\/wp-json\/wp\/v2\/pages\/5559"}],"collection":[{"href":"https:\/\/smart.radiotraining.eu\/hu\/wp-json\/wp\/v2\/pages"}],"about":[{"href":"https:\/\/smart.radiotraining.eu\/hu\/wp-json\/wp\/v2\/types\/page"}],"author":[{"embeddable":true,"href":"https:\/\/smart.radiotraining.eu\/hu\/wp-json\/wp\/v2\/users\/13"}],"replies":[{"embeddable":true,"href":"https:\/\/smart.radiotraining.eu\/hu\/wp-json\/wp\/v2\/comments?post=5559"}],"version-history":[{"count":1,"href":"https:\/\/smart.radiotraining.eu\/hu\/wp-json\/wp\/v2\/pages\/5559\/revisions"}],"predecessor-version":[{"id":5560,"href":"https:\/\/smart.radiotraining.eu\/hu\/wp-json\/wp\/v2\/pages\/5559\/revisions\/5560"}],"up":[{"embeddable":true,"href":"https:\/\/smart.radiotraining.eu\/hu\/wp-json\/wp\/v2\/pages\/4798"}],"wp:attachment":[{"href":"https:\/\/smart.radiotraining.eu\/hu\/wp-json\/wp\/v2\/media?parent=5559"}],"curies":[{"name":"wp","href":"https:\/\/api.w.org\/{rel}","templated":true}]}}