{"id":5582,"date":"2022-01-18T11:47:07","date_gmt":"2022-01-18T09:47:07","guid":{"rendered":"https:\/\/smart.radiotraining.eu\/impresszum\/"},"modified":"2022-01-18T13:21:58","modified_gmt":"2022-01-18T11:21:58","slug":"impresszum","status":"publish","type":"page","link":"https:\/\/smart.radiotraining.eu\/hu\/impresszum\/","title":{"rendered":"Impresszum"},"content":{"rendered":"<h3>Impresszum<\/h3>\n<p>Corax e. V. &#8211; Kezdem\u00e9nyez\u00e9s a szabad r\u00e1di\u00f3z\u00e1s\u00e9rt<br \/>\nUnterberg 11<br \/>\n06108 Halle\/ Saale<br \/>\nN\u00e9metorsz\u00e1g<br \/>\nTelefon: +49 345 4700745<\/p>\n<p>Bejegyezve a Halle-Saalkreis-i Ker\u00fcleti B\u00edr\u00f3s\u00e1g egyes\u00fcleti nyilv\u00e1ntart\u00e1s\u00e1ba (VR 1137)\/<br \/>\nIgazgat\u00f3tan\u00e1cs: Helen Hahmann, Udo Israel, Philine Lewek, Juliane Victor \u00e9s Christoph Carmesin.<\/p>\n<p>A projekt az Eur\u00f3pai Bizotts\u00e1g t\u00e1mogat\u00e1s\u00e1val val\u00f3sult meg. Ez a kiadv\u00e1ny kiz\u00e1r\u00f3lag a szerz\u0151 n\u00e9zeteit t\u00fckr\u00f6zi, \u00e9s a Bizotts\u00e1g nem tehet\u0151 felel\u0151ss\u00e9 a benne foglalt inform\u00e1ci\u00f3k felhaszn\u00e1l\u00e1s\u00e1\u00e9rt.<\/p>\n<p>Webadminisztr\u00e1tor \u00e9s az oldal tulajdonosa: Thies Streifinger\/ Thaerplatz 07\/ 06112 Halle\/ Saale\/<br \/>\nN\u00e9metorsz\u00e1g\/ +49 171 4185818\/ thiesstreifinger@googlemail.com\/ thiesstreifinger.com<\/p>\n<p>Corax e. V. &#8211; Initiative for Free Radio\/ Unterberg 11\/ 06108 Halle\/ Saale\/ N\u00e9metorsz\u00e1g\/ +49 345 4700745\/ Bejegyezve a Halle-Saalkreis-i K\u00f6zs\u00e9gi B\u00edr\u00f3s\u00e1g egyes\u00fcleti nyilv\u00e1ntart\u00e1s\u00e1ban (VR 1137)\/ Igazgat\u00f3s\u00e1g: Helen Hahmann, Udo Israel, Philine Lewek, Juliane Victor \u00e9s Christoph Carmesin.<\/p>\n<h3>Felel\u0151ss\u00e9gi nyilatkozat<\/h3>\n<p><strong>1. az online aj\u00e1nlat tartalma<\/strong><br \/>\nA szerz\u0151 fenntartja a jogot, hogy nem v\u00e1llal felel\u0151ss\u00e9get a k\u00f6z\u00f6lt inform\u00e1ci\u00f3k aktualit\u00e1s\u00e1\u00e9rt, helyess\u00e9g\u00e9\u00e9rt, teljess\u00e9g\u00e9\u00e9rt vagy min\u0151s\u00e9g\u00e9\u00e9rt. A szerz\u0151vel szembeni, a megadott inform\u00e1ci\u00f3k felhaszn\u00e1l\u00e1sa vagy nem felhaszn\u00e1l\u00e1sa, illetve a helytelen vagy hi\u00e1nyos inform\u00e1ci\u00f3k felhaszn\u00e1l\u00e1sa \u00e1ltal okozott vagyoni vagy nem vagyoni k\u00e1rokkal kapcsolatos felel\u0151ss\u00e9gi ig\u00e9nyek alapvet\u0151en kiz\u00e1rtak, kiv\u00e9ve, ha a szerz\u0151nek bizony\u00edthat\u00f3an sz\u00e1nd\u00e9kos vagy s\u00falyosan gondatlan magatart\u00e1sa van.<br \/>\nAz aj\u00e1nlatok v\u00e1ltozhatnak \u00e9s nem k\u00f6telez\u0151 \u00e9rv\u00e9ny\u0171ek. A szerz\u0151 kifejezetten fenntartja mag\u00e1nak a jogot, hogy el\u0151zetes \u00e9rtes\u00edt\u00e9s n\u00e9lk\u00fcl megv\u00e1ltoztassa, kieg\u00e9sz\u00edtse vagy t\u00f6r\u00f6lje az oldalak egyes r\u00e9szeit vagy a teljes aj\u00e1nlatot, illetve hogy a k\u00f6zz\u00e9t\u00e9telt ideiglenesen vagy v\u00e9glegesen megsz\u00fcntesse.<\/p>\n<p><strong>2. hivatkoz\u00e1sok \u00e9s linkek<\/strong><br \/>\nA szerz\u0151 nem v\u00e1llal felel\u0151ss\u00e9get az oldalain hivatkozott vagy hivatkozott tartalmak\u00e9rt &#8211; kiv\u00e9ve, ha teljes m\u00e9rt\u00e9kben tiszt\u00e1ban van az illeg\u00e1lis tartalmakkal, \u00e9s k\u00e9pes lenne megakad\u00e1lyozni, hogy az oldal l\u00e1togat\u00f3i megn\u00e9zz\u00e9k ezeket az oldalakat.<br \/>\nA szerz\u0151 ez\u00faton kifejezetten kijelenti, hogy a linkek l\u00e9trehoz\u00e1s\u00e1nak id\u0151pontj\u00e1ban a hivatkozott oldalakon nem volt \u00e9szlelhet\u0151 illeg\u00e1lis tartalom. A szerz\u0151nek nincs befoly\u00e1sa a hivatkozott oldalak jelenlegi \u00e9s j\u00f6v\u0151beli kialak\u00edt\u00e1s\u00e1ra, tartalm\u00e1ra vagy szerz\u0151s\u00e9g\u00e9re. Ez\u00e9rt ezennel kifejezetten elhat\u00e1rol\u00f3dik a linkelt oldalak minden olyan tartalm\u00e1t\u00f3l, amely a link l\u00e9trehoz\u00e1sa ut\u00e1n v\u00e1ltozott. Ez a nyilatkozat vonatkozik a szerz\u0151 saj\u00e1t weboldal\u00e1n elhelyezett linkekre \u00e9s hivatkoz\u00e1sokra, valamint a szerz\u0151 \u00e1ltal l\u00e9trehozott vend\u00e9gk\u00f6nyvekben, vitaf\u00f3rumokon \u00e9s levelez\u0151list\u00e1kon szerepl\u0151 harmadik f\u00e9lt\u0151l sz\u00e1rmaz\u00f3 bejegyz\u00e9sekre. Az illeg\u00e1lis, helytelen vagy hi\u00e1nyos tartalmak\u00e9rt, \u00e9s k\u00fcl\u00f6n\u00f6sen az ilyen inform\u00e1ci\u00f3k haszn\u00e1lat\u00e1b\u00f3l vagy nem haszn\u00e1lat\u00e1b\u00f3l ered\u0151 k\u00e1rok\u00e9rt kiz\u00e1r\u00f3lag a hivatkozott oldal szolg\u00e1ltat\u00f3ja felel, nem pedig az, aki csup\u00e1n hivatkozik a sz\u00f3ban forg\u00f3 kiadv\u00e1nyra a hivatkoz\u00e1sokon kereszt\u00fcl.<\/p>\n<p><strong>3. szerz\u0151i jog \u00e9s v\u00e9djegyjog<\/strong><br \/>\nA szerz\u0151 t\u00f6rekszik arra, hogy a kiadv\u00e1nyokban felhaszn\u00e1lt grafik\u00e1k, hangdokumentumok, videofilmek \u00e9s sz\u00f6vegek szerz\u0151i jogait tiszteletben tartsa, a saj\u00e1t maga \u00e1ltal k\u00e9sz\u00edtett grafik\u00e1kat, hangdokumentumokat, videofilmeket \u00e9s sz\u00f6vegeket haszn\u00e1lja, vagy licencmentes grafik\u00e1kat, hangdokumentumokat, videofilmeket \u00e9s sz\u00f6vegeket haszn\u00e1ljon.<br \/>\nA weboldalon eml\u00edtett \u00e9s esetlegesen harmadik f\u00e9l \u00e1ltal v\u00e9dett valamennyi m\u00e1rkan\u00e9v \u00e9s v\u00e9djegy korl\u00e1toz\u00e1s n\u00e9lk\u00fcl a vonatkoz\u00f3 v\u00e9djegyjogszab\u00e1lyok rendelkez\u00e9seinek \u00e9s az adott bejegyzett tulajdonosok tulajdonjog\u00e1nak hat\u00e1lya al\u00e1 tartozik. Egy v\u00e9djegy puszta eml\u00edt\u00e9se nem jelenti azt, hogy azt nem v\u00e9dik harmadik szem\u00e9lyek jogai!<br \/>\nA szerz\u0151 \u00e1ltal l\u00e9trehozott, k\u00f6zz\u00e9tett objektumok szerz\u0151i joga kiz\u00e1r\u00f3lag a szerz\u0151t illeti meg. A szerz\u0151 beleegyez\u00e9se n\u00e9lk\u00fcl tilos az olyan t\u00e1rgyak, mint p\u00e9ld\u00e1ul diagramok, hangok vagy sz\u00f6vegek m\u00e1s elektronikus vagy nyomtatott kiadv\u00e1nyokban val\u00f3 sokszoros\u00edt\u00e1sa vagy felhaszn\u00e1l\u00e1sa.<\/p>\n<p><strong>4. adatv\u00e9delem<\/strong><br \/>\nAmennyiben lehet\u0151s\u00e9g van szem\u00e9lyes vagy \u00fczleti adatok (e-mail c\u00edmek, n\u00e9v, c\u00edmek) megad\u00e1s\u00e1ra, az adatok megad\u00e1sa \u00f6nk\u00e9ntes. Az \u00f6sszes k\u00edn\u00e1lt szolg\u00e1ltat\u00e1s ig\u00e9nybev\u00e9tele \u00e9s kifizet\u00e9se &#8211; amennyiben \u00e9s amennyire ez technikailag lehets\u00e9ges \u00e9s \u00e9sszer\u0171 &#8211; szem\u00e9lyes adatok megad\u00e1sa n\u00e9lk\u00fcl, illetve anonimiz\u00e1lt adatok vagy \u00e1ln\u00e9v megad\u00e1sa mellett enged\u00e9lyezett. A k\u00f6zz\u00e9tett postai c\u00edmek, telefon- vagy faxsz\u00e1mok \u00e9s e-mail c\u00edmek marketing c\u00e9l\u00fa felhaszn\u00e1l\u00e1sa tilos, a nem k\u00edv\u00e1nt spam \u00fczenetek k\u00fcld\u0151i b\u00fcntet\u00e9st kapnak. Kifejezetten fenntartjuk a jogot, hogy e tilalom megszeg\u00e9se eset\u00e9n jogi l\u00e9p\u00e9seket tegy\u00fcnk az \u00fagynevezett spam levelek k\u00fcld\u0151ivel szemben.<\/p>\n<p><strong>5. A jelen jogi nyilatkozat jogi \u00e9rv\u00e9nyess\u00e9ge<\/strong><br \/>\nEz a jogi nyilatkozat az internetes kiadv\u00e1ny r\u00e9sz\u00e9nek tekintend\u0151, amelyr\u0151l az \u00d6nt megkereste. Ha a jelen nyilatkozat egyes r\u00e9szei vagy egyes kifejez\u00e9sei nem jogszer\u0171ek vagy helytelenek, a t\u00f6bbi r\u00e9sz tartalm\u00e1t vagy \u00e9rv\u00e9nyess\u00e9g\u00e9t ez a t\u00e9ny nem befoly\u00e1solja.<\/p>\n","protected":false},"excerpt":{"rendered":"<p>Impresszum Corax e. V. &#8211; Kezdem\u00e9nyez\u00e9s a szabad r\u00e1di\u00f3z\u00e1s\u00e9rt Unterberg 11 06108 Halle\/ Saale N\u00e9metorsz\u00e1g Telefon: +49 345 4700745 Bejegyezve a Halle-Saalkreis-i Ker\u00fcleti B\u00edr\u00f3s\u00e1g egyes\u00fcleti nyilv\u00e1ntart\u00e1s\u00e1ba (VR 1137)\/ Igazgat\u00f3tan\u00e1cs: Helen Hahmann, Udo Israel, Philine Lewek, Juliane Victor \u00e9s Christoph Carmesin. A projekt az Eur\u00f3pai Bizotts\u00e1g t\u00e1mogat\u00e1s\u00e1val val\u00f3sult meg. Ez a kiadv\u00e1ny kiz\u00e1r\u00f3lag a szerz\u0151 n\u00e9zeteit &hellip; <a href=\"https:\/\/smart.radiotraining.eu\/hu\/impresszum\/\">Continued<\/a><\/p>\n","protected":false},"author":13,"featured_media":0,"parent":0,"menu_order":0,"comment_status":"closed","ping_status":"closed","template":"views\/page-no_sidebar.blade.php","meta":[],"acf":[],"_links":{"self":[{"href":"https:\/\/smart.radiotraining.eu\/hu\/wp-json\/wp\/v2\/pages\/5582"}],"collection":[{"href":"https:\/\/smart.radiotraining.eu\/hu\/wp-json\/wp\/v2\/pages"}],"about":[{"href":"https:\/\/smart.radiotraining.eu\/hu\/wp-json\/wp\/v2\/types\/page"}],"author":[{"embeddable":true,"href":"https:\/\/smart.radiotraining.eu\/hu\/wp-json\/wp\/v2\/users\/13"}],"replies":[{"embeddable":true,"href":"https:\/\/smart.radiotraining.eu\/hu\/wp-json\/wp\/v2\/comments?post=5582"}],"version-history":[{"count":1,"href":"https:\/\/smart.radiotraining.eu\/hu\/wp-json\/wp\/v2\/pages\/5582\/revisions"}],"predecessor-version":[{"id":5639,"href":"https:\/\/smart.radiotraining.eu\/hu\/wp-json\/wp\/v2\/pages\/5582\/revisions\/5639"}],"wp:attachment":[{"href":"https:\/\/smart.radiotraining.eu\/hu\/wp-json\/wp\/v2\/media?parent=5582"}],"curies":[{"name":"wp","href":"https:\/\/api.w.org\/{rel}","templated":true}]}}