{"id":5664,"date":"2022-01-19T12:11:44","date_gmt":"2022-01-19T10:11:44","guid":{"rendered":"https:\/\/smart.radiotraining.eu\/trainer\/ertekelesi-modszerek__trashed\/a-smart-ertekelo-eszkoez-koncepcioja\/"},"modified":"2022-01-19T14:08:02","modified_gmt":"2022-01-19T12:08:02","slug":"a-smart-ertekelo-eszkoez-koncepcioja","status":"publish","type":"page","link":"https:\/\/smart.radiotraining.eu\/hu\/trainer\/ertekelesi-modszerek\/a-smart-ertekelo-eszkoez-koncepcioja\/","title":{"rendered":"\u00c9rt\u00e9kel\u0151 Eszk\u00f6z"},"content":{"rendered":"\t\t<div data-elementor-type=\"wp-page\" data-elementor-id=\"5664\" class=\"elementor elementor-5664 elementor-5361\">\n\t\t\t\t\t\t\t\t\t<section data-particle_enable=\"false\" data-particle-mobile-disabled=\"false\" class=\"elementor-section elementor-top-section elementor-element elementor-element-3273b13 elementor-section-boxed elementor-section-height-default elementor-section-height-default\" data-id=\"3273b13\" data-element_type=\"section\">\n\t\t\t\t\t\t<div class=\"elementor-container elementor-column-gap-default\">\n\t\t\t\t\t<div class=\"elementor-column elementor-col-100 elementor-top-column elementor-element elementor-element-7df04e4\" data-id=\"7df04e4\" data-element_type=\"column\">\n\t\t\t<div class=\"elementor-widget-wrap\">\n\t\t\t\t\t\t\t\t\t<\/div>\n\t\t<\/div>\n\t\t\t\t\t\t\t<\/div>\n\t\t<\/section>\n\t\t\t\t<section data-particle_enable=\"false\" data-particle-mobile-disabled=\"false\" class=\"elementor-section elementor-top-section elementor-element elementor-element-d1d747f elementor-section-boxed elementor-section-height-default elementor-section-height-default\" data-id=\"d1d747f\" data-element_type=\"section\">\n\t\t\t\t\t\t<div class=\"elementor-container elementor-column-gap-default\">\n\t\t\t\t\t<div class=\"elementor-column elementor-col-100 elementor-top-column elementor-element elementor-element-62b039c\" data-id=\"62b039c\" data-element_type=\"column\">\n\t\t\t<div class=\"elementor-widget-wrap elementor-element-populated\">\n\t\t\t\t\t\t\t\t<div class=\"elementor-element elementor-element-8ce1e47 elementor-widget elementor-widget-text-editor\" data-id=\"8ce1e47\" data-element_type=\"widget\" data-widget_type=\"text-editor.default\">\n\t\t\t\t<div class=\"elementor-widget-container\">\n\t\t\t<style>\/*! elementor - v3.11.4 - 12-03-2023 *\/\n.elementor-widget-text-editor.elementor-drop-cap-view-stacked .elementor-drop-cap{background-color:#818a91;color:#fff}.elementor-widget-text-editor.elementor-drop-cap-view-framed .elementor-drop-cap{color:#818a91;border:3px solid;background-color:transparent}.elementor-widget-text-editor:not(.elementor-drop-cap-view-default) .elementor-drop-cap{margin-top:8px}.elementor-widget-text-editor:not(.elementor-drop-cap-view-default) .elementor-drop-cap-letter{width:1em;height:1em}.elementor-widget-text-editor .elementor-drop-cap{float:left;text-align:center;line-height:1;font-size:50px}.elementor-widget-text-editor .elementor-drop-cap-letter{display:inline-block}<\/style>\t\t\t\t<div class=\"page\" title=\"Page 2\"><div class=\"section\"><div class=\"layoutArea\"><div class=\"column\"><h4>A SMART \u00e9rt\u00e9kel\u0151 eszk\u00f6z koncepci\u00f3ja<\/h4><p>Emle\u0301kszu\u0308nk, a SMART ha\u0301rom elembo\u030bl a\u0301ll:<\/p><div class=\"page\" title=\"Page 2\"><div class=\"section\"><div class=\"layoutArea\"><div class=\"column\"><p>1) A tanterv<br \/>2) Az e\u0301rte\u0301kele\u0301s<br \/>3) A ke\u0301pze\u0301s elve\u0301gze\u0301se\u0301t bizonyi\u0301to\u0301 tanu\u0301si\u0301tva\u0301ny<\/p><div class=\"page\" title=\"Page 2\"><div class=\"section\"><div class=\"layoutArea\"><div class=\"column\"><p>A tanterv, az e\u0301rte\u0301kele\u0301s e\u0301s a bizonyi\u0301tva\u0301ny o\u0308sszetartozik: A SMART-tanfolyam\u00a0<span style=\"font-size: 1rem;\">mu\u030bhelymunka\u0301i sora\u0301n a re\u0301sztvevo\u030bk u\u0301j mo\u0301dszereket tanulnak, hogy jobban megfeleljenek az egyes ce\u0301lcsoportok ige\u0301nyeinek. A SMART tanfolyamon a re\u0301sztvevo\u030bk ma\u0301r saja\u0301t tanfolyamot, ke\u0301pze\u0301st vagy coachingot fejlesztenek. A tervezetet a \u201eSMART ke\u0301pzo\u030bk ke\u0301pze\u0301se\u201d tanfolyam ve\u0301ge\u0301n mutatja\u0301k be. Az e\u0301rte\u0301kele\u0301s a SMART mino\u030bsi\u0301te\u0301ssel za\u0301rul. A mino\u030bsi\u0301te\u0301st azok a re\u0301sztvevo\u030bk kapja\u0301k meg, akik kritikusan e\u0301s reflekti\u0301ven foglalkoznak a mo\u0301dszereikkel, akik tanulo\u0301ke\u0301nt tekintenek magukra, akik adapta\u0301lja\u0301k a mo\u0301dszereiket, e\u0301s akik megmutatja\u0301k, hogy hajlando\u0301ak e\u0301s ke\u0301pesek alkalmazkodni a ce\u0301lcsoportjukhoz. A tanula\u0301si folyamat a ce\u0301l, nem pedig egy ke\u0301sz, elleno\u030brizheto\u030b ke\u0301szse\u0301geket tartalmazo\u0301 ke\u0301pze\u0301s.<br \/><\/span><\/p><div class=\"page\" title=\"Page 2\"><div class=\"section\"><div class=\"layoutArea\"><div class=\"column\"><p>A \u201eSMART e\u0301rte\u0301kelo\u030b eszko\u0308z\u201d mo\u0301dszereket biztosi\u0301t a tanula\u0301si eredme\u0301nyek, reflexio\u0301k e\u0301s visszajelze\u0301sek felme\u0301re\u0301se\u0301re a \u201eSMART ke\u0301pzo\u030bk ke\u0301pze\u0301se\u201d tanfolyamokkal kapcsolatban.<\/p><div class=\"page\" title=\"Page 2\"><div class=\"section\"><div class=\"layoutArea\"><div class=\"column\"><p>A SMART-ke\u0301pze\u0301seket a ra\u0301dio\u0301za\u0301s e\u0301s a mu\u030bsorszo\u0301ra\u0301s teru\u0308lete\u0301n tapasztalt oktato\u0301k aja\u0301nlja\u0301k olyan oktato\u0301knak, akik szeretne\u0301k elme\u0301lyi\u0301teni tuda\u0301sukat, akik bo\u030bvi\u0301teni szeretne\u0301k ce\u0301lcsoportjaikat e\u0301s alkalmazkodni szeretne\u0301nek a saja\u0301tos ige\u0301nyekhez, valamint tova\u0301bbi mo\u0301dszereket ige\u0301nyelnek.<\/p><p>Az e\u0301rte\u0301kele\u0301s elki\u0301se\u0301ri a tre\u0301nereket e\u0301s a tanulo\u0301 tre\u0301nereket (a tova\u0301bbiakban \u201ere\u0301sztvevo\u030bk\u201d) a tanfolyamokon. A legfontosabb, hogy az e\u0301rte\u0301kele\u0301s nem egy tesztele\u0301si eszko\u0308z, amely eldo\u0308nti a sikertelense\u0301get vagy sikertelense\u0301get, hanem la\u0301thato\u0301va\u0301 e\u0301s reflekti\u0301vve\u0301 kell tennie a tanula\u0301si folyamatot.<\/p><p>A SMART ke\u0301pzo\u030bk ke\u0301pze\u0301se tanfolyamokon \u201etre\u0301nerekro\u030bl&#8221; besze\u0301lu\u0308nk, mint a \u201etanulo\u0301 tre\u0301nerek\u201d ke\u0301pze\u0301seinek segi\u0301to\u030biro\u030bl, akik ke\u0301pze\u0301seket, tre\u0301ningeket vagy tanfolyamokat ki\u0301va\u0301nnak nyu\u0301jtani e\u0301rze\u0301keny ce\u0301lcsoportok sza\u0301ma\u0301ra, specia\u0301lis ige\u0301nyekkel.<\/p><p>To\u0308bb kihi\u0301va\u0301sra e\u0301s ige\u0301nyre sza\u0301mi\u0301tunk, amikor migra\u0301ns no\u030bk sza\u0301ma\u0301ra ki\u0301na\u0301lunk workshopokat: figyelembe kell venni a kitett e\u0301letko\u0308ru\u0308lme\u0301nyeket. Figyelmet fordi\u0301tunk a nehe\u0301z e\u0301letko\u0308ru\u0308lme\u0301nyek kezele\u0301se\u0301hez szu\u0308kse\u0301ges tova\u0301bbi kompetencia\u0301kra. A meneku\u0308ltek esetleg trauma\u0301t e\u0301ltek a\u0301t. Meneku\u0308ltu\u0308gyi elja\u0301ra\u0301sokon kell keresztu\u0308lmenniu\u0308k. Munka\u0301t keresnek vagy ta\u0301borokban e\u0301lnek, e\u0301s korla\u0301tozott szabadsa\u0301ggal rendelkeznek. Nem tudja\u0301k, hogy maradhatnak-e, e\u0301s mit hozhat a ko\u0308vetkezo\u030b nap.<\/p><p>A vakoknak specia\u0301lis ta\u0301je\u0301kozo\u0301da\u0301si sege\u0301deszko\u0308zo\u0308kre lehet szu\u0308kse\u0301gu\u0308k a ra\u0301dio\u0301n e\u0301s ci\u0301mke\u0301kre a mu\u030bszaki berendeze\u0301seken. A vizua\u0301lis mo\u0301dszerek helyett a tanula\u0301s haptikus forma\u0301ira van szu\u0308kse\u0301g. A ra\u0301dio\u0301hoz vagy a tanula\u0301s helyszi\u0301ne\u0301re valo\u0301 utaza\u0301st is elo\u030bre tiszta\u0301zni kell, hogy akada\u0301lymentesen vehessenek re\u0301szt a tanfolyamon.<\/p><p>2<\/p><\/div><\/div><\/div><\/div><div class=\"page\" title=\"Page 3\"><div class=\"section\"><div class=\"layoutArea\"><div class=\"column\"><p>A tanula\u0301si zavarokkal ku\u0308zdo\u030b szeme\u0301lyek esete\u0301ben figyelembe kell venni a figyelemfelkelto\u030b ke\u0301pesse\u0301get. A tanula\u0301si egyse\u0301gek ro\u0308videbbek, egyszeru\u030b nyelvezetu\u030bek, isme\u0301tlo\u030bdo\u030bek e\u0301s elme\u0301leti helyett gyakorlatiasak lesznek.<\/p><p>De a SMART mo\u0301dszerek ba\u0301rmely ma\u0301s ra\u0301dio\u0301s mu\u030bhely fejleszte\u0301se\u0301re is szolga\u0301lnak! A SMART mo\u0301dszerrel olyan tanula\u0301si mino\u030bse\u0301get szeretne\u0301nk ko\u0308zveti\u0301teni, amely a folyamatokra, a re\u0301szve\u0301telre, a reflexio\u0301ra, a tanula\u0301si tartalom dialogikus kidolgoza\u0301sa\u0301ra e\u0301s a ke\u0301szse\u0301gek gyakorlati elsaja\u0301ti\u0301ta\u0301sa\u0301ra ira\u0301nyul.<\/p><p>A SMART-ot tapasztalt e\u0301s u\u0301j oktato\u0301k, multiplika\u0301torok ke\u0301pze\u0301se\u0301re e\u0301s saja\u0301t didaktika\u0301nk<\/p><p>bo\u030bvi\u0301te\u0301se\u0301re sza\u0301njuk. Emellett a SMART-mo\u0301dszerek online is ele\u0301rheto\u030bek lesznek, mint a ra\u0301dio\u0301s ke\u0301pze\u0301s e\u0301s coaching va\u0301ltozatosabba\u0301 te\u0301tele\u0301t szolga\u0301lo\u0301 mo\u0301dszertani eszko\u0308zta\u0301r.<\/p><p>Az e\u0301rte\u0301kele\u0301s a tre\u0301nerke\u0301pzo\u030b mu\u030bhelyeket ki\u0301se\u0301ri, mint mino\u030bse\u0301gi biztosi\u0301te\u0301k e\u0301s visszajelze\u0301si mo\u0301dszer, hogy a tanula\u0301si folyamatok e\u0301rtheto\u030bve\u0301 va\u0301ljanak.<\/p><p>Az e\u0301rte\u0301kele\u0301si eszko\u0308zo\u0308ket aze\u0301rt tartottuk egyszeru\u030bnek, mert alacsonyan akartuk tartani a ra\u0301fordi\u0301ta\u0301st, e\u0301s o\u0308szto\u0308no\u0308zni akartuk a reflexio\u0301t e\u0301s a vita\u0301t.<\/p><p>Ezenki\u0301vu\u0308l az e\u0301rte\u0301kele\u0301si eszko\u0308zo\u0308k szu\u0308kse\u0301g szerint adapta\u0301lhato\u0301k a helyszi\u0301ni vagy online mu\u030bhelymunka\u0301khoz.<\/p><p>Utolso\u0301 megjegyze\u0301s a kezdet ve\u0301ge\u0301n: A SMART nem egy ro\u0308gzi\u0301tett tanterv, hanem az oktato\u0301k e\u0301s a re\u0301sztvevo\u030bk tanfolyamro\u0301l tanfolyamra adapta\u0301lja\u0301k. Az e\u0301rte\u0301kele\u0301s elo\u030bsegi\u0301ti a tanula\u0301si e\u0301lme\u0301nyt, e\u0301s a szabad ra\u0301dio\u0301 hozza\u0301a\u0301lla\u0301sa\u0301t ke\u0301pviseli, miszerint mindig tanulunk, ku\u0308lo\u0308no\u0308sen, amikor ke\u0301pezu\u0308nk.<\/p><p>A SMART-e\u0301rte\u0301kele\u0301s hat ke\u0301rde\u0301sko\u0308rbo\u030bl a\u0301ll: egy az oktato\u0301kra, o\u0308t a tanula\u0301sban re\u0301szt vevo\u030b oktato\u0301kra (a tova\u0301bbiakban &#8220;re\u0301sztvevo\u030bk&#8221;) vonatkozik.<\/p><\/div><\/div><\/div><\/div><\/div><\/div><\/div><\/div><p><span style=\"font-size: 1rem;\">\u00a0<\/span><\/p><\/div><\/div><\/div><\/div><\/div><\/div><\/div><\/div><\/div><\/div><\/div><\/div>\t\t\t\t\t\t<\/div>\n\t\t\t\t<\/div>\n\t\t\t\t\t<\/div>\n\t\t<\/div>\n\t\t\t\t\t\t\t<\/div>\n\t\t<\/section>\n\t\t\t\t<section data-particle_enable=\"false\" data-particle-mobile-disabled=\"false\" class=\"elementor-section elementor-top-section elementor-element elementor-element-07ff2f6 elementor-section-boxed elementor-section-height-default elementor-section-height-default\" data-id=\"07ff2f6\" data-element_type=\"section\">\n\t\t\t\t\t\t<div class=\"elementor-container elementor-column-gap-default\">\n\t\t\t\t\t<div class=\"elementor-column elementor-col-100 elementor-top-column elementor-element elementor-element-1b1aea1\" data-id=\"1b1aea1\" data-element_type=\"column\">\n\t\t\t<div class=\"elementor-widget-wrap elementor-element-populated\">\n\t\t\t\t\t\t\t\t<div class=\"elementor-element elementor-element-8eb43d2 elementor-widget elementor-widget-text-editor\" data-id=\"8eb43d2\" data-element_type=\"widget\" data-widget_type=\"text-editor.default\">\n\t\t\t\t<div class=\"elementor-widget-container\">\n\t\t\t\t\t\t\t<div class=\"page\" title=\"Page 3\">\n<div class=\"section\">\n<div class=\"layoutArea\">\n<div class=\"column\">\n<p><strong>Az oktato\u0301k sza\u0301ma\u0301ra<\/strong><\/p>\n<ul>\n<li>Ke\u0301pzo\u030bk protokolljai<\/li>\n<\/ul>\n<p><strong>A re\u0301sztvevo\u030bk sza\u0301ma\u0301ra <\/strong>(&#8220;tanulo\u0301 oktato\u0301k&#8221;)<\/p>\n<ul>\n<li>Az o\u0308ne\u0301rte\u0301kele\u0301s<\/li>\n<li>Az \u201eegyperces papi\u0301r\u201d<\/li>\n<li>A \u201etanulo\u0301 naplo\u0301ja\u201d<\/li>\n<li>A workshop elo\u030bada\u0301sa<\/li>\n<li>A ve\u0301gso\u030b megbesze\u0301le\u0301s a visszacsatola\u0301sokkal<\/li>\n<\/ul>\n<\/div>\n<\/div>\n<\/div>\n<\/div>\n\t\t\t\t\t\t<\/div>\n\t\t\t\t<\/div>\n\t\t\t\t\t<\/div>\n\t\t<\/div>\n\t\t\t\t\t\t\t<\/div>\n\t\t<\/section>\n\t\t\t\t<section data-particle_enable=\"false\" data-particle-mobile-disabled=\"false\" class=\"elementor-section elementor-top-section elementor-element elementor-element-7675c3e elementor-section-boxed elementor-section-height-default elementor-section-height-default\" data-id=\"7675c3e\" data-element_type=\"section\">\n\t\t\t\t\t\t<div class=\"elementor-container elementor-column-gap-default\">\n\t\t\t\t\t<div class=\"elementor-column elementor-col-100 elementor-top-column elementor-element elementor-element-5afbe47\" data-id=\"5afbe47\" data-element_type=\"column\">\n\t\t\t<div class=\"elementor-widget-wrap elementor-element-populated\">\n\t\t\t\t\t\t\t\t<div class=\"elementor-element elementor-element-ecfbd18 elementor-widget elementor-widget-text-editor\" data-id=\"ecfbd18\" data-element_type=\"widget\" data-widget_type=\"text-editor.default\">\n\t\t\t\t<div class=\"elementor-widget-container\">\n\t\t\t\t\t\t\t<div class=\"page\" title=\"Page 3\">\n<div class=\"section\">\n<div class=\"layoutArea\">\n<div class=\"column\">\n<p>Minden egyes e\u0301rte\u0301kele\u0301si eszko\u0308zt meghata\u0301rozott fa\u0301zisokban, ku\u0308lo\u0308nbo\u0308zo\u030b kontextusokat megke\u0301rdo\u030bjelezve haszna\u0301lnak. Az e\u0301rte\u0301kele\u0301s ce\u0301lja, hogy a kijelente\u0301seket a ke\u0301pzo\u030bk e\u0301s a re\u0301sztvevo\u030bk ko\u0308zo\u0308tti megbesze\u0301le\u0301sek alapja\u0301ul szolga\u0301ljon. A SMART nem csupa\u0301n\u00a0<span style=\"font-size: 1rem;\">mo\u0301dszereket ki\u0301va\u0301n ko\u0308zveti\u0301teni, hanem egy olyan megko\u0308zeli\u0301te\u0301st is, amely arra vonatkozik, hogy a tre\u0301nerek hogyan foglalkoznak a ce\u0301lcsoportjaikkal.<\/span><\/p>\n<div class=\"page\" title=\"Page 4\">\n<div class=\"section\">\n<div class=\"layoutArea\">\n<div class=\"column\">\n<p>Le\u0301nyegesek azok a tulajdonsa\u0301gok, amelyekre az o\u0308ne\u0301rte\u0301kele\u0301sben ra\u0301ke\u0301rdez. Ezeket nem lehet tesztelni vagy me\u0301rni. Ezek a besze\u0301lgete\u0301sekben, megbesze\u0301le\u0301sekben, a viselkede\u0301sben, azaz a mino\u030bse\u0301gi adatokban, nem pedig a mennyise\u0301gi adatokban mutatkoznak meg.<\/p>\n<p>A SMART-nak ellentmondana, ha olyan tesztelja\u0301ra\u0301st dolgozna\u0301nk ki, amelynek ce\u0301lja egy olyan teszt, amelyen a\u0301t lehet menni vagy nem lehet a\u0301tmenni.<\/p>\n<p>Ehelyett mind a tre\u0301nerek, mind a SMART-tre\u0301ningek re\u0301sztvevo\u030bi maguk is elme\u0301lkede\u0301sbe, o\u0308nvizsga\u0301latba kezdenek, hogy kideru\u0308ljo\u0308n, ige\u0301nyeik megfelelnek-e a ce\u0301lcsoportok ige\u0301nyeinek. Ennek elleno\u030brze\u0301se azonban nem merev tesztele\u0301si elja\u0301ra\u0301sokkal e\u0301s ro\u0308gzi\u0301tett ke\u0301rdo\u030bi\u0301vekkel lehetse\u0301ges, hanem a csoportban folytatott megbesze\u0301le\u0301sekkel, ahol minden re\u0301sztvevo\u030b hozza\u0301szo\u0301l e\u0301s megvitatja tapasztalatait, ismereteit.<\/p>\n<p>Minden SMART e\u0301rte\u0301kele\u0301si eszko\u0308z a visszajelze\u0301sekre e\u0301s a meghallgata\u0301sra, az alkalmazkoda\u0301sra, a tanulni akara\u0301sra, az ige\u0301nyekre valo\u0301 reaga\u0301la\u0301sra valo\u0301 hajlando\u0301sa\u0301gra e\u0301pu\u0308l.<\/p>\n<p>Egy SMART-tanfolyam kudarca azt jelentene\u0301, hogy nincs ke\u0301szse\u0301g, nincs tanula\u0301s a visszajelze\u0301seken keresztu\u0308l.<\/p>\n<p>A siker vagy a kudarc akkor nem egy tesztben valo\u0301 sikertelense\u0301gen keresztu\u0308l lenne nyilva\u0301nvalo\u0301, hanem a gyakorlatban, a mu\u030bhelyben re\u0301szt vevo\u030b emberek a\u0301ltal megero\u030bsi\u0301tve, e\u0301s ve\u0301gu\u0308l az o\u0308nismeretben is.<\/p>\n<p>A SMART a szabad e\u0301s ko\u0308zo\u0308sse\u0301gi ra\u0301dio\u0301za\u0301s sora\u0301n ku\u0308lo\u0308no\u0308sen szu\u0308kse\u0301ges gyakorlati, mindennapi kompetencia\u0301kkal kezdo\u030bdik, mint pe\u0301lda\u0301ul a meghallgata\u0301s, az ige\u0301nyekre valo\u0301 reaga\u0301la\u0301s, a vila\u0301gos kommunika\u0301cio\u0301, a visszajelze\u0301s e\u0301s az ero\u030bszakmentes kommunika\u0301cio\u0301 ke\u0301szse\u0301gei, az elismere\u0301s kimutata\u0301sa, a csoportok modera\u0301la\u0301sa, a konfliktusok kezele\u0301se stb.<\/p>\n<p>Innen kiindulva a SMART-mo\u0301dszerek segi\u0301tse\u0301ge\u0301vel me\u0301g jobban ele\u0301rhetju\u0308k a ce\u0301lcsoportok specia\u0301lis ige\u0301nyeit.<\/p>\n<p>A SMART-mo\u0301dszerek akkor hate\u0301konyak, ha a ce\u0301lcsoportra valo\u0301 jo\u0301 felke\u0301szu\u0308le\u0301ssel e\u0301s megfelelo\u030ben kidolgozott mu\u030bhelymunka\u0301kkal egyu\u0308tt alkalmazzuk o\u030bket.<\/p>\n<\/div>\n<\/div>\n<\/div>\n<\/div>\n<\/div>\n<\/div>\n<\/div>\n<\/div>\n\t\t\t\t\t\t<\/div>\n\t\t\t\t<\/div>\n\t\t\t\t\t<\/div>\n\t\t<\/div>\n\t\t\t\t\t\t\t<\/div>\n\t\t<\/section>\n\t\t\t\t\t\t\t<\/div>\n\t\t","protected":false},"excerpt":{"rendered":"<p>A SMART \u00e9rt\u00e9kel\u0151 eszk\u00f6z koncepci\u00f3ja Emle\u0301kszu\u0308nk, a SMART ha\u0301rom elembo\u030bl a\u0301ll: 1) A tanterv2) Az e\u0301rte\u0301kele\u0301s3) A ke\u0301pze\u0301s elve\u0301gze\u0301se\u0301t bizonyi\u0301to\u0301 tanu\u0301si\u0301tva\u0301ny A tanterv, az e\u0301rte\u0301kele\u0301s e\u0301s a bizonyi\u0301tva\u0301ny o\u0308sszetartozik: A SMART-tanfolyam\u00a0mu\u030bhelymunka\u0301i sora\u0301n a re\u0301sztvevo\u030bk u\u0301j mo\u0301dszereket tanulnak, hogy jobban megfeleljenek az egyes ce\u0301lcsoportok ige\u0301nyeinek. A SMART tanfolyamon a re\u0301sztvevo\u030bk ma\u0301r saja\u0301t tanfolyamot, ke\u0301pze\u0301st vagy coachingot &hellip; <a href=\"https:\/\/smart.radiotraining.eu\/hu\/trainer\/ertekelesi-modszerek\/a-smart-ertekelo-eszkoez-koncepcioja\/\">Continued<\/a><\/p>\n","protected":false},"author":13,"featured_media":0,"parent":5007,"menu_order":0,"comment_status":"closed","ping_status":"closed","template":"views\/page-no_sidebar.blade.php","meta":[],"acf":[],"_links":{"self":[{"href":"https:\/\/smart.radiotraining.eu\/hu\/wp-json\/wp\/v2\/pages\/5664"}],"collection":[{"href":"https:\/\/smart.radiotraining.eu\/hu\/wp-json\/wp\/v2\/pages"}],"about":[{"href":"https:\/\/smart.radiotraining.eu\/hu\/wp-json\/wp\/v2\/types\/page"}],"author":[{"embeddable":true,"href":"https:\/\/smart.radiotraining.eu\/hu\/wp-json\/wp\/v2\/users\/13"}],"replies":[{"embeddable":true,"href":"https:\/\/smart.radiotraining.eu\/hu\/wp-json\/wp\/v2\/comments?post=5664"}],"version-history":[{"count":5,"href":"https:\/\/smart.radiotraining.eu\/hu\/wp-json\/wp\/v2\/pages\/5664\/revisions"}],"predecessor-version":[{"id":5683,"href":"https:\/\/smart.radiotraining.eu\/hu\/wp-json\/wp\/v2\/pages\/5664\/revisions\/5683"}],"up":[{"embeddable":true,"href":"https:\/\/smart.radiotraining.eu\/hu\/wp-json\/wp\/v2\/pages\/5007"}],"wp:attachment":[{"href":"https:\/\/smart.radiotraining.eu\/hu\/wp-json\/wp\/v2\/media?parent=5664"}],"curies":[{"name":"wp","href":"https:\/\/api.w.org\/{rel}","templated":true}]}}