{"id":5674,"date":"2022-01-19T14:00:36","date_gmt":"2022-01-19T12:00:36","guid":{"rendered":"https:\/\/smart.radiotraining.eu\/trainer\/a-tanusitvany\/"},"modified":"2022-01-19T14:02:55","modified_gmt":"2022-01-19T12:02:55","slug":"a-tanusitvany","status":"publish","type":"page","link":"https:\/\/smart.radiotraining.eu\/hu\/trainer\/a-tanusitvany\/","title":{"rendered":"A tan\u00fas\u00edtv\u00e1ny"},"content":{"rendered":"\t\t<div data-elementor-type=\"wp-page\" data-elementor-id=\"5674\" class=\"elementor elementor-5674 elementor-5377\">\n\t\t\t\t\t\t\t\t\t<section data-particle_enable=\"false\" data-particle-mobile-disabled=\"false\" class=\"elementor-section elementor-top-section elementor-element elementor-element-e3a9b33 elementor-section-boxed elementor-section-height-default elementor-section-height-default\" data-id=\"e3a9b33\" data-element_type=\"section\">\n\t\t\t\t\t\t<div class=\"elementor-container elementor-column-gap-default\">\n\t\t\t\t\t<div class=\"elementor-column elementor-col-100 elementor-top-column elementor-element elementor-element-264bafff\" data-id=\"264bafff\" data-element_type=\"column\">\n\t\t\t<div class=\"elementor-widget-wrap elementor-element-populated\">\n\t\t\t\t\t\t\t\t<div class=\"elementor-element elementor-element-69abf670 elementor-widget elementor-widget-text-editor\" data-id=\"69abf670\" data-element_type=\"widget\" data-widget_type=\"text-editor.default\">\n\t\t\t\t<div class=\"elementor-widget-container\">\n\t\t\t<style>\/*! elementor - v3.11.4 - 12-03-2023 *\/\n.elementor-widget-text-editor.elementor-drop-cap-view-stacked .elementor-drop-cap{background-color:#818a91;color:#fff}.elementor-widget-text-editor.elementor-drop-cap-view-framed .elementor-drop-cap{color:#818a91;border:3px solid;background-color:transparent}.elementor-widget-text-editor:not(.elementor-drop-cap-view-default) .elementor-drop-cap{margin-top:8px}.elementor-widget-text-editor:not(.elementor-drop-cap-view-default) .elementor-drop-cap-letter{width:1em;height:1em}.elementor-widget-text-editor .elementor-drop-cap{float:left;text-align:center;line-height:1;font-size:50px}.elementor-widget-text-editor .elementor-drop-cap-letter{display:inline-block}<\/style>\t\t\t\t<div class=\"page\" title=\"Page 12\"><div class=\"section\"><div class=\"layoutArea\"><div class=\"column\"><h3>SMART tan\u00fas\u00edtv\u00e1nyt kaphatnak a k\u00e9pzett k\u00f6z\u00f6ss\u00e9gi m\u00e9diaoktat\u00f3k<\/h3><p>A k\u00f6z\u00f6ss\u00e9gi m\u00e9di\u00e1ban \u00e9s a k\u00f6z\u00f6ss\u00e9gi m\u00e9diak\u00e9pz\u0151 int\u00e9zm\u00e9nyekben Eur\u00f3pa-szerte nap mint nap zajl\u00f3 k\u00e9pz\u00e9sek min\u0151s\u00e9g\u00e9nek \u00e9s hat\u00f3k\u00f6r\u00e9nek er\u0151s\u00edt\u00e9se \u00e9rdek\u00e9ben a SMART online eszk\u00f6z m\u00f6g\u00f6tt \u00e1ll\u00f3 partnerek l\u00e9trehozt\u00e1k a k\u00e9pz\u0151k k\u00e9pz\u00e9s\u00e9t. Ez a k\u00e9pz\u00e9s k\u00e9pess\u00e9 teszi a k\u00f6z\u00f6ss\u00e9gi m\u00e9diak\u00e9pz\u0151ket a SMART-eszk\u00f6z\u00f6k hat\u00e9kony haszn\u00e1lat\u00e1ra, mik\u00f6zben azokat az \u00e1ltaluk k\u00e9pzend\u0151 csoport speci\u00e1lis ig\u00e9nyeihez igaz\u00edtj\u00e1k, legyenek azok bev\u00e1ndorl\u00f3k, speci\u00e1lis ig\u00e9ny\u0171ek, speci\u00e1lis korcsoportok vagy tanul\u00e1si neh\u00e9zs\u00e9gekkel k\u00fczd\u0151 emberek.<\/p><p>Az elv\u00e9gzett k\u00e9pz\u00e9s \u00e9rt\u00e9k\u00e9nek alapos \u00e9rt\u00e9kel\u00e9s\u00e9hez eszk\u00f6z\u00f6ket hoztak l\u00e9tre, \u00e9s a r\u00e9sztvev\u0151k \u00e1ltal elv\u00e9gzett k\u00e9pz\u00e9s dokument\u00e1l\u00e1s\u00e1ra tan\u00fas\u00edtv\u00e1nyok \u00e1llnak rendelkez\u00e9sre. M\u00edg a k\u00e9pz\u00e9si anyagokhoz b\u00e1rki hozz\u00e1f\u00e9rhet \u00e9s szabadon felhaszn\u00e1lhatja azokat, a SMART k\u00e9pz\u00e9si tan\u00fas\u00edtv\u00e1nyok kiad\u00e1s\u00e1hoz csak a SMART partnerek adnak hozz\u00e1f\u00e9r\u00e9st. Amennyiben \u00d6n \u00e9s szervezete \u00e9rdekl\u0151dik a Community Media Forum Europe (CMFE) \u00e9s az AMARC Europe \u00e1ltal a SMART-partnerekkel egy\u00fctt j\u00f3v\u00e1hagyott, tan\u00fas\u00edtott k\u00e9pz\u00e9sek szervez\u00e9se ir\u00e1nt, a tan\u00fas\u00edt\u00e1s ig\u00e9nyl\u00e9s\u00e9hez forduljon az \u00d6n eur\u00f3pai r\u00e9gi\u00f3j\u00e1ban m\u0171k\u00f6d\u0151 partnerek egyik\u00e9hez. A SMART Trainers tanterv\u00e9n \u00e9s m\u00f3dszerein alapul\u00f3 k\u00e9pz\u00e9si koncepci\u00f3nak a partnerek egyik\u00e9nek t\u00f6rt\u00e9n\u0151 bemutat\u00e1s\u00e1val a SMART tr\u00e9nerk\u00e9pz\u0151 tanfolyamok tan\u00fas\u00edtott megtart\u00e1s\u00e1ra ker\u00fclhet sor, \u00e9s a r\u00e9sztvev\u0151k a tanfolyam sikeres elv\u00e9gz\u00e9se ut\u00e1n tan\u00fas\u00edtv\u00e1nyt kaphatnak.<br \/><br \/><\/p><h4>A tan\u00fas\u00edtv\u00e1ny: &#8220;TANUL\u00d3K\u00d6ZPONT\u00da K\u00c9PZ\u00c9S TERVEZ\u00c9SE&#8221;<\/h4><p><br \/>A k\u00f6z\u00f6ss\u00e9gi m\u00e9diak\u00e9pz\u00e9s olyan k\u00f6z\u00f6ss\u00e9gekkel \u00e9s egy\u00e9nekkel foglalkozik, akiket a fo\u030b\u00e1ram\u00fa m\u00e9dia gyakran nem k\u00e9pvisel. Sok orsz\u00e1gban a k\u00f6z\u00f6ss\u00e9gi m\u00e9di\u00e1ban tev\u00e9kenykedo\u030b szem\u00e9lyek etnikai, kultur\u00e1lis vagy t\u00e1rsadalmi kisebbs\u00e9gekhez tartoznak, pl. bev\u00e1ndorl\u00f3k, speci\u00e1lis sz\u00fcks\u00e9gletekkel rendelkezo\u030b emberek \u00e9s k\u00fcl\u00f6nb\u00f6zo\u030b koroszt\u00e1lyok. Annak \u00e9rdek\u00e9ben, hogy e soksz\u00ednu\u030b csoport hat\u00e9kony oktat\u00f3i lehessenek, ez a \u201etr\u00e9nerk\u00e9pzo\u030b\u201d workshop megismertette a r\u00e9sztvevo\u030bket a SMART-eszk\u00f6z\u00f6kkel, \u00e9s felk\u00e9sz\u00edtette o\u030bket arra, hogy a dokument\u00e1ci\u00f3val \u00e9s a r\u00e9sztvevo\u030bkkel val\u00f3 kritikus foglalkoz\u00e1s r\u00e9v\u00e9n megtervezz\u00e9k \u00e9s elo\u030bseg\u00edts\u00e9k a tanul\u00f3k\u00f6zpont\u00fa folyamatokat. A mu\u030bhelymunk\u00e1k sor\u00e1n \u00e9rintett ter\u00fcletek a k\u00f6vetkezo\u030bk:<span class=\"Apple-converted-space\">\u00a0<\/span><\/p><ul><li>Hogyan kell elv\u00e9gezni \u00e9s haszn\u00e1lni a k\u00e9pz\u00e9si sz\u00fcks\u00e9gletelemz\u00e9st?<\/li><li>A k\u00e9pz\u00e9s megtervez\u00e9se \u00e9s megval\u00f3s\u00edt\u00e1sa<\/li><li>K\u00e9pz\u00e9si st\u00edlusok \u00e9s m\u00f3dszertanok<\/li><li>K\u00e9pz\u00e9si kih\u00edv\u00e1sok, a csapatdinamika elsaj\u00e1t\u00edt\u00e1sa<span class=\"Apple-converted-space\">\u00a0<\/span><\/li><li>Alkalmaz\u00e1s, \u00e1tad\u00e1s \u00e9s visszajelz\u00e9s<\/li><li>\u00c9rt\u00e9kel\u00e9s, visszacsatol\u00e1s \u00e9s nyomonk\u00f6vet\u00e9s<span class=\"Apple-converted-space\">\u00a0<\/span><\/li><\/ul><\/div><\/div><\/div><\/div>\t\t\t\t\t\t<\/div>\n\t\t\t\t<\/div>\n\t\t\t\t\t<\/div>\n\t\t<\/div>\n\t\t\t\t\t\t\t<\/div>\n\t\t<\/section>\n\t\t\t\t<section data-particle_enable=\"false\" data-particle-mobile-disabled=\"false\" class=\"elementor-section elementor-top-section elementor-element elementor-element-3484a25c elementor-section-boxed elementor-section-height-default elementor-section-height-default\" data-id=\"3484a25c\" data-element_type=\"section\">\n\t\t\t\t\t\t<div class=\"elementor-container elementor-column-gap-default\">\n\t\t\t\t\t<div class=\"elementor-column elementor-col-100 elementor-top-column elementor-element elementor-element-56a05661\" data-id=\"56a05661\" data-element_type=\"column\">\n\t\t\t<div class=\"elementor-widget-wrap elementor-element-populated\">\n\t\t\t\t\t\t\t\t<div class=\"elementor-element elementor-element-186782ce elementor-widget elementor-widget-image\" data-id=\"186782ce\" data-element_type=\"widget\" data-widget_type=\"image.default\">\n\t\t\t\t<div class=\"elementor-widget-container\">\n\t\t\t<style>\/*! elementor - v3.11.4 - 12-03-2023 *\/\n.elementor-widget-image{text-align:center}.elementor-widget-image a{display:inline-block}.elementor-widget-image a img[src$=\".svg\"]{width:48px}.elementor-widget-image img{vertical-align:middle;display:inline-block}<\/style>\t\t\t\t\t\t\t\t\t\t\t\t<img decoding=\"async\" width=\"1024\" height=\"724\" src=\"https:\/\/smart.radiotraining.eu\/wp-content\/uploads\/2022\/01\/SMART-training-certificate-form-1024x724.jpg\" class=\"attachment-large size-large wp-image-5294\" alt=\"\" loading=\"lazy\" srcset=\"https:\/\/smart.radiotraining.eu\/wp-content\/uploads\/2022\/01\/SMART-training-certificate-form-1024x724.jpg 1024w, https:\/\/smart.radiotraining.eu\/wp-content\/uploads\/2022\/01\/SMART-training-certificate-form-300x212.jpg 300w, https:\/\/smart.radiotraining.eu\/wp-content\/uploads\/2022\/01\/SMART-training-certificate-form-768x543.jpg 768w, https:\/\/smart.radiotraining.eu\/wp-content\/uploads\/2022\/01\/SMART-training-certificate-form-1536x1085.jpg 1536w, https:\/\/smart.radiotraining.eu\/wp-content\/uploads\/2022\/01\/SMART-training-certificate-form-2048x1447.jpg 2048w\" sizes=\"(max-width: 1024px) 100vw, 1024px\" \/>\t\t\t\t\t\t\t\t\t\t\t\t\t\t\t<\/div>\n\t\t\t\t<\/div>\n\t\t\t\t\t<\/div>\n\t\t<\/div>\n\t\t\t\t\t\t\t<\/div>\n\t\t<\/section>\n\t\t\t\t\t\t\t<\/div>\n\t\t","protected":false},"excerpt":{"rendered":"<p>SMART tan\u00fas\u00edtv\u00e1nyt kaphatnak a k\u00e9pzett k\u00f6z\u00f6ss\u00e9gi m\u00e9diaoktat\u00f3k A k\u00f6z\u00f6ss\u00e9gi m\u00e9di\u00e1ban \u00e9s a k\u00f6z\u00f6ss\u00e9gi m\u00e9diak\u00e9pz\u0151 int\u00e9zm\u00e9nyekben Eur\u00f3pa-szerte nap mint nap zajl\u00f3 k\u00e9pz\u00e9sek min\u0151s\u00e9g\u00e9nek \u00e9s hat\u00f3k\u00f6r\u00e9nek er\u0151s\u00edt\u00e9se \u00e9rdek\u00e9ben a SMART online eszk\u00f6z m\u00f6g\u00f6tt \u00e1ll\u00f3 partnerek l\u00e9trehozt\u00e1k a k\u00e9pz\u0151k k\u00e9pz\u00e9s\u00e9t. Ez a k\u00e9pz\u00e9s k\u00e9pess\u00e9 teszi a k\u00f6z\u00f6ss\u00e9gi m\u00e9diak\u00e9pz\u0151ket a SMART-eszk\u00f6z\u00f6k hat\u00e9kony haszn\u00e1lat\u00e1ra, mik\u00f6zben azokat az \u00e1ltaluk k\u00e9pzend\u0151 csoport &hellip; <a href=\"https:\/\/smart.radiotraining.eu\/hu\/trainer\/a-tanusitvany\/\">Continued<\/a><\/p>\n","protected":false},"author":13,"featured_media":0,"parent":4798,"menu_order":0,"comment_status":"closed","ping_status":"closed","template":"views\/page-no_sidebar.blade.php","meta":[],"acf":[],"_links":{"self":[{"href":"https:\/\/smart.radiotraining.eu\/hu\/wp-json\/wp\/v2\/pages\/5674"}],"collection":[{"href":"https:\/\/smart.radiotraining.eu\/hu\/wp-json\/wp\/v2\/pages"}],"about":[{"href":"https:\/\/smart.radiotraining.eu\/hu\/wp-json\/wp\/v2\/types\/page"}],"author":[{"embeddable":true,"href":"https:\/\/smart.radiotraining.eu\/hu\/wp-json\/wp\/v2\/users\/13"}],"replies":[{"embeddable":true,"href":"https:\/\/smart.radiotraining.eu\/hu\/wp-json\/wp\/v2\/comments?post=5674"}],"version-history":[{"count":4,"href":"https:\/\/smart.radiotraining.eu\/hu\/wp-json\/wp\/v2\/pages\/5674\/revisions"}],"predecessor-version":[{"id":5678,"href":"https:\/\/smart.radiotraining.eu\/hu\/wp-json\/wp\/v2\/pages\/5674\/revisions\/5678"}],"up":[{"embeddable":true,"href":"https:\/\/smart.radiotraining.eu\/hu\/wp-json\/wp\/v2\/pages\/4798"}],"wp:attachment":[{"href":"https:\/\/smart.radiotraining.eu\/hu\/wp-json\/wp\/v2\/media?parent=5674"}],"curies":[{"name":"wp","href":"https:\/\/api.w.org\/{rel}","templated":true}]}}